{"id":6420,"date":"2023-04-16T02:04:05","date_gmt":"2023-04-16T00:04:05","guid":{"rendered":"https:\/\/www.slovokult-literatur.de\/?post_type=product&#038;p=6420"},"modified":"2023-04-16T06:10:25","modified_gmt":"2023-04-16T04:10:25","slug":"elizabeta-kostadinovska-lyrik-kunst-pdf","status":"publish","type":"product","link":"https:\/\/www.slovokult-literatur.de\/index.php\/produkt\/elizabeta-kostadinovska-lyrik-kunst-pdf\/","title":{"rendered":":: Elizabeta Kostadinovska :: Lyrik + Kunst &#8211; PDF"},"content":{"rendered":"<h4><strong>Buchreihe <\/strong>:: SlovoKult :: Slovothek ::<\/h4>\n<p>ENGLISH below<\/p>\n<p><strong>:: 03 :: <a href=\"https:\/\/www.slovokult-literatur.de\/index.php\/lyrik\/elizabeta-lindner-kostadinovska\/\" target=\"_blank\" rel=\"noopener\">Elizabeta Kostadinovska<\/a><\/strong> ::<br \/>\n<strong>Zweiz\u00e4hlig zu Besuch bei dem endlosen Abgrund<\/strong> <strong>:: \u0414\u0432\u043e\u0438\u043d\u0441\u043a\u0438 \u043d\u0430 \u0433\u043e\u0441\u0442\u0438 \u043a\u0430\u0458 \u0431\u0435\u0441\u043a\u0440\u0430\u0458\u043d\u0430\u0442\u0430 \u043f\u0440\u043e\u0432\u0430\u043b\u0438\u0458\u0430 ::<\/strong><\/p>\n<p>\u0434\u0432\u043e\u0458\u0430\u0437\u0438\u0447\u043d\u0430 \u0437\u0431\u0438\u0440\u043a\u0430 \u043f\u043e\u0435\u0437\u0438\u0458\u0430 :: \u0435\u043a\u0441\u043f\u0435\u0440\u0438\u043c\u0435\u043d\u0442\u0430\u043b\u043d\u0438 \u0434\u0435\u043b\u0430 :: \u043a\u043e\u043b\u0430\u0436\u0438 \u0441\u043e \u0442\u0435\u043a\u0441\u0442<br \/>\n<strong>zweisprachige Lyriksammlung :: experimentelle Werke :: Collagen mit Text<\/strong><\/p>\n<p>Es ist die erste eigenst\u00e4ndige Publikation der Autorin. Die kommt &#8222;etwas sp\u00e4t&#8220;, weil sie sich nie endg\u00fcltig f\u00fcr eine von den beiden Sprachen und Kulturen entscheiden konnte. Mit Muttersprache Mazedonisch (und fast 30 publizierten \u00dcbersetzungen aus dem Deutschen &#8211; siehe die <a href=\"https:\/\/www.literaturport.de\/wab\/person\/elizabeta-lindner\/\" target=\"_blank\" rel=\"noopener\"><strong>Bio-Bibliographie der Autorin<\/strong><\/a>) und mit Deutschkenntnissen auf einem hohen Niveau, das so nat\u00fcrlich in k\u00fcnstlerische Texte oder Gedichte fliesst, war es eben eine l\u00e4ngere Zeit notwendig, sich f\u00fcr das Publizieren in einem Land festzulegen&#8230; aber jetzt ist diese Sammlung aus zweisprachigen Gedichten und experimentellen Texten (mit Kunstwerken) endlich da &#8211; in zwei L\u00e4ndern :: Deutschland und N. Mazedonien! Und das auch im Corona Jahr!<\/p>\n<p>In diesem Band neben der Auswahl an Gedichten findet man auch Details oder ganze Abbildungen von Collagen der Autorin mit experimentellen Texten &#8211; und die \u00dcbersetzungen dazu. Sie pr\u00e4sentiert ihre Werke in verschiedenen multimedia poetry performances, die auch das Vorbild f\u00fcr die <a href=\"https:\/\/www.slovokult-literatur.de\/index.php\/slovokult-literartour-biennale-for-contemporary-arts\/\">Biennale SlovoKult :: literARTour waren.<\/a><\/p>\n<p>Einein kurzen Film von <strong>Peter Zach<\/strong> mit ihren Performances (sowie andere Aufnahmen) findet man in :: <strong><a href=\"https:\/\/www.youtube.com\/watch?v=zLFzuyFkSnk\" target=\"_blank\" rel=\"noopener\">E. Kostadinovska@Youtube<\/a><\/strong><\/p>\n<p><strong>ENGLISH :: <\/strong><strong>as a Manuscript available on events :: soon as PDF as well!<\/strong><\/p>\n<p><strong>:: Dual counted visit to the endless abyss :: poetry and experimental artworks with text ::\u00a0<\/strong><\/p>\n<p>This is the author&#8217;s debut as an independent publication. It comes &#8222;a little late&#8220;, because she could never finally decide for one of the two languages and cultures. With her mother tongue Macedonian (and almost 30 published translations from German &#8211; <strong><a href=\"https:\/\/www.literaturport.de\/wab\/person\/elizabeta-lindner\/en\/\" target=\"_blank\" rel=\"noopener\">see the author&#8217;s bio-bibliography<\/a><\/strong>) and with German knowledge on a high level, which so naturally flows into artistic texts or poems, it was just necessary for a longer time to commit to publishing in one country&#8230; but now this collection of bilingual poems and experimental texts (with artworks) is finally here &#8211; in two countries :: Germany and N. Macedonia! And that also in the Corona year!<\/p>\n<p>In this volume, besides the selection of poems, you can find details or whole images of collages of the author with experimental texts &#8211; and the translations to them. She presents her works in various multimedia poetry performances, which were also the model for the biennial <strong>SlovoKult :: literARTour.<\/strong><\/p>\n<p>A short film by <strong>Peter Zach<\/strong> with her performances (as well as other recordings) can be found in :: <strong><a href=\"https:\/\/www.youtube.com\/watch?v=zLFzuyFkSnk\">E. Kostadinovska@Youtube<\/a><\/strong><\/p>\n<p>&nbsp;<\/p>\n<p><strong>Die Buchreihe :: SLOVOKULT :: SLOVOTHEK<\/strong><\/p>\n<p>Die Autorin ist auch die Herausgeberin der neugegr\u00fcndeten\u00a0Buchreihe :: <strong><a href=\"https:\/\/www.slovokult-literatur.de\/index.php\/slovokult-slovothek\/\" target=\"_blank\" rel=\"noopener\">SlovoKult :: Slovoteka\/Slovothek<\/a> ::\u00a0<\/strong><\/p>\n<p>Die Buchreihe entstand in Zusammenarbeit zwischen <strong>Art Equilibrium<\/strong> (Skopje) und <strong>SlovoKult :: Literatur\/a Berlin<\/strong> und wird Gedichtsammlungen in mazedonischer, zweisprachiger und mehrsprachiger Ausgabe ver\u00f6ffentlichen, darunter Anthologien (A) nach Sprachen\/L\u00e4ndern\/Themen&#8230; Gerade sind vier Titel erschienen :: Wir planen eine weitere Erweiterung um \u00fcbersetzte Prosa (P).<\/p>\n<p>Ausgew\u00e4hlte Kunstwerke werden in allen Gedichtsammlungen zu finden sein, was auch das Konzept des Online-Magazins SlovoKult (und der Biennale) ist &#8211; verschiedene Kunstwerke &#8211; text\/vision\/sound &#8211; interdisziplin\u00e4r und zeitgen\u00f6ssisch &#8211; multimedia und multilingual &#8211; zu pr\u00e4sentieren.<\/p>\n<p>&nbsp;<\/p>\n","protected":false},"excerpt":{"rendered":"<p><strong>Elizabeta Kostadinovska<\/strong> ::<br \/>\n<strong>Zweiz\u00e4hlig zu Besuch bei dem endlosen Abgrund<\/strong> ::\u00a0zweisprachige Lyriksammlung ::<br \/>\nDeutsch :: Mazedonisch<br \/>\nfew poems in English ::<br \/>\nexperimentelle Texte und Kunstwerke<br \/>\n<strong>\u00dcbersetzung<\/strong> aus dem Deutschen ins Mazedonische und umgekehrt :: <strong>die Autorin<\/strong> ::<\/p>\n<p>112 Seiten \/ mit 8 Farbabbildungen von Kunstwerken\/Collagen<\/p>\n<p><strong>SlovoKult :: Literatur\/a &amp; Art Equilibrium :: 2020<\/strong><\/p>\n<p><strong>ISBN<\/strong><strong> :: 978-3-946538-00-4<\/strong><\/p>\n<p>&nbsp;<\/p>\n<p>&nbsp;<\/p>\n","protected":false},"featured_media":6426,"template":"","meta":[],"product_cat":[23],"product_tag":[],"_links":{"self":[{"href":"https:\/\/www.slovokult-literatur.de\/index.php\/wp-json\/wp\/v3\/product\/6420"}],"collection":[{"href":"https:\/\/www.slovokult-literatur.de\/index.php\/wp-json\/wp\/v3\/product"}],"about":[{"href":"https:\/\/www.slovokult-literatur.de\/index.php\/wp-json\/wp\/v2\/types\/product"}],"wp:featuredmedia":[{"embeddable":true,"href":"https:\/\/www.slovokult-literatur.de\/index.php\/wp-json\/wp\/v2\/media\/6426"}],"wp:attachment":[{"href":"https:\/\/www.slovokult-literatur.de\/index.php\/wp-json\/wp\/v2\/media?parent=6420"}],"wp:term":[{"taxonomy":"product_cat","embeddable":true,"href":"https:\/\/www.slovokult-literatur.de\/index.php\/wp-json\/wp\/v2\/product_cat?post=6420"},{"taxonomy":"product_tag","embeddable":true,"href":"https:\/\/www.slovokult-literatur.de\/index.php\/wp-json\/wp\/v2\/product_tag?post=6420"}],"curies":[{"name":"wp","href":"https:\/\/api.w.org\/{rel}","templated":true}]}}