{"id":6053,"date":"2022-12-10T14:51:20","date_gmt":"2022-12-10T13:51:20","guid":{"rendered":"https:\/\/www.slovokult-literatur.de\/?post_type=product&#038;p=6053"},"modified":"2023-04-16T02:22:50","modified_gmt":"2023-04-16T00:22:50","slug":"sophie-reyer-ivan-ivanovski","status":"publish","type":"product","link":"https:\/\/www.slovokult-literatur.de\/index.php\/produkt\/sophie-reyer-ivan-ivanovski\/","title":{"rendered":":: Sophie Reyer + Ivan Ivanovski ::"},"content":{"rendered":"<h4><a href=\"https:\/\/www.slovokult-literatur.de\/index.php\/slovokult-slovothek\/\"><strong>Buchreihe\/Book series\/\u0415\u0434\u0438\u0446\u0438\u0458\u0430\u00a0<\/strong>::<\/a><\/h4>\n<p><a href=\"https:\/\/www.slovokult-literatur.de\/index.php\/slovokult-slovothek\/\"><strong>SlovoKult :: Slovothek\u00a0<\/strong><\/a><br \/>\n<strong>\u0421\u043b\u043e\u0432\u043e\u041a\u0443\u043b\u0442 :: \u0421\u043b\u043e\u0432\u043e\u0442\u0435\u043a\u0430<\/strong><\/p>\n<p>erscheint in zwei L\u00e4ndern :: published in two countries<br \/>\nN. Mazedonien\/N. Macedonia f\u00fcr\/for <strong>Art Equlibrium<\/strong> und Deutschland\/Germany f\u00fcr\/for <strong>SlovoKult :: Literatur\/a Berlin<\/strong><\/p>\n<p><strong>::04::<\/strong><\/p>\n<p><strong>Sophie Reyer :: Ausgew\u00e4hlte Lyrik ::\u00a0<\/strong><\/p>\n<p><strong>mit Kunst von :: Ivan Ivanovski<\/strong><\/p>\n<p><iframe loading=\"lazy\" title=\"SlovoKult :: Slovoteka ::04:: Poetry: Sophie Reyer :: Artworks: Ivan Ivanovski :: Sound: JD Zazie\" width=\"640\" height=\"360\" src=\"https:\/\/www.youtube.com\/embed\/eKMxHxmRJnY?feature=oembed\" frameborder=\"0\" allow=\"accelerometer; autoplay; clipboard-write; encrypted-media; gyroscope; picture-in-picture; web-share\" allowfullscreen><\/iframe><\/p>\n<p><a href=\"http:\/\/www.slovokult-literatur.de\/wp-content\/uploads\/2022\/12\/Sophie-Reyer-Cover-pic.png\"><img decoding=\"async\" loading=\"lazy\" class=\"alignnone wp-image-6054 \" src=\"http:\/\/www.slovokult-literatur.de\/wp-content\/uploads\/2022\/12\/Sophie-Reyer-Cover-pic-1024x754.png\" alt=\"\" width=\"337\" height=\"248\" srcset=\"https:\/\/www.slovokult-literatur.de\/wp-content\/uploads\/2022\/12\/Sophie-Reyer-Cover-pic-1024x754.png 1024w, https:\/\/www.slovokult-literatur.de\/wp-content\/uploads\/2022\/12\/Sophie-Reyer-Cover-pic-300x221.png 300w, https:\/\/www.slovokult-literatur.de\/wp-content\/uploads\/2022\/12\/Sophie-Reyer-Cover-pic-768x566.png 768w, https:\/\/www.slovokult-literatur.de\/wp-content\/uploads\/2022\/12\/Sophie-Reyer-Cover-pic-400x295.png 400w, https:\/\/www.slovokult-literatur.de\/wp-content\/uploads\/2022\/12\/Sophie-Reyer-Cover-pic-600x442.png 600w, https:\/\/www.slovokult-literatur.de\/wp-content\/uploads\/2022\/12\/Sophie-Reyer-Cover-pic.png 1085w\" sizes=\"(max-width: 337px) 100vw, 337px\" \/><\/a><\/p>\n<p><strong>Aus dem Buch<\/strong> :: <a href=\"https:\/\/www.slovokult-literatur.de\/index.php\/gedicht-und-gebilde-3\/55-sophie-reyer-ivan-ivanovski\/\">Zwei Gedichte in drei Sprachen mit Illustrationen<\/a> ::<\/p>\n<p style=\"font-weight: 400;\"><strong>Sophie Reyer ::\u00a0<\/strong>als eine der spannendsten jungen deutschsprachigen Autorinnen \u00fcberzeugt sie mit ihrer schriftstellerischen Kunst in jeder Hinsicht und Genre. Sie selber sagt, sie ist vor allem Lyrikerin und das Poetische ist in allen ihren Schriften sichtbar und sp\u00fcrbar. Um zeitgen\u00f6ssische Lyrik zu \u00fcbersetzen muss man eigentlich was Besonderes ausw\u00e4hlen, denn es ist an sich sehr m\u00fchsame und kaum verk\u00e4ufliche Sache \u2013 aber gleichzeitig besonders bereichernd f\u00fcr jede Kulturszene. Ihre Gedichte sind meistens Miniaturen, die Klang, Bild, Assoziationen in einer knappen aber m\u00e4chtigen Sprache ausdr\u00fccken.<\/p>\n<p style=\"font-weight: 400;\">Wir w\u00e4hlen Texte aus mehreren Gedichtb\u00e4nden aus, was mit dem Konzept der Buchreihe SlovoKult :: Slovothek, aber auch mit der \u00dcbersetzbarkeit zu tun hat.<\/p>\n<p style=\"font-weight: 400;\">Sophie Reyer h\u00e4lt sich kurz, aber das ist eben ihre St\u00e4rke, in reduzierten kurzen Versen, viel mehr zu transportieren als es gew\u00f6hnlich ist. Das hat etwas Dadaistisches, aber es ist dennoch viel konkreter und im gewissen Sinne dramatischer.<\/p>\n<p style=\"font-weight: 400;\">\u00d61 Radio: \u201eDie freie und assoziative lyrische Form durchzieht auch Reyers Prosaarbeiten, Filmdrehb\u00fccher, Theaterst\u00fccke und H\u00f6rspiele. Sprache m\u00fcsse stets &#8222;singen&#8220;, meint die ausgebildete Komponistin, und Texte aller Genres seien immer auch Partituren. &#8222;ich segle mein Leben \/ lang von einer Insel \/ zur n\u00e4chsten auf der Suche \/ nach dem einen Stein \/ der anders ist&#8220; hei\u00dft es einmal, und am Ende dieses Gedichts: &#8222;es ist ein Stein \/ der sich weich \/ anf\u00fchlt er \/ singt&#8220;.<\/p>\n","protected":false},"excerpt":{"rendered":"<p><strong>Ausgew\u00e4hlte Lyrik<\/strong><\/p>\n<p>von <strong>Sophie Reyer<\/strong><\/p>\n<p>2022<\/p>\n<p><strong>SlovoKult :: Slovothek ::04::<\/strong><\/p>\n<p>zweisprachig deutsch\/mazedonisch :: <strong>Elizabeta Lindner<\/strong><\/p>\n<p>+ 1 Kapitel englisch :: <strong>Mark Kanak<\/strong><\/p>\n<p>mit Kunst von <strong>Ivan Ivanovski<\/strong><\/p>\n<p style=\"font-weight: 400;\">ISBN :: <strong>978-3-946538-02-8<\/strong><\/p>\n<p>\u00a0143 Seiten mit 9 Farbabbildungen<\/p>\n<p>Auflage :: 250<\/p>\n<p>Printed in N. Macedonia :: <strong>King of Print<\/strong><\/p>\n<div class=\"woocommerce-product-details__short-description\">\n<p>Printed in Germany :: <strong>wir machen druck<\/strong><\/p>\n<p>Porto :: Deutschland :: 2,30\/2,90 Euro (Prio)<\/p>\n<p>Europa (EU) :: 3,70 Euro<\/p>\n<\/div>\n","protected":false},"featured_media":6054,"template":"","meta":[],"product_cat":[25],"product_tag":[],"_links":{"self":[{"href":"https:\/\/www.slovokult-literatur.de\/index.php\/wp-json\/wp\/v3\/product\/6053"}],"collection":[{"href":"https:\/\/www.slovokult-literatur.de\/index.php\/wp-json\/wp\/v3\/product"}],"about":[{"href":"https:\/\/www.slovokult-literatur.de\/index.php\/wp-json\/wp\/v2\/types\/product"}],"wp:featuredmedia":[{"embeddable":true,"href":"https:\/\/www.slovokult-literatur.de\/index.php\/wp-json\/wp\/v2\/media\/6054"}],"wp:attachment":[{"href":"https:\/\/www.slovokult-literatur.de\/index.php\/wp-json\/wp\/v2\/media?parent=6053"}],"wp:term":[{"taxonomy":"product_cat","embeddable":true,"href":"https:\/\/www.slovokult-literatur.de\/index.php\/wp-json\/wp\/v2\/product_cat?post=6053"},{"taxonomy":"product_tag","embeddable":true,"href":"https:\/\/www.slovokult-literatur.de\/index.php\/wp-json\/wp\/v2\/product_tag?post=6053"}],"curies":[{"name":"wp","href":"https:\/\/api.w.org\/{rel}","templated":true}]}}