{"id":942,"date":"2018-05-10T15:04:44","date_gmt":"2018-05-10T13:04:44","guid":{"rendered":"http:\/\/www.slovokult-literatur.de\/?page_id=942"},"modified":"2018-05-10T15:31:39","modified_gmt":"2018-05-10T13:31:39","slug":"11-caca-savic-dijana-tomik","status":"publish","type":"page","link":"https:\/\/www.slovokult-literatur.de\/index.php\/gedicht-und-bild\/11-caca-savic-dijana-tomik\/","title":{"rendered":"::11:: Caca Savi\u0107"},"content":{"rendered":"<h4 style=\"text-align: center;\"><a href=\"http:\/\/www.slovokult-literatur.de\/index.php\/gedicht-und-bild\/\">::Gedicht und Gebilde::<\/a><\/h4>\n<h4 style=\"text-align: center;\">::11:: Caca Savi\u0107:: Dijana Tomik&#8216; Radevska::<\/h4>\n<p><a href=\"http:\/\/www.slovokult-literatur.de\/wp-content\/uploads\/2018\/05\/Caca-Savic.jpeg\" target=\"_blank\" rel=\"noopener\"><img decoding=\"async\" loading=\"lazy\" class=\"wp-image-944 size-thumbnail aligncenter\" src=\"http:\/\/www.slovokult-literatur.de\/wp-content\/uploads\/2018\/05\/Caca-Savic-150x150.jpeg\" alt=\"\" width=\"150\" height=\"150\" srcset=\"https:\/\/www.slovokult-literatur.de\/wp-content\/uploads\/2018\/05\/Caca-Savic-150x150.jpeg 150w, https:\/\/www.slovokult-literatur.de\/wp-content\/uploads\/2018\/05\/Caca-Savic-180x180.jpeg 180w, https:\/\/www.slovokult-literatur.de\/wp-content\/uploads\/2018\/05\/Caca-Savic-300x300.jpeg 300w, https:\/\/www.slovokult-literatur.de\/wp-content\/uploads\/2018\/05\/Caca-Savic-600x600.jpeg 600w\" sizes=\"(max-width: 150px) 100vw, 150px\" \/><\/a><\/p>\n<h5 style=\"text-align: center;\">Caca Savi\u0107<\/h5>\n<p style=\"text-align: center;\"><strong><u>sie verl\u00e4sst die Biografie<\/u><\/strong><\/p>\n<p>&nbsp;<\/p>\n<p style=\"text-align: center;\">kantig entschied sie den Abgang zur herrschaftlichen Meile<\/p>\n<p>&nbsp;<\/p>\n<p style=\"text-align: center;\">eine \u00dcbung<\/p>\n<p style=\"text-align: center;\">gegen den Aufstieg<\/p>\n<p style=\"text-align: center;\">gegen unerkannte Sehnsucht<\/p>\n<p>&nbsp;<\/p>\n<p style=\"text-align: center;\">Hinaufsteigen<\/p>\n<p style=\"text-align: center;\">\u00fcber die Bodenhaftung<\/p>\n<p style=\"text-align: center;\">und siegen<\/p>\n<p>&nbsp;<\/p>\n<p style=\"text-align: center;\">die Sonnenkraft erlaubt keine \u00dcberwindung des Licht\u00fcbergangs<\/p>\n<p>&nbsp;<\/p>\n<p style=\"text-align: center;\">h\u00f6here Rufe erst\u00fcrmten ihr Geh\u00f6r und lie\u00dfen sie auf den verachteten Boden fallen<\/p>\n<p style=\"text-align: center;\">unmissverst\u00e4ndlich gestrandet<\/p>\n<p style=\"text-align: center;\">und gesch\u00e4mt, sie ist eher auf allen Vieren als in den L\u00fcften<\/p>\n<p>&nbsp;<\/p>\n<p style=\"text-align: center;\">dachte sie<\/p>\n<p style=\"text-align: center;\">bereitete den Fortschritt<\/p>\n<p style=\"text-align: center;\">Blick festgerichtet auf Untergrund<\/p>\n<p>&nbsp;<\/p>\n<p style=\"text-align: center;\">es deutet sich das Regenwetter<\/p>\n<p>&nbsp;<\/p>\n<p style=\"text-align: center;\">ranzige D\u00fcfte<\/p>\n<p style=\"text-align: center;\">in \u00f6liger Luft<\/p>\n<p style=\"text-align: center;\">Stimme aus Kreide<\/p>\n<p>&nbsp;<\/p>\n<h5 style=\"text-align: center;\">Dijana Tomik&#8216; Radevska:: Die Versuchung:: Temptation:: \u0418\u0441\u043a\u0443\u0448\u0435\u043d\u0438\u0435<\/h5>\n<p style=\"text-align: center;\"><a href=\"http:\/\/www.slovokult-literatur.de\/wp-content\/uploads\/2018\/05\/Iskushenie-Temptation.jpg\" target=\"_blank\" rel=\"noopener\"><img decoding=\"async\" loading=\"lazy\" class=\"wp-image-945 size-large aligncenter\" src=\"http:\/\/www.slovokult-literatur.de\/wp-content\/uploads\/2018\/05\/Iskushenie-Temptation-782x1024.jpg\" alt=\"\" width=\"640\" height=\"838\" srcset=\"https:\/\/www.slovokult-literatur.de\/wp-content\/uploads\/2018\/05\/Iskushenie-Temptation-782x1024.jpg 782w, https:\/\/www.slovokult-literatur.de\/wp-content\/uploads\/2018\/05\/Iskushenie-Temptation-229x300.jpg 229w, https:\/\/www.slovokult-literatur.de\/wp-content\/uploads\/2018\/05\/Iskushenie-Temptation-768x1006.jpg 768w, https:\/\/www.slovokult-literatur.de\/wp-content\/uploads\/2018\/05\/Iskushenie-Temptation-400x524.jpg 400w, https:\/\/www.slovokult-literatur.de\/wp-content\/uploads\/2018\/05\/Iskushenie-Temptation.jpg 1956w\" sizes=\"(max-width: 640px) 100vw, 640px\" \/><\/a><\/p>\n<h5 style=\"text-align: center;\">Mazedonische \u00dcbersetzung bei:: <a href=\"http:\/\/www.slovokult.eu\/index.php\/avtori\/poezija\/caca-savic-dijana-tomic-radevska\/\">SlovoKult::Literatur\/a:: MK<\/a><\/h5>\n","protected":false},"excerpt":{"rendered":"<p>::Gedicht und Gebilde:: ::11:: Caca Savi\u0107:: Dijana Tomik&#8216; Radevska:: Caca Savi\u0107 sie verl\u00e4sst die Biografie &nbsp; kantig entschied sie den Abgang zur herrschaftlichen Meile &nbsp; eine \u00dcbung gegen den Aufstieg gegen unerkannte Sehnsucht &nbsp; Hinaufsteigen \u00fcber die Bodenhaftung und siegen [&hellip;]<\/p>\n","protected":false},"author":1,"featured_media":945,"parent":172,"menu_order":0,"comment_status":"closed","ping_status":"closed","template":"","meta":{"footnotes":""},"_links":{"self":[{"href":"https:\/\/www.slovokult-literatur.de\/index.php\/wp-json\/wp\/v2\/pages\/942"}],"collection":[{"href":"https:\/\/www.slovokult-literatur.de\/index.php\/wp-json\/wp\/v2\/pages"}],"about":[{"href":"https:\/\/www.slovokult-literatur.de\/index.php\/wp-json\/wp\/v2\/types\/page"}],"author":[{"embeddable":true,"href":"https:\/\/www.slovokult-literatur.de\/index.php\/wp-json\/wp\/v2\/users\/1"}],"replies":[{"embeddable":true,"href":"https:\/\/www.slovokult-literatur.de\/index.php\/wp-json\/wp\/v2\/comments?post=942"}],"version-history":[{"count":10,"href":"https:\/\/www.slovokult-literatur.de\/index.php\/wp-json\/wp\/v2\/pages\/942\/revisions"}],"predecessor-version":[{"id":961,"href":"https:\/\/www.slovokult-literatur.de\/index.php\/wp-json\/wp\/v2\/pages\/942\/revisions\/961"}],"up":[{"embeddable":true,"href":"https:\/\/www.slovokult-literatur.de\/index.php\/wp-json\/wp\/v2\/pages\/172"}],"wp:featuredmedia":[{"embeddable":true,"href":"https:\/\/www.slovokult-literatur.de\/index.php\/wp-json\/wp\/v2\/media\/945"}],"wp:attachment":[{"href":"https:\/\/www.slovokult-literatur.de\/index.php\/wp-json\/wp\/v2\/media?parent=942"}],"curies":[{"name":"wp","href":"https:\/\/api.w.org\/{rel}","templated":true}]}}