{"id":786,"date":"2018-04-18T15:40:41","date_gmt":"2018-04-18T13:40:41","guid":{"rendered":"http:\/\/www.slovokult-literatur.de\/?page_id=786"},"modified":"2022-12-08T21:29:41","modified_gmt":"2022-12-08T20:29:41","slug":"07-jannis-poptrandov","status":"publish","type":"page","link":"https:\/\/www.slovokult-literatur.de\/index.php\/gedicht-und-bild\/07-jannis-poptrandov\/","title":{"rendered":"::07::Jannis Poptrandov"},"content":{"rendered":"<h4><a href=\"http:\/\/www.slovokult-literatur.de\/index.php\/gedicht-und-bild\/\">::Gedicht und Gebilde::<\/a><\/h4>\n<h4>\u00a0::07::Jannis Poptrandov:: Hilma af Klint::<\/h4>\n<p><a href=\"http:\/\/www.slovokult-literatur.de\/wp-content\/uploads\/2018\/04\/Jannis_Poptrandov_Berlin.jpg\" target=\"_blank\" rel=\"noopener\"><img decoding=\"async\" loading=\"lazy\" class=\"alignnone wp-image-790 size-thumbnail\" src=\"http:\/\/www.slovokult-literatur.de\/wp-content\/uploads\/2018\/04\/Jannis_Poptrandov_Berlin-150x150.jpg\" alt=\"\" width=\"150\" height=\"150\" srcset=\"https:\/\/www.slovokult-literatur.de\/wp-content\/uploads\/2018\/04\/Jannis_Poptrandov_Berlin-150x150.jpg 150w, https:\/\/www.slovokult-literatur.de\/wp-content\/uploads\/2018\/04\/Jannis_Poptrandov_Berlin-180x180.jpg 180w, https:\/\/www.slovokult-literatur.de\/wp-content\/uploads\/2018\/04\/Jannis_Poptrandov_Berlin-300x300.jpg 300w, https:\/\/www.slovokult-literatur.de\/wp-content\/uploads\/2018\/04\/Jannis_Poptrandov_Berlin-600x600.jpg 600w\" sizes=\"(max-width: 150px) 100vw, 150px\" \/><\/a><\/p>\n<h5>::Jannis Poptrandov::<\/h5>\n<p><b>ZWAR GELB, JEDOCH NICHT DAS GELB\u00a0<\/b><\/p>\n<p>&nbsp;<\/p>\n<p><a href=\"http:\/\/www.slovokult.eu\/index.php\/stihotvorba-i-slika\/jannis-poptrandov-hilma-af-klint\/\" target=\"_blank\" rel=\"noopener\"><strong><em>\u041c\u0430\u043a\u0435\u0434\u043e\u043d\u0441\u043a\u0438<\/em><\/strong><\/a><\/p>\n<p>&nbsp;<\/p>\n<p>Im Lager, drei\u00dfig<\/p>\n<p>Meter unter der Erde,<\/p>\n<p>war es mal wieder<\/p>\n<p>eng und stickig<\/p>\n<p>und die Sonne<\/p>\n<p>lie\u00df sich selbst-<\/p>\n<p>verst\u00e4ndlich keine<\/p>\n<p>einzige Sekunde<\/p>\n<p>blicken, die gesamte<\/p>\n<p>Fr\u00fchlingskollektion<\/p>\n<p>musste so schnell<\/p>\n<p>wie m\u00f6glich der<\/p>\n<p>Zwischenkollektion<\/p>\n<p>weichen, \u00fcber<\/p>\n<p>tausendsechshundert<\/p>\n<p>Schuhkartons<\/p>\n<p>warteten darauf<\/p>\n<p>aus den Regalen<\/p>\n<p>gefischt und<\/p>\n<p>nach Bayern<\/p>\n<p>geschickt zu werden,<\/p>\n<p>direkt ins Feuer der<\/p>\n<p>M\u00fclldeponie.<\/p>\n<p>Ich krallte mir einen dieser<\/p>\n<p>blauen Kartons und<\/p>\n<p>dann den n\u00e4chsten und dann<\/p>\n<p>fiel mir gl\u00fccklicherweise<\/p>\n<p>ein, dass vor elf Jahren<\/p>\n<p>die US Armee in den<\/p>\n<p>Irak einmarschierte,<\/p>\n<p>dieses Jubil\u00e4um musste<\/p>\n<p>unbedingt in einem<\/p>\n<p>Gedicht verewigt<\/p>\n<p>werden, also<\/p>\n<p>schnappte ich mir<\/p>\n<p>Stift und Zettel und<\/p>\n<p>lie\u00df es ordentlich<\/p>\n<p>krachen. Kampfjets<\/p>\n<p>dr\u00f6hnten \u00fcber<\/p>\n<p>Bagdad, Bomben<\/p>\n<p>detonierten, die<\/p>\n<p>irakische Zivil-<\/p>\n<p>bev\u00f6lkerung<\/p>\n<p>wurde in Fetzen<\/p>\n<p>gerissen, die Bomben<\/p>\n<p>hatten eine<\/p>\n<p>ungeheure<\/p>\n<p>Sprengkraft,<\/p>\n<p>sie durchschlugen<\/p>\n<p>s\u00e4mtliche<\/p>\n<p>Stockwerke<\/p>\n<p>und drangen bis<\/p>\n<p>tief in die Keller,<\/p>\n<p>die Schutz suchenden<\/p>\n<p>Familien hatten keine<\/p>\n<p>Chance.<\/p>\n<p>Nacht f\u00fcr<\/p>\n<p>Nacht flogen<\/p>\n<p>die Amerikaner<\/p>\n<p>ihre Angriffe,<\/p>\n<p>Gehirnmasse<\/p>\n<p>klatschte an<\/p>\n<p>die Wand,<\/p>\n<p>der Vater<\/p>\n<p>von acht M\u00e4dchen<\/p>\n<p>verlor erst<\/p>\n<p>das linke Bein,<\/p>\n<p>dann das linke<\/p>\n<p>Auge und dann<\/p>\n<p>klingelte das Telefon.<\/p>\n<p>Der Store-Manager<\/p>\n<p>h\u00f6chstpers\u00f6nlich.<\/p>\n<p>&nbsp;<\/p>\n<p>\u201eJa, bitte?\u201c<\/p>\n<p>\u201eIch ben\u00f6tige ganz dringend<\/p>\n<p>den blauen Adistar Racer.<\/p>\n<p>Gr\u00f6\u00dfe 42. Mit gelber Sohle.\u201c<\/p>\n<p>\u201eAlles klar. Bring\u00b4 ich dir.\u201c<\/p>\n<p>Ich zog den gew\u00fcnschten Schuh<\/p>\n<p>aus dem Regal, flitzte in den<\/p>\n<p>Laden, warf dem aufgeregt<\/p>\n<p>wartenden Kunden den Karton<\/p>\n<p>vor die F\u00fc\u00dfe.<\/p>\n<p>\u201eHier. Bitte sch\u00f6n. Viel Spa\u00df. Danke,<\/p>\n<p>dass Sie da sind. Sie sind jederzeit<\/p>\n<p>wieder herzlich willkommen. Sie<\/p>\n<p>sehen heute absolut phantastisch<\/p>\n<p>aus. Vielen Dank. Und bitte empfehlen<\/p>\n<p>Sie uns weiter.\u201c<\/p>\n<p>&nbsp;<\/p>\n<p>Zur\u00fcck im Lager k\u00fcmmerte ich<\/p>\n<p>mich wieder um den Krieg.<\/p>\n<p>Nach jedem Luft-<\/p>\n<p>angriff blieben<\/p>\n<p>nur noch Klumpen<\/p>\n<p>\u00fcbrig. Drei\u00dfig, vierzig,<\/p>\n<p>f\u00fcnfzig, sechzig irakische<\/p>\n<p>K\u00f6rper ineinander<\/p>\n<p>verschmolzen &#8211;<\/p>\n<p>die Mutter mit dem<\/p>\n<p>Onkel mit dem<\/p>\n<p>Neugeborenen mit<\/p>\n<p>der Tante, ein<\/p>\n<p>gigantischer Brei<\/p>\n<p>namenloser<\/p>\n<p>Knochen,<\/p>\n<p>vermengt mit<\/p>\n<p>Haut,<\/p>\n<p>Gewebe,<\/p>\n<p>Haare, Ged\u00e4rme,<\/p>\n<p>Sand, Blut und<\/p>\n<p>Metall,<\/p>\n<p>ein Kunstwerk der<\/p>\n<p>H\u00f6lle im Namen<\/p>\n<p>der Demokratie.<\/p>\n<p>Das Telefon klingelte.<\/p>\n<p>Wieder der Store-Manager.<\/p>\n<p>\u201eIch ben\u00f6tige ganz dringend<\/p>\n<p>den blauen Adistar Racer.<\/p>\n<p>Gr\u00f6\u00dfe 42. Mit gelber Sohle.\u201c<\/p>\n<p>\u201eHab\u00b4 ich vor f\u00fcnf Minuten<\/p>\n<p>hochgebracht.\u201c<\/p>\n<p>\u201eDie Sohle ist zwar Gelb, jedoch nicht<\/p>\n<p><i>das<\/i> Gelb.\u201c<\/p>\n<p>\u201eNicht <i>das<\/i> Gelb?\u201c<\/p>\n<p>\u201eDer Kunde w\u00fcnscht ein etwas<\/p>\n<p>dunkleres Gelb. Das Gelb ist ihm<\/p>\n<p>zu hell.\u201c<\/p>\n<p>Ich sagte nichts. Kein Wort.<\/p>\n<p>\u201eHallo. Bist du noch dran?\u201c<\/p>\n<p>\u201eJa.\u201c<\/p>\n<p>\u201eIm Internet hat er den Adistar Racer<\/p>\n<p>mit einer hellgelben Sohle ent-<\/p>\n<p>deckt und du hast ihm den Schuh<\/p>\n<p>mit einer dunkelgelben Sohle gebracht.\u201c<\/p>\n<p>\u201eMoment mal. Ich dachte der Kunde<\/p>\n<p>w\u00fcnscht seine Sohle in einem etwas<\/p>\n<p>dunklerem Gelb.\u201c<\/p>\n<p>\u201eNein. Er w\u00fcnscht seine Sohle mit<\/p>\n<p>hellem Gelb. Die Sohle ist zwar Gelb,<\/p>\n<p>jedoch nicht das Gelb.\u201c<\/p>\n<figure id=\"attachment_792\" aria-describedby=\"caption-attachment-792\" style=\"width: 463px\" class=\"wp-caption aligncenter\"><a href=\"http:\/\/www.slovokult-literatur.de\/wp-content\/uploads\/2018\/04\/Hilma-af-Klint-22The-Dove-Nr.-1222-1915.jpg\" target=\"_blank\" rel=\"noopener\"><img decoding=\"async\" loading=\"lazy\" class=\"wp-image-792 size-full\" src=\"http:\/\/www.slovokult-literatur.de\/wp-content\/uploads\/2018\/04\/Hilma-af-Klint-22The-Dove-Nr.-1222-1915.jpg\" alt=\"\" width=\"463\" height=\"508\" srcset=\"https:\/\/www.slovokult-literatur.de\/wp-content\/uploads\/2018\/04\/Hilma-af-Klint-22The-Dove-Nr.-1222-1915.jpg 463w, https:\/\/www.slovokult-literatur.de\/wp-content\/uploads\/2018\/04\/Hilma-af-Klint-22The-Dove-Nr.-1222-1915-273x300.jpg 273w, https:\/\/www.slovokult-literatur.de\/wp-content\/uploads\/2018\/04\/Hilma-af-Klint-22The-Dove-Nr.-1222-1915-400x439.jpg 400w\" sizes=\"(max-width: 463px) 100vw, 463px\" \/><\/a><figcaption id=\"caption-attachment-792\" class=\"wp-caption-text\">Hilma af Klint::The Dove, Nr. 12::1915<\/figcaption><\/figure>\n<p>&nbsp;<\/p>\n<p>\u201eAlles klar. Ich geh\u00b4 mal nachschauen.\u201c<\/p>\n<p>Ich r\u00fchrte mich nicht vom Fleck.<\/p>\n<p>\u201eTut mir leid. Haben wir nicht mehr.\u201c<\/p>\n<p>\u201eSicher? Laut System m\u00fcssten noch zwei Paar in<\/p>\n<p>der Gr\u00f6\u00dfe vorhanden sein. Der Kunde hat extra bei<\/p>\n<p>uns angerufen und ist dann durch die halbe Stadt<\/p>\n<p>gefahren, um\u2026\u201c<\/p>\n<p>\u201eNein, bei mir ist nichts.\u201c<\/p>\n<p>\u201eSicher?\u201c<\/p>\n<p>\u201eAbsolut.\u201c<\/p>\n<p>\u201eKomisch. Das System scheint mal wieder<\/p>\n<p>defekt zu sein.\u201c<\/p>\n<p>\u201eW\u00e4re ja nicht das erste mal.\u201c<\/p>\n<p>\u201eSind wenigstens die Schuhe schon verschickt?\u201c<\/p>\n<p>\u201eDie\u00a0 Tausendsechshundert f\u00fcr die M\u00fclldeponie?\u201c<\/p>\n<p>\u201eGenau.\u201c<\/p>\n<p>\u201eDie sind gestern raus.\u201c<\/p>\n<p>\u201eKlasse. Dann werde ich das so weiterleiten.\u201c<\/p>\n<p>\u201eWas ist mit meiner Gehaltserh\u00f6hung?\u201c<\/p>\n<p>\u201eIst beantragt, wir brauchen jetzt nur noch<\/p>\n<p>das Okay vom District Manager.\u201c<\/p>\n<p>\u201eAlles klar. Danke. Und weitermachen.\u201c<\/p>\n<p>&nbsp;<\/p>\n<p>Im Lager, drei\u00dfig<\/p>\n<p>Meter unter der Erde,<\/p>\n<p>war es mal wieder<\/p>\n<p>eng und stickig<\/p>\n<p>und die Sonne<\/p>\n<p>lie\u00df sich selbst-<\/p>\n<p>verst\u00e4ndlich keine<\/p>\n<p>einzige Sekunde<\/p>\n<p>blicken, die Amerikaner<\/p>\n<p>mussten nur viereinhalb<\/p>\n<p>Tote beklagen, die Insassen<\/p>\n<p>zweier Hubschrauber, die<\/p>\n<p>ineinander krachten\u00a0 und<\/p>\n<p>einen betrunkenen G.I.<\/p>\n<p>der seine Waffe putzte,<\/p>\n<p>Saddams Z\u00e4hne wurden<\/p>\n<p>noch rasch auf Karies<\/p>\n<p>untersucht und schwups<\/p>\n<p>schon baumelte er<\/p>\n<p>am Galgen, die Amis<\/p>\n<p>hatten keinen Plan wie<\/p>\n<p>es weitergehen soll, bald<\/p>\n<p>detonierten die ersten<\/p>\n<p>Bomben, selbst in der<\/p>\n<p>gr\u00fcnen Zone\u00a0 und nicht<\/p>\n<p>nur dort, \u00fcberall explodieren<\/p>\n<p>Sprengstoffg\u00fcrtel, in Basra,<\/p>\n<p>Kirkuk, Tikrit, in Moscheen,<\/p>\n<p>vor Krankenh\u00e4user, auf Hochzeiten,<\/p>\n<p>und pl\u00f6tzlich, wie aus dem Nichts,<\/p>\n<p>tauchen radikale Extremisten auf,<\/p>\n<p>keiner wei\u00df, wo die jetzt auf einmal<\/p>\n<p>hergekommen sind, und Dorfbewohner<\/p>\n<p>werden gesteinigt, Journalisten enthauptet,<\/p>\n<p>Giftgasfabriken erobert &#8211; Du und ich,<\/p>\n<p>wir gehen weiter flei\u00dfig Turnschuhe kaufen<\/p>\n<p>und Schn\u00fcrsenkel, Eierbecher,<\/p>\n<p>Holzschutzmittel, Winter-<\/p>\n<p>reifen und in hundert<\/p>\n<p>Jahren wird es immer noch<\/p>\n<p>Versicherungen gegen<\/p>\n<p>Haarausfall geben und die<\/p>\n<p>Fr\u00fchlingskollektion wird der<\/p>\n<p>Zwischenkollektion weichen,<\/p>\n<p>die Erde dreht sich schneller<\/p>\n<p>und schneller, immer weiter<\/p>\n<p>und weiter, solange bis sie<\/p>\n<p>irgendwann auf den Mond<\/p>\n<p>kotzt.<\/p>\n<p>:: \u00a0 \u00a0 \u00a0 \u00a0 \u00a0 \u00a0:: \u00a0 \u00a0 \u00a0 \u00a0 \u00a0 \u00a0:: \u00a0 \u00a0 \u00a0 \u00a0 \u00a0 :: \u00a0 \u00a0 \u00a0 \u00a0 \u00a0 ::<\/p>\n<h6>\u00a0 \u00a0 \u00a0 \u00a0 \u00a0 \u00a0 \u00a0 \u00a0 \u00a0 \u00a0 \u00a0 \u00a0 \u00a0 \u00a0 \u00a0 \u00a0 \u00a0 \u00a0 \u00a0 \u00a0 \u00a0 \u00a0 \u00a0 \u00a0 \u00a0 \u00a0 \u00a0 \u00a0 \u00a0 \u00a0 \u00a0 \u00a0 \u00a0 \u00a0 \u00a0 \u00a0 \u00a0 \u00a0 \u00a0 \u00a0 \u00a0 \u00a0 \u00a0 \u00a0 \u00a0 \u00a0 \u00a0 \u00a0 \u00a0 \u00a0 \u00a0Hilma af Klint::The Dove no. 13::1915<\/h6>\n<p><img decoding=\"async\" loading=\"lazy\" class=\"aligncenter wp-image-791 size-full\" src=\"http:\/\/www.slovokult-literatur.de\/wp-content\/uploads\/2018\/04\/Hilma-af-Klint.-The-Dove-no.-13-1915.jpg\" alt=\"\" width=\"790\" height=\"950\" srcset=\"https:\/\/www.slovokult-literatur.de\/wp-content\/uploads\/2018\/04\/Hilma-af-Klint.-The-Dove-no.-13-1915.jpg 790w, https:\/\/www.slovokult-literatur.de\/wp-content\/uploads\/2018\/04\/Hilma-af-Klint.-The-Dove-no.-13-1915-249x300.jpg 249w, https:\/\/www.slovokult-literatur.de\/wp-content\/uploads\/2018\/04\/Hilma-af-Klint.-The-Dove-no.-13-1915-768x924.jpg 768w, https:\/\/www.slovokult-literatur.de\/wp-content\/uploads\/2018\/04\/Hilma-af-Klint.-The-Dove-no.-13-1915-400x481.jpg 400w\" sizes=\"(max-width: 790px) 100vw, 790px\" \/><\/p>\n<p>&nbsp;<\/p>\n","protected":false},"excerpt":{"rendered":"<p>::Gedicht und Gebilde:: \u00a0::07::Jannis Poptrandov:: Hilma af Klint:: ::Jannis Poptrandov:: ZWAR GELB, JEDOCH NICHT DAS GELB\u00a0 &nbsp; \u041c\u0430\u043a\u0435\u0434\u043e\u043d\u0441\u043a\u0438 &nbsp; Im Lager, drei\u00dfig Meter unter der Erde, war es mal wieder eng und stickig und die Sonne lie\u00df sich selbst- verst\u00e4ndlich [&hellip;]<\/p>\n","protected":false},"author":1,"featured_media":792,"parent":172,"menu_order":0,"comment_status":"closed","ping_status":"closed","template":"","meta":{"footnotes":""},"_links":{"self":[{"href":"https:\/\/www.slovokult-literatur.de\/index.php\/wp-json\/wp\/v2\/pages\/786"}],"collection":[{"href":"https:\/\/www.slovokult-literatur.de\/index.php\/wp-json\/wp\/v2\/pages"}],"about":[{"href":"https:\/\/www.slovokult-literatur.de\/index.php\/wp-json\/wp\/v2\/types\/page"}],"author":[{"embeddable":true,"href":"https:\/\/www.slovokult-literatur.de\/index.php\/wp-json\/wp\/v2\/users\/1"}],"replies":[{"embeddable":true,"href":"https:\/\/www.slovokult-literatur.de\/index.php\/wp-json\/wp\/v2\/comments?post=786"}],"version-history":[{"count":18,"href":"https:\/\/www.slovokult-literatur.de\/index.php\/wp-json\/wp\/v2\/pages\/786\/revisions"}],"predecessor-version":[{"id":831,"href":"https:\/\/www.slovokult-literatur.de\/index.php\/wp-json\/wp\/v2\/pages\/786\/revisions\/831"}],"up":[{"embeddable":true,"href":"https:\/\/www.slovokult-literatur.de\/index.php\/wp-json\/wp\/v2\/pages\/172"}],"wp:featuredmedia":[{"embeddable":true,"href":"https:\/\/www.slovokult-literatur.de\/index.php\/wp-json\/wp\/v2\/media\/792"}],"wp:attachment":[{"href":"https:\/\/www.slovokult-literatur.de\/index.php\/wp-json\/wp\/v2\/media?parent=786"}],"curies":[{"name":"wp","href":"https:\/\/api.w.org\/{rel}","templated":true}]}}