{"id":6753,"date":"2024-01-02T23:55:44","date_gmt":"2024-01-02T22:55:44","guid":{"rendered":"https:\/\/www.slovokult-literatur.de\/?page_id=6753"},"modified":"2024-01-03T03:43:47","modified_gmt":"2024-01-03T02:43:47","slug":"elizabeta-kostadinovska-dijana-tomik-radevska","status":"publish","type":"page","link":"https:\/\/www.slovokult-literatur.de\/index.php\/aussage-gegen-ausdruck\/elizabeta-kostadinovska-dijana-tomik-radevska\/","title":{"rendered":"Elizabeta Kostadinovska :: Dijana Tomik Radevska"},"content":{"rendered":"<h4><a href=\"https:\/\/www.slovokult-literatur.de\/index.php\/aussage-gegen-ausdruck\/\" data-type=\"URL\">AUSSAGE :: gegen :: AUSDRUCK<\/a><\/h4>\n<p>:: ENGLISH BELOW ::<\/p>\n<p>:: <a href=\"https:\/\/reper.net.mk\/2023\/12\/25\/\u0441\u0435\u045c\u0430\u0432\u0430\u045a\u0435-\u043d\u0430-\u0432\u0440\u0435\u043c\u0435\u0442\u043e-\u043a\u043e\u0433\u0430-\u0434\u0440\u0432\u0458\u0430\u0442\u0430-\u0430\u0431\u043e\u0440\/\" target=\"_blank\" rel=\"noopener\">\u041c\u0410\u041a\u0415\u0414\u041e\u041d\u0421\u041a\u0418 :: \u043e\u0431\u0458\u0430\u0432\u0435\u043d \u043d\u0430 \u0420\u0415\u041f\u0415\u0420<\/a><\/p>\n<h3>Elizabeta Kostadinovska (Text) :: Dijana Tomik Radevska (Bild)<\/h3>\n<p style=\"font-weight: 400;\"><strong>:: Erinnerung an die Zeit, als die B\u00e4ume abtrieben :: Ber\u00fchrung ::<\/strong><\/p>\n<p>Aus dem Mazedonischen ins Deutsche \u00fcbersetzt von der Autorin :: Das Original ist von 1995 und erschien zum ersten Mal 2023 im Erz\u00e4hlband ::<\/p>\n<p><strong>Elizabeta Lindner Kostadinovska :: \u0421\u0438\u0441\u0442\u0435\u043c \u043d\u0430 \u0441\u0435\u0442\u0438\u043b\u043d\u043e\u0441\u0442\u0438 (System der Empfindsamkeiten), Antolog, Skopje<\/strong> &#8211; der Titelbild und die Illustrationen im Buch sind auch von Dijana Tomik Radevska ::\u00a0<em>PDF des Buchumschlags &#8211;&gt; <a href=\"https:\/\/www.slovokult-literatur.de\/wp-content\/uploads\/2024\/01\/sistem_na_setilnosti_draft_2a.pdf\">sistem_na_setilnosti<\/a><\/em><\/p>\n<p style=\"font-weight: 400;\">Es war Herbst. Ich wei\u00df nicht, ob er kalt war, denn ich war in ein Wesen mit steinerner Haut und einem eisernen Herzen verwandelt, und durch mein aus Metall gefertigtes Nervensystem floss rot gef\u00e4rbtes Wasser. \u00dcber mein Gesicht hatte ich denselben versteinerten Ausdruck, den ich mir nicht bewusst war. Egoistisch sparte ich meine Worte; am h\u00e4ufigsten wurden sie zu einem gebrochenen Echo, das gegen die Mauern meines Unbewussten schlug. Wer w\u00fcrde sagen, dass eine solche Konstruktion ein Charisma besitzen k\u00f6nnte?<\/p>\n<p style=\"font-weight: 400;\">Es stellte sich heraus, dass ich etwas Gewisses besa\u00df, etwas, was der Wiener Regen nicht ber\u00fchren, nicht wegwischen, nicht verrosten konnte. Etwas, was ein Paar wundersch\u00f6n n\u00e4rrischer Menschen zu mir hingezogen hatte, die sich von meiner K\u00e4lte ern\u00e4hrten, meine Gleichg\u00fcltigkeit respektierten und sich in meine Melancholie verliebten.<\/p>\n<p style=\"font-weight: 400;\">Zu der Zeit der grausamen K\u00e4lte fand ich oft Zuflucht im umliegenden Wiener Wald, wo an den sonnigen Tagen die Wiener Hunde ihre Freiheit lebten. Wahrscheinlich lebte ich genauso meine eigene.<\/p>\n<p style=\"font-weight: 400;\">Da ich nichts besa\u00df und auf der Suche nach meinem eigentlichen Eigentum war, fand ich eine einsame Bank und nannte sie &#8222;meine&#8220;. Ich hatte Bedarf nach einer geheimnisvollen Energie, die mir mein Dasein erleichtern sollte.<\/p>\n<p style=\"font-weight: 400;\">Da er\u00f6ffnete sich eine neue innere Perspektive, durch die das Leben eine andere Energie absorbieren konnte, die, obwohl man sie als destruktiv bezeichnen k\u00f6nnte, jedoch unwiderstehlich war. Sie strahlte von den B\u00e4umen aus, die mich umkreisten: Stolz aufgerichtet, mit \u00fcppigen Baumkronen lie\u00dfen sie meine ohnm\u00e4chtige Sehnsucht fl\u00fcchtig wiederkehren, das l\u00e4ngst vergessene Wort &#8222;Liebe&#8220; wieder in meinem Vokabular auftauchen, die l\u00e4stige Einsamkeit ihren Sinn zur\u00fcckgewinnen. Ich bewunderte sie, ich betete sie an.<\/p>\n<p style=\"font-weight: 400;\"><a href=\"https:\/\/www.slovokult-literatur.de\/wp-content\/uploads\/2024\/01\/A-Touch-scaled.jpg\"><img decoding=\"async\" loading=\"lazy\" class=\"alignleft wp-image-6755\" src=\"https:\/\/www.slovokult-literatur.de\/wp-content\/uploads\/2024\/01\/A-Touch-204x300.jpg\" alt=\"\" width=\"350\" height=\"515\" srcset=\"https:\/\/www.slovokult-literatur.de\/wp-content\/uploads\/2024\/01\/A-Touch-204x300.jpg 204w, https:\/\/www.slovokult-literatur.de\/wp-content\/uploads\/2024\/01\/A-Touch-697x1024.jpg 697w, https:\/\/www.slovokult-literatur.de\/wp-content\/uploads\/2024\/01\/A-Touch-768x1128.jpg 768w, https:\/\/www.slovokult-literatur.de\/wp-content\/uploads\/2024\/01\/A-Touch-1046x1536.jpg 1046w, https:\/\/www.slovokult-literatur.de\/wp-content\/uploads\/2024\/01\/A-Touch-1395x2048.jpg 1395w, https:\/\/www.slovokult-literatur.de\/wp-content\/uploads\/2024\/01\/A-Touch-400x587.jpg 400w, https:\/\/www.slovokult-literatur.de\/wp-content\/uploads\/2024\/01\/A-Touch-600x881.jpg 600w, https:\/\/www.slovokult-literatur.de\/wp-content\/uploads\/2024\/01\/A-Touch-scaled.jpg 1743w\" sizes=\"(max-width: 350px) 100vw, 350px\" \/><\/a>Das dauerte bis zum Augenblick, wo ich bemerkte, dass diese verzweigten Wesen nicht vollkommen sind: Sie versuchten sich von ihrer Empf\u00e4ngnis zu befreien. Sie entzogen den winzigen Zweiglein ihre nat\u00fcrliche biologische Entwicklung und lie\u00dfen sie verk\u00fcmmern, sie verst\u00fcmmelten ihre Kleinen bis zur Verkr\u00fcppelung. Sogar ihre Form erinnerte an einen menschlichen F\u00f6tus.<\/p>\n<p style=\"font-weight: 400;\">Es war mir, als ob ich den ewigen Prozess der Mutter Natur wieder entdeckt h\u00e4tte: Sie schafft und verst\u00fcmmelt, kreiert und zerst\u00f6rt&#8230;Und der Mensch ist ihrer Macht ausgeliefert.<\/p>\n<p style=\"font-weight: 400;\">Ich wollte wissen ob auch der Mann dasselbe bemerkt h\u00e4tte. Der Mann, dessen Eigentum sich auch an diesem Ort befand. Er sa\u00df immer auf seinem Klappstuhl, immer auf derselben Stelle, immer mit einer karierten Decke \u00fcber den Scho\u00df bedeckt. Er schien, als ob er den Rest der Welt ignoriert h\u00e4tte. Er schrieb lange, in seine Bl\u00e4tter vertieft. Ab und zu warf er ein buntes B\u00e4llchen seinem lieben und l\u00e4stigen Pudel zu. Wahrscheinlich war er Schriftsteller und lebte seine Freiheit genau an diesem Ort. Als er nicht da war, vermisste ich ihn. Ich hatte ihn nie gegr\u00fc\u00dft, aber schweigsam und tief beachtete ich ihn.<\/p>\n<p style=\"font-weight: 400;\">Endlich hatte ich Bedarf mit jemandem zu reden. Ich entschloss mich den Mann nach seiner Meinung \u00fcber die B\u00e4ume zu fragen, aber er kam nicht mehr. Sowieso war es schon Winter.<\/p>\n<p style=\"font-weight: 400;\">Irgendwie \u00fcberlebte ich den Winter, st\u00e4ndig mit ihm um den niedrigeren K\u00e4ltegrad konkurrierend. Ich war die F\u00fchrende.<\/p>\n<p style=\"font-weight: 400;\">Als die Sonne die ersten langen Schatten der D\u00e4cher auf die Strasse warf, dachte ich wieder an meine Bank, an die B\u00e4ume, die abtrieben, an den Mann.<\/p>\n<p style=\"font-weight: 400;\">Meine Bank war besetzt. \u00a0\u00a0\u00a0\u00a0\u00a0\u00a0\u00a0\u00a0 Eine, in schwarz gekleidete Frau sa\u00df da und las ein Manuskript, ab und zu richtete sie ihren Blick zu den B\u00e4umen. Ich f\u00fchlte eine Mischung aus \u00c4rger, Zorn und Trauer. Ich gr\u00fc\u00dfte sie und bat sie h\u00f6fflich um Erlaubnis, mich auf die Bank (meine Bank!) zu setzen. Sie nickte.<\/p>\n<p style=\"font-weight: 400;\">Pl\u00f6tzlich zog der liebe, l\u00e4stige Pudel meine Aufmerksamkeit auf sich an, und mit Erregung erwartete ich, dass auch der Mann erscheint. Ich wollte gerade aufstehen und das s\u00fc\u00dfe, wei\u00dfe tollpatschige Wesen streicheln, als es sich zur Bank begab, um das B\u00e4llchen in den Scho\u00df der Frau fallen zu lassen. Zum ersten Mal, nach l\u00e4ngerer Zeit konnte ich K\u00e4lte sp\u00fcren.<\/p>\n<p style=\"font-weight: 400;\">Die Frau legte das Manuskript auf die Bank, warf das B\u00e4llchen wieder und sah lange zu den B\u00e4umen. W\u00e4hrend dessen schaffte ich es, die folgenden S\u00e4tze aus dem Manuskript zu lesen: &#8222;Der ewige Prozess der Mutter Natur: Sie geb\u00e4rt und treibt ab, sie schafft und verst\u00fcmmelt, sie kreiert und zerst\u00f6rt. Sie ist allm\u00e4chtig. Das M\u00e4dchen wusste es, deswegen konnte sie nie auf ihre Weiblichkeit stolz sein.&#8220;<\/p>\n<p style=\"font-weight: 400;\">Ich empfand einen scharfen Stich in den Eingeweiden. Es lief mir kalt \u00fcber den R\u00fccken. Schnell und verwirrt verabschiedete ich mich von der Witwe und ging. Ich sp\u00fcrte W\u00e4rme in ihrem Blick, der auf meinem R\u00fccken ruhte, aber ich drehte mich nicht um, und ich kam nicht zur\u00fcck. Nie wieder.<\/p>\n<p>&nbsp;<\/p>\n<h3>Elizabeta Kostadinovska (text) :: Dijana Tomik Radevska (picture)<\/h3>\n<p><strong>:: Remembering the time when the trees aborted :: Touch ::<\/strong><\/p>\n<p>Translated from Macedonian into German and English by the author :: The original is from 1995 and was first published in 2023 in the story collection ::<\/p>\n<p><strong>Elizabeta Lindner Kostadinovska :: \u0421\u0438\u0441\u0442\u0435\u043c \u043d\u0430 \u0441\u0435\u0442\u0438\u043b\u043d\u043e\u0441\u0442\u0438 (System of Sensibilities), Antolog, Skopje &#8211; the cover and the illustrations in the book are also by Dijana Tomik Radevska ::<\/strong> <em>PDF of the book cover &#8211;&gt;\u00a0\u00a0<a href=\"https:\/\/www.slovokult-literatur.de\/wp-content\/uploads\/2024\/01\/sistem_na_setilnosti_draft_2a.pdf\">sistem_na_setilnosti<\/a><\/em><\/p>\n<p style=\"font-weight: 400;\">It was autumn. I don&#8217;t know if it was cold, because I was transformed into a creature with stone skin and an iron heart, and red colored water flowed through my nervous system made of metal. Across my face I had the same petrified expression that I was unaware of. Selfishly, I spared my words; most often they became a broken echo beating against the walls of my unconscious. Who would say that such a construction could possess charisma?<\/p>\n<p style=\"font-weight: 400;\">It turned out that I possessed something certain, something that the Viennese rain could not touch, could not wipe away, could not rust away. Something that had attracted a couple of beautifully foolish people to me, who fed on my coldness, respected my indifference, and fell in love with my melancholy.<\/p>\n<p style=\"font-weight: 400;\">At the time of the cruel cold, I often found sanctuary in the surrounding Vienna Woods, where on sunny days the Viennese dogs lived their freedom. I probably lived my own as well.<\/p>\n<p style=\"font-weight: 400;\">Since I owned nothing and was looking for my true belongings, I found a lonely bench and called it &#8222;mine&#8220;. I was in need of a mysterious energy that would make my existence easier.<\/p>\n<p style=\"font-weight: 400;\">A new inner perspective opened up, through which life could absorb a different energy, which, although it could be described as destructive, was irresistible.<\/p>\n<p style=\"font-weight: 400;\"><a href=\"https:\/\/www.slovokult-literatur.de\/wp-content\/uploads\/2024\/01\/A-Touch-scaled.jpg\"><img decoding=\"async\" loading=\"lazy\" class=\"alignleft wp-image-6755\" src=\"https:\/\/www.slovokult-literatur.de\/wp-content\/uploads\/2024\/01\/A-Touch-204x300.jpg\" alt=\"\" width=\"350\" height=\"515\" srcset=\"https:\/\/www.slovokult-literatur.de\/wp-content\/uploads\/2024\/01\/A-Touch-204x300.jpg 204w, https:\/\/www.slovokult-literatur.de\/wp-content\/uploads\/2024\/01\/A-Touch-697x1024.jpg 697w, https:\/\/www.slovokult-literatur.de\/wp-content\/uploads\/2024\/01\/A-Touch-768x1128.jpg 768w, https:\/\/www.slovokult-literatur.de\/wp-content\/uploads\/2024\/01\/A-Touch-1046x1536.jpg 1046w, https:\/\/www.slovokult-literatur.de\/wp-content\/uploads\/2024\/01\/A-Touch-1395x2048.jpg 1395w, https:\/\/www.slovokult-literatur.de\/wp-content\/uploads\/2024\/01\/A-Touch-400x587.jpg 400w, https:\/\/www.slovokult-literatur.de\/wp-content\/uploads\/2024\/01\/A-Touch-600x881.jpg 600w, https:\/\/www.slovokult-literatur.de\/wp-content\/uploads\/2024\/01\/A-Touch-scaled.jpg 1743w\" sizes=\"(max-width: 350px) 100vw, 350px\" \/><\/a>It radiated from the trees that surrounded me: proudly erect, with lush treetops, they allowed my impotent longing to return fleetingly, the long-forgotten word &#8222;love&#8220; to reappear in my vocabulary, the tiresome loneliness to regain its meaning. I admired it, I worshipped it.<\/p>\n<p style=\"font-weight: 400;\">That lasted until the moment I realized that these branched beings were not perfect: They were trying to free themselves from their conception. They deprived the tiny twigs of their natural biological development and let them atrophy, they mutilated their little ones to the point of crippling them. Even their shape was reminiscent of a human fetus.<\/p>\n<p style=\"font-weight: 400;\">I felt as if I had rediscovered the eternal process of Mother Nature: she makes and mutilates, creates and destroys&#8230; And the human is at her mercy.<\/p>\n<p style=\"font-weight: 400;\">I wondered if the man had noticed the same thing. The man whose belongings were also in this place. He always sat on his folding chair, always in the same place, always covered with a plaid blanket over his lap. He seemed as if he had ignored the rest of the world. He wrote for a long time, immersed in his papers. Every now and then he threw a colorful ball to his lovely and annoying poodle. He was probably a writer and lived his freedom in this very place. When he wasn&#8217;t there, I missed him. I had never exchanged greetings with him, but I silently and deeply respected him.<\/p>\n<p style=\"font-weight: 400;\">I finally felt the need to talk to someone. I decided to ask the man for his opinion on the trees, but he didn&#8217;t come back. It was already winter anyway.<\/p>\n<p style=\"font-weight: 400;\">Somehow, I survived the winter, constantly competing with it for the lower degree of cold. I was the leading one.<\/p>\n<p style=\"font-weight: 400;\">As the sun cast the first long shadows of the roofs on the street, I thought again of my bench, of the trees that were aborting, of the man.<\/p>\n<p style=\"font-weight: 400;\">My bench was occupied. A woman dressed in black sat there reading a manuscript, occasionally turning her gaze to the trees. I felt a mixture of annoyance, anger, and sadness. I greeted her and politely asked her permission to sit on the bench (my bench!). She nodded.<\/p>\n<p style=\"font-weight: 400;\">Suddenly the lovely, annoying poodle attracted my attention, and with excitement I expected the man to appear too. I was just about to get up and stroke the cute, white clumsy creature when it went to the bench to drop the ball in the woman&#8217;s lap. For the first time in a long time, I could feel cold.<\/p>\n<p style=\"font-weight: 400;\">The woman put the manuscript on the bench, threw the ball again and looked at the trees for a long time. Meanwhile, I managed to read the following sentences from the manuscript: &#8222;The eternal process of Mother Nature: she gives birth and aborts, she creates and mutilates, she creates and destroys. She is omnipotent. The girl knew it, which is why she could never be proud of her femininity.&#8220;<\/p>\n<p style=\"font-weight: 400;\">I felt a sharp stab in my guts. A chill ran down my spine. Quickly and confused, I said goodbye to the widow and left. I felt warmth in her gaze as it rested on my back, but I didn&#8217;t turn around and I didn&#8217;t come back. Never again.<\/p>\n<p>&nbsp;<\/p>\n","protected":false},"excerpt":{"rendered":"<p>AUSSAGE :: gegen :: AUSDRUCK :: ENGLISH BELOW :: :: \u041c\u0410\u041a\u0415\u0414\u041e\u041d\u0421\u041a\u0418 :: \u043e\u0431\u0458\u0430\u0432\u0435\u043d \u043d\u0430 \u0420\u0415\u041f\u0415\u0420 Elizabeta Kostadinovska (Text) :: Dijana Tomik Radevska (Bild) :: Erinnerung an die Zeit, als die B\u00e4ume abtrieben :: Ber\u00fchrung :: Aus dem Mazedonischen ins Deutsche [&hellip;]<\/p>\n","protected":false},"author":1,"featured_media":6755,"parent":466,"menu_order":0,"comment_status":"closed","ping_status":"closed","template":"","meta":{"footnotes":""},"_links":{"self":[{"href":"https:\/\/www.slovokult-literatur.de\/index.php\/wp-json\/wp\/v2\/pages\/6753"}],"collection":[{"href":"https:\/\/www.slovokult-literatur.de\/index.php\/wp-json\/wp\/v2\/pages"}],"about":[{"href":"https:\/\/www.slovokult-literatur.de\/index.php\/wp-json\/wp\/v2\/types\/page"}],"author":[{"embeddable":true,"href":"https:\/\/www.slovokult-literatur.de\/index.php\/wp-json\/wp\/v2\/users\/1"}],"replies":[{"embeddable":true,"href":"https:\/\/www.slovokult-literatur.de\/index.php\/wp-json\/wp\/v2\/comments?post=6753"}],"version-history":[{"count":9,"href":"https:\/\/www.slovokult-literatur.de\/index.php\/wp-json\/wp\/v2\/pages\/6753\/revisions"}],"predecessor-version":[{"id":6759,"href":"https:\/\/www.slovokult-literatur.de\/index.php\/wp-json\/wp\/v2\/pages\/6753\/revisions\/6759"}],"up":[{"embeddable":true,"href":"https:\/\/www.slovokult-literatur.de\/index.php\/wp-json\/wp\/v2\/pages\/466"}],"wp:featuredmedia":[{"embeddable":true,"href":"https:\/\/www.slovokult-literatur.de\/index.php\/wp-json\/wp\/v2\/media\/6755"}],"wp:attachment":[{"href":"https:\/\/www.slovokult-literatur.de\/index.php\/wp-json\/wp\/v2\/media?parent=6753"}],"curies":[{"name":"wp","href":"https:\/\/api.w.org\/{rel}","templated":true}]}}