{"id":6686,"date":"2023-09-11T01:44:12","date_gmt":"2023-09-10T23:44:12","guid":{"rendered":"https:\/\/www.slovokult-literatur.de\/?page_id=6686"},"modified":"2023-09-18T01:14:14","modified_gmt":"2023-09-17T23:14:14","slug":"slovokult-berlin-in-skopje-2023","status":"publish","type":"page","link":"https:\/\/www.slovokult-literatur.de\/index.php\/slovokult-live\/slovokult-berlin-in-skopje-2023\/","title":{"rendered":"SlovoKult :: Berlin in Skopje :: 2023"},"content":{"rendered":"<h3><a href=\"https:\/\/www.slovokult-literatur.de\/index.php\/slovokult-live\/\">:: SlovoKult :: LIVE<\/a><\/h3>\n<h3>September 2023 in Skopje ::<\/h3>\n<h4><a href=\"https:\/\/www.slovokult-literatur.de\/wp-content\/uploads\/2023\/09\/SlovoKult-Event-Skopje-DE-scaled.jpg\"><img decoding=\"async\" loading=\"lazy\" class=\"wp-image-6673 size-medium alignleft\" src=\"https:\/\/www.slovokult-literatur.de\/wp-content\/uploads\/2023\/09\/SlovoKult-Event-Skopje-DE-300x227.jpg\" alt=\"\" width=\"300\" height=\"227\" srcset=\"https:\/\/www.slovokult-literatur.de\/wp-content\/uploads\/2023\/09\/SlovoKult-Event-Skopje-DE-300x227.jpg 300w, https:\/\/www.slovokult-literatur.de\/wp-content\/uploads\/2023\/09\/SlovoKult-Event-Skopje-DE-1024x774.jpg 1024w, https:\/\/www.slovokult-literatur.de\/wp-content\/uploads\/2023\/09\/SlovoKult-Event-Skopje-DE-768x581.jpg 768w, https:\/\/www.slovokult-literatur.de\/wp-content\/uploads\/2023\/09\/SlovoKult-Event-Skopje-DE-1536x1162.jpg 1536w, https:\/\/www.slovokult-literatur.de\/wp-content\/uploads\/2023\/09\/SlovoKult-Event-Skopje-DE-2048x1549.jpg 2048w, https:\/\/www.slovokult-literatur.de\/wp-content\/uploads\/2023\/09\/SlovoKult-Event-Skopje-DE-400x303.jpg 400w, https:\/\/www.slovokult-literatur.de\/wp-content\/uploads\/2023\/09\/SlovoKult-Event-Skopje-DE-600x454.jpg 600w\" sizes=\"(max-width: 300px) 100vw, 300px\" \/><\/a><\/h4>\n<p><strong>21.09.Bookva (bald mehr \/ soon more)<\/strong><\/p>\n<p><strong>23.09. MKC @Festival Zdravo Mladi (bald mehr \/ soon more)<\/strong><\/p>\n<h3><\/h3>\n<h3><\/h3>\n<h3><\/h3>\n<h3><\/h3>\n<h3>22.09.2023 :: KIC Skopje<\/h3>\n<p><a href=\"https:\/\/www.slovokult-literatur.de\/wp-content\/uploads\/2023\/09\/SlovoKult-poster-so-loga-scaled.jpg\"><img decoding=\"async\" loading=\"lazy\" class=\"alignnone wp-image-6690\" src=\"https:\/\/www.slovokult-literatur.de\/wp-content\/uploads\/2023\/09\/SlovoKult-poster-so-loga-300x169.jpg\" alt=\"\" width=\"432\" height=\"243\" srcset=\"https:\/\/www.slovokult-literatur.de\/wp-content\/uploads\/2023\/09\/SlovoKult-poster-so-loga-300x169.jpg 300w, https:\/\/www.slovokult-literatur.de\/wp-content\/uploads\/2023\/09\/SlovoKult-poster-so-loga-1024x576.jpg 1024w, https:\/\/www.slovokult-literatur.de\/wp-content\/uploads\/2023\/09\/SlovoKult-poster-so-loga-768x432.jpg 768w, https:\/\/www.slovokult-literatur.de\/wp-content\/uploads\/2023\/09\/SlovoKult-poster-so-loga-1536x864.jpg 1536w, https:\/\/www.slovokult-literatur.de\/wp-content\/uploads\/2023\/09\/SlovoKult-poster-so-loga-2048x1152.jpg 2048w, https:\/\/www.slovokult-literatur.de\/wp-content\/uploads\/2023\/09\/SlovoKult-poster-so-loga-400x225.jpg 400w, https:\/\/www.slovokult-literatur.de\/wp-content\/uploads\/2023\/09\/SlovoKult-poster-so-loga-600x338.jpg 600w\" sizes=\"(max-width: 432px) 100vw, 432px\" \/><\/a><\/p>\n<p>:: English below ::<\/p>\n<p>DEUTSCH ::<\/p>\n<p style=\"font-weight: 400;\">SlovoKult :: Berlin gibt es seit 2008 als Online-Portal www.slovokult.de, seit 2015 als eingetragener Kleinverlag und seit 2016 als zweisprachiges Online-Magazin f\u00fcr zeitgen\u00f6ssische Poesie und Kunst:<\/p>\n<p style=\"font-weight: 400;\">www.slovokult.eu.<\/p>\n<p style=\"font-weight: 400;\">www.slovokult-literatur.de.<\/p>\n<p style=\"font-weight: 400;\">und hat bereits ein etabliertes Konzept, zeitgen\u00f6ssische und avantgardistische Kunst in einem innovativen, interdisziplin\u00e4ren, multimedialen und mehrsprachigen Kontext zu pr\u00e4sentieren &#8211; mit internationalen, vor allem aber mazedonischen und deutschen Text-, Bild- und Klangk\u00fcnstlern, was auch im Untertitel enthalten ist:<\/p>\n<p style=\"font-weight: 400;\">Text\/Vision\/Klang &#8211; Text\/Vision\/Klang<\/p>\n<p style=\"font-weight: 400;\">was man am besten an den k\u00fcnstlerischen Videos erkennen kann, die SlovoKult produziert:<\/p>\n<p style=\"font-weight: 400;\">YouTube &#8211; <a href=\"https:\/\/www.youtube.com\/@slovokultliterartour9104\/videos\">https:\/\/www.youtube.com\/@slovokultliterartour9104\/videos<\/a><\/p>\n<p style=\"font-weight: 400;\">In Zusammenarbeit mit Art Equilibrium unter dem Namen<\/p>\n<p style=\"font-weight: 400;\">SlovoKult :: LiterARTour hat SlovoKult zwei erfolgreiche Ausgaben der Biennale f\u00fcr zeitgen\u00f6ssische K\u00fcnste (2018 und 2020) in Gevgelija, Skopje und Berlin realisiert, die im Jahr 2023 umgestaltet und als Veranstaltungsreihe in Berlin und Skopje (aber auch in anderen St\u00e4dten und L\u00e4ndern) fortgesetzt werden soll.<\/p>\n<p style=\"font-weight: 400;\">Ein literarisches Dokument der Biennale ist die Anthologie-Publikation mit Werken aller teilnehmenden literarischen und bildenden K\u00fcnstler, mehr:<\/p>\n<p style=\"font-weight: 400;\"><a href=\"https:\/\/www.slovokult-literatur.de\/index.php\/slovokult-literartour-biennale-for-contemporary-arts\/\">https:\/\/www.slovokult-literatur.de\/index.php\/slovokult-literartour-biennale-for-contemporary-arts\/<\/a><\/p>\n<p style=\"font-weight: 400;\">Im gleichen schwierigen Jahr 2020 wurde durch die gleiche Zusammenarbeit die Literaturedition SlovoKult :: Slovoteka ins Leben gerufen, die bisher f\u00fcnf herausragende Titel umfasst:<\/p>\n<p style=\"font-weight: 400;\"><a href=\"https:\/\/www.slovokult-literatur.de\/index.php\/slovokul\">https:\/\/www.slovokult-literatur.de\/index.php\/slovokul<\/a> t-slovothek\/<\/p>\n<p style=\"font-weight: 400;\">Wir wollen diese Ver\u00f6ffentlichungen dem Publikum in Skopje und Mazedonien entsprechend vorstellen, wozu wir bisher keine Gelegenheit hatten.<\/p>\n<p style=\"font-weight: 400;\">Diese Veranstaltung ist auch ein Vorbote dessen, was noch kommen wird, und wir laden Sie\/Euch herzlich ein, Teil von etwas Besonderem und Originellem zu sein, das Sie\/Ihr kein zweites Mal erleben werden\/werdet: Die Kombination und Pr\u00e4sentation ausgew\u00e4hlter Poesie in zweisprachiger Mehrstimmigkeit mit einer Videoausstellung und improvisierten Kl\u00e4ngen von Spitzenk\u00fcnstler:innen ist einmalig und unwiederholbar, denn die Veranstaltung selbst wird zu einem eigenartigen Kunstwerk.<\/p>\n<p style=\"font-weight: 400;\">Wir freuen uns, dass wir endlich K\u00fcnstler:innen aus dem Ausland zusammen mit mazedonischen Kolleg:innen pr\u00e4sentieren k\u00f6nnen, denn dieser Teil ist immer der teuerste und aufw\u00e4ndigste.<\/p>\n<p style=\"font-weight: 400;\">Dank der Unterst\u00fctzung der Botschaft der Bundesrepublik Deutschland in Skopje und TRADUKI &#8211; Literaturnetzwerk f\u00fcr S\u00fcdosteuropa sind wir in der Lage, K\u00fcnstler:innen und Autor:innen aus Deutschland zu pr\u00e4sentieren. Das Kultur- Informationszentrums und die Stadt Skopje haben die mazedonischen Teilnehmer:innen unterst\u00fctzt, und wir freuen uns Ihnen\/Euch folgendes<\/p>\n<p style=\"font-weight: 400;\">PROGRAMM anzubieten:<\/p>\n<p style=\"font-weight: 400;\">19:30 :: kleine Galerie: In Anwesenheit der K\u00fcnstler:innen, Er\u00f6ffnung der Ausstellung mit Werken von Irena Paskali (K\u00f6ln), Ivan Ivanovski (Skopje), Elizabeta Kostadinovska (Berlin) und Dijana Tomik\u2018 Radevska (Skopje), die Illustrationen in unseren Publikationen sind.<\/p>\n<p style=\"font-weight: 400;\">20:30 :: Imperial Galerie:<\/p>\n<p style=\"font-weight: 400;\">interdisziplin\u00e4re, multimediale und mehrsprachige Veranstaltung, die aus mehreren Teilen besteht:<\/p>\n<p style=\"font-weight: 400;\">Literatur: Ron Winkler (Berlin) und Elizabeta Kostadinovska (Berlin) lesen Texte, die in den SlovoKult &#8211; Publikationen erschienen sind &#8211; die Pr\u00e4sentation wird zweisprachig bzw. dreisprachig sein.<\/p>\n<p style=\"font-weight: 400;\">Die mazedonischen Dichter Aleksandar Kirkovski und Manuela Zlatkova werden Verse in mazedonischer Sprache aus diesen Publikationen lesen.<\/p>\n<p style=\"font-weight: 400;\">Per Video werden wir Gedichte von Sophie Rayer und Crauss pr\u00e4sentieren, die an der Veranstaltung nicht pers\u00f6nlich teilnehmen k\u00f6nnen.<\/p>\n<p style=\"font-weight: 400;\">Musik: Martin Georgievski (Amplidyne Effect) und Andrej Tatarchevski aus Skopje, Valeria Merlini (JD Zazie) und Maximilian Bogner (Margaret Unknown) aus Berlin.<\/p>\n<p style=\"font-weight: 400;\">Die Veranstaltung wird von einer Videoausstellung mit Werken von K\u00fcnstler:innen begleitet, die in den Publikationen von SlovoKult und Art Equilibrium ver\u00f6ffentlicht und teilweise in der kleinen Galerie ausgestellt werden.<\/p>\n<p style=\"font-weight: 400;\">K\u00fcnstlerische Leitung: Elizabeta Lindner<\/p>\n<p style=\"font-weight: 400;\">Verfolgt die Veranstaltung in FB und in unserem Online-Magazin f\u00fcr weitere Informationen:<\/p>\n<p style=\"font-weight: 400;\"><a href=\"http:\/\/www.slovokult-literatur.de\/\">www.slovokult-literatur.de<\/a><\/p>\n<p style=\"font-weight: 400;\"><a href=\"http:\/\/www.slovokult.eu\/\">http:\/\/www.slovokult.eu<\/a><\/p>\n<p style=\"font-weight: 400;\">Auf bald!<\/p>\n<p style=\"font-weight: 400;\">ENGLISH ::<\/p>\n<p style=\"font-weight: 400;\">SlovoKult :: Berlin has existed since 2008 as an online portal www.slovokult.de, since 2015 as a registered small publishing house and since 2016 as a bilingual online magazine for contemporary poetry and art:<\/p>\n<p style=\"font-weight: 400;\">www.slovokult.eu.<\/p>\n<p style=\"font-weight: 400;\">www.slovokult-literatur.de.<\/p>\n<p style=\"font-weight: 400;\">and already has an established concept of presenting contemporary and avant-garde art in an innovative, interdisciplinary, multimedia and multilingual context &#8211; with international, but mainly Macedonian and German text, image and sound artists, which is also included in the subtitle:<\/p>\n<p style=\"font-weight: 400;\">Text\/Vision\/Sound &#8211; Text\/Vision\/Sound<\/p>\n<p style=\"font-weight: 400;\">which can be best seen in the artistic videos that SlovoKult produces:<\/p>\n<p style=\"font-weight: 400;\">YouTube &#8211; https:\/\/www.youtube.com\/@slovokultliterartour9104\/videos<\/p>\n<p style=\"font-weight: 400;\">In cooperation with Art Equilibrium under the name of<\/p>\n<p style=\"font-weight: 400;\">SlovoKult :: LiterARTour, SlovoKult has realized two successful editions of the Biennial of Contemporary Arts (2018 and 2020) in Gevgelija, Skopje and Berlin, which will be revamped and continued as a series of events in Berlin and Skopje (but also in other cities and countries) in 2023.<\/p>\n<p style=\"font-weight: 400;\">A literary document of the Biennial is the anthology publication with works of all participating literary and visual artists, more:<\/p>\n<p style=\"font-weight: 400;\">\n<blockquote class=\"wp-embedded-content\" data-secret=\"kOLm2jynSd\"><p><a href=\"https:\/\/www.slovokult-literatur.de\/index.php\/slovokult-literartour-biennale-for-contemporary-arts\/\">SlovoKult :: literARTour Biennial of contemporary arts::<\/a><\/p><\/blockquote>\n<p><iframe class=\"wp-embedded-content\" sandbox=\"allow-scripts\" security=\"restricted\" style=\"position: absolute; clip: rect(1px, 1px, 1px, 1px);\" title=\"&#8222;SlovoKult :: literARTour Biennial of contemporary arts::&#8220; &#8212; SlovoKult::Literatur\/a\" src=\"https:\/\/www.slovokult-literatur.de\/index.php\/slovokult-literartour-biennale-for-contemporary-arts\/embed\/#?secret=SoKgcsL07B#?secret=kOLm2jynSd\" data-secret=\"kOLm2jynSd\" width=\"600\" height=\"338\" frameborder=\"0\" marginwidth=\"0\" marginheight=\"0\" scrolling=\"no\"><\/iframe><\/p>\n<p style=\"font-weight: 400;\">In the same difficult year 2020, through the same cooperation, the literary edition SlovoKult :: Slovoteka was launched, which so far includes five outstanding titles:<\/p>\n<p style=\"font-weight: 400;\"><a href=\"https:\/\/www.slovokult-literatur.de\/index.php\/slovokul%20t-slovothek\/\">https:\/\/www.slovokult-literatur.de\/index.php\/slovokul t-slovothek\/<\/a><\/p>\n<p style=\"font-weight: 400;\">We want to present these publications to the public in Skopje and Macedonia accordingly, which we have not had the opportunity to do so far.<\/p>\n<p style=\"font-weight: 400;\">This event is also a harbinger of what is to come, and we cordially invite you to be part of something special and original that you will not experience a second time: The combination and presentation of selected poetry in bilingual polyphony with a video exhibition and improvised sounds by excellent artists is unique and unrepeatable, as the event itself becomes a peculiar work of art.<\/p>\n<p style=\"font-weight: 400;\">We are happy that we can finally present artists from abroad together with Macedonian colleagues, because this part is always the most expensive and elaborate.<\/p>\n<p>Thanks to the support of the Embassy of the Federal Republic of Germany in Skopje and TRADUKI &#8211; Literature Network for Southeast Europe, we are able to present artists and authors from Germany. The Cultural Information Center and the City of Skopje have supported the Macedonian participants, and we are pleased to offer you the following<\/p>\n<p>PROGRAM:<\/p>\n<p style=\"font-weight: 400;\">19:30 :: small gallery: in the presence of the artists, opening of the exhibition with works by Irena Paskali (Cologne), Ivan Ivanovski (Skopje), Elizabeta Kostadinovska (Berlin) and and Dijana Tomik Radevska (Skopje), who are illustrations in our publications.<\/p>\n<p style=\"font-weight: 400;\">20:30 :: Imperial Gallery:<\/p>\n<p style=\"font-weight: 400;\">Interdisciplinary, multimedia and multilingual event consisting of several parts:<\/p>\n<p style=\"font-weight: 400;\">Literature: Ron Winkler (Berlin) and Elizabeta Kostadinovska (Berlin) will read texts published in SlovoKult &#8211; publications &#8211; the presentation will be bilingual and trilingual respectively.<\/p>\n<p style=\"font-weight: 400;\">Macedonian poets Aleksandar Kirkovski and Manuela Zlatkova will read verses in Macedonian from these publications.<\/p>\n<p style=\"font-weight: 400;\">Via video we will present poems by Sophie Rayer and Crauss, who will not be able to attend the event in person.<\/p>\n<p style=\"font-weight: 400;\">Music: Martin Georgievski (Amplidyne Effect) and Andrej Tatarchevski from Skopje, Valeria Merlini (JD Zazie) and Maximilian Bogner (Margaret Unknown) from Berlin.<\/p>\n<p style=\"font-weight: 400;\">The event will be accompanied by a video exhibition of works by artists published in SlovoKult and Art Equilibrium publications and partly exhibited in the small gallery.<\/p>\n<p style=\"font-weight: 400;\">Artistic director: Elizabeta Lindner<\/p>\n<p style=\"font-weight: 400;\">Follow the event in FB and in our online magazine for more information:<\/p>\n<p style=\"font-weight: 400;\"><a href=\"http:\/\/www.slovokult-literatur.de\/\">www.slovokult-literatur.de<\/a><\/p>\n<p style=\"font-weight: 400;\"><a href=\"http:\/\/www.slovokult.eu\/\">http:\/\/www.slovokult.eu<\/a><\/p>\n<p style=\"font-weight: 400;\">See you soon!<\/p>\n","protected":false},"excerpt":{"rendered":"<p>:: SlovoKult :: LIVE September 2023 in Skopje :: 21.09.Bookva (bald mehr \/ soon more) 23.09. MKC @Festival Zdravo Mladi (bald mehr \/ soon more) 22.09.2023 :: KIC Skopje :: English below :: DEUTSCH :: SlovoKult :: Berlin gibt es [&hellip;]<\/p>\n","protected":false},"author":1,"featured_media":6673,"parent":6670,"menu_order":0,"comment_status":"closed","ping_status":"closed","template":"","meta":{"footnotes":""},"_links":{"self":[{"href":"https:\/\/www.slovokult-literatur.de\/index.php\/wp-json\/wp\/v2\/pages\/6686"}],"collection":[{"href":"https:\/\/www.slovokult-literatur.de\/index.php\/wp-json\/wp\/v2\/pages"}],"about":[{"href":"https:\/\/www.slovokult-literatur.de\/index.php\/wp-json\/wp\/v2\/types\/page"}],"author":[{"embeddable":true,"href":"https:\/\/www.slovokult-literatur.de\/index.php\/wp-json\/wp\/v2\/users\/1"}],"replies":[{"embeddable":true,"href":"https:\/\/www.slovokult-literatur.de\/index.php\/wp-json\/wp\/v2\/comments?post=6686"}],"version-history":[{"count":11,"href":"https:\/\/www.slovokult-literatur.de\/index.php\/wp-json\/wp\/v2\/pages\/6686\/revisions"}],"predecessor-version":[{"id":6708,"href":"https:\/\/www.slovokult-literatur.de\/index.php\/wp-json\/wp\/v2\/pages\/6686\/revisions\/6708"}],"up":[{"embeddable":true,"href":"https:\/\/www.slovokult-literatur.de\/index.php\/wp-json\/wp\/v2\/pages\/6670"}],"wp:featuredmedia":[{"embeddable":true,"href":"https:\/\/www.slovokult-literatur.de\/index.php\/wp-json\/wp\/v2\/media\/6673"}],"wp:attachment":[{"href":"https:\/\/www.slovokult-literatur.de\/index.php\/wp-json\/wp\/v2\/media?parent=6686"}],"curies":[{"name":"wp","href":"https:\/\/api.w.org\/{rel}","templated":true}]}}