{"id":6319,"date":"2023-03-30T16:58:15","date_gmt":"2023-03-30T14:58:15","guid":{"rendered":"https:\/\/www.slovokult-literatur.de\/?page_id=6319"},"modified":"2023-03-31T19:27:19","modified_gmt":"2023-03-31T17:27:19","slug":"ausstellungen-exhibitions","status":"publish","type":"page","link":"https:\/\/www.slovokult-literatur.de\/index.php\/lyrik\/elizabeta-lindner-kostadinovska\/ausstellungen-exhibitions\/","title":{"rendered":":: Ausstellungen :: Exhibitions ::"},"content":{"rendered":"<h3><a href=\"https:\/\/www.slovokult-literatur.de\/index.php\/lyrik\/elizabeta-lindner-kostadinovska\/\">Elizabeta Kostadinovska<\/a><\/h3>\n<p><strong>:: English (soon)\u00a0:: Exhibitions and Performances ::<\/strong><\/p>\n<h4 style=\"font-weight: 400;\">:: Ausstellungen und Performances ::<\/h4>\n<p style=\"font-weight: 400;\"><strong>seit 2013 experimentelle und interdisziplin\u00e4re Kunst ::<\/strong><\/p>\n<p style=\"font-weight: 400;\">zwei Kunstserien<\/p>\n<p style=\"font-weight: 400;\">::1::\u00a0<a href=\"https:\/\/www.slovokult-literatur.de\/index.php\/lyrik\/elizabeta-lindner-kostadinovska\/volksbuehne\/\"><strong>Volksb\u00fchne<\/strong><\/a><\/p>\n<p style=\"font-weight: 400;\">::2::\u00a0<a href=\"https:\/\/www.slovokult-literatur.de\/index.php\/lyrik\/elizabeta-lindner-kostadinovska\/the-deconstructed-novel\/\"><strong>Der dekonstruierte Roman<\/strong><\/a>: Die Leinwand von Benjamin Stein<\/p>\n<p>:: <a href=\"https:\/\/www.youtube.com\/@elilin8014\/videos\" target=\"_blank\" rel=\"noopener\"><strong>Multimedia Poetry Perfomances in mehrsprachiger Polyphonie<\/strong><\/a> ::<\/p>\n<p>:: Einzelne Zeichnungen ::<\/p>\n<h4>Ausstellungen und Multimedia Poetry Performances (Auswahl)<\/h4>\n<p><strong>2015<\/strong><br \/>\nJanuar: Vanitas, Collage mit Text (2014) und \u201eDas dekonstruierte Buch\u201c, Objekt, 2011-2013, bei Prolog \u2013 Heft f\u00fcr Zeichnung und Text, Gruppenausstellung zum Heft X3 in der Galerie Walden \u2013 Kunstausstellungen<br \/>\nDezember: State of Art, Collage mit Text, Triptychon, 2015, bei Prolog \u2013 Heft f\u00fcr Zeichnung und Text, Gruppenausstellung zum Heft X5, Institut f\u00fcr alles M\u00f6gliche<\/p>\n<p><strong>2016<\/strong><br \/>\nJuni: State of Art, Collage mit Text, Triptychon, 2015, bei Paratissima Skopje, Mazedonien \u2013 Kunstmesse, Gruppenausstellung \u2013 Preis der Messe und des Kultur-Caf\u00e9s Concept37 mit Einzelausstellung in Concept37<br \/>\nAugust: State of Art, Collage mit Text, Triptych, 2015, bei Bosh Festival, Gevgelija (Mazedonien)<\/p>\n<p><strong>2017<\/strong><br \/>\nM\u00e4rz: Geschichte der Gegenwart, Zeichnung, 2016, Prolog &#8211; Heft f\u00fcr Text und Zeichnung, <a href=\"https:\/\/prolog-zeichnung-und-text.de\/blog\/2017\/03\/\">Galerie Heike Arndt<\/a>.<br \/>\n<a href=\"https:\/\/www.slovokult-literatur.de\/index.php\/lyrik\/elizabeta-lindner-kostadinovska\/ausstellungen-exhibitions\/solo-exhibition-2017\/\"><strong>Mai: (17.-25.), Einzelausstellung<\/strong>, Concept37, Skopje, Mazedonien<\/a><br \/>\nAugust: Flugzeug-Vogel, Collage mit Gedicht von Boshko Bozadzievski, 2017, f\u00fcr die Ausstellung ihm gewidmet, Bosh Festival, Gevgelija, Mazedonien.<br \/>\nDezember: <a href=\"https:\/\/www.slovokult-literatur.de\/index.php\/lyrik\/elizabeta-lindner-kostadinovska\/kubus-unsre-form\/\">erste Multimedia Poetry Perfomance (text\/vision\/sound), Kubus, unsre Form. traum urban. Inkubus Sukkubus<\/a> &#8211; Premiere zu 10 Jahre Prolog \u2013 Heft f\u00fcr Zeichnung und Text, Galerie F92, Berlin.<\/p>\n<p><strong>2018<\/strong><br \/>\nJuni: Die St\u00f6rung, Collage mit Text, 2018 + Multimedia Poetry Perfomance (Premiere) und gedruckt mit dem Text, im Prolog \u2013 Heft f\u00fcr Zeichnung und Text Nr. X8, <a href=\"https:\/\/prolog-zeichnung-und-text.de\/blog\/2018\/07\/\" target=\"_blank\" rel=\"noopener\">Gruppenausstellung, Kunsthaus Kule, Berlin.<\/a><br \/>\nAugust: Vanitas, Collage mit Text, 2014 + State of Art, Collage mit Text, Triptychon, 2015, MMPPerfomance, SlovoKult :: literARTour<sup>1, <\/sup>Bosh Festival, Gevgelija + Akanthus Galerie, Skopje, Mazedonien.<br \/>\nSeptember: State of Art, Collage mit Text, Triptychon, 2015: <a href=\"https:\/\/perspektive.at\/94-95-state-of-art\/\" target=\"_blank\" rel=\"noopener\">Titelseite der Zeitschrift perspektive 94\/95<\/a><br \/>\nNovember, Die St\u00f6rung, Collage mit Text, 2018 + Multimedia Poetry Perfomance, Flugzeug-Vogel mit Gedicht von B.B., 2017, <a href=\"https:\/\/www.slovokult-literatur.de\/index.php\/slovokult-literartour-2018\/berlin\/galerie-gallery\/\">SlovoKult :: literARTour<sup>1 <\/sup>&#8211; Brotfabrik, Berlin<\/a><\/p>\n<p><strong>2020<\/strong><br \/>\nMai: Love is Punk not Dead, bearbeitete Buchseite in Text\/Zeichnung\/Collage, Diptychon, zweisprachig, 2020, Gruppenausstellung zur Heftrelease von Prolog \u2013 Heft f\u00fcr Zeichnung und Text, <a href=\"https:\/\/prolog-zeichnung-und-text.de\/blog\/2020\/05\/\" target=\"_blank\" rel=\"noopener\">Nr. 20, io lux.<\/a><br \/>\nSeptember: Love is Punk not Dead, bearbeitete Buchseite in Text\/Zeichnung\/Collage, Diptychon, zweisprachig, 2020 + Body Pressure, Collage mit Text, 2017, SlovoKult :: literARTour<sup>2 <\/sup>, Bosh Festival, Gevgelija; Kulturno Informativen Centar, Skopje, Mazedonien<\/p>\n<p>VIDEO :: <strong>Skopje :: 07.09.2020 :: KIC<\/strong><\/p>\n<p><iframe loading=\"lazy\" title=\"SlovoKult literARTour Skopje\" src=\"https:\/\/www.youtube.com\/embed\/vE75GaLhrfk?start=6&amp;feature=oembed\" width=\"640\" height=\"360\" frameborder=\"0\" allowfullscreen=\"allowfullscreen\" data-mce-fragment=\"1\"><\/iframe><\/p>\n<p>Dezember: SlovoKult :: literARTour<sup>2<\/sup>, Ausstellung in Staalplaat, Berlin, + Multimedia Poetry Perfomance zu den Kunstwerken, Stream vom ACUD Thetater, Berlin.<\/p>\n<p><strong>2021<\/strong><br \/>\nM\u00e4rz: Love is Punk, not Dead, SlovoKult :: literARTour<sup>2 <\/sup>, ACUD Theater, Berlin<\/p>\n<p><strong>2022<\/strong><br \/>\nFebruar: Multimedia Poetry Perfomance, Trixxter, Berlin<br \/>\nMai: Poesie des Grauens, bearbeitete Buchseite in Text\/Zeichnung\/Collage, Diptychon, zweisprachig, 2022, NEON KUNST, Berlin.<br \/>\nJuni: Utopie als Teufelswerk, Collage, Zeichnung, Mixed Media, 2022, zu 24 Stunden Neuk\u00f6lln, NEON KUNST, Berlin<br \/>\nPremiere der Multimedia Poetry Perfomance zum Werk Vegvisir, dreisprachig, 2022, zusammen mit Seht Zhan als Wortschmerz \u2021 noisedestotrotz, WestGermany, Berlin.<br \/>\nSeptember: Multimedia Poetry Performance in KOTUR, Skopje<br \/>\nNovember: Multimedia Poetry Performance, viersprachige Polyphonie, mit Seht Zhan (Sound) als Wortschmerz \u2021 noisedestotrotz, Trixxxter, Berlin.<\/p>\n<p><strong>2023<\/strong><br \/>\nFebruar: Vegvisir, bearbeitete Buchseite in Text\/Zeichnung\/Collage, Diptychon, zweisprachig, 2022, Osten \u2013 Biennial of Drawing, Mazedonische Nationalgalerie, Cifte Amam, Skopje.<br \/>\nFebruar-M\u00e4rz: Poesie+Kunstvideos von den Kunstwerken und Videos von MMP Performances wurden auf Poetry Expo 23 von Versopolis pr\u00e4sentiert.<br \/>\nFebruar: Die St\u00f6rung, Collage mit Text, 2018 + MMP Perfomance, NEON KUNST, Berlin<br \/>\nM\u00e4rz: Multimedia Poetry Performance (bilingual polyphony), SlovoKult :: Closer #1, LAIDAK, Berlin<\/p>\n","protected":false},"excerpt":{"rendered":"<p>Elizabeta Kostadinovska :: English (soon)\u00a0:: Exhibitions and Performances :: :: Ausstellungen und Performances :: seit 2013 experimentelle und interdisziplin\u00e4re Kunst :: zwei Kunstserien ::1::\u00a0Volksb\u00fchne ::2::\u00a0Der dekonstruierte Roman: Die Leinwand von Benjamin Stein :: Multimedia Poetry Perfomances in mehrsprachiger Polyphonie :: [&hellip;]<\/p>\n","protected":false},"author":1,"featured_media":6151,"parent":151,"menu_order":0,"comment_status":"closed","ping_status":"closed","template":"","meta":{"footnotes":""},"_links":{"self":[{"href":"https:\/\/www.slovokult-literatur.de\/index.php\/wp-json\/wp\/v2\/pages\/6319"}],"collection":[{"href":"https:\/\/www.slovokult-literatur.de\/index.php\/wp-json\/wp\/v2\/pages"}],"about":[{"href":"https:\/\/www.slovokult-literatur.de\/index.php\/wp-json\/wp\/v2\/types\/page"}],"author":[{"embeddable":true,"href":"https:\/\/www.slovokult-literatur.de\/index.php\/wp-json\/wp\/v2\/users\/1"}],"replies":[{"embeddable":true,"href":"https:\/\/www.slovokult-literatur.de\/index.php\/wp-json\/wp\/v2\/comments?post=6319"}],"version-history":[{"count":14,"href":"https:\/\/www.slovokult-literatur.de\/index.php\/wp-json\/wp\/v2\/pages\/6319\/revisions"}],"predecessor-version":[{"id":7201,"href":"https:\/\/www.slovokult-literatur.de\/index.php\/wp-json\/wp\/v2\/pages\/6319\/revisions\/7201"}],"up":[{"embeddable":true,"href":"https:\/\/www.slovokult-literatur.de\/index.php\/wp-json\/wp\/v2\/pages\/151"}],"wp:featuredmedia":[{"embeddable":true,"href":"https:\/\/www.slovokult-literatur.de\/index.php\/wp-json\/wp\/v2\/media\/6151"}],"wp:attachment":[{"href":"https:\/\/www.slovokult-literatur.de\/index.php\/wp-json\/wp\/v2\/media?parent=6319"}],"curies":[{"name":"wp","href":"https:\/\/api.w.org\/{rel}","templated":true}]}}