{"id":6232,"date":"2023-03-08T05:20:58","date_gmt":"2023-03-08T04:20:58","guid":{"rendered":"https:\/\/www.slovokult-literatur.de\/?page_id=6232"},"modified":"2023-03-08T18:13:48","modified_gmt":"2023-03-08T17:13:48","slug":"1-zum-frauentag","status":"publish","type":"page","link":"https:\/\/www.slovokult-literatur.de\/index.php\/selbstbefragung\/1-zum-frauentag\/","title":{"rendered":"::#1 Zum Frauentag ::"},"content":{"rendered":"<h3>:: <a href=\"https:\/\/www.slovokult-literatur.de\/index.php\/selbstbefragung\/\">Selbstbefragung<\/a> ::<\/h3>\n<p><strong>::#1 Zum Frauentag ::<\/strong><\/p>\n<figure id=\"attachment_427\" aria-describedby=\"caption-attachment-427\" style=\"width: 640px\" class=\"wp-caption alignnone\"><img decoding=\"async\" loading=\"lazy\" class=\"wp-image-427 size-large\" src=\"http:\/\/www.slovokult-literatur.de\/wp-content\/uploads\/2017\/12\/Hekate_Variationen-1024x592.png\" alt=\"Das Bild ist von dem Video f\u00fcr mein Gedicht bzw. die multimediale poetry performance :: Kubus, unsre Form. traum urban. Inkkubus, Sukkubus.\" width=\"640\" height=\"370\" srcset=\"https:\/\/www.slovokult-literatur.de\/wp-content\/uploads\/2017\/12\/Hekate_Variationen-1024x592.png 1024w, https:\/\/www.slovokult-literatur.de\/wp-content\/uploads\/2017\/12\/Hekate_Variationen-300x173.png 300w, https:\/\/www.slovokult-literatur.de\/wp-content\/uploads\/2017\/12\/Hekate_Variationen-768x444.png 768w, https:\/\/www.slovokult-literatur.de\/wp-content\/uploads\/2017\/12\/Hekate_Variationen-400x231.png 400w, https:\/\/www.slovokult-literatur.de\/wp-content\/uploads\/2017\/12\/Hekate_Variationen.png 1256w\" sizes=\"(max-width: 640px) 100vw, 640px\" \/><figcaption id=\"caption-attachment-427\" class=\"wp-caption-text\">Das Bild ist von dem Video f\u00fcr mein Gedicht bzw. die multimediale poetry performance :: <a href=\"https:\/\/www.slovokult-literatur.de\/index.php\/lyrik\/elizabeta-lindner-kostadinovska\/kubus-unsre-form\/\">Kubus, unsre Form. traum urban. Inkkubus, Sukkubus.<\/a><\/figcaption><\/figure>\n<p><strong>08.03.23 :: Berlin, Neuk\u00f6lln ::<\/strong><\/p>\n<p style=\"font-weight: 400;\"><strong>Woran denkst Du an diesem Tag?<\/strong><\/p>\n<p style=\"font-weight: 400;\">Hm, an Rosa Luxemburg und ihren Tod, an Blumen f\u00fcr die Lehrerin und Mamma, an das Frausein in der Kunst+Literatur+Branche. Und daran, dass wir noch weit weg vom Weg zum Frieden sind, weil Frauen, die ein korrektes und gro\u00dfartiges Friedensmanifest angeboten haben, als Hexen dargestellt werden, w\u00e4hrend die \u201egute gr\u00fcne\u201c Hexe, mit Panzern und vieles mehr handelt, nach einem Land, das verw\u00fcstet wird\u2026 samt Menschen, versteht sich.<\/p>\n<p style=\"font-weight: 400;\">Als K\u00fcnstlerin und Frau, die auch als Verlegerin, Redakteurin und k\u00fcnstlerische Leitung\/Kuratorin von SlovoKult aktiv an der Kultur in zwei L\u00e4ndern (Deutschland und Mazedonien) teilnimmt, bin ich sehr oft entt\u00e4uscht worden. Als Frau bin ich oft einem sehr unfreundlichen, misstrauischen, unangenehmen, absch\u00e4tzigen und trotzigen Benehmen ausgesetzt, manche M\u00e4nner (und manche Frauen, aber die M\u00e4nner sind \u00fcberall in Mehrzahl), k\u00f6nnen einfach nicht damit klarkommen, dass manche Frauen mehr als sie k\u00f6nnen, machen und geleistet haben. Sie m\u00f6gen es einfach nicht. Andere ignorieren es, denn der Konformismus und die Leichtigkeit des Aufstiegs der Mittelm\u00e4\u00dfigen, l\u00e4sst manche M\u00e4nner und besonders Frauen, die viel mehr k\u00f6nnen, machen und leisten, die aber ein bisschen anders sind, unbeachtet und unsichtbar bleiben \u2013 blo\u00df nicht anders sein!<\/p>\n<p style=\"font-weight: 400;\"><strong>Empfindet man sie als Hexen? Andersdenkende? Andersseiende in ihrem Ausdruck und ihrem Wesen?<\/strong><\/p>\n<p style=\"font-weight: 400;\">Leider ja. Im Mainstream auf jeden Fall. Dieser Mainstream inklusive Medien machen den selben Fehler immer wieder und immer wieder wundern sie sich dar\u00fcber, den Fehler gemacht zu haben. Der Mainstream \u2013 das sind die Mittelm\u00e4\u00dfigen, die mit ihrer rezyklierten Langeweile und oft auch mit Klugschei\u00dferei, Pathetik usw. nicht nur den Zeitgeist, sondern auch den Geist an sich und die Zukunft vernichten\u2026 Denn durch Ignorieren und herab sch\u00e4tzen seiner besten, tut man ihnen und der Gesellschaft kein Gefallen, ihnen sp\u00e4ter Stra\u00dfen mit ihren Namen zu widmen und hervorragende Neuausgaben von retrospektiven Werken herauszugeben, retrospektive Ausstellungen zu veranstalten, sie zu feiern!!! \u00a0(und dabei eigentlich sich selbst feiert, diese vergessenen \u2013 genau &#8211; absichtlich! &#8211; gro\u00dfartigen Pers\u00f6nlichkeiten \u2013 WIEDERentdeckt zu haben!), und macht dabei auch allerlei Profite und diskutiert endlos und pathetisch \u00fcber diejenigen, die sie mit RECHT beschimpft und abgelehnt haben und jetzt von den Beschimpften und Abgelehnten gefeiert werden. Grabverdrehen auf Hochtouren. Arme tote Genies.<\/p>\n<p><strong>Der Tod ist auch wichtig, arm und vergessen&#8230; aber es gab auch Selbstmord&#8230;<\/strong><\/p>\n<p style=\"font-weight: 400;\">Ja, Sylvia Plath, Virginia Woolf, die anerkannt waren, Elsa von Freytag Loringhoven, die heute noch ignoriert wird&#8230; Ingeborg Bachman, auch anerkannt und erfolgreich, hat sich aber im gewissen Sinne auch umgebracht, um einige zu nennen. Aber leider wurden manche Andersdenkende, sogar die \u00fcber Andersdenkende geschrieben haben, auch umgebracht. Andersdenkende und Andersseiende haben es schwer, als M\u00e4nner auch, aber als Frauen noch mehr, das k\u00f6nnen sie mir glauben. Ich habe es auf eigener Haut erfahren. Man kann mein Werk weiterignorieren, das ist was ich als andersseiende selbst\u00e4ndige (weibliche Person!) Verlegerin, Redakteurin, Festivalleiterin und Kuratorin, als zweisprachige Autorin (also keine deutsche, mazedonische Schriftstellerin &#8211; keine Vertreterin einer Sprache und Nation), interdisziplin\u00e4re und multimedia K\u00fcnstlerin (die keine Schublade findet) eigentlich erwarte. Meine Erwartungen sind sehr runtergesetzt, aber daf\u00fcr muss der mazedonische und der deutsche Mainstream auch seine sp\u00e4teren Erwartungen von meinem Werk runtersetzen: Es wird nicht da sein. Nur das, was im Internet bleibt, das auch die \u00d6ffentlichkeit erbt (hoffentlich bezahlt jemand die Erhaltung).<\/p>\n<p style=\"font-weight: 400;\">Wenn meine Werke w\u00e4hrend ich lebe nicht gut genug sind, dann braucht man sie sp\u00e4ter auch nicht. Man kann sie digital bewundern. Als Frau werde ich mich da durchsetzen.<\/p>\n<p><strong>An was alles denkst du noch?<\/strong><\/p>\n<p>Ich denke auch an all die sch\u00f6nen und wunderbaren Menschen, die ich gerne treffe, sehe, h\u00f6re, spreche, lese, die mir Kraft und Willen und Liebe und Lust zum Leben und weiterzumachen geben. Ich liebe sie. Ich liebe alle Menschen, die sich f\u00fcr Gerechtigkeit, Freiheit, Kritik und Freieden einsetzen&#8230; und Qualit\u00e4t, \u00fcberall, aber besonders in der Kunst und Literatur.<\/p>\n<p><strong>Und noch?<\/strong><\/p>\n<p style=\"font-weight: 400;\">Auch daran denke ich: Meine online-ver\u00f6ffentlichten Werke als Texte, Bilder und Videos der k\u00fcnstlichen Intelligenz zu \u00fcberlassen. Der Mainstream wird sowieso \u00fcberall von ihr weitergesteuert, die nat\u00fcrliche Intelligenz ist schon seit langem im Aussterben, &#8211; Teil der Gr\u00fcnde daf\u00fcr sind in diesem Text kurz dargestellt.<\/p>\n<p style=\"font-weight: 400;\">Und ich beende ihn mit (erg\u00e4nzten) Zeilen aus meinem Gedicht<\/p>\n<p style=\"font-weight: 400;\">:: <a href=\"https:\/\/www.slovokult-literatur.de\/index.php\/lyrik\/elizabeta-lindner-kostadinovska\/gendering-the-german-language\/\"><strong>gendering the german language<\/strong><\/a> ::<\/p>\n<p style=\"font-weight: 400;\">&#8230;<\/p>\n<p style=\"font-weight: 400;\">future is female<\/p>\n<p style=\"font-weight: 400;\">and all in one<\/p>\n<p style=\"font-weight: 400;\">(hopefully) human<\/p>\n<p style=\"font-weight: 400;\">\n","protected":false},"excerpt":{"rendered":"<p>:: Selbstbefragung :: ::#1 Zum Frauentag :: 08.03.23 :: Berlin, Neuk\u00f6lln :: Woran denkst Du an diesem Tag? Hm, an Rosa Luxemburg und ihren Tod, an Blumen f\u00fcr die Lehrerin und Mamma, an das Frausein in der Kunst+Literatur+Branche. Und daran, [&hellip;]<\/p>\n","protected":false},"author":1,"featured_media":427,"parent":6227,"menu_order":0,"comment_status":"closed","ping_status":"closed","template":"","meta":{"footnotes":""},"_links":{"self":[{"href":"https:\/\/www.slovokult-literatur.de\/index.php\/wp-json\/wp\/v2\/pages\/6232"}],"collection":[{"href":"https:\/\/www.slovokult-literatur.de\/index.php\/wp-json\/wp\/v2\/pages"}],"about":[{"href":"https:\/\/www.slovokult-literatur.de\/index.php\/wp-json\/wp\/v2\/types\/page"}],"author":[{"embeddable":true,"href":"https:\/\/www.slovokult-literatur.de\/index.php\/wp-json\/wp\/v2\/users\/1"}],"replies":[{"embeddable":true,"href":"https:\/\/www.slovokult-literatur.de\/index.php\/wp-json\/wp\/v2\/comments?post=6232"}],"version-history":[{"count":18,"href":"https:\/\/www.slovokult-literatur.de\/index.php\/wp-json\/wp\/v2\/pages\/6232\/revisions"}],"predecessor-version":[{"id":6286,"href":"https:\/\/www.slovokult-literatur.de\/index.php\/wp-json\/wp\/v2\/pages\/6232\/revisions\/6286"}],"up":[{"embeddable":true,"href":"https:\/\/www.slovokult-literatur.de\/index.php\/wp-json\/wp\/v2\/pages\/6227"}],"wp:featuredmedia":[{"embeddable":true,"href":"https:\/\/www.slovokult-literatur.de\/index.php\/wp-json\/wp\/v2\/media\/427"}],"wp:attachment":[{"href":"https:\/\/www.slovokult-literatur.de\/index.php\/wp-json\/wp\/v2\/media?parent=6232"}],"curies":[{"name":"wp","href":"https:\/\/api.w.org\/{rel}","templated":true}]}}