{"id":5982,"date":"2022-10-24T16:52:13","date_gmt":"2022-10-24T14:52:13","guid":{"rendered":"https:\/\/www.slovokult-literatur.de\/?page_id=5982"},"modified":"2022-10-24T17:49:43","modified_gmt":"2022-10-24T15:49:43","slug":"57-ron-winkler-ivan-ivanovski","status":"publish","type":"page","link":"https:\/\/www.slovokult-literatur.de\/index.php\/gedicht-und-gebilde-3\/57-ron-winkler-ivan-ivanovski\/","title":{"rendered":":: 57 :: Ron Winkler :: Ivan Ivanovski"},"content":{"rendered":"<h3>:: Gedicht und Gebilde :: 3 ::<\/h3>\n<p><strong><a href=\"https:\/\/www.slovokult-literatur.de\/index.php\/gedicht-und-bild\/\">:: 01-20<\/a> <a href=\"https:\/\/www.slovokult-literatur.de\/index.php\/gedicht-und-bild\/2x20\/\">:: 21-40 ::<\/a> <a href=\"https:\/\/www.slovokult-literatur.de\/index.php\/gedicht-und-gebilde-3\/\">41-60::\u00a0<\/a><\/strong><\/p>\n<h4><strong>:: 57 :: Ron Winkler :: Ivan Ivanovski<\/strong><\/h4>\n<p>&nbsp;<\/p>\n<p><b>alpine St\u00f6rung<\/b><\/p>\n<p>:: <a href=\"http:\/\/www.slovokult.eu\/index.php\/stihotvorba-i-slika\/ron-winkler-ivan-ivanovski\/\" target=\"_blank\" rel=\"noopener\"><strong>\u041c\u0430\u043a\u0435\u0434\u043e\u043d\u0441\u043a\u0438<\/strong><\/a> :: <a href=\"https:\/\/www.slovokult-literatur.de\/index.php\/gedicht-und-gebilde-3\/57-ron-winkler-ivan-ivanovski\/english\/\"><strong>English<\/strong><\/a> ::<\/p>\n<p>&nbsp;<\/p>\n<p>geh durch die Klamm, an der sich auch die Wellen brechen,<\/p>\n<p>hell wie brennendes Magnesium, Sommerscheibenfleisch,<\/p>\n<p>der Einfluss Chinas<\/p>\n<p>schwerwiegend bis in die zu einem L\u00e4cheln ausgeformten Mundwinkel hinein,<\/p>\n<p>die bei Druckverlust beinah der Riffkante<\/p>\n<p>entsprechen<\/p>\n<p><span class=\"Apple-converted-space\">\u00a0 \u2663<\/span><\/p>\n<p>dort, wo das sich einrieselnde Ger\u00f6ll von dir ge\u00e4u\u00dfert zum Geheimnis wird,<\/p>\n<p>zweisam sein wie Crusoe.<\/p>\n<p><span class=\"Apple-converted-space\"> \u00a0 \u2663<\/span><\/p>\n<p>trau deiner Zunge, den Tracheen oberhalb des Gletschers,<\/p>\n<p>damit die Wildtiere sich fr\u00fch in der Saison an dich gew\u00f6hnen k\u00f6nnen.<\/p>\n<p><span class=\"Apple-converted-space\">\u00a0 \u00a0 \u2663<\/span><\/p>\n<p>die Baumst\u00e4mme von etwas wie samtener Biber \u00fcberzogen.<\/p>\n<p>die Baumst\u00e4mme von etwas.<\/p>\n<p><span class=\"Apple-converted-space\">\u00a0 \u2663<\/span><\/p>\n<p>im Tal (als w\u00fcrde ich sie kennen) Besiedelung, die als Tr\u00fcbung stattzufinden scheint.<\/p>\n<p>das muss jetzt schleunigst aus den Tastorganen.<\/p>\n<p><span class=\"Apple-converted-space\"> \u00a0 \u2663<\/span><\/p>\n<p>Libellen, die sich viele H\u00f6henmeter aus der Wahrheit fallen lassen,<\/p>\n<p>die seien deine Innentracht.<\/p>\n<p><span class=\"Apple-converted-space\">\u00a0 \u00a0 \u2663<\/span><\/p>\n<p>oder die Grillen, undurchschimmert von der Stadt.<\/p>\n<p><span class=\"Apple-converted-space\"> \u00a0 \u2663<\/span><\/p>\n<p>wie der Harzduft zirpt, wie eine Felswand ihre Tundra dir entgegenstellt.<\/p>\n<p>der wunderbare Strichcode der Nadeln einer Tanne<\/p>\n<p>(Fichte, Pinie, Kiefer, L\u00e4rche).<\/p>\n<p><span class=\"Apple-converted-space\">\u00a0 \u00a0 \u2663<\/span><\/p>\n<p>so sich im Bachlauf neonikotinoide Sole auch vom Raubtier findet,<\/p>\n<p>studiere mit verschiedenen Wettermirabellen den entstehenden Nebel<\/p>\n<p>und ver\u00fcbe.<\/p>\n<p><span class=\"Apple-converted-space\">\u00a0 \u00a0 \u2663<\/span><\/p>\n<p>leg ein Massiv zur\u00fcck: vermarkte das<\/p>\n<p>als \u201eabzuw\u00e4gen\u201c, Anschubmarginalisierung:<\/p>\n<p>reine Schwerelosigkeit<\/p>\n<p>durch das gesamte Panorama bis zum illuminativen Hospital,<\/p>\n<p>wo dich dein Handeln von Jahrhundertsommerpusteblumenflaum bedeckt<\/p>\n<p>verl\u00e4sst.<\/p>\n<p><span class=\"Apple-converted-space\">\u00a0 \u00a0 \u2663<\/span><\/p>\n<p>dein Kopf in Schlundmor\u00e4ne, Sulzluftkessel, Kletterwattgeschiebe. dein Kopf<\/p>\n<p>in Giftge\u00e4derried. an den Rainen weithin polyethylene G\u00e4rung.<\/p>\n<p>dein Kopf in Ungunstlagenharsch. in Hochwald wie auch Hochasphalt.<\/p>\n<p>dein Kopf in Walmbew\u00f6lkung. Duftbruch. H\u00f6henschmelze.<\/p>\n<p><span class=\"Apple-converted-space\">\u00a0 \u00a0 \u2663<\/span><\/p>\n<p>dein Kopf in \u201esich zerfasern\u201c, sich verlieren als angehaltener Frostraum,<\/p>\n<p>Roadkill, anhaltendes Grollen. nach den Explosionen dein Kopf<\/p>\n<p>in Sonnendomen, in \u201eauf dem Kopf durch Schluchten gehen\u201c,<\/p>\n<p>wo die Sphingen wieder br\u00fcten.<\/p>\n<p><span class=\"Apple-converted-space\">\u00a0 \u00a0 \u2663<\/span><\/p>\n<p>irgendwann meteorologischer Auszehrungsbeginn.<\/p>\n<p>Erholung finden am daf\u00fcr vorgesehenen Tropfen.<span class=\"Apple-converted-space\">\u00a0<\/span><\/p>\n<p>das ist das Quellgebiet, zu dem ich tanze. an dem die Sherpas ziehen,<\/p>\n<p>um Eden zu verstellen. zu betanken.<\/p>\n<p><span class=\"Apple-converted-space\"> \u00a0 \u2663<\/span><\/p>\n<p>drei Pferde ist der Park (die ich mit dir unternehmen mag).<\/p>\n<p>hochgestuft zur Emotion ein Feld von Gro\u00dfschnee \u00fcber Land und Hand gebracht.<\/p>\n<p>stellvertretend f\u00fcr all jene, die das sahen.<\/p>\n<p><span class=\"Apple-converted-space\"> \u00a0 \u2663<\/span><\/p>\n<p>geh durch die Klamm, eine Enklave im extrazellul\u00e4ren Raum,<\/p>\n<p>und schrei. schrei Zeit. schrei die Zeit mit Wald an.<\/p>\n<p><span class=\"Apple-converted-space\">\u00a0 \u00a0 \u2663<\/span><\/p>\n<p>ich bleib. ich bleib begrifflich. ich bleib begrifflich ungebunden.<\/p>\n<p>molekular verfasste Einsamkeit.<\/p>\n<p><span class=\"Apple-converted-space\">\u00a0 \u00a0 \u2663<\/span><\/p>\n<p>verhusche die Orkane, die Kondensstreifen<\/p>\n<p>sind schwarz.<\/p>\n<p>und \u00fcberschlage einige Gedankenfl\u00fcgler<\/p>\n<p>an ihr Inneres, dass sie auf dreiundzwanzig Arten Tier sind.<\/p>\n<p>nimm Horizont auf<\/p>\n<p>dich. und gib den Raben etwas<\/p>\n<p>Kambrium zur\u00fcck.<\/p>\n<p>(und Wirschbewuchs qua der <i>besto\u00dfenen<\/i> Almen des heuer heufarbenen Plateaus.)<\/p>\n<figure id=\"attachment_4585\" aria-describedby=\"caption-attachment-4585\" style=\"width: 483px\" class=\"wp-caption alignnone\"><a href=\"https:\/\/www.slovokult-literatur.de\/wp-content\/uploads\/2020\/11\/Ivan-vanovski-Shivers.png\"><img decoding=\"async\" loading=\"lazy\" class=\"wp-image-4585\" src=\"https:\/\/www.slovokult-literatur.de\/wp-content\/uploads\/2020\/11\/Ivan-vanovski-Shivers.png\" alt=\"\" width=\"483\" height=\"459\" srcset=\"https:\/\/www.slovokult-literatur.de\/wp-content\/uploads\/2020\/11\/Ivan-vanovski-Shivers.png 947w, https:\/\/www.slovokult-literatur.de\/wp-content\/uploads\/2020\/11\/Ivan-vanovski-Shivers-300x285.png 300w, https:\/\/www.slovokult-literatur.de\/wp-content\/uploads\/2020\/11\/Ivan-vanovski-Shivers-768x729.png 768w, https:\/\/www.slovokult-literatur.de\/wp-content\/uploads\/2020\/11\/Ivan-vanovski-Shivers-400x380.png 400w\" sizes=\"(max-width: 483px) 100vw, 483px\" \/><\/a><figcaption id=\"caption-attachment-4585\" class=\"wp-caption-text\">Ivan Ivanovski :: Schauder<\/figcaption><\/figure>\n<p>&nbsp;<\/p>\n<p><span class=\"Apple-converted-space\">\u00a0 \u00a0 \u2663<\/span><\/p>\n<p>wie wollten wir verfahren? Flusslauf, Raureif, gl\u00fchende Schl\u00e4fen?<\/p>\n<p>ich finde es okay, wenn Dinge irgendwann Gebirge werden.<\/p>\n<p>wenn Laub und Fortbewegung ihre Alphabete ganz an dich verlieren.<\/p>\n<p>so dass du sagen kannst, wir haben all die Zeit gedampft daf\u00fcr,<\/p>\n<p>die neu bereitgestellten Brachen abzutupfen.<\/p>\n<p><span class=\"Apple-converted-space\">\u00a0 \u00a0 \u2663<\/span><\/p>\n<p>Sode, Felssturzschimmern, Abgrundstreuung, Tausendsch\u00f6nvergissmeinicht,<\/p>\n<p>die angenehme Wut entlang von Ablenkpflanzen.<\/p>\n<p>Schritt um Schritt das zeitgem\u00e4\u00dfe Leuchten des Zentralgestirns<\/p>\n<p>am Morgen, Ph\u00f6nixmoment wie die sich tief in dir entbl\u00f6\u00dfenden Biotope.<\/p>\n<p><span class=\"Apple-converted-space\">\u00a0 \u00a0 \u2663<\/span><\/p>\n<p>ist die Erde hohl, der Boden? oder ist Magma in den Dingen?<\/p>\n<p>in den vom Wege abgekommenen Eichh\u00f6rnchen?<\/p>\n<p>ist Magma in den Neumondn\u00e4chten, die den Pass umsp\u00fclen?<\/p>\n<p>in den abbl\u00e4tternden Herrgottswinkeln. wohnt den Enzianen solches Magma<\/p>\n<p>inne? den Seilgemeinschaften, die den Rand des vielleicht hohlen Ozeans markieren?<\/p>\n<p><span class=\"Apple-converted-space\">\u00a0\u00a0 \u00a0 \u2663<\/span><\/p>\n<p>es stellte sich so dar, dass jeder Grat wie neu gegossen war.<\/p>\n<p>dass deine Spuren inhumierte Landschaft formten \u2013 Idylle nicht allein f\u00fcr eine<\/p>\n<p>oder einen<\/p>\n<p>um den Gipfel zu erreichen: deine spontane Mutation,<\/p>\n<p>die Blitze auf sich zieht.<\/p>\n<p><span class=\"Apple-converted-space\"> \u00a0 \u2663<\/span><\/p>\n<p>Wasserabzug ist erforderlich, und Teufelskrallen in der Silberb\u00e4umchenniederung,<\/p>\n<p>Kupferteppichpolsterwuchs voll Witwenblumen,<\/p>\n<p>Mannsschild (f\u00fcr die Liebhaber von Trogkultur). die Raukar am Leckwerk,<\/p>\n<p>waren die dir? bildete sich darin deine Sahelzone ab?<\/p>\n<p><span class=\"Apple-converted-space\">\u00a0 \u00a0 \u2663<\/span><\/p>\n<p>die Wiesen waren gewispert: m\u00e4des\u00fc\u00df und \u00fcber viele Jahre sanft verstetigt.<\/p>\n<p>ihnen zugef\u00fcgt ein glei\u00dfendes, ein mehrfach haltbar angekreuztes Zwitschern.<\/p>\n<p>noch \u00fcber ihren den Himmel auslaugenden Fr\u00fcchten der Sendemast<\/p>\n<p>f\u00fcr alle g\u00e4ngigen Delfine. dort kannst du mir die Flossen abtrainieren,<\/p>\n<p>dem Existieren entzogene Wirbels\u00e4uger sichten.<\/p>\n<p><span class=\"Apple-converted-space\"> \u00a0 \u2663<\/span><\/p>\n<p>ich habe das Rezept f\u00fcr diesen neuen glazialen Ortsteil. \u00f6lgetr\u00e4nkt und basisch.<\/p>\n<p>auch er soll in der St\u00f6rung liegen:<\/p>\n<p>unter Schnee der Schriftgr\u00f6\u00dfe vierhundert.<\/p>\n<p>unter s\u00e4mtlichen Erscheinungsformen, seien es kryptogame Femtoorganismen<\/p>\n<p>oder r\u00fcckprimatisierte Lebewesen.<\/p>\n<p>unter Strom, auch Perlmutt. brennend unter deinen Fingern\u00e4geln.<\/p>\n<p>unter denen, denen du dich von unten n\u00e4hern sollst,<\/p>\n<p>gem\u00e4\u00df der Fluchtverordnung.<\/p>\n<p>unter einem Schwall der von dir selbst hervorgehobenen Gel\u00e4nde.<\/p>\n<p>unter allen Zeichen, die wir aufgeworfen haben unter uns,<\/p>\n<p>wie um zu sagen: wir zerlauben uns das nicht.<\/p>\n<p><span class=\"Apple-converted-space\">\u00a0 \u00a0 \u2663<\/span><\/p>\n<p>damit du die Schutzgebiete nicht zertrittst.<\/p>\n<p>mit dem leisen Murren, mit dem sich deine nackten Sohlen in den Treibkies schieben.<\/p>\n<p>den Kies aus allem, was sich dort befindet.<\/p>\n<p>je befunden hat.<\/p>\n<p>&nbsp;<\/p>\n<p>::<\/p>\n<p>Ausschnitt aus dem Langgedicht f\u00fcr das Festival <a href=\"https:\/\/www.slovokult-literatur.de\/index.php\/slovokult-literartour-biennale-for-contemporary-arts\/\"><strong>SlovoKult :: literARTour 2020<\/strong><\/a> in Berlin ::<\/p>\n<p>Teil des Buches :: <b class=\"fs13lh1-5\">Magma in den Dingen. Gedichte. Frankfurt a.M. (Sch\u00f6ffling &amp; Co) 2021.<\/b><\/p>\n<p>&nbsp;<\/p>\n<p>Aufnahme vom Stream :: SlovoKult :: literARTour 2020 ::<\/p>\n<p><iframe loading=\"lazy\" title=\"Ron Winkler :: reading (German) :: 22 12 20 :: soundscapes :: poesi fysik :: ACUD Theater Berlin\" width=\"640\" height=\"360\" src=\"https:\/\/www.youtube.com\/embed\/-lt0xD6gJi0?start=107&#038;feature=oembed\" frameborder=\"0\" allow=\"accelerometer; autoplay; clipboard-write; encrypted-media; gyroscope; picture-in-picture\" allowfullscreen><\/iframe><\/p>\n<p>&nbsp;<\/p>\n","protected":false},"excerpt":{"rendered":"<p>:: Gedicht und Gebilde :: 3 :: :: 01-20 :: 21-40 :: 41-60::\u00a0 :: 57 :: Ron Winkler :: Ivan Ivanovski &nbsp; alpine St\u00f6rung :: \u041c\u0430\u043a\u0435\u0434\u043e\u043d\u0441\u043a\u0438 :: English :: &nbsp; geh durch die Klamm, an der sich auch die Wellen [&hellip;]<\/p>\n","protected":false},"author":1,"featured_media":4585,"parent":3126,"menu_order":0,"comment_status":"closed","ping_status":"closed","template":"","meta":{"footnotes":""},"_links":{"self":[{"href":"https:\/\/www.slovokult-literatur.de\/index.php\/wp-json\/wp\/v2\/pages\/5982"}],"collection":[{"href":"https:\/\/www.slovokult-literatur.de\/index.php\/wp-json\/wp\/v2\/pages"}],"about":[{"href":"https:\/\/www.slovokult-literatur.de\/index.php\/wp-json\/wp\/v2\/types\/page"}],"author":[{"embeddable":true,"href":"https:\/\/www.slovokult-literatur.de\/index.php\/wp-json\/wp\/v2\/users\/1"}],"replies":[{"embeddable":true,"href":"https:\/\/www.slovokult-literatur.de\/index.php\/wp-json\/wp\/v2\/comments?post=5982"}],"version-history":[{"count":13,"href":"https:\/\/www.slovokult-literatur.de\/index.php\/wp-json\/wp\/v2\/pages\/5982\/revisions"}],"predecessor-version":[{"id":5985,"href":"https:\/\/www.slovokult-literatur.de\/index.php\/wp-json\/wp\/v2\/pages\/5982\/revisions\/5985"}],"up":[{"embeddable":true,"href":"https:\/\/www.slovokult-literatur.de\/index.php\/wp-json\/wp\/v2\/pages\/3126"}],"wp:featuredmedia":[{"embeddable":true,"href":"https:\/\/www.slovokult-literatur.de\/index.php\/wp-json\/wp\/v2\/media\/4585"}],"wp:attachment":[{"href":"https:\/\/www.slovokult-literatur.de\/index.php\/wp-json\/wp\/v2\/media?parent=5982"}],"curies":[{"name":"wp","href":"https:\/\/api.w.org\/{rel}","templated":true}]}}