{"id":5740,"date":"2022-03-19T00:04:32","date_gmt":"2022-03-18T23:04:32","guid":{"rendered":"https:\/\/www.slovokult-literatur.de\/?page_id=5740"},"modified":"2022-04-11T20:47:00","modified_gmt":"2022-04-11T18:47:00","slug":"semjon-hanin-sali-ertunc","status":"publish","type":"page","link":"https:\/\/www.slovokult-literatur.de\/index.php\/gedicht-und-gebilde-3\/semjon-hanin-sali-ertunc\/","title":{"rendered":":: Semjon Hanin :: Sali Ertun\u010d"},"content":{"rendered":"<h3>:: Gedicht und Gebilde :: 3 ::<\/h3>\n<p><strong><a href=\"https:\/\/www.slovokult-literatur.de\/index.php\/gedicht-und-bild\/\">:: 01-20<\/a> <a href=\"https:\/\/www.slovokult-literatur.de\/index.php\/gedicht-und-bild\/2x20\/\">:: 21-40 ::<\/a> <a href=\"https:\/\/www.slovokult-literatur.de\/index.php\/gedicht-und-gebilde-3\/\">41-60::\u00a0<\/a><\/strong><\/p>\n<h4>:: 54 :: Semjon Hanin :: Sali Ertun\u010d ::<\/h4>\n<p><a href=\"http:\/\/www.slovokult.eu\/index.php\/stihotvorba-i-slika\/semjon-hanin-sali-ertunc\/\" target=\"_blank\" rel=\"noopener\"><strong>:: \u043c\u0430\u043a\u0435\u0434\u043e\u043d\u0441\u043a\u0438 ::\u00a0\u0440\u0443\u0441\u0441\u043a\u0438\u0439 :: hrvatski ::<\/strong><\/a><\/p>\n<p><strong>:: Deutsch :: English 1+2 :: Latvie\u0161u ::\u00b9<\/strong><\/p>\n<p>+ few words <strong>about <\/strong><\/p>\n<p><strong>the translations <\/strong><\/p>\n<p>:: \u21d3 :: \u21d3\u00a0:: \u21d3 ::<\/p>\n<p>:: <a href=\"https:\/\/www.youtube.com\/watch?v=umOOQRkxGGU\" target=\"_blank\" rel=\"noopener\"><strong>Video<\/strong><\/a> ::<\/p>\n<p>*<\/p>\n<p>warte mal<\/p>\n<p>sie setzt ihn auf den Stuhl<\/p>\n<p>deckt den Tisch auf<\/p>\n<p>etwas ersch\u00f6pft?<\/p>\n<p>hier \u2013 sie r\u00fcckt es heran &#8211;<\/p>\n<p>ein Piedestal<\/p>\n<p>&nbsp;<\/p>\n<p>in der Nachkriegszeit<\/p>\n<p>ganz leer, zerfurcht<\/p>\n<p>stehen Piedestale<\/p>\n<p>&nbsp;<\/p>\n<p>gealtert?<\/p>\n<p>hier f\u00fcr dich \u2013 zum Hinlegen \u2013 ein Postament<\/p>\n<p>und auch noch, speziell f\u00fcr dich &#8211;<\/p>\n<p>eine Pistole<\/p>\n<p>damit du was zum Betropfen der Fahne hast<\/p>\n<p>und danach vielleicht auch der Bettw\u00e4sche<\/p>\n<p>&nbsp;<\/p>\n<p>warum bist du ergraut?<\/p>\n<p>warum hast du aufgeh\u00f6rt?<\/p>\n<p>in unseren<\/p>\n<p>so schwierigen Zeiten<\/p>\n<p>&nbsp;<\/p>\n<p>sanft<\/p>\n<p>sanft wie ein Pyjama<\/p>\n<p>umarmt sie ihn<\/p>\n<p>die Schere nicht loslassend<\/p>\n<p>dr\u00fcckt sie ihn an sich<\/p>\n<p><em>:: Aus dem Russischen von :: <strong>Elizabeta Lindner<\/strong><\/em><\/p>\n<p>&nbsp;<\/p>\n<p>:: <strong>Sali Ertun\u010d<\/strong> :: The girl with the anarchist earrings + Power abuse, 2019<\/p>\n<p><a href=\"https:\/\/www.slovokult-literatur.de\/wp-content\/uploads\/2022\/03\/Pearl.png\"><img decoding=\"async\" loading=\"lazy\" class=\"alignnone wp-image-5742 \" src=\"https:\/\/www.slovokult-literatur.de\/wp-content\/uploads\/2022\/03\/Pearl-150x300.png\" alt=\"\" width=\"218\" height=\"436\" srcset=\"https:\/\/www.slovokult-literatur.de\/wp-content\/uploads\/2022\/03\/Pearl-150x300.png 150w, https:\/\/www.slovokult-literatur.de\/wp-content\/uploads\/2022\/03\/Pearl-768x1531.png 768w, https:\/\/www.slovokult-literatur.de\/wp-content\/uploads\/2022\/03\/Pearl-770x1536.png 770w, https:\/\/www.slovokult-literatur.de\/wp-content\/uploads\/2022\/03\/Pearl-1027x2048.png 1027w, https:\/\/www.slovokult-literatur.de\/wp-content\/uploads\/2022\/03\/Pearl-400x798.png 400w, https:\/\/www.slovokult-literatur.de\/wp-content\/uploads\/2022\/03\/Pearl-600x1196.png 600w, https:\/\/www.slovokult-literatur.de\/wp-content\/uploads\/2022\/03\/Pearl.png 1950w\" sizes=\"(max-width: 218px) 100vw, 218px\" \/><\/a> <a href=\"https:\/\/www.slovokult-literatur.de\/wp-content\/uploads\/2022\/03\/Negative.png\"><img decoding=\"async\" loading=\"lazy\" class=\"alignnone wp-image-5750 \" src=\"https:\/\/www.slovokult-literatur.de\/wp-content\/uploads\/2022\/03\/Negative-148x300.png\" alt=\"\" width=\"212\" height=\"430\" srcset=\"https:\/\/www.slovokult-literatur.de\/wp-content\/uploads\/2022\/03\/Negative-148x300.png 148w, https:\/\/www.slovokult-literatur.de\/wp-content\/uploads\/2022\/03\/Negative-504x1024.png 504w, https:\/\/www.slovokult-literatur.de\/wp-content\/uploads\/2022\/03\/Negative-768x1560.png 768w, https:\/\/www.slovokult-literatur.de\/wp-content\/uploads\/2022\/03\/Negative-756x1536.png 756w, https:\/\/www.slovokult-literatur.de\/wp-content\/uploads\/2022\/03\/Negative-1008x2048.png 1008w, https:\/\/www.slovokult-literatur.de\/wp-content\/uploads\/2022\/03\/Negative-400x812.png 400w, https:\/\/www.slovokult-literatur.de\/wp-content\/uploads\/2022\/03\/Negative-600x1219.png 600w, https:\/\/www.slovokult-literatur.de\/wp-content\/uploads\/2022\/03\/Negative.png 1477w\" sizes=\"(max-width: 212px) 100vw, 212px\" \/><\/a><\/p>\n<p><em>*<\/em><\/p>\n<p>hold on,<\/p>\n<p>she sat me down<\/p>\n<p>set the table<\/p>\n<p>are you all set?<\/p>\n<p>you look droopy \u2013 just a moment<\/p>\n<p>she drew up a monument<\/p>\n<p>closer to me<\/p>\n<p>&nbsp;<\/p>\n<p>in the postbellum period<\/p>\n<p>with holes in their bellies and bases<\/p>\n<p>the pedestals stand<\/p>\n<p>&nbsp;<\/p>\n<p>you look ancient<\/p>\n<p>here is a mounting for you to lie down<\/p>\n<p>here, as well, just for you &#8211;<\/p>\n<p>a parabellum<\/p>\n<p>you can sprinkle some on the banner<\/p>\n<p>the bedding might come later<\/p>\n<p>&nbsp;<\/p>\n<p>why do you look poorly?<\/p>\n<p>are you really spent?<\/p>\n<p>now<\/p>\n<p>in this difficult period<\/p>\n<p>&nbsp;<\/p>\n<p>tender<\/p>\n<p>delicate as a dressing gown<\/p>\n<p>she squeezed me tight<\/p>\n<p>scissors in hand<\/p>\n<p>and pulled me down<\/p>\n<p><em>:: Translated by :: <strong>Anton Tenser<\/strong><\/em><\/p>\n<p>:::::::::::::::::::<\/p>\n<p>&nbsp;<\/p>\n<p>wait a minute<\/p>\n<p>puts him on the chair<\/p>\n<p>sets the table<\/p>\n<p>a bit spent?<\/p>\n<p>here &#8211; she pulls it closer &#8211;<\/p>\n<p>a pedestal<\/p>\n<p>&nbsp;<\/p>\n<p>in the post-war period<\/p>\n<p>completely empty, rutted<\/p>\n<p>stand piedestals<\/p>\n<p>&nbsp;<\/p>\n<p>you&#8217;ve aged?<\/p>\n<p>here for you &#8211; to lie down &#8211; a pedestal<\/p>\n<p>and also, especially for you &#8211;<\/p>\n<p>a pistol<\/p>\n<p>so that you have something to drop on the flag<\/p>\n<p>and after that maybe also the bedclothes<\/p>\n<p>&nbsp;<\/p>\n<p>why did you turn grey?<\/p>\n<p>why did you stop?<\/p>\n<p>in our<\/p>\n<p>so difficult times<\/p>\n<p>&nbsp;<\/p>\n<p>gentle<\/p>\n<p>gentle as pajamas<\/p>\n<p>she embraces him<\/p>\n<p>not letting go of the scissors<\/p>\n<p>presses him against herself<\/p>\n<p>:: Translated by ::\u00a0<em>(leaning on the Macedonian and German translation)<\/em>::<\/p>\n<p><em><strong>Elizabeta Lindner<\/strong><\/em><\/p>\n<p>with a little help from DeepL.<\/p>\n<p>::::::::::::::::::<\/p>\n<p><strong>Semjons Hanins<\/strong><\/p>\n<p>*<\/p>\n<p>pagaidi<\/p>\n<p>aps\u0113din\u0101ja uz kr\u0113sla<\/p>\n<p>uzkl\u0101ja galdu<\/p>\n<p>noguri?<\/p>\n<p>l\u016bk, tev \u2014 piest\u016bma \u2014<\/p>\n<p>pjedest\u0101ls<\/p>\n<p>&nbsp;<\/p>\n<p>p\u0113ckara laikos<\/p>\n<p>gal\u012bgi tuk\u0161i, robaini<\/p>\n<p>pjedest\u0101li st\u0101v<\/p>\n<p>&nbsp;<\/p>\n<p>paliec vec\u0101ks?<\/p>\n<p>l\u016bk, tev, ko atlaisties \u2014 postaments<\/p>\n<p>un kl\u0101t tie\u0161i tev \u2014<\/p>\n<p>pistole<\/p>\n<p>lai b\u016btu, ar ko pilin\u0101t karog\u0101<\/p>\n<p>un tad varb\u016bt ar\u012b gulta<\/p>\n<p>&nbsp;<\/p>\n<p>ko t\u0101ds pel\u0113ks?<\/p>\n<p>ko apst\u0101jies?<\/p>\n<p>m\u016bsu,<\/p>\n<p>k\u0101 saka, gr\u016btajos laikos<\/p>\n<p>&nbsp;<\/p>\n<p>maiga<\/p>\n<p>maiga k\u0101 pid\u017eama<\/p>\n<p>vi\u0146a tevi apsk\u0101va<\/p>\n<p>un piespieda sev kl\u0101t<\/p>\n<p>\u0161\u0137\u0113res neizlai\u017eot no rok\u0101m<\/p>\n<p>::\u00a0<i><span lang=\"LV\">Atdz. ::\u00a0<\/span><\/i><em><strong>Marts Puj\u0101ts ::\u00a0<\/strong><\/em><\/p>\n<p>&nbsp;<\/p>\n<p>::1::\u00a0Few words about the translations:<\/p>\n<p style=\"font-weight: 400;\">for the translations in the video, we chose the person HE \/ third person sg. But there is a possibility to take YOU \/ second person sg. You will find a German translation in that version made by Anja Utler, printed in the poetry book by Semjon Hanin in German, published 2021 by Edition Korrespondenzen &#8211; \u00a0we will publish it soon and provide you information about the book.<\/p>\n<p><iframe loading=\"lazy\" title=\"SlovoKult 2022 :: Poem: Semjon Hanin :: Artworks: Sali Ertunc :: Sound: Bakakuri ::\" width=\"640\" height=\"360\" src=\"https:\/\/www.youtube.com\/embed\/umOOQRkxGGU?feature=oembed\" frameborder=\"0\" allow=\"accelerometer; autoplay; clipboard-write; encrypted-media; gyroscope; picture-in-picture\" allowfullscreen><\/iframe><\/p>\n","protected":false},"excerpt":{"rendered":"<p>:: Gedicht und Gebilde :: 3 :: :: 01-20 :: 21-40 :: 41-60::\u00a0 :: 54 :: Semjon Hanin :: Sali Ertun\u010d :: :: \u043c\u0430\u043a\u0435\u0434\u043e\u043d\u0441\u043a\u0438 ::\u00a0\u0440\u0443\u0441\u0441\u043a\u0438\u0439 :: hrvatski :: :: Deutsch :: English 1+2 :: Latvie\u0161u ::\u00b9 + few words about [&hellip;]<\/p>\n","protected":false},"author":1,"featured_media":5742,"parent":3126,"menu_order":0,"comment_status":"closed","ping_status":"closed","template":"","meta":{"footnotes":""},"_links":{"self":[{"href":"https:\/\/www.slovokult-literatur.de\/index.php\/wp-json\/wp\/v2\/pages\/5740"}],"collection":[{"href":"https:\/\/www.slovokult-literatur.de\/index.php\/wp-json\/wp\/v2\/pages"}],"about":[{"href":"https:\/\/www.slovokult-literatur.de\/index.php\/wp-json\/wp\/v2\/types\/page"}],"author":[{"embeddable":true,"href":"https:\/\/www.slovokult-literatur.de\/index.php\/wp-json\/wp\/v2\/users\/1"}],"replies":[{"embeddable":true,"href":"https:\/\/www.slovokult-literatur.de\/index.php\/wp-json\/wp\/v2\/comments?post=5740"}],"version-history":[{"count":35,"href":"https:\/\/www.slovokult-literatur.de\/index.php\/wp-json\/wp\/v2\/pages\/5740\/revisions"}],"predecessor-version":[{"id":5797,"href":"https:\/\/www.slovokult-literatur.de\/index.php\/wp-json\/wp\/v2\/pages\/5740\/revisions\/5797"}],"up":[{"embeddable":true,"href":"https:\/\/www.slovokult-literatur.de\/index.php\/wp-json\/wp\/v2\/pages\/3126"}],"wp:featuredmedia":[{"embeddable":true,"href":"https:\/\/www.slovokult-literatur.de\/index.php\/wp-json\/wp\/v2\/media\/5742"}],"wp:attachment":[{"href":"https:\/\/www.slovokult-literatur.de\/index.php\/wp-json\/wp\/v2\/media?parent=5740"}],"curies":[{"name":"wp","href":"https:\/\/api.w.org\/{rel}","templated":true}]}}