{"id":5548,"date":"2021-10-18T00:08:12","date_gmt":"2021-10-17T22:08:12","guid":{"rendered":"https:\/\/www.slovokult-literatur.de\/?page_id=5548"},"modified":"2021-10-20T01:56:48","modified_gmt":"2021-10-19T23:56:48","slug":"1-dijana-tomik-katica-kjulavkova","status":"publish","type":"page","link":"https:\/\/www.slovokult-literatur.de\/index.php\/geist-spirit-duh\/1-dijana-tomik-katica-kjulavkova\/","title":{"rendered":"::01:: Dijana Tomik :: Katica Kjulavkova"},"content":{"rendered":"<div title=\"Page 1\"><a href=\"https:\/\/www.slovokult-literatur.de\/index.php\/geist-spirit-duh\/\"><strong>Geist :: Zeitgeist :: Gespenst :: Spirit :: Ghost :: Mind :: \u0414\u0443\u0445 :: \u0414\u0443\u0445 \u043d\u0430 \u0432\u0440\u0435\u043c\u0435\u0442\u043e :: \u0421\u0435\u043d\u0438\u0448\u0442\u0435 ::<\/strong><\/a><\/div>\n<div title=\"Page 1\"><\/div>\n<h4><\/h4>\n<h4 title=\"Page 1\"><strong>::01::<\/strong><\/h4>\n<div title=\"Page 1\">\n<h4>Dijana Tomik Radevska ::<\/h4>\n<p><strong>Spirale + Aufgel\u00f6ste Spirale, 2021<\/strong><\/p>\n<p>(Objekt, Papier und Tuschzeichnung)<\/p>\n<\/div>\n<div class=\"page\" title=\"Page 1\">\n<p><a href=\"https:\/\/www.slovokult-literatur.de\/wp-content\/uploads\/2021\/10\/Spiral-an-object-paper-and-ink-drawing-scaled.jpg\"><img decoding=\"async\" loading=\"lazy\" class=\"alignnone wp-image-5580 size-medium\" src=\"https:\/\/www.slovokult-literatur.de\/wp-content\/uploads\/2021\/10\/Spiral-an-object-paper-and-ink-drawing-205x300.jpg\" alt=\"\" width=\"205\" height=\"300\" srcset=\"https:\/\/www.slovokult-literatur.de\/wp-content\/uploads\/2021\/10\/Spiral-an-object-paper-and-ink-drawing-205x300.jpg 205w, https:\/\/www.slovokult-literatur.de\/wp-content\/uploads\/2021\/10\/Spiral-an-object-paper-and-ink-drawing-698x1024.jpg 698w, https:\/\/www.slovokult-literatur.de\/wp-content\/uploads\/2021\/10\/Spiral-an-object-paper-and-ink-drawing-768x1127.jpg 768w, https:\/\/www.slovokult-literatur.de\/wp-content\/uploads\/2021\/10\/Spiral-an-object-paper-and-ink-drawing-1047x1536.jpg 1047w, https:\/\/www.slovokult-literatur.de\/wp-content\/uploads\/2021\/10\/Spiral-an-object-paper-and-ink-drawing-1396x2048.jpg 1396w, https:\/\/www.slovokult-literatur.de\/wp-content\/uploads\/2021\/10\/Spiral-an-object-paper-and-ink-drawing-400x587.jpg 400w, https:\/\/www.slovokult-literatur.de\/wp-content\/uploads\/2021\/10\/Spiral-an-object-paper-and-ink-drawing-600x880.jpg 600w, https:\/\/www.slovokult-literatur.de\/wp-content\/uploads\/2021\/10\/Spiral-an-object-paper-and-ink-drawing-scaled.jpg 1745w\" sizes=\"(max-width: 205px) 100vw, 205px\" \/><\/a> <a href=\"https:\/\/www.slovokult-literatur.de\/wp-content\/uploads\/2021\/10\/Dijana-Tomik-Dispersed-spiral-scaled.jpg\"><img decoding=\"async\" loading=\"lazy\" class=\"alignnone wp-image-5581 size-medium\" src=\"https:\/\/www.slovokult-literatur.de\/wp-content\/uploads\/2021\/10\/Dijana-Tomik-Dispersed-spiral-180x300.jpg\" alt=\"\" width=\"180\" height=\"300\" srcset=\"https:\/\/www.slovokult-literatur.de\/wp-content\/uploads\/2021\/10\/Dijana-Tomik-Dispersed-spiral-180x300.jpg 180w, https:\/\/www.slovokult-literatur.de\/wp-content\/uploads\/2021\/10\/Dijana-Tomik-Dispersed-spiral-615x1024.jpg 615w, https:\/\/www.slovokult-literatur.de\/wp-content\/uploads\/2021\/10\/Dijana-Tomik-Dispersed-spiral-768x1278.jpg 768w, https:\/\/www.slovokult-literatur.de\/wp-content\/uploads\/2021\/10\/Dijana-Tomik-Dispersed-spiral-923x1536.jpg 923w, https:\/\/www.slovokult-literatur.de\/wp-content\/uploads\/2021\/10\/Dijana-Tomik-Dispersed-spiral-1230x2048.jpg 1230w, https:\/\/www.slovokult-literatur.de\/wp-content\/uploads\/2021\/10\/Dijana-Tomik-Dispersed-spiral-400x666.jpg 400w, https:\/\/www.slovokult-literatur.de\/wp-content\/uploads\/2021\/10\/Dijana-Tomik-Dispersed-spiral-600x999.jpg 600w, https:\/\/www.slovokult-literatur.de\/wp-content\/uploads\/2021\/10\/Dijana-Tomik-Dispersed-spiral-scaled.jpg 1538w\" sizes=\"(max-width: 180px) 100vw, 180px\" \/><\/a><\/p>\n<div class=\"layoutArea\">\n<div class=\"column\">\n<h4>Katica Kjulavkova<\/h4>\n<p><strong>#DerHeiligeGeist<\/strong><\/p>\n<p>:: <strong><a href=\"https:\/\/www.slovokult-literatur.de\/index.php\/geist-spirit-duh\/1-dijana-tomik-katica-kjulavkova\/01-english\/\">English<\/a> <\/strong>:: <a href=\"http:\/\/www.slovokult.eu\/index.php\/geist-spirit-duh\/01-dijana-tomik-radevska-katica-kjulavkova\/\" target=\"_blank\" rel=\"noopener\"><strong>\u041c\u0430\u043a\u0435\u0434\u043e\u043d\u0441\u043a\u0438<\/strong><\/a> ::<\/p>\n<p>Wenn mich eine Schw\u00e4rmerei bis zu Tr\u00e4nen r\u00fchrt<br \/>\nUnd in mir ein Antrieb zum Singen und Besingen aufsteigt<br \/>\n<em>Du bist dort, du bist da<\/em><\/p>\n<p>Wenn der Duft von Linde, Akazie und Flieder<br \/>\nDie Stadt \u00fcberflutet<br \/>\nUnd es mich an Holunder und Wunderbaum erinnert<br \/>\nUnd es mich zur\u00fcck Daheim, in die Kindheit bringt<br \/>\n<em>Du bist dort, du bist da<\/em><\/p>\n<p>Wenn der erste Sonnenstrahl mich aufweckt<br \/>\nUnd der letzte mich beruhigt<br \/>\nBevor die Luna aufgeht, weder im Himmel noch auf Erden<br \/>\n<em>Du bist dort, du bist da<\/em><\/p>\n<p>Wenn der Boden mich hinunterzieht<br \/>\nZu den Tiefen des Meeres<br \/>\nIns Haus der Angst, voll mit sch\u00f6nen Wundern<br \/>\n<em>Du bist dort, du bist da<\/em><\/p>\n<p>Wenn mich ein stechender Schmerz erschreckt<br \/>\naus Worten und ma\u00dfloser Trauer mit Beigabe von Verzweiflung eines typischen Makedonopathen<br \/>\n<em>Du bist dort, du bist da<\/em><\/p>\n<p>Wenn ich mitten im Leben zu beten beginne<br \/>\nUnd mein Glaube zur\u00fcckkehrt, ohne dass ich merke wann<br \/>\n<em>Du bist dort, du bist da<\/em><\/p>\n<p>Wenn der Unterschied<br \/>\nzwischen Anfang und Ende<br \/>\nzwischen Leben und Tod verloren geht<br \/>\n<em>Du bist dort, du bist da<\/em><\/p>\n<p>Wenn zwei Ozeane nebeneinander existieren<br \/>\nOhne sich ineinander zu ergiessen<br \/>\nOhne die Grenze zu verwischen<br \/>\nJene Linie der Freiheit<br \/>\nzusammen zu sein, dennoch einzeln<br \/>\n<em>Du bist dort, du bist da<\/em><\/p>\n<p>Ein R\u00e4tsel ohne L\u00f6sung<br \/>\nDu leuchtest auf wie ein Lichtstrahl, leise aber klar<br \/>\nvollkommen, aber nicht vollendet<br \/>\n<em>Du bist Hin, du bist Hier<\/em><br \/>\nSo nichthiesig, so hiesig!<\/p>\n<p>&nbsp;<\/p>\n<p>Aus dem Mazedonischen von :: <strong>Elizabeta Lindner<\/strong><\/p>\n<\/div>\n<\/div>\n<\/div>\n","protected":false},"excerpt":{"rendered":"<p>Geist :: Zeitgeist :: Gespenst :: Spirit :: Ghost :: Mind :: \u0414\u0443\u0445 :: \u0414\u0443\u0445 \u043d\u0430 \u0432\u0440\u0435\u043c\u0435\u0442\u043e :: \u0421\u0435\u043d\u0438\u0448\u0442\u0435 :: ::01:: Dijana Tomik Radevska :: Spirale + Aufgel\u00f6ste Spirale, 2021 (Objekt, Papier und Tuschzeichnung) Katica Kjulavkova #DerHeiligeGeist :: English :: [&hellip;]<\/p>\n","protected":false},"author":1,"featured_media":5580,"parent":5099,"menu_order":0,"comment_status":"closed","ping_status":"closed","template":"","meta":{"footnotes":""},"_links":{"self":[{"href":"https:\/\/www.slovokult-literatur.de\/index.php\/wp-json\/wp\/v2\/pages\/5548"}],"collection":[{"href":"https:\/\/www.slovokult-literatur.de\/index.php\/wp-json\/wp\/v2\/pages"}],"about":[{"href":"https:\/\/www.slovokult-literatur.de\/index.php\/wp-json\/wp\/v2\/types\/page"}],"author":[{"embeddable":true,"href":"https:\/\/www.slovokult-literatur.de\/index.php\/wp-json\/wp\/v2\/users\/1"}],"replies":[{"embeddable":true,"href":"https:\/\/www.slovokult-literatur.de\/index.php\/wp-json\/wp\/v2\/comments?post=5548"}],"version-history":[{"count":22,"href":"https:\/\/www.slovokult-literatur.de\/index.php\/wp-json\/wp\/v2\/pages\/5548\/revisions"}],"predecessor-version":[{"id":5579,"href":"https:\/\/www.slovokult-literatur.de\/index.php\/wp-json\/wp\/v2\/pages\/5548\/revisions\/5579"}],"up":[{"embeddable":true,"href":"https:\/\/www.slovokult-literatur.de\/index.php\/wp-json\/wp\/v2\/pages\/5099"}],"wp:featuredmedia":[{"embeddable":true,"href":"https:\/\/www.slovokult-literatur.de\/index.php\/wp-json\/wp\/v2\/media\/5580"}],"wp:attachment":[{"href":"https:\/\/www.slovokult-literatur.de\/index.php\/wp-json\/wp\/v2\/media?parent=5548"}],"curies":[{"name":"wp","href":"https:\/\/api.w.org\/{rel}","templated":true}]}}