{"id":5533,"date":"2021-08-21T14:07:28","date_gmt":"2021-08-21T12:07:28","guid":{"rendered":"https:\/\/www.slovokult-literatur.de\/?page_id=5533"},"modified":"2023-04-09T03:02:55","modified_gmt":"2023-04-09T01:02:55","slug":"publications-in-anthologies-magazines-etc","status":"publish","type":"page","link":"https:\/\/www.slovokult-literatur.de\/index.php\/lyrik\/elizabeta-lindner-kostadinovska\/publications-in-anthologies-magazines-etc\/","title":{"rendered":":: Publications :: in magazines etc."},"content":{"rendered":"<h5>Publikationen in Zeitschriften usw. :: Publications in magazines etc.<\/h5>\n<p>Neueste :: Latest ::<\/p>\n<p><strong>12.12.22<\/strong><\/p>\n<p><strong><em>English below<\/em><\/strong><\/p>\n<p><a href=\"https:\/\/www.slovokult-literatur.de\/wp-content\/uploads\/2022\/12\/IMG_1816.jpg\"><img decoding=\"async\" loading=\"lazy\" class=\"wp-image-6110 size-medium alignleft\" src=\"https:\/\/www.slovokult-literatur.de\/wp-content\/uploads\/2022\/12\/IMG_1816-219x300.jpg\" sizes=\"(max-width: 219px) 100vw, 219px\" srcset=\"https:\/\/www.slovokult-literatur.de\/wp-content\/uploads\/2022\/12\/IMG_1816-219x300.jpg 219w, https:\/\/www.slovokult-literatur.de\/wp-content\/uploads\/2022\/12\/IMG_1816-747x1024.jpg 747w, https:\/\/www.slovokult-literatur.de\/wp-content\/uploads\/2022\/12\/IMG_1816-768x1053.jpg 768w, https:\/\/www.slovokult-literatur.de\/wp-content\/uploads\/2022\/12\/IMG_1816-1121x1536.jpg 1121w, https:\/\/www.slovokult-literatur.de\/wp-content\/uploads\/2022\/12\/IMG_1816-400x548.jpg 400w, https:\/\/www.slovokult-literatur.de\/wp-content\/uploads\/2022\/12\/IMG_1816-600x822.jpg 600w, https:\/\/www.slovokult-literatur.de\/wp-content\/uploads\/2022\/12\/IMG_1816.jpg 1494w\" alt=\"\" width=\"219\" height=\"300\" \/><\/a><\/p>\n<p><strong>:: TEXTE in Magazinen und Anthologien ::<\/strong><\/p>\n<p>Im Jahrbuch des <strong><a href=\"https:\/\/www.ventspilshouse.lv\" target=\"_blank\" rel=\"noopener\">Ventspils Houses,<\/a><\/strong>\u00a0des internationalen \u00dcbersetzer- und Schriftstellerhaus\u2018 in Ventspils, Lettland, finden Sie neben vielen gro\u00dfartigen Texten und \u00dcbersetzungen auch mazedonische und deutsche \u00dcbersetzungen von <strong>E. Lindner<\/strong> einiger Gedichte von K<strong>rista Ana Bel\u0161evica, Edvins Raups und Semjon Khanin.<\/strong><\/p>\n<p>Drei Gedichte (eins auch im Original deutsch und ins seine mazedonische \u00dcbersetzung, sowie) in \u00dcbersetzung aus dem Deutschen ins Lettische :: von <strong>Krista Anna Bel\u0161evica<\/strong><br \/>\n:: <a href=\"https:\/\/vimeo.com\/280173493\" target=\"_blank\" rel=\"noopener\"><strong>Liebe. Elementar. I. Wasser<\/strong><\/a><br \/>\n:: <strong>Das Wort und die Welt<\/strong><br \/>\n:: <strong>Tr\u00e4umer und Getr\u00e4umte<\/strong><br \/>\n:: die Gedichte sind in ihrem zweisprachigen Buch der Poesie und Kunst + einige englische \u00dcbersetzungen ver\u00f6ffentlicht :: <a href=\"https:\/\/www.slovokult-literatur.de\/index.php\/produkt\/elizabeta-kostadinovska-lyrik-kunst\/\"><strong>Zweiz\u00e4hlig zu Beuch bei dem endlosen Abgrund<\/strong><\/a> ::<\/p>\n<p>&nbsp;<\/p>\n<p><strong><img decoding=\"async\" loading=\"lazy\" class=\"size-medium wp-image-6123 alignleft\" src=\"https:\/\/www.slovokult-literatur.de\/wp-content\/uploads\/2022\/12\/Ventspils-publication-300x225.jpg\" sizes=\"(max-width: 300px) 100vw, 300px\" srcset=\"https:\/\/www.slovokult-literatur.de\/wp-content\/uploads\/2022\/12\/Ventspils-publication-300x225.jpg 300w, https:\/\/www.slovokult-literatur.de\/wp-content\/uploads\/2022\/12\/Ventspils-publication-1024x768.jpg 1024w, https:\/\/www.slovokult-literatur.de\/wp-content\/uploads\/2022\/12\/Ventspils-publication-768x576.jpg 768w, https:\/\/www.slovokult-literatur.de\/wp-content\/uploads\/2022\/12\/Ventspils-publication-1536x1152.jpg 1536w, https:\/\/www.slovokult-literatur.de\/wp-content\/uploads\/2022\/12\/Ventspils-publication-400x300.jpg 400w, https:\/\/www.slovokult-literatur.de\/wp-content\/uploads\/2022\/12\/Ventspils-publication-600x450.jpg 600w, https:\/\/www.slovokult-literatur.de\/wp-content\/uploads\/2022\/12\/Ventspils-publication.jpg 2048w\" alt=\"\" width=\"300\" height=\"225\" \/>:: TEXTS in magazines and anthologies ::<\/strong><\/p>\n<p>In the yearbook of <strong><a href=\"https:\/\/www.ventspilshouse.lv\" target=\"_blank\" rel=\"noopener\">Ventspils House<\/a>,<\/strong> the international translators\u2018 and writers\u2018 house in Ventspils, Latvia, you can find Macedonian and German translations by <strong>E. Lindner<\/strong> of some poems by <strong>Krista Ana Bel\u0161evica, Edvins Raups and Semyon Chanin<\/strong>, among many great texts and translations.<\/p>\n<p>Three poems (one also in the original German and into Macedonian) in translation from German into Latvian :: by <strong>Krista Anna Bel\u0161evica<\/strong><br \/>\n:: <strong><a href=\"https:\/\/vimeo.com\/280173493\">Love. Elementary. I. Water<\/a> (German, video at vimeo)<\/strong><br \/>\n:: <strong>The word and the world<\/strong><br \/>\n:: <strong>Dreamers and dreamed<\/strong><br \/>\n:: the poems are published in her bilingual book of poetry and art + some English translations :: <strong>Dual-counted visit at the endless abyss ::<\/strong> (soon english translation as a Zine will be available)<\/p>\n<p><strong>21.12.22<\/strong><\/p>\n<p><a href=\"https:\/\/www.ceatl.eu\/wp-content\/uploads\/2022\/12\/Counterpoint_2022_08.pdf\" target=\"_blank\" rel=\"noopener\"><img decoding=\"async\" loading=\"lazy\" class=\"alignleft wp-image-6091 size-medium\" src=\"https:\/\/www.slovokult-literatur.de\/wp-content\/uploads\/2022\/12\/FB-counterpoint-300x147.png\" sizes=\"(max-width: 300px) 100vw, 300px\" srcset=\"https:\/\/www.slovokult-literatur.de\/wp-content\/uploads\/2022\/12\/FB-counterpoint-300x147.png 300w, https:\/\/www.slovokult-literatur.de\/wp-content\/uploads\/2022\/12\/FB-counterpoint-1024x502.png 1024w, https:\/\/www.slovokult-literatur.de\/wp-content\/uploads\/2022\/12\/FB-counterpoint-768x376.png 768w, https:\/\/www.slovokult-literatur.de\/wp-content\/uploads\/2022\/12\/FB-counterpoint-400x196.png 400w, https:\/\/www.slovokult-literatur.de\/wp-content\/uploads\/2022\/12\/FB-counterpoint-600x294.png 600w, https:\/\/www.slovokult-literatur.de\/wp-content\/uploads\/2022\/12\/FB-counterpoint.png 1404w\" alt=\"\" width=\"300\" height=\"147\" \/><\/a>In the new issue of <a href=\"https:\/\/www.ceatl.eu\/wp-content\/uploads\/2022\/12\/Counterpoint_2022_08.pdf\"><strong>Counterpoint 8<\/strong><\/a> :: the CEATL\u2019European translator\u2019s e-zine,\u00a0on pages 30-33 you will find a text by <a href=\"https:\/\/www.slovokult-literatur.de\/index.php\/lyrik\/elizabeta-lindner-kostadinovska\/\"><strong>Elizabeta Lindner<\/strong><\/a> (SlovoKult founder) about translating poetry through learning a new language :: as well as for the specialty of multilingual polyphony which is part of the concept of the contemporary arts biennale :: <a href=\"https:\/\/www.slovokult-literatur.de\/index.php\/slovokult-literartour-biennale-for-contemporary-arts\/\"><strong>SlovoKult :: literARTour\u00a0<\/strong><\/a><\/p>\n<p>In der neuen Ausgabe von <a href=\"https:\/\/www.ceatl.eu\/wp-content\/uploads\/2022\/12\/Counterpoint_2022_08.pdf\" target=\"_blank\" rel=\"noopener\"><strong>Counterpoint 8<\/strong> <\/a>:: herausgegeben von :: Conseil Europ\u00e9en des Associations de Traducteurs Litt\u00e9raires, finden Sie auf den Seiten 30-33 einen Text von <a href=\"https:\/\/www.slovokult-literatur.de\/index.php\/lyrik\/elizabeta-lindner-kostadinovska\/\"><strong>Elizabeta Lindner<\/strong><\/a> \u00fcber das \u00dcbersetzen von Poesie durch das Erlernen einer neuen Sprache :: sowie \u00fcber die Besonderheit der mehrsprachigen Polyphonie, die Teil des Konzepts der Biennale f\u00fcr zeitgen\u00f6ssische K\u00fcnste :: <a href=\"https:\/\/www.slovokult-literatur.de\/index.php\/slovokult-literartour-biennale-for-contemporary-arts\/\"><strong>SlovoKult :: literARTour<\/strong><\/a><\/p>\n<h4>Page 38-40\u00a0<a href=\"https:\/\/drive.google.com\/file\/d\/1OiJ0Df_uiK6jH08cgxDEY9XLaxzb6q4s\/view?fbclid=IwAR10q2uEgVpaf8PkdXnZiZFRH8d8_v9gRlsi20hN-SDHAlIxuNnoqYJzQ6A\" target=\"_blank\" rel=\"noopener\">at (e)lit 5 in Macedonia<\/a><\/h4>\n<h4><a href=\"http:\/\/www.slovokult-literatur.de\/wp-content\/uploads\/2023\/04\/Ausnahmeumstand-elit-5.png\"><img decoding=\"async\" loading=\"lazy\" class=\"alignleft wp-image-6417 size-medium\" src=\"http:\/\/www.slovokult-literatur.de\/wp-content\/uploads\/2023\/04\/Ausnahmeumstand-elit-5-300x193.png\" alt=\"\" width=\"300\" height=\"193\" srcset=\"https:\/\/www.slovokult-literatur.de\/wp-content\/uploads\/2023\/04\/Ausnahmeumstand-elit-5-300x193.png 300w, https:\/\/www.slovokult-literatur.de\/wp-content\/uploads\/2023\/04\/Ausnahmeumstand-elit-5-1024x659.png 1024w, https:\/\/www.slovokult-literatur.de\/wp-content\/uploads\/2023\/04\/Ausnahmeumstand-elit-5-768x494.png 768w, https:\/\/www.slovokult-literatur.de\/wp-content\/uploads\/2023\/04\/Ausnahmeumstand-elit-5-400x257.png 400w, https:\/\/www.slovokult-literatur.de\/wp-content\/uploads\/2023\/04\/Ausnahmeumstand-elit-5-600x386.png 600w, https:\/\/www.slovokult-literatur.de\/wp-content\/uploads\/2023\/04\/Ausnahmeumstand-elit-5.png 1341w\" sizes=\"(max-width: 300px) 100vw, 300px\" \/><\/a><a href=\"http:\/\/www.slovokult-literatur.de\/wp-content\/uploads\/2023\/04\/Joker-elit-5.png\"><img decoding=\"async\" loading=\"lazy\" class=\"alignleft wp-image-6418 size-medium\" src=\"http:\/\/www.slovokult-literatur.de\/wp-content\/uploads\/2023\/04\/Joker-elit-5-300x195.png\" alt=\"\" width=\"300\" height=\"195\" srcset=\"https:\/\/www.slovokult-literatur.de\/wp-content\/uploads\/2023\/04\/Joker-elit-5-300x195.png 300w, https:\/\/www.slovokult-literatur.de\/wp-content\/uploads\/2023\/04\/Joker-elit-5-1024x665.png 1024w, https:\/\/www.slovokult-literatur.de\/wp-content\/uploads\/2023\/04\/Joker-elit-5-768x499.png 768w, https:\/\/www.slovokult-literatur.de\/wp-content\/uploads\/2023\/04\/Joker-elit-5-400x260.png 400w, https:\/\/www.slovokult-literatur.de\/wp-content\/uploads\/2023\/04\/Joker-elit-5-600x390.png 600w, https:\/\/www.slovokult-literatur.de\/wp-content\/uploads\/2023\/04\/Joker-elit-5.png 1323w\" sizes=\"(max-width: 300px) 100vw, 300px\" \/><\/a><\/h4>\n<p>&nbsp;<\/p>\n<p>&nbsp;<\/p>\n<p>&nbsp;<\/p>\n<p>&nbsp;<\/p>\n<p>&nbsp;<\/p>\n<p>&nbsp;<\/p>\n<p><strong>2021<\/strong><\/p>\n<blockquote class=\"wp-embedded-content\" data-secret=\"wZKZH0Fz1q\"><p><a href=\"https:\/\/www.slovokult-literatur.de\/index.php\/lyrik\/elizabeta-lindner-kostadinovska\/w-g-sebald-die-ringe-des-saturn\/\">W.G. Sebald: Die Ringe des Saturn<\/a><\/p><\/blockquote>\n<p><iframe class=\"wp-embedded-content\" sandbox=\"allow-scripts\" security=\"restricted\" style=\"position: absolute; clip: rect(1px, 1px, 1px, 1px);\" title=\"&#8222;W.G. Sebald: Die Ringe des Saturn&#8220; &#8212; SlovoKult::Literatur\/a\" src=\"https:\/\/www.slovokult-literatur.de\/index.php\/lyrik\/elizabeta-lindner-kostadinovska\/w-g-sebald-die-ringe-des-saturn\/embed\/#?secret=PWd4vqqdp3#?secret=wZKZH0Fz1q\" data-secret=\"wZKZH0Fz1q\" width=\"600\" height=\"338\" frameborder=\"0\" marginwidth=\"0\" marginheight=\"0\" scrolling=\"no\"><\/iframe><\/p>\n<p>Older ::<\/p>\n<p><strong>:: English translation ::<\/strong><\/p>\n<ul>\n<li>of the Essay :: <a href=\"http:\/\/blesok.mk\/en\/literature\/rapacious-or-greedy-for-money-59\/\">\u201cRapacious or Greedy for Money?\u201d<\/a><\/li>\n<li>of the Essay dedicated to deceased publisher and friend <strong>Igor Isakovski<\/strong> ::\u00a0Essay gewidmet dem verstorbenen Verleger und Freund\u00a0<b>Igor Isakovski <\/b>(MK und ENG) Blesok,\u00a0<b><a href=\"https:\/\/blesok.mk\/en\/literature\/for-igor-isakovski-100\/\" target=\"_blank\" rel=\"noopener\">Countless Books and Sighs for This Fucked Up World and Thirteen&#8230;<\/a><\/b><\/li>\n<\/ul>\n<p><strong>:: German :: Deutsch ::<\/strong><\/p>\n<p>Gedichte in <strong>Prolog &#8211; Heft f\u00fcr Text und Zeichnung <\/strong>Nr. X3, X5, X6, X7, #20 und nahm teil an den Ausstellungen und an den Lesungen bei der Promotion der Hefte &#8211; in der <b>Galerie Walden, Institut f\u00fcr Alles M\u00f6gliche, Galerie Heike Arndt &#8211; im Dezember 2017 hatte sie ihre erste multimediale Performance f\u00fcr ::<a href=\"http:\/\/www.slovokult-literatur.de\/index.php\/lyrik\/elizabeta-lindner-kostadinovska\/kubus-unsre-form\/\">Kubus, unsre Form. traum urban. Inkubus, Sukkubus in der Galerie F92<\/a><\/b><\/p>\n<p><strong>Politisch Schreiben #4,\u00a0perspektive 94\/95,<\/strong> <strong>Signaturen&#8230;<\/strong><\/p>\n<blockquote><p><b><a href=\"http:\/\/www.slovokult.de\/index.php?\/pages\/lyrikuebersetzung.html\" target=\"\" rel=\"noopener\">Essay \u201eGoldgierig oder gierig nach Geld?\u201c,<\/a><\/b> Oder die Problematik der Lyrik\u00fcbersetzung aus dem Makedonischen ins Deutsche am Beispiel der \u00dcbersetzung der Gedichte von Katica Kulavkova, 2008<br \/>\n<b><a href=\"http:\/\/www.slovokult.eu\/index.php\/stav-namesto-strav\/prevod-na-poezija\/\" target=\"_blank\" rel=\"noopener\">MK, bei SlovoKult.eu<\/a> <a href=\"http:\/\/blesok.mk\/en\/literature\/rapacious-or-greedy-for-money-59\/\" target=\"_blank\" rel=\"noopener\">EN bei der Online-Literaturzeitschrift Blesok Nr. 59, 2008<\/a><\/b><\/p>\n<p><strong>:: Macedonian :: Mazedonisch :: \u041c\u0430\u043a\u0435\u0434\u043e\u043d\u0441\u043a\u0438<\/strong><\/p>\n<p>Artikel (Ausschnitt aus der Magisterarbeit) <b>&#8222;Die Metamorphosen des Golem&#8220;<\/b> (als mystischer Vorgang in Gustav Meyrinks Roman) in der <a href=\"http:\/\/www.ezrm.org.mk\/images\/bilten.pdf\" target=\"blank\" rel=\"noopener\"><b>Zeitschrift der J\u00fcdischen Gemeinde in Skopje, Makedonien, 2012<\/b><\/a> und ebd. 2013 <b><a href=\"http:\/\/www.slovokult.eu\/wp-content\/uploads\/2016\/04\/Benjamin-Stein-Religijata-4.compressed.pdf\" target=\"blank\" rel=\"noopener\">Portr\u00e4t von Benjamin Stein<\/a><\/b><\/p><\/blockquote>\n<p>:: Under another hat :: Macedonian authors who live abroad :: answering few questions for Vezilka &#8211; a Magazine based in Sidney, Australia :<\/p>\n","protected":false},"excerpt":{"rendered":"<p>Publikationen in Zeitschriften usw. :: Publications in magazines etc. Neueste :: Latest :: 12.12.22 English below :: TEXTE in Magazinen und Anthologien :: Im Jahrbuch des Ventspils Houses,\u00a0des internationalen \u00dcbersetzer- und Schriftstellerhaus\u2018 in Ventspils, Lettland, finden Sie neben vielen gro\u00dfartigen [&hellip;]<\/p>\n","protected":false},"author":1,"featured_media":5498,"parent":151,"menu_order":0,"comment_status":"closed","ping_status":"closed","template":"","meta":{"footnotes":""},"_links":{"self":[{"href":"https:\/\/www.slovokult-literatur.de\/index.php\/wp-json\/wp\/v2\/pages\/5533"}],"collection":[{"href":"https:\/\/www.slovokult-literatur.de\/index.php\/wp-json\/wp\/v2\/pages"}],"about":[{"href":"https:\/\/www.slovokult-literatur.de\/index.php\/wp-json\/wp\/v2\/types\/page"}],"author":[{"embeddable":true,"href":"https:\/\/www.slovokult-literatur.de\/index.php\/wp-json\/wp\/v2\/users\/1"}],"replies":[{"embeddable":true,"href":"https:\/\/www.slovokult-literatur.de\/index.php\/wp-json\/wp\/v2\/comments?post=5533"}],"version-history":[{"count":14,"href":"https:\/\/www.slovokult-literatur.de\/index.php\/wp-json\/wp\/v2\/pages\/5533\/revisions"}],"predecessor-version":[{"id":5949,"href":"https:\/\/www.slovokult-literatur.de\/index.php\/wp-json\/wp\/v2\/pages\/5533\/revisions\/5949"}],"up":[{"embeddable":true,"href":"https:\/\/www.slovokult-literatur.de\/index.php\/wp-json\/wp\/v2\/pages\/151"}],"wp:featuredmedia":[{"embeddable":true,"href":"https:\/\/www.slovokult-literatur.de\/index.php\/wp-json\/wp\/v2\/media\/5498"}],"wp:attachment":[{"href":"https:\/\/www.slovokult-literatur.de\/index.php\/wp-json\/wp\/v2\/media?parent=5533"}],"curies":[{"name":"wp","href":"https:\/\/api.w.org\/{rel}","templated":true}]}}