{"id":5395,"date":"2021-06-25T17:13:46","date_gmt":"2021-06-25T15:13:46","guid":{"rendered":"https:\/\/www.slovokult-literatur.de\/?page_id=5395"},"modified":"2021-06-25T19:03:10","modified_gmt":"2021-06-25T17:03:10","slug":"schwarze-erde","status":"publish","type":"page","link":"https:\/\/www.slovokult-literatur.de\/index.php\/unwuerdige-geschichten\/schwarze-erde\/","title":{"rendered":"Schwarze Erde"},"content":{"rendered":"\n<p>von <strong>Elizabeta Kostadinovska<\/strong><\/p>\n\n\n\n<p>aus ::<strong> <a href=\"https:\/\/www.slovokult-literatur.de\/index.php\/unwuerdige-geschichten\/\">Unw\u00fcrdige Geschichten<\/a><\/strong><\/p>\n\n\n\n<figure class=\"wp-block-image size-medium\"><a href=\"https:\/\/www.slovokult-literatur.de\/wp-content\/uploads\/2021\/06\/der-Mund-28-x30cm-IPaskali-1.jpg\"><img decoding=\"async\" loading=\"lazy\" width=\"281\" height=\"300\" src=\"https:\/\/www.slovokult-literatur.de\/wp-content\/uploads\/2021\/06\/der-Mund-28-x30cm-IPaskali-1-281x300.jpg\" alt=\"\" class=\"wp-image-5396\" srcset=\"https:\/\/www.slovokult-literatur.de\/wp-content\/uploads\/2021\/06\/der-Mund-28-x30cm-IPaskali-1-281x300.jpg 281w, https:\/\/www.slovokult-literatur.de\/wp-content\/uploads\/2021\/06\/der-Mund-28-x30cm-IPaskali-1-959x1024.jpg 959w, https:\/\/www.slovokult-literatur.de\/wp-content\/uploads\/2021\/06\/der-Mund-28-x30cm-IPaskali-1-768x820.jpg 768w, https:\/\/www.slovokult-literatur.de\/wp-content\/uploads\/2021\/06\/der-Mund-28-x30cm-IPaskali-1-1439x1536.jpg 1439w, https:\/\/www.slovokult-literatur.de\/wp-content\/uploads\/2021\/06\/der-Mund-28-x30cm-IPaskali-1-1918x2048.jpg 1918w, https:\/\/www.slovokult-literatur.de\/wp-content\/uploads\/2021\/06\/der-Mund-28-x30cm-IPaskali-1-400x427.jpg 400w, https:\/\/www.slovokult-literatur.de\/wp-content\/uploads\/2021\/06\/der-Mund-28-x30cm-IPaskali-1-600x641.jpg 600w\" sizes=\"(max-width: 281px) 100vw, 281px\" \/><\/a><figcaption>Zeichnung :: <strong>Irena Paskali :: Der Mund<\/strong><\/figcaption><\/figure>\n\n\n\n<p><\/p>\n\n\n\n<p><strong>Schwarze Erde<\/strong><\/p>\n\n\n\n<p><em>ein modernes M\u00e4rchen<\/em><\/p>\n\n\n\n<p>Tief im Indischen Ozean, auf dem Sandboden, zwischen Steinen, Algen und Korallen liegt halbbegraben ein toter wei\u00dfer Planet, an den sich kaum jemand erinnert, denn sein Vergessen war sehr gewollt und empfohlen. Die Deckschicht seiner Kruste \u00e4hnelt einer Perle, dem arktischen Eis oder vielleicht dem Marmor, der f\u00fcr die Korridore eines Palastes gefertigt wurde. Nun war das seine letzte, seine Totendeckschicht, die einst zum gr\u00f6\u00dften Teil weich, schwarz, nur teilweise grau oder auch bunt war und einen viel gr\u00f6\u00dferen Planeten umh\u00fcllte.&nbsp;<\/p>\n\n\n\n<p>W\u00e4hrend seiner Lebzeiten kannte er auch die Farben des Regenbogens, die Farben und das Wasser der Fl\u00fcsse und der Seen, die Farben und die Formen des Bodens, der B\u00e4ume und der Berge, der Tiere und Pflanzen und das Aussehen aller klassischen Natursch\u00f6nheiten, wie die der Erde.<\/p>\n\n\n\n<p>&nbsp;&nbsp;&nbsp;In ihren Schriften haben manche Wissenschaftler, die sich mit der Erforschung dieses Planeten besch\u00e4ftigten, festgehalten, dass es sich um einen Zwillingsplaneten unserer Erde handelt, der aber, aus unbekannten Gr\u00fcnden, vor ungef\u00e4hr 70 Jahren, seine Masse stark verlor und im Indischen Ozean endete.&nbsp;<\/p>\n\n\n\n<p>&nbsp;&nbsp;&nbsp;Andere Forscher und fast alle politischen und herrischen Gr\u00f6\u00dfen verneinen und ignorieren die Existenz dieses Planeten, weshalb viele Erkenntnisse und Quellen verborgen bleiben, weshalb wir wiederum nicht genug Informationen haben, die uns seine Position, Gr\u00f6\u00dfe, Bev\u00f6lkerung, Flora und Fauna n\u00e4her bringen k\u00f6nnten. Den Planeten werde ich in diesem Text Schwarze Erde nennen, denn es ist bekannt, dass man ihn aufgrund seiner Farbe so genannt hat. Schwarz war seine vorletzte Farbe, vor der wei\u00dfen, steinernen Oberfl\u00e4che, was auch eben der Name bezeugt: \u201eder schwarze Planet\u201c, der in diesen wenigen Quellen auch mehrmals erw\u00e4hnt wird. Dank eines Professors, dessen Namen ich hier aus verschiedenen und verst\u00e4ndlichen Gr\u00fcnden nicht nennen darf, hatte ich die Gelegenheit, an einige Informationen zu kommen, die mich anspornten, diesen Text zu schreiben, der vor allem den Zweck hat, an die tote Schwarze Erde zu erinnern, sie zu ehren und ihrer zu gedenken.&nbsp;<\/p>\n\n\n\n<p>&nbsp;&nbsp;&nbsp;In der Zeit der Entstehung des Sonnensystems, zusammen mit den anderen Planeten, entstand auch der Planet Schwarze Erde. Es ist bekannt, dass seine Position zwischen den Planeten Erde und Mars war. Seine Entfernung und Gr\u00f6\u00dfe sind nicht genau \u00fcberliefert, aber es ist bekannt, dass er viel kleiner war als die Erde, ansonsten handelte es sich, wie ich bereits erw\u00e4hnte, um einen Zwillingsplaneten unserer Erde, der sich von ihr in einigen \u00e4u\u00dferlichen Merkmalen unterschied:<\/p>\n\n\n\n<ol type=\"1\"><li>Die Farbe: Die Erde \u2013 blau; die Schwarze Erde \u2013 schwarz.<\/li><li>Der Ring: Um die Schwarze Erde gab es einen Ring.<\/li><li>Die Zeit: Die Erde (24 Stunden = 1 Tagesablauf); die Schwarze Erde: 10 x schneller (24 Stunden = 10 Tagesabl\u00e4ufe)<\/li><\/ol>\n\n\n\n<p>Wie ihre gro\u00dfe Zwillingschwester, so genoss auch die Schwarze Erde den Segen des Universums oder Gottes und entwickelte sich \u00e4hnlich wie unsere Erde, nur 10 Mal schneller. Anstatt Fl\u00e4chen mit viel Wasser hatte die schwarze Erde Fl\u00e4chen mit fruchtbarem Boden.&nbsp;<\/p>\n\n\n\n<p>Die ersten Lebewesen sind in den wenigen Gew\u00e4ssern entstanden, aber sie haben sich viel schneller an das trockene Landleben angepasst, und als Landlebewesen entwickelten sie sich weiter, zu noch weiter fortgeschrittenen Lebewesen, wie die auf der Erde, aber viel schneller, zehn Mal schneller.<\/p>\n\n\n\n<p>&nbsp;&nbsp;&nbsp;Sp\u00e4ter besiedelte die Schwarze Erde also auch der Mensch als Lebewesen, und er unterschied sich kaum von dem Menschen auf der Erde, au\u00dfer dass er schneller lebte, sich bewegte und dachte, aber auch l\u00e4nger.<\/p>\n\n\n\n<p>&nbsp;&nbsp;&nbsp;\u00c4hnlich wie auf der Erde entstanden St\u00e4dte, Zivilisationen und Kulturen, die man ihrer Art und Gr\u00f6\u00dfe nach mit jenen vergleichen k\u00f6nnte \u2013 blo\u00df die auf der Schwarzen Erde hatten fast keine Friedh\u00f6fe, weil sie die Leichen anders verwerteten, um somit eben die fruchtbare Erde, die Terra Preta, zu unterst\u00fctzen:&nbsp;<em>Terra Preta entsteht durch langj\u00e4hrigen Eintrag von Asche, Biomasse, K\u00fcchenabf\u00e4llen, Verkohlungsr\u00fcckst\u00e4nden,&nbsp;<\/em><a href=\"http:\/\/de.wikipedia.org\/wiki\/Pyrogener_Kohlenstoff\"><em>pyrogenem Kohlenstoff<\/em><\/a><em>, Knochen und menschlichen F\u00e4kalien. Durch Mikroorganismen und Bodentiere wird ein Teil der organischen Substanz abgebaut, stabilisiert und in die Tiefe verlagert (<\/em><a href=\"http:\/\/de.wikipedia.org\/wiki\/Bioturbation\"><em>Bioturbation<\/em><\/a><em>)<a href=\"applewebdata:\/\/58C5B7EA-59B6-4F8E-A0FD-57900594CCD6#_ftn1\"><sup><strong>[1]<\/strong><\/sup><\/a>. So entstehen bis zu 2&nbsp;m m\u00e4chtige Horizonte<\/em><em>.<\/em><\/p>\n\n\n\n<p><strong>&nbsp;&nbsp;&nbsp;<\/strong>Da die Eigenschaften des Menschen auf dem Planeten Schwarze Erde den Eigenschaften des Menschen hier \u00e4hnelten, f\u00fchrte auch er Kriege und versp\u00fcrte Hunger nach Macht und Herrschaft. Auch dort gab es viele Nationen, Ethnien, Staaten, Zwergstaaten, die alle einen F\u00fchrer, Imperator, Pr\u00e4sidenten oder Kanzler hatten. Es ist nicht bekannt, ob die Frauen auch so unterdr\u00fcckt wurden wie auf der Erde, aber aus den uns bekannten Umst\u00e4nden ist zu schlie\u00dfen, dass sie bei&nbsp;&nbsp;politischen Entscheidungen nicht so aktiv vertreten waren. N\u00e4heres \u00fcber die politischen Systeme des Planeten ist nicht bekannt, aber wie der Forscher N.A. meint:&nbsp;<em>\u201eAus Erfahrung wissen wir alle, dass das politische System ohnehin nur eine Weise ist, das Chaos zu vertuschen, das durch die Politik entsteht, und&nbsp;&nbsp;jede Politik ist eine gro\u00dfe L\u00fcge, die da ist, um Hass und Verachtung zu verbreiten, viel Geld f\u00fcr bestimmte gierige Zwecke zu sichern, das Volk unter Kontrolle zu halten und die materielle und wertvolle Welt zu patentieren. In unserer Geschichte hat sich keine Politik als funktional und dem Volk gewidmet gezeigt, deswegen ist es vielleicht besser, dass wir keine Angaben \u00fcber die Politik auf der Schwarzen Erde haben, denn das wird uns einige Entt\u00e4uschungen f\u00fcr die eigene Zukunft ersparen.\u201c<\/em><\/p>\n\n\n\n<p>&nbsp;&nbsp;&nbsp;Das best\u00e4tigt auch die Tatsache, die jedoch bekannt ist, n\u00e4mlich, dass die Schwarze Erde auf wissenschaftlicher, wirtschaftlicher, kultureller und technischer Ebene der Erde weit \u00fcberlegen war. Das kann man auch der Geschwindigkeit und der L\u00e4nge der Zeit und des Denkens zuschreiben. Der technische Fortschritt war deutlich daran zu erkennen, dass jedes Land eine eigene Weltraumstation mit Fluggesellschaften hatte, die den Menschen Urlaub und Ausfl\u00fcge im Weltall, auf jedem beliebigen Planeten des Sonnensystems anboten, nat\u00fcrlich inklusive der Erde. Diese Reisen konnte sich nicht jeder leisten, sondern \u00e4hnlich wie hier nur die gl\u00fccklichen, reichen Menschen, die auf jeden Fall zahlreicher waren als auf der Erde. Im Allgemeinen bekannt sind drei Arten und Klassen von gesellschaftlichen Gruppen: reich, gehorsam und arm.<\/p>\n\n\n\n<p>Die Reichen erwarben ihren Reichtum meistens durch den Handel mit der Erde, denn viele Konzerne verkauften den fruchtbaren Boden&nbsp;<em>Terra Preta<\/em>&nbsp;auf der Erde. Viele Tonnen wurden mit Weltraumschiffen her\u00fcber transportiert, ohne dass es bei uns bekannt wurde. Die Reste davon kann man heute noch in der Region der Amazonen finden. Leider wurden nur selten Beobachtungen in wenigen Notizen \u00fcber die Menschen, die hier zu Besuch waren, aufgeschrieben, und zwar, dass die reichen Besucher von damals unseren heutigen \u201eReichen und K\u00fcnstlichen\u201c wahrscheinlich sehr \u00e4hnlich w\u00e4ren:&nbsp;<em>\u201eIhr inszeniertes L\u00e4cheln \u00fcber den vollkommenen, weichen, vollen Lippen begleitet von wei\u00dfen Kristall-Gebissen \u00fcber den maskenhaften Gesichtern, die nie alterten, wanderten auf den Oberfl\u00e4chen anderer Planeten. Aufgrund einiger Bilder, die man den mitgebrachten Hologramm-Zeitschriften entnehmen konnte, unterschieden sich auch die K\u00f6rper der Weltallbesucher von den K\u00f6rpern der gehorsamen und armen B\u00fcrger des Schwarzen Planeten: Sie waren straff mit sch\u00f6n geformten Armen, Busen, Beinen, H\u00e4nden, Hintern, F\u00fc\u00dfen, H\u00e4lsen, B\u00e4uchen und hatten einen wunderbaren Nabel. Von gro\u00dfer Bedeutung f\u00fcr dieses Aussehen waren die Baby- und Kinderzellen, die in Kombination mit anderen k\u00fcnstlich produzierten Stoffen in den Organismus einer Person im Alter zwischen 25 und 40 Jahren eingepflanzt wurden, um den Alterungsprozess zu verhindern.\u201c&nbsp;<\/em>&nbsp;&nbsp;&nbsp;<\/p>\n\n\n\n<p>&nbsp;&nbsp;&nbsp;Es wird vermutet, dass die Reichen dort spezielle Kliniken finanzierten haben, in denen Babys und Kinder gez\u00fcchtet wurden, um an ihre Zellen f\u00fcr den beschriebenen Erfolg des Jungseins zu gelangen.<\/p>\n\n\n\n<p>&nbsp;&nbsp;&nbsp;Es wird spekuliert, dass man hier bei uns \u00dcberreste dieser Menschen gefunden hat, was bedeutet, dass diese sich bewusst entschieden haben, von dort auszusteigen. Bei der Untersuchung der Leichen wurde vermerkt:&nbsp;<em>\u201eDie Knochen dieser reichen Gl\u00fccklichen sind vergoldet, auch durch irgendeine spezielle medizinische Methode. Somit ist der Knochenbruch unm\u00f6glich. Zur Vorbeugung sind sie gegen alle bekannten und unbekannten Krankheiten und Infektionen geimpft, wodurch jede M\u00f6glichkeit zu erkranken, sich zu verletzen oder alt zu werden, ausgeschlossen bleibt und somit ein sehr langes Leben normal ist. Das Durchschnittsalter der Reichen dort betr\u00e4gt (nach unserer Berechnung) 130 Jahre. Der Organismus l\u00e4sst sich manipulieren, aber leider nicht verewigen.\u201c<\/em><\/p>\n\n\n\n<p>Das Einzige im menschlichen Organismus, wof\u00fcr es keine Mittel zur Verbesserung, Vergr\u00f6\u00dferung oder einer anderen Manipulation gab, war die Intelligenz. Diese l\u00e4sst sich nicht k\u00fcnstlich aufputschen:&nbsp;<em>\u201eEs muss mehrere Versuche mit der Einpflanzung von Gehirnzellen ber\u00fchmter und begabter Wissenschaftler, Literaten und K\u00fcnstler gegeben haben, aber die waren erfolglos, weil sie von den Baby- und Kinderzellen gehemmt wurden.\u201c<\/em><\/p>\n\n\n\n<p>Genauso wenig&nbsp;&nbsp;konnte man die Verkehrsunf\u00e4lle und Naturkatastrophen vorhersagen, kontrollieren, verhindern oder besiegen. Rauschgift und Laster gab es auch, aber N\u00e4heres ist nicht bekannt.&nbsp;<\/p>\n\n\n\n<p>Diese reiche Klasse also reiste zu anderen Planeten des Sonnensystems und entdeckte Br\u00e4uche und Rituale, die sie beeindruckte oder beeinflusste:&nbsp;&nbsp;<em>\u201eWir m\u00fcssen noch erw\u00e4hnen, dass sie sich bei den Besuchen auf der Erde an die hiesigen Bedingungen und an die momentane Umgebung anpassten, sodass keiner erkennen konnte, ob sie gew\u00f6hnliche Mitirdische waren. Bei einem Besuch im 16. Jahrhundert entdeckten sie das Christentum und \u00fcbernahmen es als eine interessante Besch\u00e4ftigung, die ihnen die Gelegenheit bot, sch\u00f6ne und \u00fcppige Kirchen zu bauen, in denen nicht Gott, sondern sie selber wohnten, bunte und \u00fcberdimensionale Wandbilder zu malen, auf denen Au\u00dferschwarzirdische abgebildet waren, sich an die Ahnen zu erinnern, die einmal an einen Gott namens Nimmerhier glaubten, sich am\u00fcsierten und lachten beim Lesen der Bibeltexte in verschiedenen Sprachen, als w\u00e4ren sie Comics&#8230;<\/em><\/p>\n\n\n\n<p><em>Daneben \u00fcbernahmen sie auch die Folterger\u00e4te, die die irdische Inquisition besa\u00df, und mit der Zeit und durch Digitalisieren, Elektrisieren und Computerisieren schufen sie perfekte Folterinstitutionen. Man vermutet, dass viele unangepasste Planeten-Bewohner hier endeten.\u201c<\/em><\/p>\n\n\n\n<p>&nbsp;&nbsp;&nbsp;Die Situation der gehorsamen und armen Bewohner der Schwarzen Erde muss ziemlich gut gel\u00f6st gewesen sein:&nbsp;<em>\u201eSowohl die einen als auch die anderen lebten in einer Art moderner Ghettos, die angepasst an ihre Lebensbed\u00fcrfnisse gebaut und ausgestattet waren. Erstere waren mitten in den St\u00e4dten angesiedelt, um n\u00e4her an ihren Arbeitspl\u00e4tze zu sein, wo sie zehn Stunden am Tag verbrachten, um danach schneller nach Hause zu kommen, sich zu erholen und bei ihren Familien zu sein. Sie hatten organisch-digitale Chips eingebaut, die es ihnen erm\u00f6glichten, die allt\u00e4glichen Pflichten zu bew\u00e4ltigen, ohne sich mit unn\u00fctzen Gedanken zu besch\u00e4ftigen und dadurch abgelenkt zu werden.\u201c&nbsp;<\/em><\/p>\n\n\n\n<p>Die Armen waren von der Stadt abgeschnitten, ihre Gettos so weit wie m\u00f6glich abgelegen, weil sie sehr unwichtig waren f\u00fcr die Gesellschaft. Zu dieser Gruppe geh\u00f6rten Menschen,&nbsp;<em>\u201edie trotz ihrer Chips sich nicht an die aufgezwungenen Lebensbedingungen anpassen konnten, weil sie irgendeinen genetischen Fehler aufwiesen. Sie waren nur deswegen wichtig f\u00fcr die Gesellschaft, weil sie organisch waren und somit einen wichtigen Bestandteil des Erdbodens ausmachten \u2013 was sich mit ihrer Sterblichkeit und ihren wilden Friedh\u00f6fen um die St\u00e4dte herum von selbst rentierte. Jeden Tag erhielten sie eine Pille, die ihre t\u00e4glichen Mahlzeiten und starke, das Nervensystem stimulierende Beruhigungsmittel enthielt, womit der Hunger und der Hader besiegt wurden. Wasserersatz waren einige Tropfen der wei\u00dfen konzentrierten Fl\u00fcssigkeit, die das Gleichgewicht der Fl\u00fcssigkeiten im Organismus regulierte.\u201c<\/em><\/p>\n\n\n\n<p><em>&nbsp;<\/em>Wie ein Zeitungshologramm zeigt, mussten die Armen nicht auf ihr gesamtes Vergn\u00fcgen im Leben verzichten, denn&nbsp;<em>\u201ein den Ghettos hatten sie \u00fcberdimensionierte Bildschirme und somit die Gelegenheit, sich massenweise mit den planetarischen TV-Programmen zu informieren, am\u00fcsieren und bet\u00e4uben.\u201c&nbsp;<\/em><\/p>\n\n\n\n<p>&nbsp;&nbsp;&nbsp;Unter den wenigen Informationen, die man \u00fcber den schwarzen Planeten fand, war auch die Tatsache, dass die schwarzirdischen Ressourcen sehr gr\u00fcndlich f\u00fcr den Fortschritt des Bauwesens, der Medizin, der chemischen, elektrischen, automobilen, maschinellen und landwirtschaftlichen Industrie genutzt wurden. Zu letzterer geh\u00f6rte auch die erh\u00f6hte Produktion und der Export von Terra Preta auf die Erde, was vielleicht auch ein Grund f\u00fcr das Ende des Planeten darstellte. Der schnelle Fortschritt brachte auch eine sehr schnelle Ausbeutung der schwarzen Erdfl\u00e4chen mit sich, was wiederum zur Ohnmacht des Planeten f\u00fchrte. N\u00e4heres \u00fcber den Untergang des Planeten ist nicht bekannt, aber der Sage nach \u00e4hnelte sein Tod einem Protest und einem absurden M\u00e4rchen, einer Legende, die schwer zu glauben w\u00e4re, wenn nicht die Reste im Indischen Ozean gefunden worden w\u00e4ren:&nbsp;<em>\u201eBei den \u00fcblichen Arbeiten um Terra Preta zu gewinnen wurde durch einen Fehler die Maschine so programmiert, dass die Schwarzirdischen aus Versehen eine zu tiefe Furche in die Erde gruben, wodurch innerhalb k\u00fcrzester Zeit ein gro\u00dfer vulkan\u00e4hnlicher Krater entstand. Daraus, sagt man, schossen heftige Gase und eine schwarze, schlammige Masse hoch in die Atmosph\u00e4re \u2013 oder um es in der bildhaften Sprache des M\u00e4rchens zu sagen &#8211; der Planet hauchte seine schwarze Seele aus, und diese trennte sich symbolisch von seiner K\u00f6rperlichkeit. Diese Masse schwebte dann eine Weile im Himmel und betrachtete von oben ihre \u00e4rmliche Oberfl\u00e4che. Diese begann sich im Rhythmus der unz\u00e4hligen dynamischen Erinnerungsbilder zu bewegen und schnell zu drehen, was einen globalen Schwindel verursachte, der sich mit dem L\u00e4rm h\u00f6hnischen Gel\u00e4chters aus dem Abgrund vermischte und bis zur letzten Mauer des allgemeinen Unterbewusstseins reichte, das ab und zu nur von dem Krach der brechenden Maschinen und Geb\u00e4uden \u00fcbert\u00f6nt wurde.\u201c&nbsp;<\/em><\/p>\n\n\n\n<p>&nbsp;&nbsp;&nbsp;Die Legende besagt dann noch, dass sich in der Seele der Schwarzen Erde ein Mischgef\u00fchl aus Stolz und Hass, Boshaftigkeit und Zorn versammelte, das ihre Verzweiflung \u00fcbertraf, aber physisch muss das so ausgesehen haben:&nbsp;<em>\u201eInnerhalb eines Alltags begann der planetarische Ballk\u00f6rper sich stark zu verkleinern, wie ein Luftballon, aus dem die Luft herausgelassen wird. Mit der Verkleinerung der Masse begann er sich noch viel schneller zu drehen, so dass alles, was sich darauf befand, ins Universum verschwand, und sich die ganze Oberfl\u00e4che in eine schneewei\u00dfe stein\u00e4hnliche Fl\u00e4che verwandelte, die im Sonnenschein gl\u00e4nzte.\u201c<\/em>&nbsp;Und das M\u00e4rchen endet so:&nbsp;<em>\u201eDie Seele der Schwarzen Erde muss dann endlich zu sich gekommen sein und nach l\u00e4ngerer Zeit Ruhe und Beseelung versp\u00fcrt haben. Sie stoppte die Drehung und tauchte wieder in das Innere ihrer K\u00f6rperlichkeit, eine Bewegung die sie zum freien Fall Richtung Erde veranlasste.\u201c&nbsp;&nbsp;<\/em><\/p>\n\n\n\n<p>&nbsp;&nbsp;&nbsp;Neben dem Planetenk\u00f6rper im Indischen Ozean fand man auch einen der gigantischen Ghetto-Bildschirme, worauf in einem Hologramm in digitaler,&nbsp;&nbsp;verschlungener, beweglicher Schrift eine fast verschl\u00fcsselte Botschaft zu lesen war:<\/p>\n\n\n\n<p>lichtjahre davon entfernt,&nbsp;<\/p>\n\n\n\n<p>fruchtbare erde, fruchtbares leben zu schaffen&nbsp;<\/p>\n\n\n\n<p>ohne furcht und ohne freche furchen zu ziehen<\/p>\n\n\n\n<p>um fruchtbares sein zu gewinnen&#8230;<\/p>\n\n\n\n<p>obwohl es so einfach ist. w\u00e4re.<\/p>\n\n\n\n<p>wenn die gier nicht so gro\u00df w\u00e4re, um zu zerst\u00f6ren&nbsp;<\/p>\n\n\n\n<p>ohne neues zu schaffen, wenn die gier nicht nur<\/p>\n\n\n\n<p>gut reden und dar\u00fcber reden und nur die eigenen taschen f\u00fcllen und nur gut gutmenschen schaffen,&nbsp;<\/p>\n\n\n\n<p>aber nichts nichts mehr, nichts anderes machen, nichts schaffen,<\/p>\n\n\n\n<p>als geld in die taschen.&nbsp;<\/p>\n\n\n\n<p>immer und immer wieder&nbsp;<\/p>\n\n\n\n<p>nur ein versuch einer definition, eine mathematische formel&nbsp;<\/p>\n\n\n\n<p>immer alles und immer wieder alles in definition und formel bemessen,&nbsp;&nbsp;die gier, die menschen, die interessen,&nbsp;<\/p>\n\n\n\n<p>die zeitgenossen&#8230;.obwohl es eigentlich ganz einfach ist&#8230;. ganz einfach w\u00e4re&#8230;.&nbsp;<\/p>\n\n\n\n<p>wenn die patentgier nicht unermesslich unmenschlich w\u00e4re,<\/p>\n\n\n\n<p>und nicht bereit,&nbsp;&nbsp;die menschheit auszuspielen und nihilisieren<\/p>\n\n\n\n<p>per definition und formel und berechnung der kosten.<\/p>\n\n\n\n<p>immer wieder ein patent erstellen, um die gier zu befriedigen,<\/p>\n\n\n\n<p>ein patent f\u00fcr dies und das und jenes und ein patentieren des lebens, die menschheit patentieren, um das geld aufrechtzuerhalten, per definition und formel ausw\u00e4hlen und anpassen, die gier, um die menschen zu veranlassen, organische schwarze erde zu werden, sie mit geld und gier vermischen, und das organische leben durchw\u00fchlen,<\/p>\n\n\n\n<p>um tod zu produzieren, anstatt liebe und leben zu suchen, leben zu inspirieren, sterben lassen und organisches geld nehmen, geld f\u00fcr geld nehmen, geld f\u00fcr leben, geld f\u00fcr sterben, f\u00fcr essen und atmen, f\u00fcr denken und machen, f\u00fcr abwasser, f\u00fcr die asche und f\u00fcr die leiche, f\u00fcr die ab-, durch- und f\u00fcr die feine unterf\u00fchrung irgendwohin, immer und alles nehmen, und daf\u00fcr bezahlen lassen ohne zur\u00fcck zu geben, ohne organisch zu denken, die gier erkennen und organisch verabschieden.&nbsp;&nbsp;<\/p>\n\n\n\n<p>Zum Schluss auch der Rat des Experten:\u00a0<em>\u201eNehmen wir uns zehn Minuten in Gedanken und Gedenken an den versunkenen Planeten Schwarze Erde, mit der Hoffnung, dass eines Tages andere Au\u00dferirdische des blauen Planeten gedenken werden, falls er doch nicht ewig sein sollte.\u201c<\/em><\/p>\n\n\n\n<hr class=\"wp-block-separator\"\/>\n\n\n\n<p><a href=\"applewebdata:\/\/58C5B7EA-59B6-4F8E-A0FD-57900594CCD6#_ftnref1\"><sup>[1]<\/sup><\/a>&nbsp;<strong>Bioturbation<\/strong>&nbsp;ist das Durchw\u00fchlen und Durchmischen von B\u00f6den oder&nbsp;<a href=\"http:\/\/de.wikipedia.org\/wiki\/Lockersediment\">Sedimenten<\/a>&nbsp;durch Lebewesen.<\/p>\n","protected":false},"excerpt":{"rendered":"<p>von Elizabeta Kostadinovska aus :: Unw\u00fcrdige Geschichten Schwarze Erde ein modernes M\u00e4rchen Tief im Indischen Ozean, auf dem Sandboden, zwischen Steinen, Algen und Korallen liegt halbbegraben ein toter wei\u00dfer Planet, an den sich kaum jemand erinnert, denn sein Vergessen war [&hellip;]<\/p>\n","protected":false},"author":1,"featured_media":5396,"parent":5390,"menu_order":0,"comment_status":"closed","ping_status":"closed","template":"","meta":{"footnotes":""},"_links":{"self":[{"href":"https:\/\/www.slovokult-literatur.de\/index.php\/wp-json\/wp\/v2\/pages\/5395"}],"collection":[{"href":"https:\/\/www.slovokult-literatur.de\/index.php\/wp-json\/wp\/v2\/pages"}],"about":[{"href":"https:\/\/www.slovokult-literatur.de\/index.php\/wp-json\/wp\/v2\/types\/page"}],"author":[{"embeddable":true,"href":"https:\/\/www.slovokult-literatur.de\/index.php\/wp-json\/wp\/v2\/users\/1"}],"replies":[{"embeddable":true,"href":"https:\/\/www.slovokult-literatur.de\/index.php\/wp-json\/wp\/v2\/comments?post=5395"}],"version-history":[{"count":6,"href":"https:\/\/www.slovokult-literatur.de\/index.php\/wp-json\/wp\/v2\/pages\/5395\/revisions"}],"predecessor-version":[{"id":5404,"href":"https:\/\/www.slovokult-literatur.de\/index.php\/wp-json\/wp\/v2\/pages\/5395\/revisions\/5404"}],"up":[{"embeddable":true,"href":"https:\/\/www.slovokult-literatur.de\/index.php\/wp-json\/wp\/v2\/pages\/5390"}],"wp:featuredmedia":[{"embeddable":true,"href":"https:\/\/www.slovokult-literatur.de\/index.php\/wp-json\/wp\/v2\/media\/5396"}],"wp:attachment":[{"href":"https:\/\/www.slovokult-literatur.de\/index.php\/wp-json\/wp\/v2\/media?parent=5395"}],"curies":[{"name":"wp","href":"https:\/\/api.w.org\/{rel}","templated":true}]}}