{"id":5099,"date":"2021-10-17T16:06:32","date_gmt":"2021-10-17T14:06:32","guid":{"rendered":"https:\/\/www.slovokult-literatur.de\/?page_id=5099"},"modified":"2021-10-18T01:46:44","modified_gmt":"2021-10-17T23:46:44","slug":"geist-spirit-duh","status":"publish","type":"page","link":"https:\/\/www.slovokult-literatur.de\/index.php\/geist-spirit-duh\/","title":{"rendered":"Geist :: Ghost\/Spirit :: \u0414\u0443\u0445"},"content":{"rendered":"\r\n<h4 class=\"wp-block-heading\">SlovoKult :: Covidivision<\/h4>\r\n\r\n\r\n\r\n<p><strong>text :: vision :: sound\u00a0<\/strong><\/p>\r\n\r\n\r\n\r\n<figure class=\"wp-block-image size-large\"><a href=\"https:\/\/www.slovokult-literatur.de\/wp-content\/uploads\/2021\/01\/IMG_3845-scaled.jpg\"><img decoding=\"async\" loading=\"lazy\" width=\"1024\" height=\"768\" class=\"wp-image-4913\" src=\"https:\/\/www.slovokult-literatur.de\/wp-content\/uploads\/2021\/01\/IMG_3845-1024x768.jpg\" alt=\"\" srcset=\"https:\/\/www.slovokult-literatur.de\/wp-content\/uploads\/2021\/01\/IMG_3845-1024x768.jpg 1024w, https:\/\/www.slovokult-literatur.de\/wp-content\/uploads\/2021\/01\/IMG_3845-scaled-600x450.jpg 600w, https:\/\/www.slovokult-literatur.de\/wp-content\/uploads\/2021\/01\/IMG_3845-300x225.jpg 300w, https:\/\/www.slovokult-literatur.de\/wp-content\/uploads\/2021\/01\/IMG_3845-768x576.jpg 768w, https:\/\/www.slovokult-literatur.de\/wp-content\/uploads\/2021\/01\/IMG_3845-1536x1152.jpg 1536w, https:\/\/www.slovokult-literatur.de\/wp-content\/uploads\/2021\/01\/IMG_3845-2048x1536.jpg 2048w, https:\/\/www.slovokult-literatur.de\/wp-content\/uploads\/2021\/01\/IMG_3845-400x300.jpg 400w\" sizes=\"(max-width: 1024px) 100vw, 1024px\" \/><\/a>\r\n<figcaption>Geist :: Zeitgeist :: Gespenst :: Spirit :: Ghost :: Mind :: \u0414\u0443\u0445 :: \u0414\u0443\u0445 \u043d\u0430 \u0432\u0440\u0435\u043c\u0435\u0442\u043e :: \u0421\u0435\u043d\u0438\u0448\u0442\u0435 ::<\/figcaption>\r\n<\/figure>\r\n\r\n\r\n\r\n<p>17.10.2021<\/p>\r\n<p>We will present you some works in here ::\u00a0<\/p>\r\n<p><strong><a href=\"https:\/\/www.slovokult-literatur.de\/index.php\/geist-spirit-duh\/1-dijana-tomik-katica-kjulavkova\/01-english\/\">::01::<\/a>\u00a0<a href=\"https:\/\/www.slovokult-literatur.de\/index.php\/geist-spirit-duh\/1-dijana-tomik-katica-kjulavkova\/01-english\/\">Dijana Tomik <\/a><\/strong>(visual art)<strong> :: <a href=\"https:\/\/www.slovokult-literatur.de\/index.php\/geist-spirit-duh\/1-dijana-tomik-katica-kjulavkova\/01-english\/\">Katica Kjulavkova<\/a> <\/strong>(poetry)\u00a0:: <strong>Elizabeta Lindner<\/strong> (translation) ::<\/p>\r\n<p><em>(soon multilingual video with sound)<\/em><\/p>\r\n<p>::02::<\/p>\r\n<p>::03 ::<\/p>\r\n<p>&nbsp;<\/p>\r\n<p>30.04.2021<\/p>\r\n\r\n\r\n\r\n<p>Wir werden jetzt mehr auf Englisch schreiben, weil wir die Internationalit\u00e4t vereinfachen wollen, aber die Mehrsprachigkeit werden wir in den Texten aufbewahren.\u00a0<\/p>\r\n\r\n\r\n\r\n<p>Wir starten einen neuen Abschnitt hier, der sich mit dem Geist besch\u00e4ftigt. Dazu werden wir Texte unserer Autoren in typischen SlovoKult-Stil (Text-Bild-Sound) pr\u00e4sentieren &#8211; aber wir werden dazu noch EXPERIMENT einf\u00fchren.<\/p>\r\n\r\n\r\n\r\n<p>ENG :: We will write more in English now, because we want to simplify the internationality, but we will keep the multilingualism in the texts.\u00a0<\/p>\r\n\r\n\r\n\r\n<p>We start a new section here, which will deal with the spirit. For this purpose we will present texts of our authors in typical SlovoKult style (text-image-sound). but we will add EXPERIMENT to it.\u00a0<\/p>\r\n\r\n\r\n\r\n<p>The German word GEIST (and the Macedonian \u0414\u0423\u0425) include more meanings than the English word Sprit &#8211; so we would like to include also Ghost, Mind and Pneuma &#8211; to come to our real subject, the missing ::<\/p>\r\n\r\n\r\n\r\n<p>:: Excerpt from the Manifesto for the Biennial SlovoKult :: literARTour 2020 ::<\/p>\r\n\r\n\r\n\r\n<p>Now is always prevented, because time and the spirit of the time do not allow us to be present and to change the present. one must always be everywhere and do hundreds of things, that are separating humans from the spirit itself and from the spirit of the time \u2013 \u00a0it is a life run to find oneself and lose oneself and be present, involved in the present without losing oneself totally and trying to reconnect to the spirit and the spirit of the time, which means \u00a0to err, explore the planet, settle down on the planet as one\u2019s own universe and be present in the present with the spirit of the time \u2013 with the Zeitgeist \u2013 and at the same time create the future\u2026 one needs to be aware of both, because the past is not letting go, one must be one step or even several steps ahead of the past, because it is in the lead when catching up with the present, it catches up and always leads back to where we do not want to be, because we finally have to get out of there and move forward\u2026 but we cannot do that. and it is always the same, only more absurd.<\/p>\r\n\r\n\r\n\r\n<p>For centuries. Now also on the Internet. ::<\/p>\r\n\r\n\r\n\r\n<p>We start with a very special artwork by Tuxedomoon &#8211; wich include everything we cherish :: text-sound-vision :: and is dedicated to the missing ::<\/p>\r\n<p><iframe loading=\"lazy\" title=\"Tuxedomoon - Ghost Sonata (part 1\/15)\" width=\"640\" height=\"360\" src=\"https:\/\/www.youtube.com\/embed\/J_oKOLE8Qh0?list=PLAE610557CDC99B45\" frameborder=\"0\" allow=\"accelerometer; autoplay; clipboard-write; encrypted-media; gyroscope; picture-in-picture\" allowfullscreen><\/iframe><\/p>\r\n<p><iframe loading=\"lazy\" title=\"Bauhaus   Spirit\" width=\"640\" height=\"360\" src=\"https:\/\/www.youtube.com\/embed\/FqKb8GK5wAM?feature=oembed\" frameborder=\"0\" allow=\"accelerometer; autoplay; clipboard-write; encrypted-media; gyroscope; picture-in-picture\" allowfullscreen><\/iframe><\/p>\r\n\r\n<p><iframe loading=\"lazy\" title=\"Japan Ghosts 480p Quality\" width=\"640\" height=\"480\" src=\"https:\/\/www.youtube.com\/embed\/7zzLU1ato2w?feature=oembed\" frameborder=\"0\" allow=\"accelerometer; autoplay; clipboard-write; encrypted-media; gyroscope; picture-in-picture\" allowfullscreen><\/iframe><\/p>","protected":false},"excerpt":{"rendered":"<p>SlovoKult :: Covidivision text :: vision :: sound\u00a0 17.10.2021 We will present you some works in here ::\u00a0 ::01::\u00a0Dijana Tomik (visual art) :: Katica Kjulavkova (poetry)\u00a0:: Elizabeta Lindner (translation) :: (soon multilingual video with sound) ::02:: ::03 :: &nbsp; 30.04.2021 [&hellip;]<\/p>\n","protected":false},"author":1,"featured_media":4913,"parent":0,"menu_order":0,"comment_status":"closed","ping_status":"closed","template":"","meta":{"footnotes":""},"_links":{"self":[{"href":"https:\/\/www.slovokult-literatur.de\/index.php\/wp-json\/wp\/v2\/pages\/5099"}],"collection":[{"href":"https:\/\/www.slovokult-literatur.de\/index.php\/wp-json\/wp\/v2\/pages"}],"about":[{"href":"https:\/\/www.slovokult-literatur.de\/index.php\/wp-json\/wp\/v2\/types\/page"}],"author":[{"embeddable":true,"href":"https:\/\/www.slovokult-literatur.de\/index.php\/wp-json\/wp\/v2\/users\/1"}],"replies":[{"embeddable":true,"href":"https:\/\/www.slovokult-literatur.de\/index.php\/wp-json\/wp\/v2\/comments?post=5099"}],"version-history":[{"count":17,"href":"https:\/\/www.slovokult-literatur.de\/index.php\/wp-json\/wp\/v2\/pages\/5099\/revisions"}],"predecessor-version":[{"id":5546,"href":"https:\/\/www.slovokult-literatur.de\/index.php\/wp-json\/wp\/v2\/pages\/5099\/revisions\/5546"}],"wp:featuredmedia":[{"embeddable":true,"href":"https:\/\/www.slovokult-literatur.de\/index.php\/wp-json\/wp\/v2\/media\/4913"}],"wp:attachment":[{"href":"https:\/\/www.slovokult-literatur.de\/index.php\/wp-json\/wp\/v2\/media?parent=5099"}],"curies":[{"name":"wp","href":"https:\/\/api.w.org\/{rel}","templated":true}]}}