{"id":5009,"date":"2021-02-01T18:07:19","date_gmt":"2021-02-01T17:07:19","guid":{"rendered":"https:\/\/www.slovokult-literatur.de\/?page_id=5009"},"modified":"2021-02-02T17:26:26","modified_gmt":"2021-02-02T16:26:26","slug":"opium-fuer-die-massen-anstatt-kunst","status":"publish","type":"page","link":"https:\/\/www.slovokult-literatur.de\/index.php\/opinion-instead-of-oblivion\/opium-fuer-die-massen-anstatt-kunst\/","title":{"rendered":"Opium f\u00fcr die Massen anstatt Kunst"},"content":{"rendered":"\n<p class=\"has-medium-font-size\"><strong>oder wie gef\u00e4hrlich ist die Massenliteratur? <\/strong><\/p>\n\n\n\n<p><\/p>\n\n\n\n<p>Wake up from a living sleep<br>Demons rise up&nbsp;<\/p>\n\n\n\n<p>:: <a rel=\"noreferrer noopener\" href=\"https:\/\/www.youtube.com\/watch?v=G78lp3X0QD0\" target=\"_blank\">Wire &#8211; Time Lock Fog<\/a> ::<\/p>\n\n\n\n<figure class=\"wp-block-image size-large\"><img decoding=\"async\" loading=\"lazy\" width=\"960\" height=\"505\" src=\"https:\/\/www.slovokult-literatur.de\/wp-content\/uploads\/2021\/02\/book-2005390_960_720.jpg\" alt=\"\" class=\"wp-image-5022\" srcset=\"https:\/\/www.slovokult-literatur.de\/wp-content\/uploads\/2021\/02\/book-2005390_960_720.jpg 960w, https:\/\/www.slovokult-literatur.de\/wp-content\/uploads\/2021\/02\/book-2005390_960_720-300x158.jpg 300w, https:\/\/www.slovokult-literatur.de\/wp-content\/uploads\/2021\/02\/book-2005390_960_720-768x404.jpg 768w, https:\/\/www.slovokult-literatur.de\/wp-content\/uploads\/2021\/02\/book-2005390_960_720-400x210.jpg 400w, https:\/\/www.slovokult-literatur.de\/wp-content\/uploads\/2021\/02\/book-2005390_960_720-600x316.jpg 600w\" sizes=\"(max-width: 960px) 100vw, 960px\" \/><\/figure>\n\n\n\n<p>Und so jahrhundertelang&nbsp;<\/p>\n\n\n\n<p>ignorieren und verbannen was nicht passt&nbsp;<\/p>\n\n\n\n<p>alles und jeder hat sich passend gemacht<\/p>\n\n\n\n<p>und keiner ist aufgewacht aus dem falschen traum<\/p>\n\n\n\n<p>es wird geschwiegen, kluggeschissen, gewundert oder gehetzt<\/p>\n\n\n\n<p>und der faschismus wird fortgesetzt \u2026<\/p>\n\n\n\n<p>fast per gesetz.<\/p>\n\n\n\n<p>Von :: <strong>Elizabeta Kostadinovska<\/strong> ::<\/p>\n\n\n\n<p>So ist es, mit anderen Worten hat es Oscar Wilde* vor \u00fcber 100 Jahren gesagt und ich nehme mir die Freiheit, seine Worte zu verwenden:&nbsp;<\/p>\n\n\n\n<p>\u201eUnser Jahrhundert ist wirklich von allen das tr\u00fcbseligste und prosaischste. Wahrhaftig, sogar der Schlaf hat sein Antlitz vertauscht und hat die Elfenbeintore verschlossen und die Tore aus Horn ge\u00f6ffnet. Die Tr\u00e4ume der gro\u00dfen Mittelklassen in England (!Europa!) sind, wie aus den zwei umfangreichen B\u00e4nden des Herrn Myers \u00fcber den Gegenstand und den Verhandlungen der Physiologischen Gesellschaft hervorgeht, das tristeste, wovon ich je gelesen habe. Nicht einmal ein anst\u00e4ndiger Alpdruck findet sich darunter. Es sind Dutzendtr\u00e4ume, voller H\u00e4\u00dflichkeit und Langerweile.\u201c<\/p>\n\n\n\n<p>Die bis heute noch die Welt, die Kultur, die Literatur beherrschen und bestimmen \u2026 Die nie enden wollende Mittelm\u00e4\u00dfigkeit. Denn es gibt eine Menge Mittelm\u00e4\u00dfige, die f\u00fcr die Mittelm\u00e4\u00dfigen weiterschreiben und im Mittelpunkt stehen, versuchen Kunst zu machen, oder sie zumindest nachzuahmen, scheitern aber grandios und produzieren Langeweile, oder im besten Fall immerwiederdasselbeundnichtsneues im Prozess des Selbstrezyklierens\u2026 und die Durchschnittsleser:innen, die nicht weiterdenken k\u00f6nnen und wollen, unterst\u00fctzen dieses Mittelma\u00df brav und bilden sich ein, intellektuell zu sein und richtig zu handeln, ohne zu merken, dass das was sie preisen, nichts mit Kunst :: K-U-N-S-T :: zu tun hat. Es ist Massenkunst. Denn sie tun und lesen nur, was ihnen gesagt wird\u2026 Literatur als Kunst sollte die Sch\u00f6nheit des Denkens transportieren und nicht die Langeweile der Alltagsgeschichten, der Natursch\u00f6nheit und der Familiensagas&#8230; oder irgendwelche pseudoinnovativk\u00fcnstlerische Klugschei\u00dferei\u2026 und warum es immer noch so ist, wie es vor 100 Jahren war, sagt uns wieder Oscar Wilde:<\/p>\n\n\n\n<p>\u201eDie Gesellschaft verzeiht oft dem Verbrecher; sie verzeiht nie dem Tr\u00e4umer. Die sch\u00f6nen, zwecklosen Empfindungen, die die Kunst in uns aufregt, sind in ihren Augen hassensw\u00fcrdig, und so v\u00f6llig sind die Menschen von der Tyrannei dieses schrecklichen Gesellschaftsideals beherrscht, da\u00df sie auf Ausstellungen und an andern Orten, die dem allgemeinen Publikum ge\u00f6ffnet sind, schamlos auf einen zukommen und mit lauter Stentorstimme fragen: \u201aWas tun Sie?\u2018 w\u00e4hrend doch: \u201aWas denken Sie?\u2018 die einzige Frage ist, die ein irgend gebildeter Mensch einem andern zufl\u00fcstern d\u00fcrfte. Sie meinen es gut, ohne Zweifel, diese ehrenwerten, strahlenden Leute. Vielleicht ist das der Grund, warum sie so \u00fcberaus langweilig sind. Aber irgend jemand sollte ihnen beibringen, da\u00df zwar nach der Meinung der Gesellschaft Beschaulichkeit die schwerste S\u00fcnde ist, deren ein B\u00fcrger sich schuldig machen kann, da\u00df aber nach der Meinung der h\u00f6chsten Kultur sie das eigentliche Gesch\u00e4ft des Menschen ist.\u201c<\/p>\n\n\n\n<p>Ja, die literarische Langeweile, die viele anspricht und die viele hochsch\u00e4tzen, bringt kein Denken zustande, weder fordert sie es, noch spornt sie es an. Denn die literarische M\u00f6chtegernekunst ist pure Langeweile \u00fcbersch\u00fcttet mit Preisen und Anerkennungen, die den Teufelskreis drehen und dem Faschismus wieder helfen, aufzusteigen, denn der Durchschnitt will ja nur seine Ruhe und Pseudogem\u00fctlichkeit, aber wenn alles eskaliert, und genug Adrenalin da ist, liebt er das Staunen: WAS??? WIE??? \u00dcberraschung! \u2026 obwohl es eben keine sein sollte\u2026 wenn man vor-denken und mit Kunst und Kritik fortschrittlich fortfahren w\u00fcrde, anstatt mit der Langeweile voran in den Abgrund zu schreiten.&nbsp;<\/p>\n\n\n\n<figure class=\"wp-block-image size-large\"><img decoding=\"async\" loading=\"lazy\" width=\"960\" height=\"601\" src=\"https:\/\/www.slovokult-literatur.de\/wp-content\/uploads\/2021\/02\/clock-2015460_960_720.jpg\" alt=\"\" class=\"wp-image-5017\" srcset=\"https:\/\/www.slovokult-literatur.de\/wp-content\/uploads\/2021\/02\/clock-2015460_960_720.jpg 960w, https:\/\/www.slovokult-literatur.de\/wp-content\/uploads\/2021\/02\/clock-2015460_960_720-300x188.jpg 300w, https:\/\/www.slovokult-literatur.de\/wp-content\/uploads\/2021\/02\/clock-2015460_960_720-768x481.jpg 768w, https:\/\/www.slovokult-literatur.de\/wp-content\/uploads\/2021\/02\/clock-2015460_960_720-400x250.jpg 400w, https:\/\/www.slovokult-literatur.de\/wp-content\/uploads\/2021\/02\/clock-2015460_960_720-600x376.jpg 600w\" sizes=\"(max-width: 960px) 100vw, 960px\" \/><\/figure>\n\n\n\n<p>Leider, nicht viele lesen qualitative Literatur, weil sie selten nach oben in die \u00d6ffentlichkeit kommt,  dennoch, viele derjenigen, die glauben was Besseres zu lesen, sind auch das Mittelma\u00df, das sich von den Empfehlungen in Feuilletons oder Buchbesprechungen beraten l\u00e4sst \u2013 aber am Ende, eigentlich nur den Betrieb (und seinen Teufelskreis) f\u00f6rdert, und das Ganze ist auch so \u00e4hnlich, wie Wilde sagt: \u201eDie Mittelm\u00e4\u00dfigkeit wiegt die Mittelm\u00e4\u00dfigkeit und h\u00e4lt ihr das Gleichgewicht, und die Unf\u00e4higkeit klatscht der Unf\u00e4higkeit zu \u2013 das ist das Schauspiel, das uns die k\u00fcnstlerische Bet\u00e4tigung von Zeit zu Zeit bietet. Und doch habe ich das Gef\u00fchl, das ein bi\u00dfchen ungerecht ausgedr\u00fcckt zu haben. In der Regel stehen die Kritiker \u2013 ich spreche nat\u00fcrlich von den besseren, das hei\u00dft von denen, die f\u00fcr die billigeren Bl\u00e4tter schreiben \u2013 geistig viel h\u00f6her als die Menschen, deren Werke sie zu rezensieren haben. Auch ist von vornherein nichts anderes zu erwarten, denn die Kritik verlangt unendlich mehr Bildung als das Schaffen.\u201c<\/p>\n\n\n\n<p>\u00a0\u2013 denn das Mittelma\u00df oder sch\u00f6ner klingend: Der Durchschnitt &#8211; ist heilig**, als Publikum, denn es unterst\u00fctzt die Wirtschaftlichkeit der Literatur:<\/p>\n\n\n\n<p>der Durchschnitt bestimmt was erfolgreich ist, der Durchschnitt ist verantwortlich daf\u00fcr, dass der Durchschnitt die Kultur (Mainstream) beherrscht und die Kunst permanent im Untergrund bleibt. Mit weiteren Klischees ausgedr\u00fcckt: Die K\u00fcnstler:innen, die sich mit \u201eL\u00fcgen zum Zwecke der Wahrheit\u201c, Stil und Besonderheit auszeichnen, bleiben arm und sterben meistens arm und werden wie eh und je, viele Jahre nach dem Tod von genau diesem Durchschnitt hochgelobt und gefeiert\u2026 oft guckt der Durchschnitt zu, wie progressive Menschen verhaftet und bestraft werden, ohne ein Verbrechen begangen zu haben \u2013 und in der Zukunft werden diese Progressiven von dem gleichgesinnten Durchschnitt hochgepriesen. Wie sie es mit Oscar Wilde tun. Obwohl der Durchschnitt aufbauf\u00e4hig w\u00e4re&#8230; der Geist ist offen f\u00fcr mehr, nur &#8230;<\/p>\n\n\n\n<p>Der Durchschnitt ist heilig**, als K\u00fcnstler:innen\/Autor:innen: der Durchschnitt will unbedingt auch selber K\u00fcnstler:in sein und das tut er auch, weil heutzutage jeder schreiben und ver\u00f6ffentlichen kann, er muss nur versuchen, Kunst zu schaffen, hartn\u00e4ckig und handwerklich und am Ende hat man doch Erfolg damit, denn das Talent z\u00e4hlt nicht, man braucht es auch nicht, denn der Durchschnitt handelt in Gruppen und ist am st\u00e4rksten unter sich und verhindert jeden anderen ungew\u00f6hnlichen, klugen, gro\u00dfartigen Gedanken, nur weil er ihm fern ist\u2026 Denn der Durchschnitt verachtet den Geist und beherrscht alles und wird auch \u201eber\u00fchmt\u201c in der Gegenwart, denn er ist gef\u00e4llig, gelobt und unterst\u00fctzt von Durchschnittskritiker:innen und \u2013Kolleg:innen und dem oben genannten Publikum\u2026&nbsp;&nbsp;und vor allem von dem wirtschaftlichen, politischen und gesellschaftlichen System, von dem Literaturbetrieb &#8211; dazu geh\u00f6rt auch der freie Literaturbetrieb, der glaubt, dass er unabh\u00e4ngig und indie ist, aber zu gesch\u00e4tzten 70% den Gro\u00dfen Bruder nachahmt\u2026 So viel Aufwand f\u00fcr die Gegenwart, denn in der Zukunft bleibt von diesen Schriftsteller* und K\u00fcnstler*innen nur noch die hei\u00dfe Luft im Teufelskreis.<\/p>\n\n\n\n<figure class=\"wp-block-image size-large\"><img decoding=\"async\" loading=\"lazy\" width=\"720\" height=\"720\" src=\"https:\/\/www.slovokult-literatur.de\/wp-content\/uploads\/2021\/02\/book-2999444_960_720.jpg\" alt=\"\" class=\"wp-image-5021\" srcset=\"https:\/\/www.slovokult-literatur.de\/wp-content\/uploads\/2021\/02\/book-2999444_960_720.jpg 720w, https:\/\/www.slovokult-literatur.de\/wp-content\/uploads\/2021\/02\/book-2999444_960_720-300x300.jpg 300w, https:\/\/www.slovokult-literatur.de\/wp-content\/uploads\/2021\/02\/book-2999444_960_720-150x150.jpg 150w, https:\/\/www.slovokult-literatur.de\/wp-content\/uploads\/2021\/02\/book-2999444_960_720-400x400.jpg 400w, https:\/\/www.slovokult-literatur.de\/wp-content\/uploads\/2021\/02\/book-2999444_960_720-600x600.jpg 600w, https:\/\/www.slovokult-literatur.de\/wp-content\/uploads\/2021\/02\/book-2999444_960_720-100x100.jpg 100w\" sizes=\"(max-width: 720px) 100vw, 720px\" \/><\/figure>\n\n\n\n<p>Die Literatur, die jeder schreiben und jeder \u201ekritisieren\u201c (sprich: die Mittelm\u00e4\u00dfigkeit loben) kann, war und bleibt das Opium f\u00fcr die Massen, die Bewegungskraft des Teufelskreises\u2026 damit wir in 100 Jahren (eher weniger!) erneut sagen k\u00f6nnen: alles bleibt gleich und die D\u00e4monen des Faschismus\u2019 steigen wieder auf, weil die Mittelm\u00e4\u00dfigen und der Durchschnitt f\u00fcr immer und ewig die Welt beherrschen werden und immer nur denken werden, dass sie denken, w\u00e4hrend sie nur schlafen und im Schlaf nicken und ihre Ruhe haben und immer die nickenden Seelenverwandten finden, die sich zusammen am besten in der Langeweile unterhalten, die nicht nur k\u00fcnstlerisch, sondern auch menschlich und kulturell und gesellschaftlich versagen und alle in den Abgrund f\u00fchren\u2026 Denn Schlafen und Tr\u00e4umen sind manchmal dasselbe, besonders in der sich verbreitende Langeweile und im aufsteigenden Faschismus\u2026 beide ein Ergebnis der Mittelm\u00e4\u00dfigkeit (ich tue nur, was von mir erwartet wird) \u2013 denn ein Gegenteil davon w\u00e4re der (geistige) Fortschritt, der nur durch Qualit\u00e4t und (konstruktive) Kritik zu erreichen ist \u2013 hei\u00dft, der ist f\u00fcr die Menschheit in keinem Sinne erreichbar \u2013 aber hier am Beispiel vom all zu langen Status Quo scheitern wir alle\u2026 wenn der Schlaf und der Traum zwei verschiedene sch\u00f6ne Sachen w\u00e4ren \u2013 1. um sich zu erholen und 2. den Geist zum h\u00f6heren Bewusstsein zu trainieren \u2013&nbsp;w\u00fcrde es anders kommen&#8230;<\/p>\n\n\n\n<p>in diesem Sinne wird das Aufwachen, ein Wunder sein \u2013 das nat\u00fcrlich mit \u201esich wundern\u201c weitergehen wird \u2013 zum Abgrund hin. <\/p>\n\n\n\n<p>*&nbsp;<br><a href=\"https:\/\/de.wikisource.org\/wiki\/Oscar_Wilde\" target=\"_blank\" rel=\"noreferrer noopener\">Oscar Wilde<\/a>&nbsp;&nbsp;<br>\u00fcbersetzt von&nbsp;&nbsp;<a href=\"https:\/\/de.wikisource.org\/wiki\/Gustav_Landauer\" target=\"_blank\" rel=\"noreferrer noopener\">Gustav Landauer<\/a>,&nbsp;<a href=\"https:\/\/de.wikisource.org\/wiki\/Hedwig_Lachmann\" target=\"_blank\" rel=\"noreferrer noopener\">Hedwig Lachmann<\/a>:&nbsp;<a href=\"https:\/\/de.wikisource.org\/wiki\/Zwei_Gespr%C3%A4che_von_der_Kunst_und_vom_Leben\" target=\"_blank\" rel=\"noreferrer noopener\"><em>Zwei Gespr\u00e4che von der Kunst und vom Leben<\/em><\/a>. Insel, Leipzig 1907<\/p>\n\n\n\n<p>** Assoziation zum Gedicht \u201eDenn Durchschnitt ist heilig\u201c, das sich mit dem Thema besch\u00e4ftigt, ver\u00f6ffentlicht in dem Gedichtband :: <a href=\"https:\/\/www.slovokult-literatur.de\/index.php\/produkt\/elizabeta-kostadinovska-lyrik-kunst\/\">Zweiz\u00e4hlig zu Besuch bei dem endlosen Abgrund :: 2020 :: SlovoKult :: Literatur\/a + Art Equilibrium<\/a><\/p>\n","protected":false},"excerpt":{"rendered":"<p>oder wie gef\u00e4hrlich ist die Massenliteratur? Wake up from a living sleepDemons rise up&nbsp; :: Wire &#8211; Time Lock Fog :: Und so jahrhundertelang&nbsp; ignorieren und verbannen was nicht passt&nbsp; alles und jeder hat sich passend gemacht und keiner ist [&hellip;]<\/p>\n","protected":false},"author":1,"featured_media":2599,"parent":2589,"menu_order":0,"comment_status":"closed","ping_status":"closed","template":"","meta":{"footnotes":""},"_links":{"self":[{"href":"https:\/\/www.slovokult-literatur.de\/index.php\/wp-json\/wp\/v2\/pages\/5009"}],"collection":[{"href":"https:\/\/www.slovokult-literatur.de\/index.php\/wp-json\/wp\/v2\/pages"}],"about":[{"href":"https:\/\/www.slovokult-literatur.de\/index.php\/wp-json\/wp\/v2\/types\/page"}],"author":[{"embeddable":true,"href":"https:\/\/www.slovokult-literatur.de\/index.php\/wp-json\/wp\/v2\/users\/1"}],"replies":[{"embeddable":true,"href":"https:\/\/www.slovokult-literatur.de\/index.php\/wp-json\/wp\/v2\/comments?post=5009"}],"version-history":[{"count":14,"href":"https:\/\/www.slovokult-literatur.de\/index.php\/wp-json\/wp\/v2\/pages\/5009\/revisions"}],"predecessor-version":[{"id":5038,"href":"https:\/\/www.slovokult-literatur.de\/index.php\/wp-json\/wp\/v2\/pages\/5009\/revisions\/5038"}],"up":[{"embeddable":true,"href":"https:\/\/www.slovokult-literatur.de\/index.php\/wp-json\/wp\/v2\/pages\/2589"}],"wp:featuredmedia":[{"embeddable":true,"href":"https:\/\/www.slovokult-literatur.de\/index.php\/wp-json\/wp\/v2\/media\/2599"}],"wp:attachment":[{"href":"https:\/\/www.slovokult-literatur.de\/index.php\/wp-json\/wp\/v2\/media?parent=5009"}],"curies":[{"name":"wp","href":"https:\/\/api.w.org\/{rel}","templated":true}]}}