{"id":4830,"date":"2021-01-04T00:59:37","date_gmt":"2021-01-03T23:59:37","guid":{"rendered":"http:\/\/www.slovokult-literatur.de\/?page_id=4830"},"modified":"2021-01-13T00:46:25","modified_gmt":"2021-01-12T23:46:25","slug":"anja-kuemmel-piece-of-cake","status":"publish","type":"page","link":"https:\/\/www.slovokult-literatur.de\/index.php\/aussage-gegen-ausdruck\/anja-kuemmel-piece-of-cake\/","title":{"rendered":"Anja K\u00fcmmel :: Piece of cake"},"content":{"rendered":"\n<p><em>Textcollage f\u00fcr die <strong>Biennale SlovoKult :: literARTour 2020 :: Berlin<\/strong><\/em><\/p>\n\n\n\n<p><em>Aufgeteilt in drei Sprachen :: DE :: MK :: EN mit Bildern von Dijna Tomik Radevska und Michaela Strumberger :: <strong>in der Festival-Anthologie 2020<\/strong> :<\/em>:<\/p>\n\n\n\n<div class=\"wp-block-media-text alignwide is-stacked-on-mobile is-vertically-aligned-bottom\"><figure class=\"wp-block-media-text__media\"><a href=\"https:\/\/www.slovokult-literatur.de\/index.php\/produkt\/slovokult-literartour-2020-anthologie-anthology\/\"><img decoding=\"async\" loading=\"lazy\" width=\"1024\" height=\"768\" src=\"https:\/\/www.slovokult-literatur.de\/wp-content\/uploads\/2021\/01\/IMG_3803-2-1024x768.jpg\" alt=\"\" class=\"wp-image-4859 size-full\" srcset=\"https:\/\/www.slovokult-literatur.de\/wp-content\/uploads\/2021\/01\/IMG_3803-2-1024x768.jpg 1024w, https:\/\/www.slovokult-literatur.de\/wp-content\/uploads\/2021\/01\/IMG_3803-2-scaled-600x450.jpg 600w, https:\/\/www.slovokult-literatur.de\/wp-content\/uploads\/2021\/01\/IMG_3803-2-300x225.jpg 300w, https:\/\/www.slovokult-literatur.de\/wp-content\/uploads\/2021\/01\/IMG_3803-2-768x576.jpg 768w, https:\/\/www.slovokult-literatur.de\/wp-content\/uploads\/2021\/01\/IMG_3803-2-1536x1152.jpg 1536w, https:\/\/www.slovokult-literatur.de\/wp-content\/uploads\/2021\/01\/IMG_3803-2-2048x1536.jpg 2048w, https:\/\/www.slovokult-literatur.de\/wp-content\/uploads\/2021\/01\/IMG_3803-2-400x300.jpg 400w\" sizes=\"(max-width: 1024px) 100vw, 1024px\" \/><\/a><\/figure><div class=\"wp-block-media-text__content\">\n<p class=\"has-large-font-size\">Anthologie 2020 ::<\/p>\n<\/div><\/div>\n\n\n\n<p>:: Den ersten Teil des Textes findet man in der Anthologie ::<\/p>\n\n\n\n<figure class=\"wp-block-image\"><img decoding=\"async\" loading=\"lazy\" width=\"1024\" height=\"768\" src=\"https:\/\/www.slovokult-literatur.de\/wp-content\/uploads\/2021\/01\/IMG_3804-1024x768.jpg\" alt=\"\" class=\"wp-image-4865\" srcset=\"https:\/\/www.slovokult-literatur.de\/wp-content\/uploads\/2021\/01\/IMG_3804-1024x768.jpg 1024w, https:\/\/www.slovokult-literatur.de\/wp-content\/uploads\/2021\/01\/IMG_3804-scaled-600x450.jpg 600w, https:\/\/www.slovokult-literatur.de\/wp-content\/uploads\/2021\/01\/IMG_3804-300x225.jpg 300w, https:\/\/www.slovokult-literatur.de\/wp-content\/uploads\/2021\/01\/IMG_3804-768x576.jpg 768w, https:\/\/www.slovokult-literatur.de\/wp-content\/uploads\/2021\/01\/IMG_3804-1536x1152.jpg 1536w, https:\/\/www.slovokult-literatur.de\/wp-content\/uploads\/2021\/01\/IMG_3804-2048x1536.jpg 2048w, https:\/\/www.slovokult-literatur.de\/wp-content\/uploads\/2021\/01\/IMG_3804-400x300.jpg 400w\" sizes=\"(max-width: 1024px) 100vw, 1024px\" \/><\/figure>\n\n\n\n<p><strong><a href=\"https:\/\/www.slovokult-literatur.de\/index.php\/aussage-gegen-ausdruck\/anja-kuemmel-piece-of-cake\/anja-kuemmel-piece-of-cake-en\/\" data-type=\"page\" data-id=\"4849\">ENGLISH<\/a><\/strong><\/p>\n\n\n\n<p>*<\/p>\n\n\n\n<p>Seit der Ver\u00f6ffentlichung von&nbsp;<em>Testo Junkie<\/em>&nbsp;sind zehn, f\u00fcnf, zwei Jahre vergangen. Die&nbsp;<em>kontrollierte Vergiftung<\/em>&nbsp;hat sich durchs Spanische, Franz\u00f6sische, Englische, und schlie\u00dflich auch ins Deutsche gefressen \u2013 eine Krankheit und deren Heilung zugleich.<\/p>\n\n\n\n<p>Seit drei Jahren steht die Ausgabe der&nbsp;<em>Feminist Press<\/em>&nbsp;in meinem B\u00fccherschrank. Sie hat den Transfer vom Spanischen ins Franz\u00f6sische ins Englische geschafft. Doch erst k\u00fcrzlich hat der Virus einen neuen Wirt erreicht. Schuld sind ein paar Zines aus Belgien. In einer von ihnen bespricht ein junger trans Mann ein Buch \u00fcber Testosteron, das \u2013 laut seiner Rezi \u2013 mit keinem Satz auf die Perspektive von trans Menschen eingeht.<\/p>\n\n\n\n<p>Hast du&nbsp;<em>Testo Junkie<\/em>&nbsp;gelesen? will ich ihn fragen. Und dann f\u00e4llt mir ein, dass ich es selbst noch immer nicht gelesen habe.<\/p>\n\n\n\n<p>Der Grund, das Buch nun aus dem Schrank zu nehmen, ist also der Anflug eines Crushs auf M., den ich einmal gesehen, auf dem Zine Fest in Berlin, ziemlich am Anfang seiner Transition. Hochgewachsen, schlank, schwarze R\u00f6hrenjeans, kurze blonde Haare, dickrandige Brille. Noch kein Bartwuchs.<\/p>\n\n\n\n<p>Mich \u00fcberrascht dieser Crush, denn generell ziehen mich feminine bis androgyne Menschen an.&nbsp;<em>Feminin, androgyn \u2013&nbsp;<\/em>was immer man sich darunter vorstellen mag.<\/p>\n\n\n\n<p>Was ist es also bei M.?&nbsp;<\/p>\n\n\n\n<p>Das Dandyhafte, sage ich spontan zu einer gemeinsamen Freundin.<\/p>\n\n\n\n<p>Sie nickt und lacht.<\/p>\n\n\n\n<figure class=\"wp-block-image size-large\"><img decoding=\"async\" loading=\"lazy\" width=\"1000\" height=\"667\" src=\"http:\/\/www.slovokult-literatur.de\/wp-content\/uploads\/2021\/01\/Michaela-Strumberger-Face.jpg\" alt=\"\" class=\"wp-image-4833\" srcset=\"https:\/\/www.slovokult-literatur.de\/wp-content\/uploads\/2021\/01\/Michaela-Strumberger-Face.jpg 1000w, https:\/\/www.slovokult-literatur.de\/wp-content\/uploads\/2021\/01\/Michaela-Strumberger-Face-600x400.jpg 600w, https:\/\/www.slovokult-literatur.de\/wp-content\/uploads\/2021\/01\/Michaela-Strumberger-Face-300x200.jpg 300w, https:\/\/www.slovokult-literatur.de\/wp-content\/uploads\/2021\/01\/Michaela-Strumberger-Face-768x512.jpg 768w, https:\/\/www.slovokult-literatur.de\/wp-content\/uploads\/2021\/01\/Michaela-Strumberger-Face-400x267.jpg 400w\" sizes=\"(max-width: 1000px) 100vw, 1000px\" \/><figcaption><strong>Michaela Strumberger :: Le pooch :: <\/strong><\/figcaption><\/figure>\n\n\n\n<p>Wenn ich M. anschaue, sehe ich frei flottierende Attribute, die sich, wie Bienen oder Schmetterlinge, f\u00fcr kurz oder lang auf seinem K\u00f6rper niederlassen<a href=\"applewebdata:\/\/720BA8AB-ABCC-4204-8349-E642B68C37BB#_ftn1\"><sup>[1]<\/sup><\/a>: Weichheit, Verletzlichkeit, W\u00e4rme. Sie haben hier, an und in M., ihre&nbsp;<em>typisch weibliche<\/em>Konnotation verloren. Vielleicht, weil M., bewusst oder unbewusst, die Codes einer Twink-, einer Geek-, einer Sissyboy-\u00c4sthetik derart perfekt beherrscht, dass sie seine Geschlechtsidentit\u00e4t keine Sekunde lang in Zweifel ziehen.<\/p>\n\n\n\n<p>*<\/p>\n\n\n\n<p><em>The most beautiful, the most heterosexual, the ones waiting for Prince Charming full of natural testosterone.&nbsp;<\/em>In seiner Jugend wird Preciado inst\u00e4ndig gewarnt vor seinem&nbsp;<em>megalomanen&nbsp;<\/em>Begehren. Bereits 2005 beginnen die Grenzen zwischen&nbsp;<em>nat\u00fcrlich<\/em>und&nbsp;<em>unnat\u00fcrlich<\/em>&nbsp;zu verwischen. Es ist nicht mehr allzu schwer, an Testogel zu kommen, vorbei an medizinischen, psychotherapeutischen, juristischen Institutionen, vorbei am vorgesehenen Geschlechtsangleichungs-Protokoll.<\/p>\n\n\n\n<p>2019 ist es, beinahe,&nbsp;<em>ein Kinderspiel<\/em>. Eine unmerkliche, unsichtbare Ansteckung, von Mund zu Mund, Ohr zu Ohr, Haut zu Haut, Papier zu Stift, Epidermis zu Display.<\/p>\n\n\n\n<p>Unkontrollierbar<em>&nbsp;der Schmuggel des Ausatmens, der Import und Export von D\u00e4mpfen \u2013&nbsp;<\/em><\/p>\n\n\n\n<p>der leichte Schwindel, die gl\u00fchende Aura einer W\u00e4rmebildkamera. F\u00fchlt es sich so an, wenn der Schuss ins Blut str\u00f6mt? Verlockend, die eigent\u00fcmliche Luzidit\u00e4t, die Preciado beschreibt, den Boost an ungeahnter Energie, die n\u00e4chtlichen Spazierg\u00e4nge ohne Ziel. Nach nur wenigen Monaten Stimmbruch. Fettumverteilung. Eisenmangel ad\u00e9. Das eigene Sterben aufzuhalten \u2013 auch wenn, statistisch gesehen, auf T die Lebenserwartung um ein paar Jahre sinkt.<\/p>\n\n\n\n<p>*<\/p>\n\n\n\n<p>In einer nahen Zukunft hilft das psychedelische Serum zwittriger Weinbergschnecken, die Ungerechtigkeiten der Natur zu \u00fcberwinden. Er\u00f6ffnen K\u00f6rper-Apps mit wenigen Klicks neue M\u00f6glichkeiten. So oder \u00e4hnlich in Doireann O\u2019Malleys Film-Installation&nbsp;<em>Prototypes<\/em>.<\/p>\n\n\n\n<p>Gro\u00dfz\u00fcgige Glasfronten \u2013 jenseits \u00fcppiges Gr\u00fcn, diesseits gl\u00e4nzende Prospekte, die die Erweckung des&nbsp;<em>wahren, inneren Potentials<\/em>&nbsp;versprechen \u2013 aus dem Off das leise Klirren von Porzellan (wie von deinem Balkon, an einem Sommermorgen), w\u00e4hrend die Augen lautloser Drohnen liebevoll \u00fcber Schuhe, Waden, Knie gleiten, ber\u00fchrungslos \u00fcber Schultern, Nacken, Haare streichen.<\/p>\n\n\n\n<p>Das Samsung-Tastenhandy in meiner Hosentasche vibriert.&nbsp;<em>Wer kommt, den eigenen Tod zu r\u00e4chen, ist ein b\u00f6ser Geist.<\/em>&nbsp;Von links streift mich, oder das Relikt in meiner Hand, ein L\u00e4cheln.&nbsp;Schon heute schlie\u00dft mich meine Weigerung, Erweiterungen vorzunehmen, die im Bereich des Machbaren liegen, von vielen Formen der Gemeinschaft aus. Was h\u00e4lt mich davon ab,&nbsp;<em>m<\/em><em>einer low-tech Identit\u00e4t eine molekulare Prothese hinzuzuf\u00fcgen<\/em>, mich auf dem Spielfeld somatischer Fiktionen zu optimieren?<\/p>\n\n\n\n<p>Es geht nicht darum, begehrenswerter zu sein, sagt D.&nbsp;Es geht um&nbsp;<em>Lesbarkeit<\/em>.&nbsp;Und geht zum Buffet. Ein kategorisches Statement, das nicht recht zur Vielschichtigkeit von&nbsp;<em>Prototypes&nbsp;<\/em>zu passen scheint.&nbsp;Zur Vision von Geschlecht als Raum, der nur durch das sichtbar wird, was er nicht ist: W\u00e4nde, Boden und Decke. Das wei\u00dfe Viereck um ein leeres Feld.<\/p>\n\n\n\n<p><em>Prototypes<\/em>&nbsp;ist nicht der einzige Beitrag auf dem Cyfem &amp; Queer Symposium, der sich auf Preciado bezieht. Im Anschluss an die Performance&nbsp;<em>D\u00f6ner-Blackout<\/em>&nbsp;<em>or<\/em>&nbsp;<em>Press Conference: Testo Soap&nbsp;<\/em>spreche ich kurz mit&nbsp;G\u00f6ksu Kunak a.k.a Gucci Chunk.<\/p>\n\n\n\n<p>Ze erz\u00e4hlt, vor einer Weile h\u00e4tte ze \u00fcberlegt, T zu nehmen, und sich dann dagegen entschieden, weil ze oft zire Familie in der T\u00fcrkei besucht und das auf T wahrscheinlich nicht mehr m\u00f6glich w\u00e4re.<\/p>\n\n\n\n<p>Was f\u00fcr eine Ironie, bemerke ich, dass ich mich als queerer Mensch in Berlin mehr und mehr unter Druck f\u00fchle, T zu nehmen, w\u00e4hrend G. in der T\u00fcrkei so viel Druck f\u00fchlt,&nbsp;<em>kein<\/em>&nbsp;T zu nehmen \u2026<\/p>\n\n\n\n<p>G. lacht ein bisschen nerv\u00f6s und sagt:&nbsp;Well I think everybody should do what they want.<\/p>\n\n\n\n<p>*<\/p>\n\n\n\n<p>Es ist nicht immer der Abh\u00e4ngige, der die Substanz injiziert.<\/p>\n\n\n\n<p>Tats\u00e4chlich ist, in der deutschen Version von&nbsp;<em>Testo Junkie<\/em>, ein eleganter Glitch passiert:&nbsp;<em>Vollgepumpt mit nat\u00fcrlichem Testosteron<\/em>&nbsp;sind nun nicht mehr die M\u00e4rchenprinzen, sondern, per heimlicher Osmose,&nbsp;<em>alle M\u00e4dchen, auch die sch\u00f6nsten, die heterosexuellsten<\/em>.<\/p>\n\n\n\n<p>*<\/p>\n\n\n\n<p>Paul, will ich fragen, wann h\u00f6rte das Experiment auf, Experiment zu sein? Warst du schon immer Paul? Oder ab welchem Moment fingst du an, es zu sein?<\/p>\n\n\n\n<p>Ich denke an G.s Reisen in die T\u00fcrkei, an Passkontrollen und Sicherheitschecks. Notwendige Zugest\u00e4ndnisse an das Zwei-Geschlechter-System. Aber auch, wie schwer Sucht und Willen miteinander vereinbar sind.<\/p>\n\n\n\n<p>Finge ich an, T zu nehmen, w\u00fcrde ich kein Make-up mehr verwenden, nie mehr R\u00f6cke tragen wollen? W\u00fcrde ich, fr\u00fcher oder sp\u00e4ter, mein Haar abschneiden? Was w\u00fcrde die durchsichtige, gelatin\u00f6se Substanz machen mit meinen Vorstellungen von mir?<\/p>\n\n\n\n<p>Was mich an M. anzog, denk ich im Nachhinein, war jenes Flirren rund um den&nbsp;<em>Point of no return<\/em>. Das allererste, fl\u00fcchtige Erhitzen geheimer Tinte. Wenn du zu ahnen beginnst, dass da etwas zwischen den Zeilen steht. Hieroglyphen, von jahrtausendealtem Staub bedeckt; ein unvollst\u00e4ndig frei gekratzter Code.<\/p>\n\n\n\n<hr class=\"wp-block-separator\"\/>\n\n\n\n<p><a href=\"applewebdata:\/\/720BA8AB-ABCC-4204-8349-E642B68C37BB#_ftnref1\"><sup>[1]<\/sup><\/a>&nbsp;Oder, auch das ist m\u00f6glich, sich von innen heraus an die Oberfl\u00e4che fressen und dort fl\u00fcchtige Blasen werfen.<\/p>\n\n\n\n<hr class=\"wp-block-separator\"\/>\n\n\n\n<p><strong><em>Ausschnitte aus :: Schimmernder Dunst \u00fcber Perel\u00edn :: Sch\u00f6ner Lesen 141, SuKuLTur, Berlin :: 2015<\/em><\/strong><\/p>\n\n\n\n<p><\/p>\n","protected":false},"excerpt":{"rendered":"<p>Textcollage f\u00fcr die Biennale SlovoKult :: literARTour 2020 :: Berlin Aufgeteilt in drei Sprachen :: DE :: MK :: EN mit Bildern von Dijna Tomik Radevska und Michaela Strumberger :: in der Festival-Anthologie 2020 :: Anthologie 2020 :: :: Den [&hellip;]<\/p>\n","protected":false},"author":1,"featured_media":4833,"parent":466,"menu_order":0,"comment_status":"closed","ping_status":"closed","template":"","meta":{"footnotes":""},"_links":{"self":[{"href":"https:\/\/www.slovokult-literatur.de\/index.php\/wp-json\/wp\/v2\/pages\/4830"}],"collection":[{"href":"https:\/\/www.slovokult-literatur.de\/index.php\/wp-json\/wp\/v2\/pages"}],"about":[{"href":"https:\/\/www.slovokult-literatur.de\/index.php\/wp-json\/wp\/v2\/types\/page"}],"author":[{"embeddable":true,"href":"https:\/\/www.slovokult-literatur.de\/index.php\/wp-json\/wp\/v2\/users\/1"}],"replies":[{"embeddable":true,"href":"https:\/\/www.slovokult-literatur.de\/index.php\/wp-json\/wp\/v2\/comments?post=4830"}],"version-history":[{"count":21,"href":"https:\/\/www.slovokult-literatur.de\/index.php\/wp-json\/wp\/v2\/pages\/4830\/revisions"}],"predecessor-version":[{"id":4994,"href":"https:\/\/www.slovokult-literatur.de\/index.php\/wp-json\/wp\/v2\/pages\/4830\/revisions\/4994"}],"up":[{"embeddable":true,"href":"https:\/\/www.slovokult-literatur.de\/index.php\/wp-json\/wp\/v2\/pages\/466"}],"wp:featuredmedia":[{"embeddable":true,"href":"https:\/\/www.slovokult-literatur.de\/index.php\/wp-json\/wp\/v2\/media\/4833"}],"wp:attachment":[{"href":"https:\/\/www.slovokult-literatur.de\/index.php\/wp-json\/wp\/v2\/media?parent=4830"}],"curies":[{"name":"wp","href":"https:\/\/api.w.org\/{rel}","templated":true}]}}