{"id":4496,"date":"2020-11-04T01:53:39","date_gmt":"2020-11-04T00:53:39","guid":{"rendered":"http:\/\/www.slovokult-literatur.de\/?page_id=4496"},"modified":"2020-11-11T15:48:41","modified_gmt":"2020-11-11T14:48:41","slug":"anja-kuemmel-dijana-tomik","status":"publish","type":"page","link":"https:\/\/www.slovokult-literatur.de\/index.php\/slovokult-literartour-2020\/inhalte-und-programm\/berlin-2020\/anja-kuemmel-dijana-tomik\/","title":{"rendered":":: Anja K\u00fcmmel :: Dijana Tomik"},"content":{"rendered":"<h4><strong>:: SlovoKult :: literARTour :: 2020 <\/strong><strong>::\u00a0<\/strong><strong><a href=\"http:\/\/www.slovokult-literatur.de\/index.php\/slovokult-literartour-2020\/\">Biennale f\u00fcr zeitgen\u00f6ssische K\u00fcnste<sup><span lang=\"EN-US\">2<\/span><\/sup><\/a> ::\u00a0<\/strong><\/h4>\n<h4><a href=\"http:\/\/www.slovokult-literatur.de\/index.php\/slovokult-literartour-2020\/inhalte-und-programm\/berlin-2020\/\">:: Berlin :: 2020 ::<\/a><\/h4>\n<p><strong>:: Anja K\u00fcmmel :: Piece of Cake (Auszug)<\/strong><\/p>\n<p>Paul, will ich fragen, wann h\u00f6rte das Experiment auf, Experiment zu sein? Warst du schon immer Paul? Oder ab welchem Moment fingst du an, es zu sein?<\/p>\n<p>Tats\u00e4chlich ist, in der deutschen Version von <em>Testo Junkie<\/em>, ein eleganter Glitch passiert: <em>Vollgepumpt mit nat\u00fcrlichem Testosteron<\/em>sind nun nicht mehr die M\u00e4rchenprinzen, sondern, per heimlicher Osmose, <em>alle M\u00e4dchen, auch die sch\u00f6nsten, die heterosexuellsten<\/em>.<\/p>\n<p><strong>:: Dijana Tomik :: Mnemonic<\/strong><\/p>\n<p><a href=\"http:\/\/www.slovokult-literatur.de\/wp-content\/uploads\/2020\/11\/Dijana-Tomik-MNEMONIC-7.jpg\"><img decoding=\"async\" loading=\"lazy\" class=\"alignnone wp-image-4497 size-medium\" src=\"http:\/\/www.slovokult-literatur.de\/wp-content\/uploads\/2020\/11\/Dijana-Tomik-MNEMONIC-7-300x199.jpg\" alt=\"\" width=\"300\" height=\"199\" srcset=\"https:\/\/www.slovokult-literatur.de\/wp-content\/uploads\/2020\/11\/Dijana-Tomik-MNEMONIC-7-300x199.jpg 300w, https:\/\/www.slovokult-literatur.de\/wp-content\/uploads\/2020\/11\/Dijana-Tomik-MNEMONIC-7-768x510.jpg 768w, https:\/\/www.slovokult-literatur.de\/wp-content\/uploads\/2020\/11\/Dijana-Tomik-MNEMONIC-7-1024x680.jpg 1024w, https:\/\/www.slovokult-literatur.de\/wp-content\/uploads\/2020\/11\/Dijana-Tomik-MNEMONIC-7-400x266.jpg 400w, https:\/\/www.slovokult-literatur.de\/wp-content\/uploads\/2020\/11\/Dijana-Tomik-MNEMONIC-7.jpg 1654w\" sizes=\"(max-width: 300px) 100vw, 300px\" \/><\/a><\/p>\n<p>Paul, let me ask, when did the experiment cease to be an experiment? Have you always been Paul? Or at what moment did you begin to be?<\/p>\n<p>In fact, in the German version of <em>Testo Junkie<\/em>, an elegant glitch happened<em>: <\/em>It\u2019s no longer the fairytale princes who are <em>pumped up with natural testosterone<\/em>, but, by secret osmosis, <em>all girls, even the most beautiful, the most heterosexual. <\/em><\/p>\n<p>:: English translation by <strong>Nadia Crocker<\/strong> ::<\/p>\n<p>Video with soundscapes by <strong>JD Zazie<\/strong> :: from her album ::\u00a0<a href=\"https:\/\/carapax1.bandcamp.com\/releases\" target=\"_blank\" rel=\"noopener\"><strong>Memory Loss<\/strong><\/a><\/p>\n<p><iframe loading=\"lazy\" width=\"640\" height=\"360\" src=\"https:\/\/www.youtube.com\/embed\/3yBcjIwcvh8?feature=oembed\" frameborder=\"0\" allow=\"accelerometer; autoplay; clipboard-write; encrypted-media; gyroscope; picture-in-picture\" allowfullscreen><\/iframe><\/p>\n","protected":false},"excerpt":{"rendered":"<p>:: SlovoKult :: literARTour :: 2020 ::\u00a0Biennale f\u00fcr zeitgen\u00f6ssische K\u00fcnste2 ::\u00a0 :: Berlin :: 2020 :: :: Anja K\u00fcmmel :: Piece of Cake (Auszug) Paul, will ich fragen, wann h\u00f6rte das Experiment auf, Experiment zu sein? Warst du schon immer [&hellip;]<\/p>\n","protected":false},"author":1,"featured_media":4497,"parent":4291,"menu_order":0,"comment_status":"closed","ping_status":"closed","template":"","meta":{"footnotes":""},"_links":{"self":[{"href":"https:\/\/www.slovokult-literatur.de\/index.php\/wp-json\/wp\/v2\/pages\/4496"}],"collection":[{"href":"https:\/\/www.slovokult-literatur.de\/index.php\/wp-json\/wp\/v2\/pages"}],"about":[{"href":"https:\/\/www.slovokult-literatur.de\/index.php\/wp-json\/wp\/v2\/types\/page"}],"author":[{"embeddable":true,"href":"https:\/\/www.slovokult-literatur.de\/index.php\/wp-json\/wp\/v2\/users\/1"}],"replies":[{"embeddable":true,"href":"https:\/\/www.slovokult-literatur.de\/index.php\/wp-json\/wp\/v2\/comments?post=4496"}],"version-history":[{"count":6,"href":"https:\/\/www.slovokult-literatur.de\/index.php\/wp-json\/wp\/v2\/pages\/4496\/revisions"}],"predecessor-version":[{"id":4605,"href":"https:\/\/www.slovokult-literatur.de\/index.php\/wp-json\/wp\/v2\/pages\/4496\/revisions\/4605"}],"up":[{"embeddable":true,"href":"https:\/\/www.slovokult-literatur.de\/index.php\/wp-json\/wp\/v2\/pages\/4291"}],"wp:featuredmedia":[{"embeddable":true,"href":"https:\/\/www.slovokult-literatur.de\/index.php\/wp-json\/wp\/v2\/media\/4497"}],"wp:attachment":[{"href":"https:\/\/www.slovokult-literatur.de\/index.php\/wp-json\/wp\/v2\/media?parent=4496"}],"curies":[{"name":"wp","href":"https:\/\/api.w.org\/{rel}","templated":true}]}}