{"id":4258,"date":"2020-10-06T14:45:30","date_gmt":"2020-10-06T12:45:30","guid":{"rendered":"http:\/\/www.slovokult-literatur.de\/?page_id=4258"},"modified":"2023-02-28T17:38:15","modified_gmt":"2023-02-28T16:38:15","slug":"berlin","status":"publish","type":"page","link":"https:\/\/www.slovokult-literatur.de\/index.php\/slovokult-literartour-2020\/english\/content-and-program\/berlin\/","title":{"rendered":":: Program :: ACUD-Theater"},"content":{"rendered":"<h4 class=\"entry-title\">:: SlovoKult:: literARTour :: 2020 ::<\/h4>\n<h4 class=\"entry-title\"><strong>:: Biennial of contemporary arts<sup><span lang=\"EN-US\">2<\/span><\/sup><\/strong>::<\/h4>\n<p><strong>::<a href=\"http:\/\/www.slovokult-literatur.de\/index.php\/slovokult-literartour-2020\/english\/content-and-program\/\"> Contents and program :: EN<\/a> :: <a href=\"http:\/\/www.slovokult-literatur.de\/index.php\/slovokult-literartour-2020-aktuell\/\">DE<\/a> :: <a href=\"http:\/\/www.slovokult.eu\/index.php\/2020\/07\/13\/slovokult-literartour-2020-aktuelno\/\" target=\"_blank\" rel=\"noopener\">MK<\/a> ::\u00a0<\/strong><\/p>\n<p>Biennial of contemporary arts :: <strong>SlovoKult :: literARTour :: 2020 <\/strong>:: <strong>NEW DATES :: EXTENDED PROGRAM ::<\/strong><\/p>\n<p><strong><a href=\"http:\/\/www.slovokult-literatur.de\/wp-content\/uploads\/2020\/11\/Plakat_Slovokult-literARTour.jpg\"><img decoding=\"async\" loading=\"lazy\" class=\"alignleft wp-image-4506 size-medium\" src=\"http:\/\/www.slovokult-literatur.de\/wp-content\/uploads\/2020\/11\/Plakat_Slovokult-literARTour-212x300.jpg\" alt=\"\" width=\"212\" height=\"300\" srcset=\"https:\/\/www.slovokult-literatur.de\/wp-content\/uploads\/2020\/11\/Plakat_Slovokult-literARTour-212x300.jpg 212w, https:\/\/www.slovokult-literatur.de\/wp-content\/uploads\/2020\/11\/Plakat_Slovokult-literARTour-768x1086.jpg 768w, https:\/\/www.slovokult-literatur.de\/wp-content\/uploads\/2020\/11\/Plakat_Slovokult-literARTour-724x1024.jpg 724w, https:\/\/www.slovokult-literatur.de\/wp-content\/uploads\/2020\/11\/Plakat_Slovokult-literARTour-400x566.jpg 400w\" sizes=\"(max-width: 212px) 100vw, 212px\" \/><\/a><\/strong>organized by<\/p>\n<p><strong><em>SlovoKult :: Literatur Berlin :: <\/em><\/strong><\/p>\n<p><strong><em>ACUD-Theater :: 21.-23.12.2020<\/em><\/strong><\/p>\n<p><strong>STAALPLAAT Berlin :: 20.-23.12.2020<\/strong><\/p>\n<p>Artistic Director: <strong>Elizabeta Lindner<\/strong><\/p>\n<p>Funded by: <strong>Berlin Senatsverwaltung f\u00fcr Kultur und Europa and Traduki<\/strong><\/p>\n<p>Special Guests: The Editors of ::<\/p>\n<p><strong>Prolog \u2013 Zeitschrift f\u00fcr Zeichnung und Text, Dorit Trebeljahr and Anton Schwarzbach <\/strong>(Berlin)<\/p>\n<p>Film Documentation (Berlin): <strong>Peter Zach<\/strong><\/p>\n<p>Poster and leaflet design: <strong>Katrin Salentin<\/strong><\/p>\n<p>Assistant (till end of October): <strong>Nadia Crocker<\/strong><\/p>\n<p>Info :: <strong><em>www.slovokult-literatur.de<\/em><\/strong><\/p>\n<p><strong><em><img decoding=\"async\" loading=\"lazy\" class=\"alignnone wp-image-4744 size-thumbnail\" src=\"http:\/\/www.slovokult-literatur.de\/wp-content\/uploads\/2020\/12\/staalplat-klein-150x150.png\" alt=\"\" width=\"150\" height=\"150\" srcset=\"https:\/\/www.slovokult-literatur.de\/wp-content\/uploads\/2020\/12\/staalplat-klein-150x150.png 150w, https:\/\/www.slovokult-literatur.de\/wp-content\/uploads\/2020\/12\/staalplat-klein-300x300.png 300w, https:\/\/www.slovokult-literatur.de\/wp-content\/uploads\/2020\/12\/staalplat-klein-100x100.png 100w\" sizes=\"(max-width: 150px) 100vw, 150px\" \/> <img decoding=\"async\" loading=\"lazy\" class=\"alignnone size-medium wp-image-4731\" src=\"http:\/\/www.slovokult-literatur.de\/wp-content\/uploads\/2020\/12\/Rahmenprogramm-300x155.png\" alt=\"\" width=\"300\" height=\"155\" srcset=\"https:\/\/www.slovokult-literatur.de\/wp-content\/uploads\/2020\/12\/Rahmenprogramm-300x155.png 300w, https:\/\/www.slovokult-literatur.de\/wp-content\/uploads\/2020\/12\/Rahmenprogramm-400x207.png 400w, https:\/\/www.slovokult-literatur.de\/wp-content\/uploads\/2020\/12\/Rahmenprogramm.png 739w\" sizes=\"(max-width: 300px) 100vw, 300px\" \/>\u00a0<\/em><\/strong><\/p>\n<p>Program<\/p>\n<p>Participating artists on the group exhibition: (Berlin) <strong>Anton Schwarzbach, Dorit Trebeljahr, Eike Laeuen, Michaela Strumberger, Elizabeta Kostadinovska<\/strong>, from Cologne the Macedonian artist <strong>Irena Paskali<\/strong>, from France <strong>Aude Carbone<\/strong>, from N. Macedonia <strong>Slavica Jane\u0161lieva, Velimir \u017dernovski, Ivan Ivanovski, Nina Ge\u0161takovska Cvetkovska, Marko Vujisi\u0107<\/strong> and curator <strong>Dijana Tomik-Radevska.<\/strong><\/p>\n<p><strong>\u00a0<\/strong>Some of them will be present (the Berliners plus Irena Paskali, Aude Carbone, Ivan Ivanovski\u2026)<\/p>\n<p>&nbsp;<\/p>\n<p><strong>::\u00a021.12.20 ::<\/strong><\/p>\n<p>18:00 \u2013 <strong>Exhibition opening<\/strong><\/p>\n<p>19:15 &#8211; <strong>Opening and presentation of the SlovoKult :: literARTour Biennale 2020<\/strong> &#8211; <strong>Elizabeta Lindner<\/strong> &#8211;\u00a0 and, following, <strong>an introduction of the visual artists<\/strong><\/p>\n<p>19:30 &#8211; <strong>Talk<\/strong> with the special guests of this year&#8217;s edition of the festival: <strong>Dorit Trebeljahr<\/strong> and <strong>Anton Schwarzbach\u00a0<\/strong>(approx. 15 minutes)<\/p>\n<p>20:00 \u2013 \u00a0in three separate blocks with short breaks, until roughly 23:00<\/p>\n<p><strong>Short introductions of the authors, multimedia readings\/text performances<\/strong>, with: <strong>Maroula Blades<\/strong> and <strong>J\u00f6rg Heinrich<\/strong> (Berlin, Poetry and Sound), <strong>Josip Kocev<\/strong> (N. Macedonia &#8211; VIDEO), <strong>Anja K\u00fcmmel<\/strong> (Berlin), <strong>Istok Ul\u010dar<\/strong> (N. Macedonia), <strong>Faruk \u0160ehi\u0107<\/strong> (Bosnia), <strong>Marija Grubor<\/strong> (N. Macedonia &#8211; VIDEO) &#8211; In Memoriam &#8211; <strong>Liljana Dirjan<\/strong>, (+13.12.2017)<\/p>\n<p>Sound accompaniment and concert<strong><em>: <\/em>JD Zazie <\/strong>(Berlin\/Florence)<\/p>\n<p>&nbsp;<\/p>\n<p><strong>:: 22.12.20 ::<\/strong><\/p>\n<p>18:00 \u2013 doors ::\u00a0<strong>exhibition<\/strong><\/p>\n<p>19:15 &#8211; <strong>Excerpts from the Manifesto of the Biennial 2020<\/strong> and <strong>an introduction of the visual artists and the talk guests<\/strong><\/p>\n<p>19:30 \u2013 <strong>Talk <\/strong>with directors of outstanding independent artistic and (sub)cultural institutions and projects: <strong>Adeline Mannarini<\/strong> (Anagram Books &amp; Staalplaat, Berlin), <strong>Marija Stojanova<\/strong> (Art Equilibrium &amp; Bosh Festival, N. Macedonia), <strong>Aude Carbone<\/strong> (EpOx et BoTOx \u00e9ditions, France) (approx. 15-20 minutes)\u00a0<strong>Uwe Moellhusen\u00a0<\/strong>(G A R A G E, Berlin)<\/p>\n<p>20:00 &#8211; in three separate blocks with short breaks, until roughly 23:00<\/p>\n<p><strong>Short introductions of authors with multimedia readings\/text performances <\/strong>with: <strong>Alexander Graeff\u00a0<\/strong>(Berlin), <strong>Sanja Mihajlovic-Kostadinovska<\/strong> (N. Macedonia &#8211; VIDEO), <strong>Gundula Schiffer<\/strong> (K\u00f6ln),\u00a0<strong>Ron Winkler<\/strong> (Berlin),\u00a0&#8211; In Memoriam &#8211; <strong>Sean Bonney<\/strong> (+13.11.19) \u2013<\/p>\n<p>Sound accompaniment and concert: <strong>poesi fysik (Uwe Moellhusen and Wolfgang Nick)<\/strong><\/p>\n<p>&nbsp;<\/p>\n<p><strong>:: 23.12.2020 ::<\/strong><\/p>\n<p>18:00 &#8211;\u00a0doors ::\u00a0<strong>exhibition<\/strong><\/p>\n<p>19:15 &#8211; <strong>Excerpts from the Manifesto of the Biennial 2020<\/strong> and <strong>an introduction of the visual artists and the talk guests<\/strong><\/p>\n<p>19:30 &#8211; <strong>Talk<\/strong> with selected participants from all fields of art:<strong> Ivan Ivanovski,\u00a0Vladimir Luka\u0161<\/strong> and <strong>Michaela Strumberger<\/strong> (approx. 15-20 minutes)<\/p>\n<p>20:00 &#8211; in three separate blocks with short breaks, until roughly 23:00<\/p>\n<p><strong>Short introductions of authors, multimedia readings\/text performances <\/strong>with: <strong>Aleksandar Kirkovski<\/strong> (N. Macedonia), <strong>Manuela Zlatkova<\/strong> (N. Macedonia), <strong>Thanos Gogos<\/strong> (Greece &#8211; VIDEO),\u00a0<strong>Vladimir Luka\u0161<\/strong> (N. Macedonia), <strong>Crauss\u00a0<\/strong>(Siegen), <strong>Elizabeta Kostadinovska <\/strong>(Berlin\/Skopje), &#8211; In Memoriam &#8211; <strong>Gorana Mitrovi\u0107<\/strong> (+06.09.2017)<\/p>\n<p>Sound accompaniment and concert<strong>: CNM (Kathinka)<\/strong><\/p>\n<p>&nbsp;<\/p>\n<p><img decoding=\"async\" loading=\"lazy\" class=\"alignnone size-full wp-image-4058\" src=\"http:\/\/www.slovokult-literatur.de\/wp-content\/uploads\/2020\/07\/Sen_KuEu_logo_SW_hoch.jpg\" alt=\"\" width=\"208\" height=\"126\" \/><img decoding=\"async\" loading=\"lazy\" class=\"alignnone size-medium wp-image-4286\" src=\"http:\/\/www.slovokult-literatur.de\/wp-content\/uploads\/2020\/10\/traduki-logo-full-colour-rgb-300x100.jpg\" alt=\"\" width=\"300\" height=\"100\" srcset=\"https:\/\/www.slovokult-literatur.de\/wp-content\/uploads\/2020\/10\/traduki-logo-full-colour-rgb-300x100.jpg 300w, https:\/\/www.slovokult-literatur.de\/wp-content\/uploads\/2020\/10\/traduki-logo-full-colour-rgb-768x257.jpg 768w, https:\/\/www.slovokult-literatur.de\/wp-content\/uploads\/2020\/10\/traduki-logo-full-colour-rgb-1024x342.jpg 1024w, https:\/\/www.slovokult-literatur.de\/wp-content\/uploads\/2020\/10\/traduki-logo-full-colour-rgb-400x134.jpg 400w, https:\/\/www.slovokult-literatur.de\/wp-content\/uploads\/2020\/10\/traduki-logo-full-colour-rgb.jpg 1484w\" sizes=\"(max-width: 300px) 100vw, 300px\" \/><\/p>\n","protected":false},"excerpt":{"rendered":"<p>:: SlovoKult:: literARTour :: 2020 :: :: Biennial of contemporary arts2:: :: Contents and program :: EN :: DE :: MK ::\u00a0 Biennial of contemporary arts :: SlovoKult :: literARTour :: 2020 :: NEW DATES :: EXTENDED PROGRAM :: organized [&hellip;]<\/p>\n","protected":false},"author":1,"featured_media":4259,"parent":4117,"menu_order":0,"comment_status":"closed","ping_status":"closed","template":"","meta":{"footnotes":""},"_links":{"self":[{"href":"https:\/\/www.slovokult-literatur.de\/index.php\/wp-json\/wp\/v2\/pages\/4258"}],"collection":[{"href":"https:\/\/www.slovokult-literatur.de\/index.php\/wp-json\/wp\/v2\/pages"}],"about":[{"href":"https:\/\/www.slovokult-literatur.de\/index.php\/wp-json\/wp\/v2\/types\/page"}],"author":[{"embeddable":true,"href":"https:\/\/www.slovokult-literatur.de\/index.php\/wp-json\/wp\/v2\/users\/1"}],"replies":[{"embeddable":true,"href":"https:\/\/www.slovokult-literatur.de\/index.php\/wp-json\/wp\/v2\/comments?post=4258"}],"version-history":[{"count":28,"href":"https:\/\/www.slovokult-literatur.de\/index.php\/wp-json\/wp\/v2\/pages\/4258\/revisions"}],"predecessor-version":[{"id":6225,"href":"https:\/\/www.slovokult-literatur.de\/index.php\/wp-json\/wp\/v2\/pages\/4258\/revisions\/6225"}],"up":[{"embeddable":true,"href":"https:\/\/www.slovokult-literatur.de\/index.php\/wp-json\/wp\/v2\/pages\/4117"}],"wp:featuredmedia":[{"embeddable":true,"href":"https:\/\/www.slovokult-literatur.de\/index.php\/wp-json\/wp\/v2\/media\/4259"}],"wp:attachment":[{"href":"https:\/\/www.slovokult-literatur.de\/index.php\/wp-json\/wp\/v2\/media?parent=4258"}],"curies":[{"name":"wp","href":"https:\/\/api.w.org\/{rel}","templated":true}]}}