{"id":407,"date":"2017-12-21T04:34:22","date_gmt":"2017-12-21T03:34:22","guid":{"rendered":"http:\/\/www.slovokult-literatur.de\/?page_id=407"},"modified":"2017-12-22T17:07:21","modified_gmt":"2017-12-22T16:07:21","slug":"traum-urban-inkubus-sukkubus-text","status":"publish","type":"page","link":"https:\/\/www.slovokult-literatur.de\/index.php\/lyrik\/elizabeta-lindner-kostadinovska\/kubus-unsre-form\/traum-urban-inkubus-sukkubus-text\/","title":{"rendered":"Kubus, unsre Form. traum urban. Inkubus, Sukkubus::Text"},"content":{"rendered":"<h4>::Kubus, unsre Form. traum urban. Inkubus, Sukkubus::<\/h4>\n<p>Performance::in 5 Text-Episoden f\u00fcr Stimme::mit Sound-Bild-Hintergrund::im Anschluss::Epilog und Tanz::<\/p>\n<p>Dauer insgesamt::13:33 Minuten::<\/p>\n<p>Text::<\/p>\n<p>&nbsp;<\/p>\n<ol>\n<li>(PROLOG: Zeit im Video::0:07 &#8211; 1:13)<\/li>\n<\/ol>\n<p>&nbsp;<\/p>\n<p>Das Licht kommt nicht oder verschwindet<\/p>\n<p>in 13 Minuten wird es wieder dunkel sein<\/p>\n<p>vor meinen deinen seinen ihren Augen<\/p>\n<p>alles in Schwarz getunkt, finster hinter dem<\/p>\n<p>bodentiefen Fenster in wei\u00dfem Rahmen<\/p>\n<p>aus sechs identischen Rechtecken,<\/p>\n<p>zusammengesetzt ergeben sie:<\/p>\n<p>Kubus, unsre Form!<\/p>\n<p>Das ist eine Tatsache.<\/p>\n<p>Beweise aus dem Rausch<\/p>\n<p>im traum urban:<\/p>\n<p>Kubus, unsre Form!<\/p>\n<p>&nbsp;<\/p>\n<p>(Incubus Succubus)<\/p>\n<p>&nbsp;<\/p>\n<p>&nbsp;<\/p>\n<p style=\"padding-left: 30px;\">2. (1:37 &#8211; 2:57)<\/p>\n<p>&nbsp;<\/p>\n<p>Kubus, unsre Form!<\/p>\n<p>Beweise daf\u00fcr aus dem Rausch<\/p>\n<p>im traum urban<\/p>\n<p>der schlafenden Tochter<\/p>\n<p>verraten in der Morgend\u00e4mmerung<\/p>\n<p>an die besorgte Mutter, die ihr auf die Schulter klopft:<\/p>\n<p>Hey! Hey! Warum bist du alleine zur\u00fcck?<\/p>\n<p>Wo bleibt deine Schwester? Es ist schon Tag!<\/p>\n<p>&nbsp;<\/p>\n<p>Augen auf, Blick auf die Mutter gerichtet,<\/p>\n<p>die wie verschwommener Schatten<\/p>\n<p>in wei\u00dfem Gegenlicht steht und wie<\/p>\n<p>eine Heilige vor der Gottheit,<\/p>\n<p>Glaubw\u00fcrdigkeit erwartet,<\/p>\n<p>in der Antwort der Tochter,<\/p>\n<p>die gar nicht da ist,<\/p>\n<p>aber eine waschechte Wachheit herbeiruft<\/p>\n<p>und aus dem traum urban berichtet:<\/p>\n<p>Sie ist in einem Zimmer im Zentrum.<\/p>\n<p>So gro\u00df wie unser Klo.<\/p>\n<p>Kubus, unsre Form.<\/p>\n<p>&nbsp;<\/p>\n<p>(Incubus Succubus)<\/p>\n<p>&nbsp;<\/p>\n<p>&nbsp;<\/p>\n<p style=\"padding-left: 30px;\">3. (3:25 &#8211; 4:40)<\/p>\n<p>&nbsp;<\/p>\n<p>Kubus, unsre Form.<\/p>\n<p>&nbsp;<\/p>\n<p>Im Traum urban steht sie<\/p>\n<p>f\u00fcr das Zimmer im Zentrum,<\/p>\n<p>so gro\u00df wie unser Klo.<\/p>\n<p>Kubus, unsre Form!<\/p>\n<p>&nbsp;<\/p>\n<p>Da, wo die Schwester angeblich<\/p>\n<p>geblieben ist,<\/p>\n<p>und nach der Heimkehr<\/p>\n<p>mit der S\u00fcnde konfrontiert wird.<\/p>\n<p>Die Mutter, merklich irritiert, am\u00fcsiert<\/p>\n<p>und verwirrt fragt:<\/p>\n<p>Wo warst du? Was f\u00fcr ein Zimmer im Zentrum?<\/p>\n<p>So gro\u00df wie unser Klo? Kubus, eure Form!?!<\/p>\n<p>&nbsp;<\/p>\n<p>Die Schwester in ihrem Traumentzug<\/p>\n<p>deutlich irritierter, am\u00fcsierter und verwirrter als die Mutter,<\/p>\n<p>versucht zusammenzufassen:<\/p>\n<p>Kubus, unsre Form?!?<\/p>\n<p>Ein Zimmer im Zentrum? So gro\u00df wie unser Klo?!?<\/p>\n<p>Kubus, unsre Form?!? Im Ernst?<\/p>\n<p>&nbsp;<\/p>\n<p>Was ist in sie eingefahren?<\/p>\n<p>War das wieder ihr traum urban?<\/p>\n<p>Kubus, unsre Form!<\/p>\n<p>WhatTheFuck!?!<\/p>\n<p>&nbsp;<\/p>\n<p>(Incubus Succubus)<\/p>\n<p>&nbsp;<\/p>\n<p>&nbsp;<\/p>\n<p style=\"padding-left: 30px;\">4. (nicht vorhanden in der kurzen Version)<\/p>\n<p>&nbsp;<\/p>\n<p>Kubus, unsre Form.<\/p>\n<p>&nbsp;<\/p>\n<p>Die \u00e4ltere Schwester wird f\u00fcr diese Aussage Verantwortung<\/p>\n<p>\u00fcbernehmen m\u00fcssen.<\/p>\n<p>Sobald sie sich erinnern kann,<\/p>\n<p>dass ein Gespr\u00e4ch mit der Mutter stattgefunden hat<\/p>\n<p>und woher diese Zauberformel stammt.<\/p>\n<p>Schwester und Mutter helfen ihr dabei:<\/p>\n<p>Wo war ich? In einem Zimmer im Zentrum,<\/p>\n<p>so gro\u00df wie unser Klo. Im Ernst?<\/p>\n<p>Kubus, unsre Form?!? Spinnst du?<\/p>\n<p>Das Bild mit der Silhouette im Gegenlicht kehrt zur\u00fcck, Lippenbewegung und eine Stimme: deine Schwester! Und die eigene Stimme im traum urban: Zimmer&#8230; Zentrum &#8230; Klo &#8230; Kubus&#8230;, unsre Form.<\/p>\n<p>Kubus, unsre Form!<\/p>\n<p>(Incubus Succubus)<\/p>\n<p>&nbsp;<\/p>\n<p>&nbsp;<\/p>\n<p style=\"padding-left: 30px;\">5. (nicht vorhanden in der kurzen Version)<\/p>\n<p>&nbsp;<\/p>\n<p>Kubus, unsre Form.<\/p>\n<p>Stimmt, ich habe es gesagt, Mutter,<\/p>\n<p>ich habe alles im Traum gesagt, aber Mutter, denkst du<\/p>\n<p>im Ernst, da ist ein Zimmer im Zentrum,<\/p>\n<p>so gro\u00df wie unser Klo? und wir gehen hin, weil es Kubus,<\/p>\n<p>unsre Form ist?<\/p>\n<p>MUTTER!<\/p>\n<p>&nbsp;<\/p>\n<p>Na ja, Kunst, Alkohol, Drogen, Punk<\/p>\n<p>warum nicht Kubus und Klo, Zimmer im Zentrum, so gro\u00df wie eure Form?<\/p>\n<p>MUTTER!<\/p>\n<p>&nbsp;<\/p>\n<p>Es ist eher Post-Punk, Mutter, und Keine Drogen!<\/p>\n<p>Nicht alles ist Drogen, und der Kubus reicht uns schon! Und<\/p>\n<p>ich gebe es zu, Mutter, ich w\u00fcnsche mir ein Zimmer im Zentrum,<\/p>\n<p>gr\u00f6\u00dfer als unser Klo, ja, ich w\u00fcnsche mir alles aus meinem traum urban,<\/p>\n<p>Und jetzt wei\u00dft du es auch, Mutter!<\/p>\n<p>Kubus IST unsre Form!<\/p>\n<p>&nbsp;<\/p>\n<p>(Incubus Succubus)<\/p>\n<p>&nbsp;<\/p>\n<p>EPILOG (im Video nicht vollst\u00e4ndig, ab 5:08)<\/p>\n<p>Deswegen tanzen wir, Vater! Es tanzen die Narren, es tanzen die D\u00e4monen, es tanzen die Kinder der Nacht, wir tanzen, lieben und denken, Vater, am Himmel ist kein Platz f\u00fcr uns. Hexensabbat regiert die Nacht, die ewige Nacht.<\/p>\n<p>:: \u00a0 \u00a0 \u00a0 \u00a0 \u00a0:: \u00a0 \u00a0 \u00a0 \u00a0 \u00a0 :: \u00a0 \u00a0 \u00a0 \u00a0 \u00a0:: \u00a0 \u00a0 \u00a0 \u00a0 \u00a0::<\/p>\n<p>::Video als Hintergrund::Kurze Version auf Vimeo::<\/p>\n<p><iframe loading=\"lazy\" src=\"https:\/\/player.vimeo.com\/video\/247872868\" width=\"640\" height=\"360\" frameborder=\"0\" title=\"KubUS::UnSrE fORm. traum urban. Inkubus, Sukkubus.Short.\" webkitallowfullscreen mozallowfullscreen allowfullscreen><\/iframe><\/p>\n<p>&nbsp;<\/p>\n<p>Weitere Informationen \u00fcber die Performance::<img decoding=\"async\" loading=\"lazy\" src=\"http:\/\/vg08.met.vgwort.de\/na\/b8d0c0562054482c92a929b1591b7b2f\" alt=\"\" width=\"1\" height=\"1\" \/>\u00a0<a href=\"http:\/\/www.slovokult-literatur.de\/index.php\/lyrik\/elizabeta-lindner-kostadinovska\/kubus-unsre-form\/\">Kubus, unsre Form. traum urban. Inkubus, Sukkubus.<\/a><\/p>\n","protected":false},"excerpt":{"rendered":"<p>::Kubus, unsre Form. traum urban. Inkubus, Sukkubus:: Performance::in 5 Text-Episoden f\u00fcr Stimme::mit Sound-Bild-Hintergrund::im Anschluss::Epilog und Tanz:: Dauer insgesamt::13:33 Minuten:: Text:: &nbsp; (PROLOG: Zeit im Video::0:07 &#8211; 1:13) &nbsp; Das Licht kommt nicht oder verschwindet in 13 Minuten wird es wieder [&hellip;]<\/p>\n","protected":false},"author":1,"featured_media":427,"parent":237,"menu_order":0,"comment_status":"closed","ping_status":"closed","template":"","meta":{"footnotes":""},"_links":{"self":[{"href":"https:\/\/www.slovokult-literatur.de\/index.php\/wp-json\/wp\/v2\/pages\/407"}],"collection":[{"href":"https:\/\/www.slovokult-literatur.de\/index.php\/wp-json\/wp\/v2\/pages"}],"about":[{"href":"https:\/\/www.slovokult-literatur.de\/index.php\/wp-json\/wp\/v2\/types\/page"}],"author":[{"embeddable":true,"href":"https:\/\/www.slovokult-literatur.de\/index.php\/wp-json\/wp\/v2\/users\/1"}],"replies":[{"embeddable":true,"href":"https:\/\/www.slovokult-literatur.de\/index.php\/wp-json\/wp\/v2\/comments?post=407"}],"version-history":[{"count":17,"href":"https:\/\/www.slovokult-literatur.de\/index.php\/wp-json\/wp\/v2\/pages\/407\/revisions"}],"predecessor-version":[{"id":438,"href":"https:\/\/www.slovokult-literatur.de\/index.php\/wp-json\/wp\/v2\/pages\/407\/revisions\/438"}],"up":[{"embeddable":true,"href":"https:\/\/www.slovokult-literatur.de\/index.php\/wp-json\/wp\/v2\/pages\/237"}],"wp:featuredmedia":[{"embeddable":true,"href":"https:\/\/www.slovokult-literatur.de\/index.php\/wp-json\/wp\/v2\/media\/427"}],"wp:attachment":[{"href":"https:\/\/www.slovokult-literatur.de\/index.php\/wp-json\/wp\/v2\/media?parent=407"}],"curies":[{"name":"wp","href":"https:\/\/api.w.org\/{rel}","templated":true}]}}