{"id":3837,"date":"2020-05-01T02:17:35","date_gmt":"2020-05-01T00:17:35","guid":{"rendered":"http:\/\/www.slovokult-literatur.de\/?page_id=3837"},"modified":"2020-05-02T21:06:13","modified_gmt":"2020-05-02T19:06:13","slug":"1-sophie-reyer-michaela-strumberger","status":"publish","type":"page","link":"https:\/\/www.slovokult-literatur.de\/index.php\/slovokult-covidivision\/1-sophie-reyer-michaela-strumberger\/","title":{"rendered":"::1:: Sophie Reyer :: Michaela Strumberger"},"content":{"rendered":"<h4><a href=\"http:\/\/www.slovokult-literatur.de\/index.php\/slovokult-covidivision\/\">SlovoKult :: Covidivision<\/a><\/h4>\n<p><strong>:: Sophie Reyer ::\u00a0<\/strong><strong>Corona\u00a0<\/strong><strong>ein Chor: ohne der Sch\u00f6pfung (noch)<\/strong><\/p>\n<p>Teil I<\/p>\n<p><strong>:: Michaela Strumberger :: When We Were Kings<\/strong><\/p>\n<p>(das Bild stammt aus vorcoronialen Zeiten)<\/p>\n<p><a href=\"http:\/\/www.slovokult-literatur.de\/wp-content\/uploads\/2020\/05\/Michaela-Strumberger-KingGFullCloak2448.jpg\"><img decoding=\"async\" loading=\"lazy\" class=\"alignnone wp-image-3835 size-large\" src=\"http:\/\/www.slovokult-literatur.de\/wp-content\/uploads\/2020\/05\/Michaela-Strumberger-KingGFullCloak2448-1024x562.jpg\" alt=\"\" width=\"640\" height=\"351\" srcset=\"https:\/\/www.slovokult-literatur.de\/wp-content\/uploads\/2020\/05\/Michaela-Strumberger-KingGFullCloak2448-1024x562.jpg 1024w, https:\/\/www.slovokult-literatur.de\/wp-content\/uploads\/2020\/05\/Michaela-Strumberger-KingGFullCloak2448-300x165.jpg 300w, https:\/\/www.slovokult-literatur.de\/wp-content\/uploads\/2020\/05\/Michaela-Strumberger-KingGFullCloak2448-768x422.jpg 768w, https:\/\/www.slovokult-literatur.de\/wp-content\/uploads\/2020\/05\/Michaela-Strumberger-KingGFullCloak2448-400x220.jpg 400w, https:\/\/www.slovokult-literatur.de\/wp-content\/uploads\/2020\/05\/Michaela-Strumberger-KingGFullCloak2448.jpg 1118w\" sizes=\"(max-width: 640px) 100vw, 640px\" \/><\/a><\/p>\n<p>&nbsp;<\/p>\n<p>:<\/p>\n<p>Sturm er macht uns wach<\/p>\n<p>findet immer was zum Krachen<\/p>\n<p>endlos herumstromern wir<\/p>\n<p>in uns: \u00c4chzen, St\u00f6hnen, Stimmen<\/p>\n<p>&nbsp;<\/p>\n<p>Larve des Scharlachk\u00e4fers werden<\/p>\n<p>um wieder zu<\/p>\n<p>&nbsp;<\/p>\n<p>beginnen<\/p>\n<p>&nbsp;<\/p>\n<p>:<\/p>\n<p>H\u00e4ndling eben<\/p>\n<p>noch verborgen<\/p>\n<p>w\u00e4chst in den Himmel<\/p>\n<p>bis dass der Zorn:<\/p>\n<p>&nbsp;<\/p>\n<p><em>torn <\/em><\/p>\n<p><em>\u00a0<\/em><\/p>\n<p>:<\/p>\n<p>H\u00fclle und Zelle<\/p>\n<p>dahinter aber existierte<\/p>\n<p>einmal eine<\/p>\n<p>&nbsp;<\/p>\n<p>Welt<\/p>\n<p>(fremd ist<\/p>\n<p>heute ein<\/p>\n<p>&nbsp;<\/p>\n<p>Ich)<\/p>\n<p>&nbsp;<\/p>\n<p>:<\/p>\n<p>Ich: Gesichter haben sich<\/p>\n<p>auf die B\u00e4ume gesetzt<\/p>\n<p>&nbsp;<\/p>\n<p>als D\u00e4monen<\/p>\n<p>\u00fcbert\u00f6nen so<\/p>\n<p>Glocken den Nebel:<\/p>\n<p>&nbsp;<\/p>\n<p>Wegebereiter sind wir<\/p>\n<p>des Bandes des<\/p>\n<p>Waldes<\/p>\n<p>&nbsp;<\/p>\n<p>(Draht spannte<\/p>\n<p>sich davor aus<\/p>\n<p>Angst) jetzt aber<\/p>\n<p>hei\u00dft es<\/p>\n<p>&nbsp;<\/p>\n<p>neu werden<\/p>\n<p>&nbsp;<\/p>\n<p>:<\/p>\n<p>des K\u00e4fers Geister<\/p>\n<p>gefoltert jetzt<\/p>\n<p>hast du Angst<\/p>\n<p>wirst nie wieder<\/p>\n<p>Kind sein das<\/p>\n<p>alles werden<\/p>\n<p>kann<\/p>\n<p>&nbsp;<\/p>\n<p>schade<\/p>\n<p>&nbsp;<\/p>\n<p>:<\/p>\n<p>Stimmen<\/p>\n<p>stecken im Hals fest<\/p>\n<p>Scharren von F\u00fc\u00dfen<\/p>\n<p>Halsweh in der Erinnerung von<\/p>\n<p>damals:<\/p>\n<p>&nbsp;<\/p>\n<p>Stimmen<\/p>\n<p>&nbsp;<\/p>\n<p>:<\/p>\n<p>wer hat mir die<\/p>\n<p>Sterne der<\/p>\n<p>Erinnerung gefesselt?<\/p>\n<p>(und kann uns nicht<\/p>\n<p>&nbsp;<\/p>\n<p>helfen)<\/p>\n<p>&nbsp;<\/p>\n<p>:<\/p>\n<p>Stern du L\u00e4cheln<\/p>\n<p>am Himmel heller<\/p>\n<p>mir ins Gehirn gebrannt<\/p>\n<p>hier geht es ums<\/p>\n<p>Wildern und Jagen das<\/p>\n<p>hast du<\/p>\n<p>&nbsp;<\/p>\n<p>begriffen<\/p>\n<p>&nbsp;<\/p>\n<p>:<\/p>\n<p>entrinnt eine Tr\u00e4ne<\/p>\n<p>in den Winkel des Windes<\/p>\n<p>gedr\u00fcckt:<\/p>\n<p>&nbsp;<\/p>\n<p>wo die Toten nicht<\/p>\n<p>hinkommen trauest du<\/p>\n<p>trauerst dich<\/p>\n<p>&nbsp;<\/p>\n<p>aus<\/p>\n<p>&nbsp;<\/p>\n<p>:<\/p>\n<p>Horizont Wort<\/p>\n<p>L\u00e4cheln auf dem<\/p>\n<p>dunklen Gesicht des<\/p>\n<p>fremden immer<\/p>\n<p>fremden<\/p>\n<p>&nbsp;<\/p>\n<p>Himmels<\/p>\n<p>&nbsp;<\/p>\n<p>:<\/p>\n<p>Winters weichst<\/p>\n<p>wieder Greis sein<\/p>\n<p>und jung ruhig<\/p>\n<p>werden aber<\/p>\n<p>ohne aus Eis<\/p>\n<p>zu sein:<\/p>\n<p>&nbsp;<\/p>\n<p>wie?<\/p>\n<p>&nbsp;<\/p>\n<p>:<\/p>\n<p>Himmel hallst<\/p>\n<p>in mir: schmelzen als<\/p>\n<p>Fluren und Ozean<\/p>\n<p>streichst du Fracht<\/p>\n<p>durch mein Sternland lachst<\/p>\n<p>m\u00e4hst meine M\u00e4hnen nieder<\/p>\n<p>mit Fluren aus Luft<\/p>\n<p>f\u00e4rbst mir die Knochen wei\u00df<\/p>\n<p>Happy Queen Himmelsk\u00f6nigin<\/p>\n<p>da wo keine Menschen mehr<\/p>\n<p>atmend gehen: Himmel<\/p>\n<p>&nbsp;<\/p>\n<p>wallts<\/p>\n<p>&nbsp;<\/p>\n<p>:<\/p>\n<p>weiterflattern<\/p>\n<p>&nbsp;<\/p>\n<p>(schlie\u00dft er sein<\/p>\n<p>Lied)<\/p>\n<p>&nbsp;<\/p>\n<p>:<\/p>\n<p>aschwei\u00df<\/p>\n<p>versengt Angschwei\u00df:<\/p>\n<p>&nbsp;<\/p>\n<p>weiter!<\/p>\n<p>&nbsp;<\/p>\n<p>:<\/p>\n<p>Hunger<\/p>\n<p>eine Forderung<\/p>\n<p>&nbsp;<\/p>\n<p>und Zuknuft<\/p>\n<p>als Himmel<\/p>\n<p>\u00fcber Himmel geschart<\/p>\n<p>in unbegrenzter<\/p>\n<p>Aussicht und doch bleibt<\/p>\n<p>bloss Verachtung<\/p>\n<p>&nbsp;<\/p>\n<p>oder<\/p>\n<p>&nbsp;<\/p>\n<p>&nbsp;<\/p>\n<p>wir verhassen:<\/p>\n<p>schade<\/p>\n<p>&nbsp;<\/p>\n<p>:<\/p>\n<p>T\u00fcr der Gesuche<\/p>\n<p>bist du<\/p>\n<p>suchst unbekannte Inseln<\/p>\n<p>gehst Hand in Hand<\/p>\n<p>dahin mit dem Schicksal als<\/p>\n<p>Aspirantin also: Anhauch<\/p>\n<p>du Queen<\/p>\n<p>wer aber gibt dir<\/p>\n<p>\/ Seefrrau\/ ein Schiff dass<\/p>\n<p>dich achten kann? ACH!<\/p>\n<p>Der Frau vom Land sind<\/p>\n<p>alle Inseln unbekannt oder<\/p>\n<p>die Segel des Bootes bl\u00e4hen<\/p>\n<p>sich auf sein Gefieder: und<\/p>\n<p>Feder wir<\/p>\n<p>reisen auch<\/p>\n<p>in den Zeiten des d\u00fcsteren Meeres wo<\/p>\n<p>ist die T\u00fcr der Gesuche ich sag<\/p>\n<p>die bist du oder<\/p>\n<p>jadefarbenes Wasser<\/p>\n<p>und Flammen am Himmel die nie<\/p>\n<p>erstarben<\/p>\n<p>&nbsp;<\/p>\n<p>:<\/p>\n<p>Wind Wolken Himmel<\/p>\n<p>und hin von sich: wir<\/p>\n<p>&nbsp;<\/p>\n<p>werden<\/p>\n<p>&nbsp;<\/p>\n<p>:<\/p>\n<p>Licht bist<\/p>\n<p>das \u00fcbersprang<\/p>\n<p>zwischen heute und<\/p>\n<p>damals<\/p>\n<p>&nbsp;<\/p>\n<p>du<\/p>\n<p>Schatten neben<\/p>\n<p>meinem Schatten<\/p>\n<p>&nbsp;<\/p>\n<p>Spruensuche du<\/p>\n<p>und auf immer<\/p>\n<p>unbekannte innere<\/p>\n<p>&nbsp;<\/p>\n<p>Insel<\/p>\n<p>&nbsp;<\/p>\n<p>:<\/p>\n<p>warst nicht geboren da hab<\/p>\n<p>ich lange gewartet auf dich<\/p>\n<p>flach und glatt warst wie<\/p>\n<p>eine ausgestreckte Hand mir<\/p>\n<p>Erde und Mond<\/p>\n<p>Trocken und Regenzeit<\/p>\n<p>warst nicht geboren da warst<\/p>\n<p>schon diese Ranken der zarte<\/p>\n<p>Keim:<\/p>\n<p>&nbsp;<\/p>\n<p>heimgehen<\/p>\n<p>&nbsp;<\/p>\n<p>:<\/p>\n<p><em>Wahrheit:<\/em><\/p>\n<p>&nbsp;<\/p>\n<p>Kind<\/p>\n<p>sah die Landschaft nicht:<\/p>\n<p>war:<\/p>\n<p>&nbsp;<\/p>\n<p>Landschaft<\/p>\n<p>&nbsp;<\/p>\n<p>:<\/p>\n<p>langer Faden aus Zeit<\/p>\n<p>wir schreiten aus<\/p>\n<p>Corona die Viren<\/p>\n<p>und reglos nur noch<\/p>\n<p>warten dass die Zeit<\/p>\n<p>sich blau f\u00e4rbt oder<\/p>\n<p>das Wasser<\/p>\n<p>&nbsp;<\/p>\n<p>warten<\/p>\n<p>&nbsp;<\/p>\n<p>:<\/p>\n<p>Str\u00f6mung die nicht mehr<\/p>\n<p>vom Fleck kommt alle<\/p>\n<p>sperren sich jetzt<\/p>\n<p>in Konkons aus Wasser ein ehrlich<\/p>\n<p>schattiges Licht suchen<\/p>\n<p>wo aber findest du dich?<\/p>\n<p>(Ziehe ins<\/p>\n<p>Land hinaus)<\/p>\n<p>&nbsp;<\/p>\n<p>:<\/p>\n<p>Ziehe ins<\/p>\n<p>Land hinaus: Bl\u00e4tter rauschen<\/p>\n<p>Stille lauschen<\/p>\n<p>&nbsp;<\/p>\n<p>:<\/p>\n<p>Der Stille das Ohr<\/p>\n<p>und die Wahrheit ablauschen<\/p>\n<p>Ruchlosigkeit ist eine<\/p>\n<p>Landschaft hier<\/p>\n<p>oder und<\/p>\n<p>&nbsp;<\/p>\n<p>Zuckungen<\/p>\n<p>&nbsp;<\/p>\n<p>:<\/p>\n<p>Schnabelhiebe<\/p>\n<p>sind die K\u00fcsse<\/p>\n<p>der G\u00f6ttin die<\/p>\n<p>sich stets optimiert<\/p>\n<p>immer noch leider<\/p>\n<p>\/und innen\/ :<\/p>\n<p><em>Queen of the <\/em><\/p>\n<p><em>Biomach<\/em>t, ehrlich!<\/p>\n<p>&nbsp;<\/p>\n<p>:<\/p>\n<p>Sonne die brannte<\/p>\n<p>und Schatten<\/p>\n<p>nichts schweigt<\/p>\n<p>tiefer als die Seele<\/p>\n<p>&nbsp;<\/p>\n<p>Meer<\/p>\n<p>&nbsp;<\/p>\n<p>:<\/p>\n<p>Corona!<\/p>\n<p>der surrende Stein<\/p>\n<p>im Ged\u00e4chtnis: gl\u00fchte<\/p>\n<p>&nbsp;<\/p>\n<p>von Vorne und frors<\/p>\n<p>uns am<\/p>\n<p>&nbsp;<\/p>\n<p>R\u00fccken:<\/p>\n<p>&nbsp;<\/p>\n<p>Corona<\/p>\n<p>&nbsp;<\/p>\n<p>:<\/p>\n<p><em>Momentaufnahmen <\/em><\/p>\n<p>&nbsp;<\/p>\n<p>an die Regentropfen<\/p>\n<p>hinterm Balkon: mit<\/p>\n<p>&nbsp;<\/p>\n<p>Nebel im<\/p>\n<p>Haar wieder alt werden<\/p>\n<p>&nbsp;<\/p>\n<p>wollen<\/p>\n<p>&nbsp;<\/p>\n<p>:<\/p>\n<p>Isolation:<\/p>\n<p>&nbsp;<\/p>\n<p>Staubschicht ich<\/p>\n<p>wie Draht<\/p>\n<p>in die Harnr\u00f6hre geschoben<\/p>\n<p>&nbsp;<\/p>\n<p>oder<\/p>\n<p>&nbsp;<\/p>\n<p>:<\/p>\n<p>An der Schwelle sitzen<\/p>\n<p>so sch\u00f6n ist der Tod<\/p>\n<p>und bricht keine Knochen<\/p>\n<p>eingeschlossen aber m\u00fcssen<\/p>\n<p>wir im Leben noch an uns<\/p>\n<p>selbst schnitzen bis<\/p>\n<p>dass der Tod<\/p>\n<p>\/ so sch\u00f6n ist der Tod\/<\/p>\n<p>kommt<\/p>\n<p>&nbsp;<\/p>\n<p>:<\/p>\n<p>wo Gott mit sich<\/p>\n<p>selbst z\u00fcrnt:<\/p>\n<p>Ausgangssperre,<\/p>\n<p>Corona<\/p>\n<p>&nbsp;<\/p>\n<p>und stopfte uns<\/p>\n<p>Zunge in Mund<\/p>\n<p>mit der Wunde<\/p>\n<p>zum Wort:<\/p>\n<p>Corona<\/p>\n<p>&nbsp;<\/p>\n<p>Wurst Maschine Mensch<\/p>\n<p>dreht jetzt nicht mehr die<\/p>\n<p>Runden oder und wer<\/p>\n<p>&nbsp;<\/p>\n<p>schont?<\/p>\n<p>&nbsp;<\/p>\n<p>Aber noch sagen!<\/p>\n<p>Als Ranken und besagte<\/p>\n<p>Frucht trotzen<\/p>\n<p>&nbsp;<\/p>\n<p>oder<\/p>\n<p>&nbsp;<\/p>\n<p>:<\/p>\n<p>Zeigefinger leicht im Leib<\/p>\n<p>Heiliger hastest in mir<\/p>\n<p>Laut meiner Kehle<\/p>\n<p>glaubt manchmal der Schlange<\/p>\n<p>und ist dann wieder<\/p>\n<p>&nbsp;<\/p>\n<p>alt<\/p>\n<p>&nbsp;<\/p>\n<p>:<\/p>\n<p>G\u00f6ttin<\/p>\n<p>bist mein<\/p>\n<p>gef\u00fclltes Fell<\/p>\n<p>auf dem<\/p>\n<p>&nbsp;<\/p>\n<p>R\u00fccken<\/p>\n<p>&nbsp;<\/p>\n<p>:<\/p>\n<p>es tragen die Toten<\/p>\n<p>Fliegen auf den Augen und<\/p>\n<p>m\u00fcssen noch schauen<\/p>\n<p>sie sehen die B\u00e4ume<\/p>\n<p>wachsen soviel Zeit<\/p>\n<p>bleibt ihnen jetzt:<\/p>\n<p>&nbsp;<\/p>\n<p>auf<\/p>\n<p>Ewig<\/p>\n<p>&nbsp;<\/p>\n<p>:<\/p>\n<p>damals<\/p>\n<p>Sonne<\/p>\n<p>schob sich als<\/p>\n<p>Krone \u00fcbern<\/p>\n<p>&nbsp;<\/p>\n<p>Horizont<\/p>\n<p>&nbsp;<\/p>\n<p>:<\/p>\n<p>Teil sein<\/p>\n<p>sich neigen<\/p>\n<p>wie Tag<\/p>\n<p>&nbsp;<\/p>\n<p>:<\/p>\n<p>Steine schlafen<\/p>\n<p>und was hinter den Worten<\/p>\n<p>liegt was du<\/p>\n<p>&nbsp;<\/p>\n<p>verbirgst<\/p>\n<p>&nbsp;<\/p>\n<p>:<\/p>\n<p>hab dich<\/p>\n<p>alter Gott<\/p>\n<p>als Kadaver auf<\/p>\n<p>Augen und Mund<\/p>\n<p>voller Fliegen:<\/p>\n<p>&nbsp;<\/p>\n<p>Corona,<\/p>\n<p>Ausgehverbot<\/p>\n<p>&nbsp;<\/p>\n<p>:<\/p>\n<p>Dein Kopfkissen Erinnerung an Kindheit<\/p>\n<p>zerbei\u00dfen: Knirschen<\/p>\n<p>&nbsp;<\/p>\n<p>hast dich als Schlange gesp\u00fcrt<\/p>\n<p>als Regung G\u00f6ttin und T\u00f6din<\/p>\n<p>Ver\u00e4nderung und Gefahr<\/p>\n<p>&nbsp;<\/p>\n<p>bis das Soll an Morden<\/p>\n<p>erf\u00fcllt wird:<\/p>\n<p>&nbsp;<\/p>\n<p>warten und<\/p>\n<p>&nbsp;<\/p>\n<p>Atmen<\/p>\n<p>&nbsp;<\/p>\n<p>:<\/p>\n<p>dieses Fleisch nicht mehr<\/p>\n<p>als eine Handvoll<\/p>\n<p>taumelnder Zellen oder:<\/p>\n<p>&nbsp;<\/p>\n<p>Begegnungen und<\/p>\n<p>Vergehen<\/p>\n<p>&nbsp;<\/p>\n<p>:<\/p>\n<p>dass die V\u00f6gel<\/p>\n<p>(und liebenswerte<\/p>\n<p>&nbsp;<\/p>\n<p>Gesch\u00f6pfe)<\/p>\n<p>&nbsp;<\/p>\n<p>:<\/p>\n<p>D\u00fcrregegend<\/p>\n<p>und gro\u00df Stroh<\/p>\n<p>&nbsp;<\/p>\n<p>als g\u00e4be es eine<\/p>\n<p>Grenze<\/p>\n<p>&nbsp;<\/p>\n<p>oder<\/p>\n<p>&nbsp;<\/p>\n<p>:<\/p>\n<p>iss Disteln<\/p>\n<p>Dorn und Engel<\/p>\n<p>auf dem rechten Fl\u00fcgel humpelnd<\/p>\n<p>und Mensch geworden<\/p>\n<p>&nbsp;<\/p>\n<p>oder<\/p>\n<p>&nbsp;<\/p>\n<p>seinen Sohn<\/p>\n<p>zu t\u00f6ten<\/p>\n<p>&nbsp;<\/p>\n<p>Tochter<\/p>\n<p>werden<\/p>\n<p>&nbsp;<\/p>\n<p>:<\/p>\n<p>Gott \u00f6ffnete<\/p>\n<p>den Mund blies<\/p>\n<p>Wort als Sturm<\/p>\n<p>&nbsp;<\/p>\n<p>heute ist er gleich<\/p>\n<p>geblieben der Ort<\/p>\n<p>nur der Moment ein<\/p>\n<p>anderer that\u00b4s<\/p>\n<p>&nbsp;<\/p>\n<p>all: Allheit, Beistrich,<\/p>\n<p><em>open <\/em><\/p>\n<p><em>\u00a0<\/em><\/p>\n<p>:<\/p>\n<p>Ton blasen<\/p>\n<p>silberne Sachen<\/p>\n<p>klingen in mir: ohne<\/p>\n<p>&nbsp;<\/p>\n<p>Worte<\/p>\n<p>&nbsp;<\/p>\n<p>(und Sonne geht<\/p>\n<p>dar\u00fcber)<\/p>\n<p>&nbsp;<\/p>\n<p>:<\/p>\n<p>Gegen\u00fcber: wann r\u00fchrt<\/p>\n<p>deine Sonne sich endlich<\/p>\n<p>von der Stelle? Halt<\/p>\n<p>&nbsp;<\/p>\n<p>meine Hand<\/p>\n<p>&nbsp;<\/p>\n<p>:<\/p>\n<p>Feuer der G\u00f6ttin<\/p>\n<p>fiel mir vom Himmel<\/p>\n<p>und von Angesicht zu<\/p>\n<p>Angesicht K\u00f6rper erleiden<\/p>\n<p>und<\/p>\n<p>&nbsp;<\/p>\n<p>Leben<\/p>\n<p>&nbsp;<\/p>\n<p>:<\/p>\n<p>Dunkel und Finsternis:<\/p>\n<p>Zu Gunsten<\/p>\n<p>&nbsp;<\/p>\n<p>:<\/p>\n<p>Welle du<\/p>\n<p>wasserst in Tiefe<\/p>\n<p>riefst damals in<\/p>\n<p>mir rinnst jetzt<\/p>\n<p>&nbsp;<\/p>\n<p>aus<\/p>\n<p>&nbsp;<\/p>\n<p>:<\/p>\n<p>an dem Ort<\/p>\n<p>ankommen der<\/p>\n<p>uns erwartet dennoch:<\/p>\n<p>&nbsp;<\/p>\n<p>Corona<\/p>\n<p>&nbsp;<\/p>\n<p>:<\/p>\n<p>was ist Liebe<\/p>\n<p>&nbsp;<\/p>\n<p>man<\/p>\n<p>merkt es wenn sie<\/p>\n<p>geschieht<\/p>\n<p>sagt er und sie :<\/p>\n<p>nein<\/p>\n<p>&nbsp;<\/p>\n<p>nachher<\/p>\n<p>&nbsp;<\/p>\n<p>:<\/p>\n<p>&nbsp;<\/p>\n<p>Sturm im Wasserglas<\/p>\n<p>&nbsp;<\/p>\n<p>Weinen schn\u00fcrt H\u00e4lse zu<\/p>\n<p>aber es ist Saft<\/p>\n<p>&nbsp;<\/p>\n<p>f\u00fcr den weisen Elefanten der<\/p>\n<p>zweihundert Liter am<\/p>\n<p>Tag trinkt<\/p>\n<p>&nbsp;<\/p>\n<p>Melancholie<\/p>\n<p>&nbsp;<\/p>\n<p>:<\/p>\n<p>Sonne bist<\/p>\n<p>die sich von der Linie<\/p>\n<p>des Horizonts l\u00f6st: G\u00f6ttin<\/p>\n<p>der Auszehrung gegen<\/p>\n<p>Corona<\/p>\n<p>&nbsp;<\/p>\n<p>:<\/p>\n<p>strahlend der Tag<\/p>\n<p>so hell dass die Muskeln des<\/p>\n<p>Krieges schmelzen:<\/p>\n<p>&nbsp;<\/p>\n<p>endlich<\/p>\n<p>&nbsp;<\/p>\n<p>:<\/p>\n<p>Regen<\/p>\n<p>Segen trinken<\/p>\n<p>Segelboote neu<\/p>\n<p>erfinden: die<\/p>\n<p>&nbsp;<\/p>\n<p>schlafen und schaukeln<\/p>\n<p>im Stillstand wir gehen<\/p>\n<p>endlich nach<\/p>\n<p>&nbsp;<\/p>\n<p>Innen<\/p>\n<p>&nbsp;<\/p>\n<p>:<\/p>\n<p>Steine des Pilgerwegs<\/p>\n<p>im Schein des Mondes:<\/p>\n<p>&nbsp;<\/p>\n<p>eingentlich sind sie<\/p>\n<p>&nbsp;<\/p>\n<p>Sterne<\/p>\n<p>&nbsp;<\/p>\n<p>:<\/p>\n<p>Kirche:<\/p>\n<p>wenn auch gek\u00f6pft<\/p>\n<p>will nichts an<\/p>\n<p>Hochmut lassen<\/p>\n<p>&nbsp;<\/p>\n<p>und nach Jahrtausenden<\/p>\n<p>immer noch: Privileg und Irrtum<\/p>\n<p>des Himmels<\/p>\n<p>&nbsp;<\/p>\n<p>Wo wohnen die<\/p>\n<p>Vorbilder?<em> Queen of the <\/em><\/p>\n<p><em>Biomacht? <\/em><\/p>\n<p><em>\u00a0<\/em><\/p>\n<p>:<\/p>\n<p>:<\/p>\n<p>schuf aus der Paste<\/p>\n<p>mit der sie sich waschen wollte<\/p>\n<p>&nbsp;<\/p>\n<p>ihren Gott: clean food<\/p>\n<p>mach mich heil<\/p>\n<p>gegen den Stein palavern<\/p>\n<p>Ohren der Sterne sein<\/p>\n<p>&nbsp;<\/p>\n<p>:<\/p>\n<p>gro\u00df ist der<\/p>\n<p>Elefant eigentlich<\/p>\n<p>gibt es nicht viel<\/p>\n<p>zu sehen an<\/p>\n<p>&nbsp;<\/p>\n<p>ihm<\/p>\n<p>&nbsp;<\/p>\n<p>:<\/p>\n<p>Wort ergreifen:<\/p>\n<p>Gott ist<\/p>\n<p>&nbsp;<\/p>\n<p>Elefant<\/p>\n<p>bringt uns<\/p>\n<p>ins Trockenen<\/p>\n<p>mit Ohren<\/p>\n<p>die Erden<\/p>\n<p>verschlingen<\/p>\n<p>&nbsp;<\/p>\n<p>werden<\/p>\n<p>&nbsp;<\/p>\n<p>:<\/p>\n<p>Wegen des Nebels:<\/p>\n<p>Schw\u00e4che in Kraft<\/p>\n<p>wandelt sich<\/p>\n<p>wo weiter gewandert wird<\/p>\n<p>innen<\/p>\n<p>&nbsp;<\/p>\n<p>:<\/p>\n<p>Weihwasser<\/p>\n<p>ein Hund auf vier Pfoten kriecht<\/p>\n<p>die Nacht herein<\/p>\n<p>tr\u00f6pfchenweise<\/p>\n<p>von Norden und ewigem<\/p>\n<p>Eis her<\/p>\n<p>&nbsp;<\/p>\n<p>:<\/p>\n<p>Menschen nur noch<\/p>\n<p>verschwommene Kleckse<\/p>\n<p>am Horizont bitte<\/p>\n<p>ein Meter<\/p>\n<p>Abstand jetzt ehrlich!<\/p>\n<p>&nbsp;<\/p>\n<p>Ehrlich<\/p>\n<p>wenn wer im Geiste fleht<\/p>\n<p>hei\u00dft es durchquert ihn<\/p>\n<p>die G\u00f6ttin als Trost<\/p>\n<p>&nbsp;<\/p>\n<p>oder?<\/p>\n<p>&nbsp;<\/p>\n<p>Corona<\/p>\n<p>&nbsp;<\/p>\n<p>:<\/p>\n<p>Freiwillig sind wir jetzt<\/p>\n<p>endlich<\/p>\n<p>alle mit Schiffbr\u00fcchige<\/p>\n<p>denn entweder ist jeder<\/p>\n<p>ein Held oder keiner<\/p>\n<p>&nbsp;<\/p>\n<p>Freiwillig<\/p>\n<p>&nbsp;<\/p>\n<p>:<\/p>\n<p>Trompeten des fremden<\/p>\n<p>Gottes: nur noch<\/p>\n<p>&nbsp;<\/p>\n<p>ein Plopp<\/p>\n<p>&nbsp;<\/p>\n<p>Corona<\/p>\n<p>&nbsp;<\/p>\n<p>:<\/p>\n<p>Corona<\/p>\n<p>Coro na<\/p>\n<p>ned!<\/p>\n<p>&nbsp;<\/p>\n<p>Coueur?<\/p>\n<p>Where?<\/p>\n<p>O ohne!<\/p>\n<p>&nbsp;<\/p>\n<p>Nur noch:<\/p>\n<p>wohnen!<\/p>\n<p>&nbsp;<\/p>\n<p>Corona<\/p>\n<p>&nbsp;<\/p>\n<p>:<\/p>\n<p>und W\u00f6lfe kamen<\/p>\n<p>als die Wahrheit<\/p>\n<p>mit ihr durchging<\/p>\n<p>am n\u00e4chsten<\/p>\n<p>&nbsp;<\/p>\n<p>Tag<\/p>\n<p>&nbsp;<\/p>\n<p>und den Kampf zu gewinnen<\/p>\n<p>darum gings l\u00e4ngst nicht mehr<\/p>\n<p>&nbsp;<\/p>\n<p>nur der Elefant<\/p>\n<p>war nicht von dieser<\/p>\n<p>Welt und z\u00e4hlte<\/p>\n<p>weiterhin nicht<\/p>\n<p>&nbsp;<\/p>\n<p>vergoss bloss<\/p>\n<p>Tr\u00e4nen<\/p>\n<p>&nbsp;<\/p>\n<p>und W\u00f6lfe<\/p>\n<p>kamen<\/p>\n<p>&nbsp;<\/p>\n<p>:<\/p>\n<p>Engel: wenn die Taube<\/p>\n<p>ihre Kralle l\u00f6st<\/p>\n<p>von der Botschaft: schreib mir<\/p>\n<p>zumindest noch<\/p>\n<p>&nbsp;<\/p>\n<p>Briefe<\/p>\n<p>&nbsp;<\/p>\n<p>:<\/p>\n<p>Schwelle des Todes:<\/p>\n<p>&nbsp;<\/p>\n<p>stehen: Doppel Punkt<\/p>\n<p>umringt von Z\u00e4hnen<\/p>\n<p>&nbsp;<\/p>\n<p>St\u00f6\u00dfe ihrer H\u00f6rner<\/p>\n<p>als das Kind die Mutter suchte<\/p>\n<p>&nbsp;<\/p>\n<p>immer noch sehen doch<\/p>\n<p>W\u00f6lfe kamen und als erster<\/p>\n<p>&nbsp;<\/p>\n<p>sprach der digitale Soldat<\/p>\n<p>sein Wort war ein Steinernes gut<\/p>\n<p>&nbsp;<\/p>\n<p>dennoch Sehnsucht<\/p>\n<p>die sich auftut an der<\/p>\n<p>Schwelle des<\/p>\n<p>&nbsp;<\/p>\n<p>Todes<\/p>\n<p>&nbsp;<\/p>\n<p>:<\/p>\n<p>(doch sie brachen nicht<\/p>\n<p>auseinander)<\/p>\n<p>&nbsp;<\/p>\n<p>:<\/p>\n<p>gewesenes Wesen<\/p>\n<p>und schweigend wird<\/p>\n<p>wer zu lange<\/p>\n<p>geht<\/p>\n<p>&nbsp;<\/p>\n<p>(endlich<\/p>\n<p>Ruhe)<\/p>\n<p>&nbsp;<\/p>\n<p>:<\/p>\n<p><em>Revolution <\/em><\/p>\n<p>&nbsp;<\/p>\n<p>klein: versuchen wir es<\/p>\n<p>neu<\/p>\n<p>&nbsp;<\/p>\n<p>:<\/p>\n<p>ins Fremde<\/p>\n<p>gehen<\/p>\n<p>ins Rufen<\/p>\n<p>auf Luft<\/p>\n<p>&nbsp;<\/p>\n<p>kein Steg<\/p>\n<p>macht sehen<\/p>\n<p>&nbsp;<\/p>\n<p>:<\/p>\n<p>wie au\u00dfen als<\/p>\n<p>ob<\/p>\n<p>&nbsp;<\/p>\n<p>:<\/p>\n<p>bist G\u00f6ttin erst<\/p>\n<p>von dir<\/p>\n<p>zerrissen: hilf<\/p>\n<p>&nbsp;<\/p>\n<p>blauen: bau!<\/p>\n<p>&nbsp;<\/p>\n<p>:<\/p>\n<p><em>Segen <\/em><\/p>\n<p>&nbsp;<\/p>\n<p>sich frei<\/p>\n<p>regnen:<\/p>\n<p>&nbsp;<\/p>\n<p>flieg!<\/p>\n<p>&nbsp;<\/p>\n<p>:<\/p>\n<p>rosenrot hingeworfen<\/p>\n<p>als m\u00f6glicher Tod<\/p>\n<p>&nbsp;<\/p>\n<p>wie die Sonne: wieder<\/p>\n<p>dem Hang gleichen wollen:<\/p>\n<p>dah\u00e4ngen, oder?<\/p>\n<p>&nbsp;<\/p>\n<p>Corona, rosenrot<\/p>\n<p>&nbsp;<\/p>\n<p>:<\/p>\n<p>G\u00f6ttin, Fenster du:<\/p>\n<p>hinaus<\/p>\n<p>&nbsp;<\/p>\n<p>:<\/p>\n<p>und Regen, als Dach<\/p>\n<p>:<\/p>\n<p>D\u00fcnse br\u00fcte<\/p>\n<p>bis die Bl\u00fcte<\/p>\n<p>&nbsp;<\/p>\n<p>sei: gut<\/p>\n<p>&nbsp;<\/p>\n<p>:<\/p>\n<p><em>Anklage <\/em><\/p>\n<p>&nbsp;<\/p>\n<p>Mensch: die Tausend \u2013 Sau<\/p>\n<p>schaut tatenlos<\/p>\n<p>&nbsp;<\/p>\n<p>zu<\/p>\n<p>&nbsp;<\/p>\n<p>:<\/p>\n<p>Oben<\/p>\n<p>&nbsp;<\/p>\n<p>klar werden<\/p>\n<p>im Toben als<\/p>\n<p>Wind:<\/p>\n<p>&nbsp;<\/p>\n<p>weniger!<\/p>\n<p>&nbsp;<\/p>\n<p>:<\/p>\n<p>und am Guten h\u00e4ngen:<\/p>\n<p>noch<\/p>\n<p>&nbsp;<\/p>\n<p>immer<\/p>\n<p>&nbsp;<\/p>\n<p>:<\/p>\n<p>Liebe: ich nenn dich einen blauen<\/p>\n<p>Traum: dich<\/p>\n<p>&nbsp;<\/p>\n<p>anschauen<\/p>\n<p>&nbsp;<\/p>\n<p>:<\/p>\n<p>Sommer oder<\/p>\n<p>das Wiegenlied<\/p>\n<p>&nbsp;<\/p>\n<p>der W\u00e4lder<\/p>\n<p>&nbsp;<\/p>\n<p>:<\/p>\n<p>Traum, halb:<\/p>\n<p>Angst<\/p>\n<p>&nbsp;<\/p>\n<p>anschauen<\/p>\n<p>&nbsp;<\/p>\n<p>:<\/p>\n<p>W\u00fcrmer<\/p>\n<p>m\u00fcdes Lied<\/p>\n<p>in mir<\/p>\n<p>&nbsp;<\/p>\n<p>nicht l\u00fcgen hei\u00dft leiden<\/p>\n<p>leider<\/p>\n<p>&nbsp;<\/p>\n<p>:<\/p>\n<p>Sommer dr\u00f6hnt<\/p>\n<p>immer noch: das Wiegenlied<\/p>\n<p>&nbsp;<\/p>\n<p>der W\u00e4lder<\/p>\n<p>&nbsp;<\/p>\n<p>:<\/p>\n<p>unter B\u00e4umen gebannt:<\/p>\n<p>Leben (dass es<\/p>\n<p>&nbsp;<\/p>\n<p>reich und<\/p>\n<p>tief ist)<\/p>\n<p>&nbsp;<\/p>\n<p>:<\/p>\n<p>Schenkel der Nacht<\/p>\n<p>wach rumh\u00e4ngen<\/p>\n<p>mach mir die T\u00fcr auf<\/p>\n<p>\u00fcber den Sternen<\/p>\n<p>&nbsp;<\/p>\n<p>:<\/p>\n<p>Lebenslicht: freundliche<\/p>\n<p>Lampe (ich ist<\/p>\n<p>&nbsp;<\/p>\n<p>Gott)<\/p>\n<p>&nbsp;<\/p>\n<p>:<\/p>\n<p>Im Internet h\u00e4ngen<\/p>\n<p>verf\u00fchrerisches<\/p>\n<p>Wasser: i<em>n the <\/em><\/p>\n<p><em>\u00a0<\/em><\/p>\n<p><em>flow <\/em>oder<\/p>\n<p>zack zack<\/p>\n<p>&nbsp;<\/p>\n<p>hacken ab<\/p>\n<p>hacken <em>that\u00b4s <\/em><\/p>\n<p><em>\u00a0<\/em><\/p>\n<p><em>all <\/em><\/p>\n<p><em>\u00a0<\/em><\/p>\n<p>:<\/p>\n<p>Liebe: wil<\/p>\n<p>geborgen sein<\/p>\n<p><em>\u00a0<\/em><\/p>\n<p>aber o<\/p>\n<p>Corona: Isolation<\/p>\n<p><em>\u00a0<\/em><\/p>\n<p>die Gr\u00fcnde gehen g\u00e4hen<\/p>\n<p>mal eben: warum<\/p>\n<p><em>\u00a0<\/em><\/p>\n<p>weiter? Denn man ist<\/p>\n<p>allein und<\/p>\n<p><em>\u00a0<\/em><\/p>\n<p>Gott immer zwei<\/p>\n<p>nein?<\/p>\n<p><em>\u00a0<\/em><\/p>\n<p>:<\/p>\n<p>\u00fcber k\u00fchlen Wellen<\/p>\n<p>in dich m\u00fcnden:<\/p>\n<p><em>\u00a0<\/em><\/p>\n<p>Liebe<\/p>\n<p><em>\u00a0<\/em><\/p>\n<p>:<\/p>\n<p>und dennoch<\/p>\n<p>dich hinter allem<\/p>\n<p>vermuten: Du,<\/p>\n<p><em>\u00a0<\/em><\/p>\n<p>Gutes<\/p>\n<p><em>\u00a0<\/em><\/p>\n<p>:<\/p>\n<p>Dein Ton<\/p>\n<p>aus den Wolken: so<\/p>\n<p>pocht es an mir: wieder<\/p>\n<p>in der Wiege<\/p>\n<p>der Dinge<\/p>\n<p>wohnen<\/p>\n<p><em>\u00a0<\/em><\/p>\n<p>:<\/p>\n<p>Mensch, immer noch:<\/p>\n<p>hast du mein: Ja!<\/p>\n<p><em>\u00a0<\/em><\/p>\n<p>Corona, lache!<\/p>\n<p><em>\u00a0<\/em><\/p>\n<p>:<\/p>\n<p>Sinnlosigkeit: mach dich klein (zu<\/p>\n<p>niedrig sind Riesen die B\u00e4ume<\/p>\n<p>auf der Suche nach F\u00fclle doch immer)<\/p>\n<p><em>\u00a0<\/em><\/p>\n<p>:<\/p>\n<p>der Regen er weint \u00fcber sie ist<\/p>\n<p>(nichts als loser<\/p>\n<p><em>\u00a0<\/em><\/p>\n<p>Schleim ist die Menschheit)<\/p>\n<p>&nbsp;<\/p>\n<p>:<\/p>\n<p>Wohlstand: so<\/p>\n<p>erfinderisch war die<\/p>\n<p>Menschheit noch nie<\/p>\n<p>mit Klopapier oder<\/p>\n<p>&nbsp;<\/p>\n<p>o<\/p>\n<p>Corona!<\/p>\n<p>&nbsp;<\/p>\n<p>:<\/p>\n<p>wer ankmmen will<\/p>\n<p>muss nicht laufen<\/p>\n<p>wei\u00df die Schildkr\u00f6te<\/p>\n<p>inzwischen<\/p>\n<p>&nbsp;<\/p>\n<p>:<\/p>\n<p>sechzehnmal muss die G\u00f6ttin<\/p>\n<p>geb\u00e4ren das ist<\/p>\n<p>&nbsp;<\/p>\n<p>Grausamkeit<\/p>\n<p>&nbsp;<\/p>\n<p>:<\/p>\n<p>:<\/p>\n<p>wir sind: zuckende Lippe<\/p>\n<p>wir hei\u00dfen Wei\u00df<\/p>\n<p>unsere Gesichter sterben<\/p>\n<p>Stern unterm Schritt:<\/p>\n<p>zittern wir sind<\/p>\n<p>zuckende Lippe<\/p>\n<p>&nbsp;<\/p>\n<p>:<\/p>\n<p>Untergang<\/p>\n<p>&nbsp;<\/p>\n<p>mit der R\u00fcsselsputze<\/p>\n<p>das Leben ber\u00fchrt<\/p>\n<p>dann nur noch<\/p>\n<p>zucken<\/p>\n<p>:<\/p>\n<p>verlorene Zeit<\/p>\n<p>Corona<\/p>\n<p>&nbsp;<\/p>\n<p>aufzuklaren<\/p>\n<p>oder?<\/p>\n<p>&nbsp;<\/p>\n<p>:<\/p>\n<p>(Wolken gab es<\/p>\n<p>immer schon<\/p>\n<p>&nbsp;<\/p>\n<p>oder)<\/p>\n<p>&nbsp;<\/p>\n<p>:<\/p>\n<p>Sonne<\/p>\n<p>sonstiger Sehnsucht Staub<\/p>\n<p>Mundschutz vor den Augen<\/p>\n<p>Corona und Hikkikomori<\/p>\n<p>ohne mich wird Fr\u00fchling sein<\/p>\n<p>Sonne<\/p>\n<p>&nbsp;<\/p>\n<p>:<\/p>\n<p>Nordwinde<\/p>\n<p>und siebenschw\u00e4nzig<\/p>\n<p>die Drachen des<\/p>\n<p>Schnees<\/p>\n<p>wie Katzen<\/p>\n<p>gegen Corona<\/p>\n<p>Tr\u00e4ume ertatzen<\/p>\n<p>Nodwinde<\/p>\n<p>weil auch Schnee<\/p>\n<p>schmilzt<\/p>\n<p>&nbsp;<\/p>\n<p>:<\/p>\n<p>Machart und Farbe<\/p>\n<p>einmal schroll bunt<\/p>\n<p>das Horn des Lebens<\/p>\n<p>wei\u00dft noch?<\/p>\n<p>Vorher werden wir sagen<\/p>\n<p>nach<\/p>\n<p>&nbsp;<\/p>\n<p>Corona<\/p>\n<p>&nbsp;<\/p>\n<p>:<\/p>\n<p>ich: Hummel im Hintern<\/p>\n<p>f\u00fcll Angst einstweilent<\/p>\n<p>den ganzen Himmel aus<\/p>\n<p>es lebe die Autotherapie Kopapier<\/p>\n<p>Welt der Autisten<\/p>\n<p>nur ich: Hummel im Hintern<\/p>\n<p>&nbsp;<\/p>\n<p>:<\/p>\n<p>und Staub<\/p>\n<p>&nbsp;<\/p>\n<p>wieder zerging<\/p>\n<p>&nbsp;<\/p>\n<p>(einmal war:<\/p>\n<p>Wunder)<\/p>\n<p>&nbsp;<\/p>\n<p>:<\/p>\n<p>Spachtel und Spitze<\/p>\n<p>nur der Atem fehlt<\/p>\n<p>das letzte richtige<\/p>\n<p>&nbsp;<\/p>\n<p>Instrument<\/p>\n<p>&nbsp;<\/p>\n<p>:<\/p>\n<p>auf ewig altern<\/p>\n<p>und immer Licht<\/p>\n<p>bei diesem Zuviel an<\/p>\n<p>Schnee<\/p>\n<p>&nbsp;<\/p>\n<p>:<\/p>\n<p>schwarz brennt uns<\/p>\n<p>der Sonne peitschender Schnee<\/p>\n<p>&nbsp;<\/p>\n<p>Corona? Neee!<\/p>\n<p>&nbsp;<\/p>\n<p>:<\/p>\n<p>tr\u00f6ste dich es hilft<\/p>\n<p>die Phantasie<\/p>\n<p>wenn das Gute nicht<\/p>\n<p>freiwillig geschieht<\/p>\n<p>&nbsp;<\/p>\n<p>:<\/p>\n<p>Ausbrechen<\/p>\n<p>&nbsp;<\/p>\n<p>die Fl\u00fcsse der Stadt<\/p>\n<p>rollen als Stra\u00dfen<\/p>\n<p>sind nicht aus Asphalt<\/p>\n<p>und der Elefant<\/p>\n<p>hat die Farbe der Maus<\/p>\n<p>nicht umgekehrt:<\/p>\n<p>&nbsp;<\/p>\n<p>Ausbrechhen<\/p>\n<p>&nbsp;<\/p>\n<p>:<\/p>\n<p>als w\u00fcrde<\/p>\n<p>der Blick<\/p>\n<p>infizieren: Menschen<\/p>\n<p>auf Stra\u00dfen<\/p>\n<p>sehn einander nicht mehr<\/p>\n<p>&nbsp;<\/p>\n<p>an<\/p>\n","protected":false},"excerpt":{"rendered":"<p>SlovoKult :: Covidivision :: Sophie Reyer ::\u00a0Corona\u00a0ein Chor: ohne der Sch\u00f6pfung (noch) Teil I :: Michaela Strumberger :: When We Were Kings (das Bild stammt aus vorcoronialen Zeiten) &nbsp; : Sturm er macht uns wach findet immer was zum Krachen [&hellip;]<\/p>\n","protected":false},"author":1,"featured_media":3835,"parent":3834,"menu_order":0,"comment_status":"closed","ping_status":"closed","template":"","meta":{"footnotes":""},"_links":{"self":[{"href":"https:\/\/www.slovokult-literatur.de\/index.php\/wp-json\/wp\/v2\/pages\/3837"}],"collection":[{"href":"https:\/\/www.slovokult-literatur.de\/index.php\/wp-json\/wp\/v2\/pages"}],"about":[{"href":"https:\/\/www.slovokult-literatur.de\/index.php\/wp-json\/wp\/v2\/types\/page"}],"author":[{"embeddable":true,"href":"https:\/\/www.slovokult-literatur.de\/index.php\/wp-json\/wp\/v2\/users\/1"}],"replies":[{"embeddable":true,"href":"https:\/\/www.slovokult-literatur.de\/index.php\/wp-json\/wp\/v2\/comments?post=3837"}],"version-history":[{"count":10,"href":"https:\/\/www.slovokult-literatur.de\/index.php\/wp-json\/wp\/v2\/pages\/3837\/revisions"}],"predecessor-version":[{"id":3870,"href":"https:\/\/www.slovokult-literatur.de\/index.php\/wp-json\/wp\/v2\/pages\/3837\/revisions\/3870"}],"up":[{"embeddable":true,"href":"https:\/\/www.slovokult-literatur.de\/index.php\/wp-json\/wp\/v2\/pages\/3834"}],"wp:featuredmedia":[{"embeddable":true,"href":"https:\/\/www.slovokult-literatur.de\/index.php\/wp-json\/wp\/v2\/media\/3835"}],"wp:attachment":[{"href":"https:\/\/www.slovokult-literatur.de\/index.php\/wp-json\/wp\/v2\/media?parent=3837"}],"curies":[{"name":"wp","href":"https:\/\/api.w.org\/{rel}","templated":true}]}}