{"id":3834,"date":"2020-05-01T02:11:20","date_gmt":"2020-05-01T00:11:20","guid":{"rendered":"http:\/\/www.slovokult-literatur.de\/?page_id=3834"},"modified":"2021-04-30T16:07:55","modified_gmt":"2021-04-30T14:07:55","slug":"slovokult-covidivision","status":"publish","type":"page","link":"https:\/\/www.slovokult-literatur.de\/index.php\/slovokult-covidivision\/","title":{"rendered":"SlovoKult :: Covidivision"},"content":{"rendered":"<h4>SlovoKult :: Covidivision<\/h4>\n<p><strong>text :: vision :: sound\u00a0<\/strong><\/p>\n<p>30.04.2021<\/p>\n<p>Wir werden jetzt mehr auf Englisch schreiben, weil wir die Internationalit\u00e4t vereinfachen wollen, aber die Mehrsprachigkeit werden wir in den Texten aufbewahren.<\/p>\n<p>Wir starten einen neuen Abschnitt hier, der sich mit dem Geist besch\u00e4ftigt. Dazu werden wir Texte unserer Autoren in typischen SlovoKult-Stil (Text-Bild-Sound) pr\u00e4sentieren &#8211; aber wir werden dazu noch EXPERIMENT einf\u00fchren.<\/p>\n<p>ENG :: We will write more in English now, because we want to simplify the internationality, but we will keep the multilingualism in the texts.<\/p>\n<p>We start a new section here, which will deal with the spirit. For this purpose we will present texts of our authors in typical SlovoKult style (text-image-sound). but we will add EXPERIMENT to it.<\/p>\n<p><a href=\"https:\/\/www.slovokult-literatur.de\/index.php\/geist-spirit-duh\/\"><strong>GEIST :: SPIRIT :: \u0414\u0423\u0425 ::\u00a0<\/strong><\/a><\/p>\n<p>01.05.2020<\/p>\n<hr \/>\n<p>In dieser Rubrik pr\u00e4sentieren wir Werke, die in coronialen und vorcoronialen (B.C.\u00b9 is the new ::before corona::) Zeiten entsatnden sind und die wichtiger Bestandteil der nachcoronialen Zeiten werden. Gleichzeitig pr\u00e4sentieren wir Teilnehmer::innen der zweiten Biennale <strong>SlovoKult :: literARTour<\/strong> :: 2020<strong>*<\/strong> :: oder auch Teilnehmer::innen in den nachcoronialen<strong>**<\/strong> oder auch in den vorocornialen<strong>***\u00a0<\/strong>Zeiten. Oder einfach Autor:: und K\u00fcnstelr::innen, die bei uns ver\u00f6ffentlicht waren oder es werden. Also eine richtige Covidivision &#8211; in Visionmission. Zum Wohl. <strong>Naja naja.\u00a0<\/strong><\/p>\n<p>Hier kommt die Wohlvision, Worldvision, Weitvision :: Internetelevision with Covidivision ::<\/p>\n<p>(wir entschuldigen uns f\u00fcr Tippfehler oder andere Unkorrektheiten, vielleicht korrigieren wir sie demn\u00e4chst)<\/p>\n<p><strong>::6:: Zvonko Karanovi\u0107<\/strong><strong> :: zettelmann<\/strong><\/p>\n<p><a href=\"http:\/\/www.slovokult-literatur.de\/index.php\/slovokult-covidivision\/zvonko-karanovic-zettelmann\/\"><img decoding=\"async\" loading=\"lazy\" class=\"wp-image-4035 size-medium alignleft\" src=\"http:\/\/www.slovokult-literatur.de\/wp-content\/uploads\/2020\/07\/Zvonko-Karanovic-zettelmann-300x169.png\" alt=\"\" width=\"300\" height=\"169\" srcset=\"https:\/\/www.slovokult-literatur.de\/wp-content\/uploads\/2020\/07\/Zvonko-Karanovic-zettelmann-300x169.png 300w, https:\/\/www.slovokult-literatur.de\/wp-content\/uploads\/2020\/07\/Zvonko-Karanovic-zettelmann-768x433.png 768w, https:\/\/www.slovokult-literatur.de\/wp-content\/uploads\/2020\/07\/Zvonko-Karanovic-zettelmann-1024x577.png 1024w, https:\/\/www.slovokult-literatur.de\/wp-content\/uploads\/2020\/07\/Zvonko-Karanovic-zettelmann-400x225.png 400w, https:\/\/www.slovokult-literatur.de\/wp-content\/uploads\/2020\/07\/Zvonko-Karanovic-zettelmann.png 1118w\" sizes=\"(max-width: 300px) 100vw, 300px\" \/><\/a><\/p>\n<p><a href=\"http:\/\/www.slovokult-literatur.de\/index.php\/slovokult-covidivision\/zvonko-karanovic-zettelmann\/\">ALLES, WAS ICH VON EUCH WILL,<\/a><\/p>\n<p>SIND DIE SCHL\u00c4GE, DIE IHR MIR<\/p>\n<p>VERPASST<\/p>\n<p>::\u00a0Auszug aus der Anthologie zur Biennale<strong>\u00a0:: <\/strong>2018 ::<\/p>\n<p><img decoding=\"async\" loading=\"lazy\" class=\"wp-image-3966 size-thumbnail alignleft\" src=\"http:\/\/www.slovokult-literatur.de\/wp-content\/uploads\/2020\/06\/abject-berlin-staalplaat-150x150.jpg\" alt=\"\" width=\"150\" height=\"150\" srcset=\"https:\/\/www.slovokult-literatur.de\/wp-content\/uploads\/2020\/06\/abject-berlin-staalplaat-150x150.jpg 150w, https:\/\/www.slovokult-literatur.de\/wp-content\/uploads\/2020\/06\/abject-berlin-staalplaat-180x180.jpg 180w, https:\/\/www.slovokult-literatur.de\/wp-content\/uploads\/2020\/06\/abject-berlin-staalplaat-300x300.jpg 300w, https:\/\/www.slovokult-literatur.de\/wp-content\/uploads\/2020\/06\/abject-berlin-staalplaat-600x600.jpg 600w\" sizes=\"(max-width: 150px) 100vw, 150px\" \/>\u00a0<strong>::5\u00a0<\/strong><a href=\"http:\/\/www.slovokult-literatur.de\/index.php\/lyrik\/elizabeta-lindner-kostadinovska\/abject-berlin-souterrain-sessions-3\/\"><strong>:: Abject Berlin :: \u00a0<\/strong>am 18.06.2020<\/a><br \/>\n<a href=\"http:\/\/www.slovokult-literatur.de\/index.php\/lyrik\/elizabeta-lindner-kostadinovska\/abject-berlin-souterrain-sessions-3\/\"><strong><span class=\"breaker-breaker\">Souterrain Sessions #3<\/span><\/strong><\/a><br \/>\n01 Mutant Cunt Sniffers<br \/>\n02 Sean Derrick Cooper Marquardt<br \/>\n03 Dr. Nexus<br \/>\n04 Elizabeta Kostadinovska<\/p>\n<p><a href=\"http:\/\/www.slovokult-literatur.de\/wp-content\/uploads\/2020\/05\/SilviaLorenz_ohnetitel1_2018.jpg\"><img decoding=\"async\" loading=\"lazy\" class=\"alignleft wp-image-3946 size-thumbnail\" src=\"http:\/\/www.slovokult-literatur.de\/wp-content\/uploads\/2020\/05\/SilviaLorenz_ohnetitel1_2018-150x150.jpg\" alt=\"\" width=\"150\" height=\"150\" srcset=\"https:\/\/www.slovokult-literatur.de\/wp-content\/uploads\/2020\/05\/SilviaLorenz_ohnetitel1_2018-150x150.jpg 150w, https:\/\/www.slovokult-literatur.de\/wp-content\/uploads\/2020\/05\/SilviaLorenz_ohnetitel1_2018-180x180.jpg 180w, https:\/\/www.slovokult-literatur.de\/wp-content\/uploads\/2020\/05\/SilviaLorenz_ohnetitel1_2018-300x300.jpg 300w, https:\/\/www.slovokult-literatur.de\/wp-content\/uploads\/2020\/05\/SilviaLorenz_ohnetitel1_2018-600x600.jpg 600w\" sizes=\"(max-width: 150px) 100vw, 150px\" \/><\/a><a href=\"http:\/\/www.slovokult-literatur.de\/index.php\/slovokult-covidivision\/4-jovica-ivanovski-silvia-lorenz\/\">::4::\u00a0:: <strong>Jovica Ivanovski*(***)<\/strong><\/a><\/p>\n<p><strong>:: Wir haben uns verloren<\/strong> (mazedonisch und deutsch)<\/p>\n<p>Auszug aus der Anthologie zur Biennale<strong>\u00a0:: <\/strong>2018<br \/>\n<a href=\"http:\/\/www.slovokult-literatur.de\/wp-content\/uploads\/2020\/05\/Jovica-Ivanovski-Silvia-Lorenz-Anthologie.pdf\"><strong>:: Silvia Lorenz :: <\/strong>O.T. 2018<\/a><\/p>\n<p><img decoding=\"async\" loading=\"lazy\" class=\"wp-image-3920 size-thumbnail alignleft\" src=\"http:\/\/www.slovokult-literatur.de\/wp-content\/uploads\/2020\/05\/Ivan-Ivanovski-Lizgav-teren-150x150.jpg\" alt=\"\" width=\"150\" height=\"150\" srcset=\"https:\/\/www.slovokult-literatur.de\/wp-content\/uploads\/2020\/05\/Ivan-Ivanovski-Lizgav-teren-150x150.jpg 150w, https:\/\/www.slovokult-literatur.de\/wp-content\/uploads\/2020\/05\/Ivan-Ivanovski-Lizgav-teren-180x180.jpg 180w, https:\/\/www.slovokult-literatur.de\/wp-content\/uploads\/2020\/05\/Ivan-Ivanovski-Lizgav-teren-300x300.jpg 300w, https:\/\/www.slovokult-literatur.de\/wp-content\/uploads\/2020\/05\/Ivan-Ivanovski-Lizgav-teren-600x600.jpg 600w\" sizes=\"(max-width: 150px) 100vw, 150px\" \/><\/p>\n<p><strong>::3:: <a href=\"http:\/\/www.slovokult-literatur.de\/index.php\/slovokult-covidivision\/03-crauss-ivan-ivanovski\/\">Crauss* (***)<\/a> ::\u00a0<\/strong><\/p>\n<p>GRENZ\u00dcBERSCHREITUNG\u00a0<em>mittelformat 1963<\/em><\/p>\n<p><strong>:: <a href=\"http:\/\/www.slovokult-literatur.de\/index.php\/slovokult-covidivision\/03-crauss-ivan-ivanovski\/\">Ivan Ivanovski* ::\u00a0<\/a><\/strong><a href=\"http:\/\/www.slovokult-literatur.de\/index.php\/slovokult-covidivision\/03-crauss-ivan-ivanovski\/\"><strong>Heikle Lage<\/strong><\/a><\/p>\n<p><img decoding=\"async\" loading=\"lazy\" class=\"wp-image-3876 size-thumbnail alignleft\" src=\"http:\/\/www.slovokult-literatur.de\/wp-content\/uploads\/2020\/05\/Reality-Show-Katrin-Salentin-TV-MANN--150x150.jpg\" alt=\"\" width=\"150\" height=\"150\" srcset=\"https:\/\/www.slovokult-literatur.de\/wp-content\/uploads\/2020\/05\/Reality-Show-Katrin-Salentin-TV-MANN--150x150.jpg 150w, https:\/\/www.slovokult-literatur.de\/wp-content\/uploads\/2020\/05\/Reality-Show-Katrin-Salentin-TV-MANN--180x180.jpg 180w, https:\/\/www.slovokult-literatur.de\/wp-content\/uploads\/2020\/05\/Reality-Show-Katrin-Salentin-TV-MANN--300x300.jpg 300w, https:\/\/www.slovokult-literatur.de\/wp-content\/uploads\/2020\/05\/Reality-Show-Katrin-Salentin-TV-MANN--600x600.jpg 600w\" sizes=\"(max-width: 150px) 100vw, 150px\" \/><\/p>\n<p><strong>::2::\u00a0<\/strong>\u00a0<a href=\"http:\/\/www.slovokult-literatur.de\/index.php\/slovokult-covidivision\/thomas-antonic-katrin-salentin\/\"><strong>Thomas Antonic** :: <\/strong><\/a><\/p>\n<p>Auszug aus der Anthologie zur Biennale<strong> ::<\/strong> 2018<\/p>\n<p><a href=\"http:\/\/www.slovokult-literatur.de\/index.php\/slovokult-covidivision\/thomas-antonic-katrin-salentin\/\"><strong>:: Katrin Salentin*** :: TV Mann<\/strong><\/a><\/p>\n<p><img decoding=\"async\" loading=\"lazy\" class=\"wp-image-3835 size-thumbnail alignleft\" src=\"http:\/\/www.slovokult-literatur.de\/wp-content\/uploads\/2020\/05\/Michaela-Strumberger-KingGFullCloak2448-150x150.jpg\" alt=\"\" width=\"150\" height=\"150\" srcset=\"https:\/\/www.slovokult-literatur.de\/wp-content\/uploads\/2020\/05\/Michaela-Strumberger-KingGFullCloak2448-150x150.jpg 150w, https:\/\/www.slovokult-literatur.de\/wp-content\/uploads\/2020\/05\/Michaela-Strumberger-KingGFullCloak2448-180x180.jpg 180w, https:\/\/www.slovokult-literatur.de\/wp-content\/uploads\/2020\/05\/Michaela-Strumberger-KingGFullCloak2448-300x300.jpg 300w, https:\/\/www.slovokult-literatur.de\/wp-content\/uploads\/2020\/05\/Michaela-Strumberger-KingGFullCloak2448-600x600.jpg 600w\" sizes=\"(max-width: 150px) 100vw, 150px\" \/><\/p>\n<p><strong>::1::<\/strong> <a href=\"http:\/\/www.slovokult-literatur.de\/index.php\/slovokult-covidivision\/1-sophie-reyer-michaela-strumberger\/\"><strong>Sophie Reyer** :: Corona\u00a0ein Chor: ohne der Sch\u00f6pfung (noch)\u00a0<\/strong><\/a>\u00a0Teil I<\/p>\n<p><strong>:: <a href=\"http:\/\/www.slovokult-literatur.de\/index.php\/slovokult-covidivision\/1-sophie-reyer-michaela-strumberger\/\">Michaela Strumberger* :: When We Were Kings<\/a><\/strong><\/p>\n<p>Graffito (vorcoronial)<\/p>\n","protected":false},"excerpt":{"rendered":"<p>SlovoKult :: Covidivision text :: vision :: sound\u00a0 30.04.2021 Wir werden jetzt mehr auf Englisch schreiben, weil wir die Internationalit\u00e4t vereinfachen wollen, aber die Mehrsprachigkeit werden wir in den Texten aufbewahren. Wir starten einen neuen Abschnitt hier, der sich mit [&hellip;]<\/p>\n","protected":false},"author":1,"featured_media":3762,"parent":0,"menu_order":0,"comment_status":"closed","ping_status":"closed","template":"","meta":{"footnotes":""},"_links":{"self":[{"href":"https:\/\/www.slovokult-literatur.de\/index.php\/wp-json\/wp\/v2\/pages\/3834"}],"collection":[{"href":"https:\/\/www.slovokult-literatur.de\/index.php\/wp-json\/wp\/v2\/pages"}],"about":[{"href":"https:\/\/www.slovokult-literatur.de\/index.php\/wp-json\/wp\/v2\/types\/page"}],"author":[{"embeddable":true,"href":"https:\/\/www.slovokult-literatur.de\/index.php\/wp-json\/wp\/v2\/users\/1"}],"replies":[{"embeddable":true,"href":"https:\/\/www.slovokult-literatur.de\/index.php\/wp-json\/wp\/v2\/comments?post=3834"}],"version-history":[{"count":48,"href":"https:\/\/www.slovokult-literatur.de\/index.php\/wp-json\/wp\/v2\/pages\/3834\/revisions"}],"predecessor-version":[{"id":5101,"href":"https:\/\/www.slovokult-literatur.de\/index.php\/wp-json\/wp\/v2\/pages\/3834\/revisions\/5101"}],"wp:featuredmedia":[{"embeddable":true,"href":"https:\/\/www.slovokult-literatur.de\/index.php\/wp-json\/wp\/v2\/media\/3762"}],"wp:attachment":[{"href":"https:\/\/www.slovokult-literatur.de\/index.php\/wp-json\/wp\/v2\/media?parent=3834"}],"curies":[{"name":"wp","href":"https:\/\/api.w.org\/{rel}","templated":true}]}}