{"id":3639,"date":"2020-03-23T03:46:49","date_gmt":"2020-03-23T02:46:49","guid":{"rendered":"http:\/\/www.slovokult-literatur.de\/?page_id=3639"},"modified":"2020-04-23T02:57:32","modified_gmt":"2020-04-23T00:57:32","slug":"corona-reality-check","status":"publish","type":"page","link":"https:\/\/www.slovokult-literatur.de\/index.php\/opinion-instead-of-oblivion\/corona-reality-check\/","title":{"rendered":":: Corona :: Reality Check ::"},"content":{"rendered":"<h4>:: Corona :: Reality Check :: 1 ::<\/h4>\n<p><strong>Corona &#8211; Symbol der Angst vor dem Unbekannten ODER der eingebildete Feind und die Diktatur als Retterin<\/strong><\/p>\n<p>erschein :: <a href=\"http:\/\/www.slovokult.eu\/index.php\/stav-namesto-strav\/corona-reality-check\/2-2\/\"><strong>am 23.03.20 auf mazedonisch<\/strong><\/a> ::<\/p>\n<p>von :: <a href=\"http:\/\/www.slovokult-literatur.de\/index.php\/lyrik\/elizabeta-lindner-kostadinovska\/\"><strong>Elizabeta Lindner<\/strong><\/a><\/p>\n<p><img decoding=\"async\" loading=\"lazy\" class=\"size-medium wp-image-3658 alignleft\" src=\"http:\/\/www.slovokult-literatur.de\/wp-content\/uploads\/2020\/04\/IMG_2148-300x200.jpg\" alt=\"\" width=\"300\" height=\"200\" \/><strong>Die Sonnenkorona ist nur in der totalen Sonnenfinsternis zu sehen. Dies ist ein wundersch\u00f6nes und symbolisches Bild, um \u00fcber die Gegenwart und seine Majest\u00e4t: Das Coronavirus, nachzudenken.<\/strong><\/p>\n<p>Wenn mir vor nur zwei Wochen jemand behauptet h\u00e4tte, dass der Tag kommen w\u00fcrde, an dem Intellektuelle, Denker, K\u00fcnstler:innen und andere f\u00fchrende K\u00f6pfe und Kreative in unserer modernen Gesellschaft, den Totalitarismus und die Diktatur als einzige M\u00f6glichkeit &#8222;den Feind\u00a0 (die Pandemie)\u00a0 zu verhindern\u201d begr\u00fc\u00dfen w\u00fcrden, &#8211; w\u00fcrde ich sagen, er\/sie ist nicht bei sich, keine Chance. Aber vor zwei Wochen begann das sich zu \u00e4ndern, als ich bemerkte, dass sogar Menschen, die mir nahe stehen, durch das Virus &#8222;mental beeinflusst&#8220;*\u00a0 und w\u00fctend auf die &#8222;Ungehorsamen&#8220; waren und meine Versuche, sie zum Nachdenken anzuregen, automatisch abgelehnt haben (Verschw\u00f6rungstheorien, unwahr, echte Gefahr usw.), weil sie nat\u00fcrlich den Medien, den gut bezahlten Fachleuten und ihren Regierungen vertrauen (ja Plural, weil ich in zwei Kulturen und in einem internationalen Umfeld lebe). Es ist also ganz anders gekommen und ich kann immer noch nicht verstehen, dass diese Realit\u00e4t mit diesem Wahnsinn das ist, was sie ist: Wirklichkeit.<\/p>\n<p>Es gibt niemanden, der mich am Arm kneifen k\u00f6nnte, um zu \u00fcberpr\u00fcfen, ob ich tr\u00e4ume, wir sind alle in Quarant\u00e4ne, was f\u00fcr mich kein Problem ist, weil ich als freie K\u00fcnstlerin und Freiberuflerin, das auch nicht anders kenne und auch nicht \u00e4ndern m\u00f6chte &#8211; wenn es meine freie Wahl w\u00e4re. Aber wenn der Staat es mir als einzige M\u00f6glichkeit auftischt und mir verbietet zu reisen, mich zu bewegen und mit Freunden zu treffen, weil er eine Ausgangssperre als Teil eines Ausnahmezustands einf\u00fchrt, weil das &#8222;zu unserem Guten ist&#8220; muss man sich nat\u00fcrlich fragen, und warum ist das &#8222;zu unserem Guten&#8220;? Was ist eigentlich die Bedrohung?<\/p>\n<p>Ich bin keine Expertin f\u00fcr Corona oder Covid-19 und habe auch nicht vor, es zu werden, ich bin wie wir alle, nur eine gew\u00f6hnliche Sterbliche, die sich bem\u00fcht, die Bedrohung zu verstehen und der Wahrheit n\u00e4her zu kommen.<\/p>\n<p><img decoding=\"async\" loading=\"lazy\" class=\"size-medium wp-image-3666 alignleft\" src=\"http:\/\/www.slovokult-literatur.de\/wp-content\/uploads\/2020\/04\/Corona-Graphic-300x193.png\" alt=\"\" width=\"300\" height=\"193\" srcset=\"https:\/\/www.slovokult-literatur.de\/wp-content\/uploads\/2020\/04\/Corona-Graphic-300x193.png 300w, https:\/\/www.slovokult-literatur.de\/wp-content\/uploads\/2020\/04\/Corona-Graphic-768x493.png 768w, https:\/\/www.slovokult-literatur.de\/wp-content\/uploads\/2020\/04\/Corona-Graphic-400x257.png 400w, https:\/\/www.slovokult-literatur.de\/wp-content\/uploads\/2020\/04\/Corona-Graphic.png 989w\" sizes=\"(max-width: 300px) 100vw, 300px\" \/><strong>:: BOO!::<\/strong><\/p>\n<p>Die gr\u00f6\u00dfte Bedrohung, die uns erz\u00e4hlt wird, ist die &#8222;Verbreitung des Coronavirus&#8220;, die mir, obwohl sie zu schnell ist, immer noch nicht logisch und relevant erscheint, sondern, leider oder gl\u00fccklicherweise, als Bedrohung sehe ich den Verlust des gesunden Menschenverstands aus Angst vor etwas Unbekanntem. Die Medien spielen ihre Rolle perfekt, wie es \u00a0<a href=\"https:\/\/www.youtube.com\/watch?v=34LGPIXvU5M\" target=\"_blank\" rel=\"noopener\"><strong>Chomsky brillant dargestellt<\/strong> <\/a>hat, so dass Corona im Moment \u00fcberall die\u00a0wichtigste Hauptrolle spielt und st\u00e4rker ist als jede vern\u00fcnftige Erkl\u00e4rung, die sowieso jeder ablehnt. Nur die Zahlen und die Kurven und Statistiken der Experten verstehen pl\u00f6tzlich alle, also die Zahlen von denjenigen Experten, die eng mit den M\u00e4chtigen zusammenarbeiten (um nicht zu sagen, von ihnen abh\u00e4ngen). Es kann von jedem \u00fcberpr\u00fcft werden (Google, WHO-Finanzierung), ich sage nur meine Meinung, f\u00fcr die ich nat\u00fcrlich eher erwarte, heftig angegriffen oder zumindest abgelehnt zu werden, weil ich in diesen Augenblicken purer Angst, von meinen Mitb\u00fcrgern nichts Anderes erwarte, gar kein solides, vern\u00fcnftiges Denken und Begr\u00fcnden, weil sie dazu nicht in der Lage sind.<\/p>\n<p>Ich will keine Meinung aufzwingen, das kann ich sowieso nicht, ich m\u00f6chte nur zum (Nach)denken anregen, deshalb beunruhigen mich die Angriffe und Beleidigungen nicht so sehr, ich mache mir Sorgen, dass alle sich weigern zu denken und nach logischen Erkl\u00e4rungen, nach der Wahrheit zu suchen &#8230; und dementsprechend auch nach geeigneten Schutzma\u00dfnahmen.<\/p>\n<p>Die Coronatests werden anstatt als Pr\u00e4ventionsinstrument eher f\u00fcr schwindelerregende Statistiken verwendet, die nicht auf die Lebensgefahr, sondern auf die Geschwindigkeit der Virusverbreitung hinweisen \u2013 und dazu wird st\u00e4ndig auch auf unsere unzureichende Immunit\u00e4t gegen das <em>neue<\/em> COV-19 hingewiesen. Der Horror wird durch Zahlen und Statistiken erzeugt &#8230; Nat\u00fcrlich sollten die positiv getesteten isoliert bleiben, nat\u00fcrlich sind die Vorsichtsma\u00dfnahmen, die f\u00fcr alle gelten, in Ordnung, aber hier sto\u00dfen wir auf ein anderes Problem, ob es ausreicht, die <em>potentiell <\/em>mangelnde medizinische Versorgung als Ursache f\u00fcr den Totalitarismus anzunehmen? Denn meiner Meinung nach, ist dies alles andere als logisch und weit entfernt von der Wahrheit, deswegen m\u00f6chte ich versuchen, ihr n\u00e4her zu kommen.<\/p>\n<p>Diese Ablehnung und Ignoranz der Realit\u00e4t seitens der Denker, Journalisten, K\u00fcnstler:innen und Intellektuellen schockiert mich &#8230; Ich werde die Angriffe ertragen, weil ich wei\u00df, dass es normal ist dies zu erleben, denn jeder, insbesondere diese Minderheit, die versucht, der Wahrheit n\u00e4her zu kommen, oder zumindest eine Offenheit f\u00fcr eine Fragestellung anzuregen und logische Antworten zu finden, ist ihnen\u00a0ausgesetzt. Was mich am meisten beunruhigt, ist, dass fast ausnahmslos alle ablehnen, der Wahrheit n\u00e4her zu kommen, sondern sich auf die Massenmedien und die viralen Aufnahmen im Internet konzentrieren, und dass es f\u00fcr sie am Ende einfacher ist, den Angriff auf unsere Menschenw\u00fcrde und Menschenrechte stillschweigend und freiwillig zu akzeptieren, die Einschr\u00e4nkung der Freiheit ohne Bedenken anzunehmen &#8211; nur aus Angst vor Corona. Aber eines vergessen sie, n\u00e4mlich das Wichtigste:<\/p>\n<p><strong>Dass wir diese Freiheit niemals wiedererlangen werden.<\/strong><\/p>\n<figure id=\"attachment_3661\" aria-describedby=\"caption-attachment-3661\" style=\"width: 376px\" class=\"wp-caption alignleft\"><a href=\"http:\/\/www.slovokult-literatur.de\/wp-content\/uploads\/2020\/04\/Coronavirus-Quarantine-Graphic-1.jpg\"><img decoding=\"async\" loading=\"lazy\" class=\"wp-image-3661\" src=\"http:\/\/www.slovokult-literatur.de\/wp-content\/uploads\/2020\/04\/Coronavirus-Quarantine-Graphic-1-300x169.jpg\" alt=\"\" width=\"376\" height=\"212\" srcset=\"https:\/\/www.slovokult-literatur.de\/wp-content\/uploads\/2020\/04\/Coronavirus-Quarantine-Graphic-1-300x169.jpg 300w, https:\/\/www.slovokult-literatur.de\/wp-content\/uploads\/2020\/04\/Coronavirus-Quarantine-Graphic-1-400x225.jpg 400w, https:\/\/www.slovokult-literatur.de\/wp-content\/uploads\/2020\/04\/Coronavirus-Quarantine-Graphic-1.jpg 640w\" sizes=\"(max-width: 376px) 100vw, 376px\" \/><\/a><figcaption id=\"caption-attachment-3661\" class=\"wp-caption-text\">foto :: www.wagmtv.com<\/figcaption><\/figure>\n<p>Ich m\u00f6chte einfach nicht glauben, dass viele intelligente und offene Menschen schweigen oder noch schlimmer, den Totalitarismus fordern und begr\u00fc\u00dfen! Aufgrund ihrer unbegr\u00fcndeten Angst (UNBEGR\u00dcNDET!!!) sind sie bereit, die kulturellen Errungenschaften, Kulturvereine und \u2013Vereinigungen, Veranstaltungen, die seit Jahren und Jahrzehnten aufgebaut wurden, sowie kleine und mittlere Unternehmen und Institutionen zu zerst\u00f6ren, inklusive Arbeits- und Menschenrechte, denen sich seit Jahrzehnten und sogar einem Jahrhundert Menschen gewidmet haben, damit wir sie jetzt alle zusammen mit einer benebelten Verantwortungslosigkeit auf einmal vernichten. Und das nur AUS ::<\/p>\n<p><strong>:: A N G S T ::<\/strong><\/p>\n<p>Nun, widme ich mich der Angst: Corona brach in China aus, in einem totalit\u00e4ren Land, in dem Polizeiverbote und -kontrollen Routine sind und die Medien von der Regierung reguliert werden. Die Nachricht wurde verbreitet, dass es diese \u201estrengen Ma\u00dfnahmen\u201c waren, die das Coronavirus zerst\u00f6rten. Und warum sind diese Daten und Nachrichten glaubw\u00fcrdig, die aus einem Land kommen, das praktisch alles kontrolliert? Und wieso funktionierten diese Ma\u00dfnahmen in Italien nicht? Von wo sich t\u00e4glich Bilder und Informationen \u00fcber Hunderten von Toten durch die Weltmedien verbreiten?<\/p>\n<p>Die Begr\u00fcndung, warum sich das Virus in Italien so schnell verbreitet (die nebenbei mit verdeckter Hassrede erf\u00fcllt ist, wenn auch subtil, so dass niemand es bemerkt), n\u00e4mlich dass die Italiener &#8222;selber schuld daran sind\u201c, weil sie \u201enicht diszipliniert\u201c waren. Die Italiener sind also selber schuld, dass sie in so gro\u00dfer Anzahl sterben &#8230; Aha. Die Einf\u00fchrung von Ausgangssperren, dem Ausnahmezustand und die Polizeikontrolle, begleitet von Panik und der medialen \u00dcberwachung samt \u201eDokumentieren\u201c der Todesf\u00e4lle durch COV-19 (deren Anzahl auch nicht so spektakul\u00e4r ist, wie die Medien es sich w\u00fcnschen, siehe unten!), sowie die zum Teil schockierende und pathetische virale Verbreitung durch die sozialen Medien, wie Horrorvideos von Krankenh\u00e4usern, gefolgt von Emoticons mit Tr\u00e4nen und Seufzern sind Teil von dem, was bereits allen eingejagt wurde, womit bereits (fast) alle infiziert sind: <strong>Die Angst vor dem Unbekannten.<\/strong><\/p>\n<p><strong>:: COVID-19 =?? COV=19 = A N G S T= ?? CORONA =\u00a0SARS-CoV2 ::\u00a0<\/strong><\/p>\n<p>Aber in unserer heutigen modernen Welt k\u00f6nnen Informationen leicht gefunden werden, vorausgesetzt, dass jemand daran interessiert w\u00e4re, abseits der l\u00e4stigen Wiederholungen in den Massenmedien und der Propaganda zu suchen, dann w\u00fcrde er sicherlich Informationen finden: Die Sterblichkeit in Italien ist jeden Winter ENORM auch wegen der gew\u00f6hnlichen Grippe. Die Zahlen (wie \u00fcblich auch in Deutschland, es gibt Studien und Informationen!) der Todesf\u00e4lle an Influenza sind n\u00e4mlich auch sehr hoch. Warum? Weil die Italiener gute Lebensbedingungen haben, ein gutes, gesundes und zufriedenes Leben f\u00fchren und sehr alt werden, was leider durch die Grippe in Kombination mit anderen Krankheiten, Luftverschmutzung und andere Faktoren (siehe unten) zum Tod eines gro\u00dfen Teils der \u00e4lteren italienischen Bev\u00f6lkerung f\u00fchrt. Wenn Sie dem italienischen Volk gegen\u00fcber fair sein wollen, das derzeit das Zentrum der Weltmedien ist, nennen Sie es nicht &#8222;undiszipliniert&#8220; und sagen sie nicht &#8222;es ist seine Schuld&#8220; und schauen Sie sich <a href=\"https:\/\/www.ijidonline.com\/article\/S1201-9712 \u200b\u200b(19 ) 30328-5 \/ Volltext? Fbclid = IwAR3E2VDMKozGshv8hiN_56ZQQAb43txqsw2cUCT-H-Y5CdApRPeqVkQQXBo\" target=\"_blank\" rel=\"noopener\"><strong>diese langj\u00e4hrige medizinische Studie an, die die Sterblichkeit in den Jahren 2014-2017 ganz klar darstellt.<\/strong><\/a> Das Ignorieren dieser Daten ist nicht nur unverantwortlich, sondern auch gef\u00e4hrlich und r\u00fccksichtslos, da dies das Verbreiten von falschen Nachrichten und Hass an unschuldige Menschen bringt, die einem beispiellosen Medientheater ausgesetzt sind.<\/p>\n<p>Der Staat ist sicherlich daf\u00fcr mitverantwortlich &#8211; durch die bereits kritisierten Sparma\u00dfnahmen und K\u00fcrzungen im Gesundheitswesen (dies ist in vielen anderen L\u00e4ndern der Fall, sogar in Deutschland): miserable Bedingungen und belastete Krankenh\u00e4user sind Realit\u00e4t auch ohne das Koronartheater, das derzeit auf der ganzen Welt gezeigt wird. Dies ist eine \u00fcbliche Situation in den \u201eGrippemonaten\u201c, die sich jetzt nur noch mehr versch\u00e4rfte, weil durch Covid19 mehr Menschen gleichzeitig Hilfe ben\u00f6tigen, was diese Situation noch st\u00e4rker unter Druck setzte \u2013 und dies auch unter permanenter Beobachtung der Welt\u00f6ffentlichkeit.<\/p>\n<p>Hinzu kommen in die sozialen Medien auch die Quarant\u00e4ne-Videos traumatisierter Menschen (teils Exhibitionisten, teils weil das die einzige Besch\u00e4ftigungstherapie ist), die mit verst\u00f6renden Bildern \u00fcberflutet sind, und im Chaos, das sie umgibt, unter dem Druck von der Polizei, den Medien und der Hysterie, eben diese Videobotschaften senden, um die Weltbev\u00f6lkerung zu belehren, &#8222;zu Hause zu bleiben&#8220; und &#8222;nicht dies zuzulassen, was mit ihnen passiert ist&#8220;. Ja, es ist wahr, es ist was \u201eBesonderes\u201c und zum ersten Mal, dass die vielen Todesf\u00e4lle einer \u201eneuartigen\u201c grippe\u00e4hnlichen Krankheit zugeschrieben werden &#8211; mit dem sch\u00f6nen Namen Corona oder Covid \u2013 19, und diese Situation wird flei\u00dfig von den Medien \u00fcberwacht und unter krassen Bedingungen (Polizei, Hysterie und Quarant\u00e4ne) weltweit \u00fcbertragen. Es gab sogar Fotos von Milit\u00e4rlastwagen in einem Konvoi, die angeblich Leichen des Verstorbenen fuhren (auf dem Bild nicht zu sehen, sie k\u00f6nnten auch voller Waffen oder Corona-Tests oder einfach nur leer sein), die man leider nicht begraben, sondern ein\u00e4schern musste, ohne dass die Familie dabei sein konnte &#8211; und einiges mehr \u2013 wobei ich nicht sage, dass etwas davon auch nicht richtig ist, ich sage nur, dass es zu einem gewissen Grad zur gesamten medialen und hysterischen Inszenierung geh\u00f6rt \u2013 die kaum geleugnet werden kann.<\/p>\n<p>Dann sogar &#8222;Selfies&#8220; und Videos\u00a0von Exhibitionist:innen, die Botschaften aus Krankenzimmern mit Atemger\u00e4ten nuscheln oder schreien \u2026 Ich sehe das nicht, weil ich nicht wei\u00df, was f\u00fcr einen Sinn sie in diesem Chaos und der Hysterie haben sollten, au\u00dfer die Panik zu st\u00e4rken, was sicherlich auch gelingt. In dieser Welt mit dem ewigen Paradoxon: \u00e4ngstlich aber begierig auf mehr Sensation und Horror\u2026 aber mal sehen, wie lange.<\/p>\n<p><strong>:: Faktische Gefahr ::<\/strong><\/p>\n<p>Was nicht durch die Medien geht ist auch, dass das Coronavirus nicht so ganz neu ist und wahrscheinlich bereits bei fr\u00fcheren Influenza-Infektionen vorhanden war, aber niemand hat es als etwas besonderes dokumentiert, dar\u00fcber mehr :: <strong><a href=\"https:\/\/www.statnews.com\/2020\/03\/17\/a-fiasco-in-the-making-as-the-coronavirus-pandemic-takes-hold-we-are-making-decisions-without-reliable-data\/?fbclid=IwAR27TVTfhEXvddaymbH4oJTtdzSYl5V0K1R89bh9EtJoob0al4mly6p4MmA\">A fiasco in the making? As the coronavirus pandemic takes hold, we are making decisions without reliable data\u00a0<\/a><\/strong><\/p>\n<p>In diesem Jahr wird es besonders viel dokumentiert und es wird auch ausdr\u00fccklich darauf bestanden: Testen testen testen, das eigentlich keine logische Erkl\u00e4rung hat, sondern nur dazu dient, die Fakten noch mehr zu verzerren; diejenigen n\u00e4mlich, die f\u00fcr ein Virus wirklich wichtig sind &#8211; nicht seine rasche Verbreitung, sondern seine <a href=\"http:\/\/www.slovokult-literatur.de\/index.php\/opinion-instead-of-oblivion\/corona-reality-check\/2-2\/\"><strong>tats\u00e4chliche Gefahr<\/strong>::\u00a0<strong><span style=\"color: #3366ff;\">\u00a0Seite 2<\/span><\/strong><\/a><\/p>\n<p><img decoding=\"async\" loading=\"lazy\" src=\"http:\/\/vg08.met.vgwort.de\/na\/a7c41ceca9784377b1912f1f78267fe5\" alt=\"\" width=\"1\" height=\"1\" \/><\/p>\n","protected":false},"excerpt":{"rendered":"<p>:: Corona :: Reality Check :: 1 :: Corona &#8211; Symbol der Angst vor dem Unbekannten ODER der eingebildete Feind und die Diktatur als Retterin erschein :: am 23.03.20 auf mazedonisch :: von :: Elizabeta Lindner Die Sonnenkorona ist nur [&hellip;]<\/p>\n","protected":false},"author":1,"featured_media":3674,"parent":2589,"menu_order":0,"comment_status":"closed","ping_status":"closed","template":"","meta":{"footnotes":""},"_links":{"self":[{"href":"https:\/\/www.slovokult-literatur.de\/index.php\/wp-json\/wp\/v2\/pages\/3639"}],"collection":[{"href":"https:\/\/www.slovokult-literatur.de\/index.php\/wp-json\/wp\/v2\/pages"}],"about":[{"href":"https:\/\/www.slovokult-literatur.de\/index.php\/wp-json\/wp\/v2\/types\/page"}],"author":[{"embeddable":true,"href":"https:\/\/www.slovokult-literatur.de\/index.php\/wp-json\/wp\/v2\/users\/1"}],"replies":[{"embeddable":true,"href":"https:\/\/www.slovokult-literatur.de\/index.php\/wp-json\/wp\/v2\/comments?post=3639"}],"version-history":[{"count":34,"href":"https:\/\/www.slovokult-literatur.de\/index.php\/wp-json\/wp\/v2\/pages\/3639\/revisions"}],"predecessor-version":[{"id":3810,"href":"https:\/\/www.slovokult-literatur.de\/index.php\/wp-json\/wp\/v2\/pages\/3639\/revisions\/3810"}],"up":[{"embeddable":true,"href":"https:\/\/www.slovokult-literatur.de\/index.php\/wp-json\/wp\/v2\/pages\/2589"}],"wp:featuredmedia":[{"embeddable":true,"href":"https:\/\/www.slovokult-literatur.de\/index.php\/wp-json\/wp\/v2\/media\/3674"}],"wp:attachment":[{"href":"https:\/\/www.slovokult-literatur.de\/index.php\/wp-json\/wp\/v2\/media?parent=3639"}],"curies":[{"name":"wp","href":"https:\/\/api.w.org\/{rel}","templated":true}]}}