{"id":3492,"date":"2020-02-09T16:32:41","date_gmt":"2020-02-09T15:32:41","guid":{"rendered":"http:\/\/www.slovokult-literatur.de\/?page_id=3492"},"modified":"2020-02-09T18:12:28","modified_gmt":"2020-02-09T17:12:28","slug":"galerie-08-02-20-kule-berlin","status":"publish","type":"page","link":"https:\/\/www.slovokult-literatur.de\/index.php\/veranstaltungen\/galerie-08-02-20-kule-berlin\/","title":{"rendered":":: Galerie :: 08.02.20 :: Kule Berlin"},"content":{"rendered":"<p>::Bei der <strong><a href=\"https:\/\/www.facebook.com\/events\/667445013794735\/\" target=\"_blank\" rel=\"noopener\">Veranstaltung:: Auf frischer Tat<\/a><\/strong> :: Organisiert von :: <strong>Uwe Moellhusen<\/strong> \u00a0:: G A R A G E ::<\/p>\n<p><a href=\"https:\/\/www.facebook.com\/events\/667445013794735\/\"><img decoding=\"async\" loading=\"lazy\" class=\"alignnone wp-image-3493 size-medium\" src=\"http:\/\/www.slovokult-literatur.de\/wp-content\/uploads\/2020\/02\/Kule-Auf-frischer-tat-300x141.jpg\" alt=\"\" width=\"300\" height=\"141\" srcset=\"https:\/\/www.slovokult-literatur.de\/wp-content\/uploads\/2020\/02\/Kule-Auf-frischer-tat-300x141.jpg 300w, https:\/\/www.slovokult-literatur.de\/wp-content\/uploads\/2020\/02\/Kule-Auf-frischer-tat-768x360.jpg 768w, https:\/\/www.slovokult-literatur.de\/wp-content\/uploads\/2020\/02\/Kule-Auf-frischer-tat-1024x480.jpg 1024w, https:\/\/www.slovokult-literatur.de\/wp-content\/uploads\/2020\/02\/Kule-Auf-frischer-tat-400x187.jpg 400w, https:\/\/www.slovokult-literatur.de\/wp-content\/uploads\/2020\/02\/Kule-Auf-frischer-tat.jpg 1033w\" sizes=\"(max-width: 300px) 100vw, 300px\" \/><\/a><\/p>\n<p>waren :: <a href=\"http:\/\/www.slovokult-literatur.de\/index.php\/lyrik\/elizabeta-lindner-kostadinovska\/\"><strong>Elizabeta Kostadinovska<\/strong><\/a> und <a href=\"http:\/\/www.slovokult-literatur.de\/index.php\/lyrik\/crauss\/\"><strong>Crauss<\/strong><\/a> :: auch dabei::<\/p>\n<p>mit eigenen Gedichten und einem zweisprachigen Duett :: als Ank\u00fcndigung ihrer mehrsprachigen Gedichtb\u00e4nde :: die dieses Jahr f\u00fcr <strong>SlovoKult :: Literatur Berlin<\/strong> und <strong>Art Equlibrium<\/strong> (Mazedonien) erscheinen::<\/p>\n<p>Soundbegleitung :: <strong>Thilo Sch\u00f6lpen<\/strong> ::<\/p>\n<p>Fotos:: <strong>ralf b. korte<\/strong><\/p>\n<div id='gallery-1' class='gallery galleryid-3492 gallery-columns-3 gallery-size-medium'><figure class='gallery-item'>\n\t\t\t<div class='gallery-icon portrait'>\n\t\t\t\t<a href='https:\/\/www.slovokult-literatur.de\/wp-content\/uploads\/2020\/02\/Foto-08.02.20-23-55-21-e1581264098895.jpg'><img width=\"225\" height=\"300\" src=\"https:\/\/www.slovokult-literatur.de\/wp-content\/uploads\/2020\/02\/Foto-08.02.20-23-55-21-e1581264098895-225x300.jpg\" class=\"attachment-medium size-medium\" alt=\"\" decoding=\"async\" loading=\"lazy\" srcset=\"https:\/\/www.slovokult-literatur.de\/wp-content\/uploads\/2020\/02\/Foto-08.02.20-23-55-21-e1581264098895-225x300.jpg 225w, https:\/\/www.slovokult-literatur.de\/wp-content\/uploads\/2020\/02\/Foto-08.02.20-23-55-21-e1581264098895-768x1024.jpg 768w, https:\/\/www.slovokult-literatur.de\/wp-content\/uploads\/2020\/02\/Foto-08.02.20-23-55-21-e1581264098895-400x533.jpg 400w\" sizes=\"(max-width: 225px) 100vw, 225px\" \/><\/a>\n\t\t\t<\/div><\/figure><figure class='gallery-item'>\n\t\t\t<div class='gallery-icon landscape'>\n\t\t\t\t<a href='https:\/\/www.slovokult-literatur.de\/wp-content\/uploads\/2020\/02\/Foto-08.02.20-23-55-35.jpg'><img width=\"300\" height=\"225\" src=\"https:\/\/www.slovokult-literatur.de\/wp-content\/uploads\/2020\/02\/Foto-08.02.20-23-55-35-300x225.jpg\" class=\"attachment-medium size-medium\" alt=\"\" decoding=\"async\" loading=\"lazy\" srcset=\"https:\/\/www.slovokult-literatur.de\/wp-content\/uploads\/2020\/02\/Foto-08.02.20-23-55-35-300x225.jpg 300w, https:\/\/www.slovokult-literatur.de\/wp-content\/uploads\/2020\/02\/Foto-08.02.20-23-55-35-768x576.jpg 768w, https:\/\/www.slovokult-literatur.de\/wp-content\/uploads\/2020\/02\/Foto-08.02.20-23-55-35-1024x768.jpg 1024w, https:\/\/www.slovokult-literatur.de\/wp-content\/uploads\/2020\/02\/Foto-08.02.20-23-55-35-400x300.jpg 400w\" sizes=\"(max-width: 300px) 100vw, 300px\" \/><\/a>\n\t\t\t<\/div><\/figure><figure class='gallery-item'>\n\t\t\t<div class='gallery-icon portrait'>\n\t\t\t\t<a href='https:\/\/www.slovokult-literatur.de\/wp-content\/uploads\/2020\/02\/Foto-09.02.20-00-00-15-e1581264121337.jpg'><img width=\"225\" height=\"300\" src=\"https:\/\/www.slovokult-literatur.de\/wp-content\/uploads\/2020\/02\/Foto-09.02.20-00-00-15-e1581264121337-225x300.jpg\" class=\"attachment-medium size-medium\" alt=\"\" decoding=\"async\" loading=\"lazy\" srcset=\"https:\/\/www.slovokult-literatur.de\/wp-content\/uploads\/2020\/02\/Foto-09.02.20-00-00-15-e1581264121337-225x300.jpg 225w, https:\/\/www.slovokult-literatur.de\/wp-content\/uploads\/2020\/02\/Foto-09.02.20-00-00-15-e1581264121337-768x1024.jpg 768w, https:\/\/www.slovokult-literatur.de\/wp-content\/uploads\/2020\/02\/Foto-09.02.20-00-00-15-e1581264121337-400x533.jpg 400w\" sizes=\"(max-width: 225px) 100vw, 225px\" \/><\/a>\n\t\t\t<\/div><\/figure><figure class='gallery-item'>\n\t\t\t<div class='gallery-icon landscape'>\n\t\t\t\t<a href='https:\/\/www.slovokult-literatur.de\/wp-content\/uploads\/2020\/02\/Foto-09.02.20-00-02-01.jpg'><img width=\"300\" height=\"225\" src=\"https:\/\/www.slovokult-literatur.de\/wp-content\/uploads\/2020\/02\/Foto-09.02.20-00-02-01-300x225.jpg\" class=\"attachment-medium size-medium\" alt=\"\" decoding=\"async\" loading=\"lazy\" srcset=\"https:\/\/www.slovokult-literatur.de\/wp-content\/uploads\/2020\/02\/Foto-09.02.20-00-02-01-300x225.jpg 300w, https:\/\/www.slovokult-literatur.de\/wp-content\/uploads\/2020\/02\/Foto-09.02.20-00-02-01-768x576.jpg 768w, https:\/\/www.slovokult-literatur.de\/wp-content\/uploads\/2020\/02\/Foto-09.02.20-00-02-01-1024x768.jpg 1024w, https:\/\/www.slovokult-literatur.de\/wp-content\/uploads\/2020\/02\/Foto-09.02.20-00-02-01-400x300.jpg 400w\" sizes=\"(max-width: 300px) 100vw, 300px\" \/><\/a>\n\t\t\t<\/div><\/figure><figure class='gallery-item'>\n\t\t\t<div class='gallery-icon portrait'>\n\t\t\t\t<a href='https:\/\/www.slovokult-literatur.de\/wp-content\/uploads\/2020\/02\/Foto-09.02.20-00-05-42-e1581264139519.jpg'><img width=\"225\" height=\"300\" src=\"https:\/\/www.slovokult-literatur.de\/wp-content\/uploads\/2020\/02\/Foto-09.02.20-00-05-42-e1581264139519-225x300.jpg\" class=\"attachment-medium size-medium\" alt=\"\" decoding=\"async\" loading=\"lazy\" srcset=\"https:\/\/www.slovokult-literatur.de\/wp-content\/uploads\/2020\/02\/Foto-09.02.20-00-05-42-e1581264139519-225x300.jpg 225w, https:\/\/www.slovokult-literatur.de\/wp-content\/uploads\/2020\/02\/Foto-09.02.20-00-05-42-e1581264139519-768x1024.jpg 768w, https:\/\/www.slovokult-literatur.de\/wp-content\/uploads\/2020\/02\/Foto-09.02.20-00-05-42-e1581264139519-400x533.jpg 400w\" sizes=\"(max-width: 225px) 100vw, 225px\" \/><\/a>\n\t\t\t<\/div><\/figure><figure class='gallery-item'>\n\t\t\t<div class='gallery-icon landscape'>\n\t\t\t\t<a href='https:\/\/www.slovokult-literatur.de\/wp-content\/uploads\/2020\/02\/Foto-09.02.20-00-06-23.jpg'><img width=\"300\" height=\"225\" src=\"https:\/\/www.slovokult-literatur.de\/wp-content\/uploads\/2020\/02\/Foto-09.02.20-00-06-23-300x225.jpg\" class=\"attachment-medium size-medium\" alt=\"\" decoding=\"async\" loading=\"lazy\" srcset=\"https:\/\/www.slovokult-literatur.de\/wp-content\/uploads\/2020\/02\/Foto-09.02.20-00-06-23-300x225.jpg 300w, https:\/\/www.slovokult-literatur.de\/wp-content\/uploads\/2020\/02\/Foto-09.02.20-00-06-23-768x576.jpg 768w, https:\/\/www.slovokult-literatur.de\/wp-content\/uploads\/2020\/02\/Foto-09.02.20-00-06-23-1024x768.jpg 1024w, https:\/\/www.slovokult-literatur.de\/wp-content\/uploads\/2020\/02\/Foto-09.02.20-00-06-23-400x300.jpg 400w\" sizes=\"(max-width: 300px) 100vw, 300px\" \/><\/a>\n\t\t\t<\/div><\/figure><figure class='gallery-item'>\n\t\t\t<div class='gallery-icon portrait'>\n\t\t\t\t<a href='https:\/\/www.slovokult-literatur.de\/wp-content\/uploads\/2020\/02\/Foto-09.02.20-00-14-13-e1581264311167.jpg'><img width=\"225\" height=\"300\" src=\"https:\/\/www.slovokult-literatur.de\/wp-content\/uploads\/2020\/02\/Foto-09.02.20-00-14-13-e1581264311167-225x300.jpg\" class=\"attachment-medium size-medium\" alt=\"\" decoding=\"async\" loading=\"lazy\" srcset=\"https:\/\/www.slovokult-literatur.de\/wp-content\/uploads\/2020\/02\/Foto-09.02.20-00-14-13-e1581264311167-225x300.jpg 225w, https:\/\/www.slovokult-literatur.de\/wp-content\/uploads\/2020\/02\/Foto-09.02.20-00-14-13-e1581264311167-768x1024.jpg 768w, https:\/\/www.slovokult-literatur.de\/wp-content\/uploads\/2020\/02\/Foto-09.02.20-00-14-13-e1581264311167-400x533.jpg 400w\" sizes=\"(max-width: 225px) 100vw, 225px\" \/><\/a>\n\t\t\t<\/div><\/figure><figure class='gallery-item'>\n\t\t\t<div class='gallery-icon portrait'>\n\t\t\t\t<a href='https:\/\/www.slovokult-literatur.de\/wp-content\/uploads\/2020\/02\/Foto-09.02.20-00-11-41-e1581265997559.jpg'><img width=\"225\" height=\"300\" src=\"https:\/\/www.slovokult-literatur.de\/wp-content\/uploads\/2020\/02\/Foto-09.02.20-00-11-41-e1581265997559-225x300.jpg\" class=\"attachment-medium size-medium\" alt=\"\" decoding=\"async\" loading=\"lazy\" srcset=\"https:\/\/www.slovokult-literatur.de\/wp-content\/uploads\/2020\/02\/Foto-09.02.20-00-11-41-e1581265997559-225x300.jpg 225w, https:\/\/www.slovokult-literatur.de\/wp-content\/uploads\/2020\/02\/Foto-09.02.20-00-11-41-e1581265997559-768x1024.jpg 768w, https:\/\/www.slovokult-literatur.de\/wp-content\/uploads\/2020\/02\/Foto-09.02.20-00-11-41-e1581265997559-400x533.jpg 400w\" sizes=\"(max-width: 225px) 100vw, 225px\" \/><\/a>\n\t\t\t<\/div><\/figure><figure class='gallery-item'>\n\t\t\t<div class='gallery-icon portrait'>\n\t\t\t\t<a href='https:\/\/www.slovokult-literatur.de\/wp-content\/uploads\/2020\/02\/Foto-09.02.20-00-07-55-e1581264644745.jpg'><img width=\"225\" height=\"300\" src=\"https:\/\/www.slovokult-literatur.de\/wp-content\/uploads\/2020\/02\/Foto-09.02.20-00-07-55-e1581264644745-225x300.jpg\" class=\"attachment-medium size-medium\" alt=\"\" decoding=\"async\" loading=\"lazy\" srcset=\"https:\/\/www.slovokult-literatur.de\/wp-content\/uploads\/2020\/02\/Foto-09.02.20-00-07-55-e1581264644745-225x300.jpg 225w, https:\/\/www.slovokult-literatur.de\/wp-content\/uploads\/2020\/02\/Foto-09.02.20-00-07-55-e1581264644745-768x1024.jpg 768w, https:\/\/www.slovokult-literatur.de\/wp-content\/uploads\/2020\/02\/Foto-09.02.20-00-07-55-e1581264644745-400x533.jpg 400w\" sizes=\"(max-width: 225px) 100vw, 225px\" \/><\/a>\n\t\t\t<\/div><\/figure><figure class='gallery-item'>\n\t\t\t<div class='gallery-icon portrait'>\n\t\t\t\t<a href='https:\/\/www.slovokult-literatur.de\/wp-content\/uploads\/2020\/02\/Foto-09.02.20-00-08-00-e1581264185149.jpg'><img width=\"225\" height=\"300\" src=\"https:\/\/www.slovokult-literatur.de\/wp-content\/uploads\/2020\/02\/Foto-09.02.20-00-08-00-e1581264185149-225x300.jpg\" class=\"attachment-medium size-medium\" alt=\"\" decoding=\"async\" loading=\"lazy\" srcset=\"https:\/\/www.slovokult-literatur.de\/wp-content\/uploads\/2020\/02\/Foto-09.02.20-00-08-00-e1581264185149-225x300.jpg 225w, https:\/\/www.slovokult-literatur.de\/wp-content\/uploads\/2020\/02\/Foto-09.02.20-00-08-00-e1581264185149-768x1024.jpg 768w, https:\/\/www.slovokult-literatur.de\/wp-content\/uploads\/2020\/02\/Foto-09.02.20-00-08-00-e1581264185149-400x533.jpg 400w\" sizes=\"(max-width: 225px) 100vw, 225px\" \/><\/a>\n\t\t\t<\/div><\/figure><figure class='gallery-item'>\n\t\t\t<div class='gallery-icon portrait'>\n\t\t\t\t<a href='https:\/\/www.slovokult-literatur.de\/wp-content\/uploads\/2020\/02\/Foto-09.02.20-00-12-15-e1581264203738.jpg'><img width=\"225\" height=\"300\" src=\"https:\/\/www.slovokult-literatur.de\/wp-content\/uploads\/2020\/02\/Foto-09.02.20-00-12-15-e1581264203738-225x300.jpg\" class=\"attachment-medium size-medium\" alt=\"\" decoding=\"async\" loading=\"lazy\" srcset=\"https:\/\/www.slovokult-literatur.de\/wp-content\/uploads\/2020\/02\/Foto-09.02.20-00-12-15-e1581264203738-225x300.jpg 225w, https:\/\/www.slovokult-literatur.de\/wp-content\/uploads\/2020\/02\/Foto-09.02.20-00-12-15-e1581264203738-768x1024.jpg 768w, https:\/\/www.slovokult-literatur.de\/wp-content\/uploads\/2020\/02\/Foto-09.02.20-00-12-15-e1581264203738-400x533.jpg 400w\" sizes=\"(max-width: 225px) 100vw, 225px\" \/><\/a>\n\t\t\t<\/div><\/figure><figure class='gallery-item'>\n\t\t\t<div class='gallery-icon portrait'>\n\t\t\t\t<a href='https:\/\/www.slovokult-literatur.de\/wp-content\/uploads\/2020\/02\/Foto-09.02.20-00-12-23-e1581264220179.jpg'><img width=\"225\" height=\"300\" src=\"https:\/\/www.slovokult-literatur.de\/wp-content\/uploads\/2020\/02\/Foto-09.02.20-00-12-23-e1581264220179-225x300.jpg\" class=\"attachment-medium size-medium\" alt=\"\" decoding=\"async\" loading=\"lazy\" srcset=\"https:\/\/www.slovokult-literatur.de\/wp-content\/uploads\/2020\/02\/Foto-09.02.20-00-12-23-e1581264220179-225x300.jpg 225w, https:\/\/www.slovokult-literatur.de\/wp-content\/uploads\/2020\/02\/Foto-09.02.20-00-12-23-e1581264220179-768x1024.jpg 768w, https:\/\/www.slovokult-literatur.de\/wp-content\/uploads\/2020\/02\/Foto-09.02.20-00-12-23-e1581264220179-400x533.jpg 400w\" sizes=\"(max-width: 225px) 100vw, 225px\" \/><\/a>\n\t\t\t<\/div><\/figure><figure class='gallery-item'>\n\t\t\t<div class='gallery-icon portrait'>\n\t\t\t\t<a href='https:\/\/www.slovokult-literatur.de\/wp-content\/uploads\/2020\/02\/Foto-09.02.20-00-12-31-e1581264239188.jpg'><img width=\"225\" height=\"300\" src=\"https:\/\/www.slovokult-literatur.de\/wp-content\/uploads\/2020\/02\/Foto-09.02.20-00-12-31-e1581264239188-225x300.jpg\" class=\"attachment-medium size-medium\" alt=\"\" decoding=\"async\" loading=\"lazy\" srcset=\"https:\/\/www.slovokult-literatur.de\/wp-content\/uploads\/2020\/02\/Foto-09.02.20-00-12-31-e1581264239188-225x300.jpg 225w, https:\/\/www.slovokult-literatur.de\/wp-content\/uploads\/2020\/02\/Foto-09.02.20-00-12-31-e1581264239188-768x1024.jpg 768w, https:\/\/www.slovokult-literatur.de\/wp-content\/uploads\/2020\/02\/Foto-09.02.20-00-12-31-e1581264239188-400x533.jpg 400w\" sizes=\"(max-width: 225px) 100vw, 225px\" \/><\/a>\n\t\t\t<\/div><\/figure><figure class='gallery-item'>\n\t\t\t<div class='gallery-icon portrait'>\n\t\t\t\t<a href='https:\/\/www.slovokult-literatur.de\/wp-content\/uploads\/2020\/02\/Foto-09.02.20-00-12-33-e1581264278460.jpg'><img width=\"225\" height=\"300\" src=\"https:\/\/www.slovokult-literatur.de\/wp-content\/uploads\/2020\/02\/Foto-09.02.20-00-12-33-e1581264278460-225x300.jpg\" class=\"attachment-medium size-medium\" alt=\"\" decoding=\"async\" loading=\"lazy\" srcset=\"https:\/\/www.slovokult-literatur.de\/wp-content\/uploads\/2020\/02\/Foto-09.02.20-00-12-33-e1581264278460-225x300.jpg 225w, https:\/\/www.slovokult-literatur.de\/wp-content\/uploads\/2020\/02\/Foto-09.02.20-00-12-33-e1581264278460-768x1024.jpg 768w, https:\/\/www.slovokult-literatur.de\/wp-content\/uploads\/2020\/02\/Foto-09.02.20-00-12-33-e1581264278460-400x533.jpg 400w\" sizes=\"(max-width: 225px) 100vw, 225px\" \/><\/a>\n\t\t\t<\/div><\/figure><figure class='gallery-item'>\n\t\t\t<div class='gallery-icon landscape'>\n\t\t\t\t<a href='https:\/\/www.slovokult-literatur.de\/wp-content\/uploads\/2020\/02\/Foto-09.02.20-00-16-15.jpg'><img width=\"300\" height=\"225\" src=\"https:\/\/www.slovokult-literatur.de\/wp-content\/uploads\/2020\/02\/Foto-09.02.20-00-16-15-300x225.jpg\" class=\"attachment-medium size-medium\" alt=\"\" decoding=\"async\" loading=\"lazy\" srcset=\"https:\/\/www.slovokult-literatur.de\/wp-content\/uploads\/2020\/02\/Foto-09.02.20-00-16-15-300x225.jpg 300w, https:\/\/www.slovokult-literatur.de\/wp-content\/uploads\/2020\/02\/Foto-09.02.20-00-16-15-768x576.jpg 768w, https:\/\/www.slovokult-literatur.de\/wp-content\/uploads\/2020\/02\/Foto-09.02.20-00-16-15-1024x768.jpg 1024w, https:\/\/www.slovokult-literatur.de\/wp-content\/uploads\/2020\/02\/Foto-09.02.20-00-16-15-400x300.jpg 400w\" sizes=\"(max-width: 300px) 100vw, 300px\" \/><\/a>\n\t\t\t<\/div><\/figure><figure class='gallery-item'>\n\t\t\t<div class='gallery-icon landscape'>\n\t\t\t\t<a href='https:\/\/www.slovokult-literatur.de\/wp-content\/uploads\/2020\/02\/Foto-09.02.20-00-16-16.jpg'><img width=\"300\" height=\"225\" src=\"https:\/\/www.slovokult-literatur.de\/wp-content\/uploads\/2020\/02\/Foto-09.02.20-00-16-16-300x225.jpg\" class=\"attachment-medium size-medium\" alt=\"\" decoding=\"async\" loading=\"lazy\" srcset=\"https:\/\/www.slovokult-literatur.de\/wp-content\/uploads\/2020\/02\/Foto-09.02.20-00-16-16-300x225.jpg 300w, https:\/\/www.slovokult-literatur.de\/wp-content\/uploads\/2020\/02\/Foto-09.02.20-00-16-16-768x576.jpg 768w, https:\/\/www.slovokult-literatur.de\/wp-content\/uploads\/2020\/02\/Foto-09.02.20-00-16-16-1024x768.jpg 1024w, https:\/\/www.slovokult-literatur.de\/wp-content\/uploads\/2020\/02\/Foto-09.02.20-00-16-16-400x300.jpg 400w\" sizes=\"(max-width: 300px) 100vw, 300px\" \/><\/a>\n\t\t\t<\/div><\/figure><figure class='gallery-item'>\n\t\t\t<div class='gallery-icon landscape'>\n\t\t\t\t<a href='https:\/\/www.slovokult-literatur.de\/wp-content\/uploads\/2020\/02\/Foto-09.02.20-00-13-13.jpg'><img width=\"300\" height=\"225\" src=\"https:\/\/www.slovokult-literatur.de\/wp-content\/uploads\/2020\/02\/Foto-09.02.20-00-13-13-300x225.jpg\" class=\"attachment-medium size-medium\" alt=\"\" decoding=\"async\" loading=\"lazy\" srcset=\"https:\/\/www.slovokult-literatur.de\/wp-content\/uploads\/2020\/02\/Foto-09.02.20-00-13-13-300x225.jpg 300w, https:\/\/www.slovokult-literatur.de\/wp-content\/uploads\/2020\/02\/Foto-09.02.20-00-13-13-768x576.jpg 768w, https:\/\/www.slovokult-literatur.de\/wp-content\/uploads\/2020\/02\/Foto-09.02.20-00-13-13-1024x768.jpg 1024w, https:\/\/www.slovokult-literatur.de\/wp-content\/uploads\/2020\/02\/Foto-09.02.20-00-13-13-400x300.jpg 400w\" sizes=\"(max-width: 300px) 100vw, 300px\" \/><\/a>\n\t\t\t<\/div><\/figure><figure class='gallery-item'>\n\t\t\t<div class='gallery-icon landscape'>\n\t\t\t\t<a href='https:\/\/www.slovokult-literatur.de\/wp-content\/uploads\/2020\/02\/Foto-09.02.20-00-16-13.jpg'><img width=\"300\" height=\"225\" src=\"https:\/\/www.slovokult-literatur.de\/wp-content\/uploads\/2020\/02\/Foto-09.02.20-00-16-13-300x225.jpg\" class=\"attachment-medium size-medium\" alt=\"\" decoding=\"async\" loading=\"lazy\" srcset=\"https:\/\/www.slovokult-literatur.de\/wp-content\/uploads\/2020\/02\/Foto-09.02.20-00-16-13-300x225.jpg 300w, https:\/\/www.slovokult-literatur.de\/wp-content\/uploads\/2020\/02\/Foto-09.02.20-00-16-13-768x576.jpg 768w, https:\/\/www.slovokult-literatur.de\/wp-content\/uploads\/2020\/02\/Foto-09.02.20-00-16-13-1024x768.jpg 1024w, https:\/\/www.slovokult-literatur.de\/wp-content\/uploads\/2020\/02\/Foto-09.02.20-00-16-13-400x300.jpg 400w\" sizes=\"(max-width: 300px) 100vw, 300px\" \/><\/a>\n\t\t\t<\/div><\/figure><figure class='gallery-item'>\n\t\t\t<div class='gallery-icon portrait'>\n\t\t\t\t<a href='https:\/\/www.slovokult-literatur.de\/wp-content\/uploads\/2020\/02\/Foto-09.02.20-00-16-48-e1581264383494.jpg'><img width=\"225\" height=\"300\" src=\"https:\/\/www.slovokult-literatur.de\/wp-content\/uploads\/2020\/02\/Foto-09.02.20-00-16-48-e1581264383494-225x300.jpg\" class=\"attachment-medium size-medium\" alt=\"\" decoding=\"async\" loading=\"lazy\" srcset=\"https:\/\/www.slovokult-literatur.de\/wp-content\/uploads\/2020\/02\/Foto-09.02.20-00-16-48-e1581264383494-225x300.jpg 225w, https:\/\/www.slovokult-literatur.de\/wp-content\/uploads\/2020\/02\/Foto-09.02.20-00-16-48-e1581264383494-768x1024.jpg 768w, https:\/\/www.slovokult-literatur.de\/wp-content\/uploads\/2020\/02\/Foto-09.02.20-00-16-48-e1581264383494-400x533.jpg 400w\" sizes=\"(max-width: 225px) 100vw, 225px\" \/><\/a>\n\t\t\t<\/div><\/figure>\n\t\t<\/div>\n\n<p>&nbsp;<\/p>\n","protected":false},"excerpt":{"rendered":"<p>::Bei der Veranstaltung:: Auf frischer Tat :: Organisiert von :: Uwe Moellhusen \u00a0:: G A R A G E :: waren :: Elizabeta Kostadinovska und Crauss :: auch dabei:: mit eigenen Gedichten und einem zweisprachigen Duett :: als Ank\u00fcndigung ihrer [&hellip;]<\/p>\n","protected":false},"author":1,"featured_media":3493,"parent":3495,"menu_order":0,"comment_status":"closed","ping_status":"closed","template":"","meta":{"footnotes":""},"_links":{"self":[{"href":"https:\/\/www.slovokult-literatur.de\/index.php\/wp-json\/wp\/v2\/pages\/3492"}],"collection":[{"href":"https:\/\/www.slovokult-literatur.de\/index.php\/wp-json\/wp\/v2\/pages"}],"about":[{"href":"https:\/\/www.slovokult-literatur.de\/index.php\/wp-json\/wp\/v2\/types\/page"}],"author":[{"embeddable":true,"href":"https:\/\/www.slovokult-literatur.de\/index.php\/wp-json\/wp\/v2\/users\/1"}],"replies":[{"embeddable":true,"href":"https:\/\/www.slovokult-literatur.de\/index.php\/wp-json\/wp\/v2\/comments?post=3492"}],"version-history":[{"count":7,"href":"https:\/\/www.slovokult-literatur.de\/index.php\/wp-json\/wp\/v2\/pages\/3492\/revisions"}],"predecessor-version":[{"id":3535,"href":"https:\/\/www.slovokult-literatur.de\/index.php\/wp-json\/wp\/v2\/pages\/3492\/revisions\/3535"}],"up":[{"embeddable":true,"href":"https:\/\/www.slovokult-literatur.de\/index.php\/wp-json\/wp\/v2\/pages\/3495"}],"wp:featuredmedia":[{"embeddable":true,"href":"https:\/\/www.slovokult-literatur.de\/index.php\/wp-json\/wp\/v2\/media\/3493"}],"wp:attachment":[{"href":"https:\/\/www.slovokult-literatur.de\/index.php\/wp-json\/wp\/v2\/media?parent=3492"}],"curies":[{"name":"wp","href":"https:\/\/api.w.org\/{rel}","templated":true}]}}