{"id":3401,"date":"2020-01-13T02:53:59","date_gmt":"2020-01-13T01:53:59","guid":{"rendered":"http:\/\/www.slovokult-literatur.de\/?page_id=3401"},"modified":"2022-12-22T06:39:57","modified_gmt":"2022-12-22T05:39:57","slug":"slovokult-literartour-biennale-for-contemporary-arts","status":"publish","type":"page","link":"https:\/\/www.slovokult-literatur.de\/index.php\/slovokult-literartour-biennale-for-contemporary-arts\/","title":{"rendered":"SlovoKult :: literARTour Biennial of contemporary arts::"},"content":{"rendered":"<h3>:: SlovoKult::literARTour ::<\/h3>\n<h6><strong>:: Biennial of contemporary arts <\/strong><strong>:: Biennale f\u00fcr zeitgen\u00f6ssische K\u00fcnste ::\u00a0<\/strong><\/h6>\n<p><strong>::text\/vision\/sound::<\/strong><\/p>\n<h5><strong>:: 02 ::\u00a0<\/strong>SlovoKult::literARTour :: 2020 :: Gevgelija\/Skopje\/Berlin<\/h5>\n<h5><a href=\"https:\/\/www.slovokult-literatur.de\/index.php\/photo-video-dokumentation\/\/\">Documentation :: Dokumentation<\/a><\/h5>\n<h5><img decoding=\"async\" loading=\"lazy\" class=\"alignnone size-medium wp-image-6060\" src=\"http:\/\/www.slovokult-literatur.de\/wp-content\/uploads\/2022\/12\/Anthologie-antologija-front-300x214.png\" alt=\"\" width=\"300\" height=\"214\" srcset=\"https:\/\/www.slovokult-literatur.de\/wp-content\/uploads\/2022\/12\/Anthologie-antologija-front-300x214.png 300w, https:\/\/www.slovokult-literatur.de\/wp-content\/uploads\/2022\/12\/Anthologie-antologija-front-1024x729.png 1024w, https:\/\/www.slovokult-literatur.de\/wp-content\/uploads\/2022\/12\/Anthologie-antologija-front-768x547.png 768w, https:\/\/www.slovokult-literatur.de\/wp-content\/uploads\/2022\/12\/Anthologie-antologija-front-400x285.png 400w, https:\/\/www.slovokult-literatur.de\/wp-content\/uploads\/2022\/12\/Anthologie-antologija-front-600x427.png 600w, https:\/\/www.slovokult-literatur.de\/wp-content\/uploads\/2022\/12\/Anthologie-antologija-front.png 1066w\" sizes=\"(max-width: 300px) 100vw, 300px\" \/><\/h5>\n<p><a href=\"https:\/\/www.slovokult-literatur.de\/index.php\/produkt\/slovokult-literartour-2020-anthologie-anthology\/\"><strong>:: Anthologie\/Anthology\/\u0410\u043d\u0442\u043e\u043b\u043e\u0433\u0438\u0458\u0430 2020 ::\u00a0<\/strong><\/a><\/p>\n<p>:: Information ::<\/p>\n<p><img decoding=\"async\" loading=\"lazy\" class=\"wp-image-4506 size-thumbnail alignleft\" src=\"https:\/\/www.slovokult-literatur.de\/wp-content\/uploads\/2020\/11\/Plakat_Slovokult-literARTour-150x150.jpg\" alt=\"\" width=\"150\" height=\"150\" srcset=\"https:\/\/www.slovokult-literatur.de\/wp-content\/uploads\/2020\/11\/Plakat_Slovokult-literARTour-150x150.jpg 150w, https:\/\/www.slovokult-literatur.de\/wp-content\/uploads\/2020\/11\/Plakat_Slovokult-literARTour-180x180.jpg 180w, https:\/\/www.slovokult-literatur.de\/wp-content\/uploads\/2020\/11\/Plakat_Slovokult-literARTour-300x300.jpg 300w, https:\/\/www.slovokult-literatur.de\/wp-content\/uploads\/2020\/11\/Plakat_Slovokult-literARTour-600x600.jpg 600w\" sizes=\"(max-width: 150px) 100vw, 150px\" \/>::<strong><a href=\"https:\/\/www.slovokult-literatur.de\/index.php\/slovokult-literartour-2020-aktuell\/\">DEUTSCH<\/a><\/strong>::<\/p>\n<p><strong>:: <a href=\"http:\/\/www.slovokult-literatur.de\/index.php\/slovokult-literartour-2020\/english\/\">ENGLISH<\/a> <\/strong><\/p>\n<p><strong>:: <\/strong><strong><a href=\"http:\/\/www.slovokult.eu\/index.php\/slovokult-literartour-2020\/\" target=\"_blank\" rel=\"noopener\">\u041c\u0410\u041a\u0415\u0414\u041e\u041d\u0421\u041a\u0418<\/a> ::<\/strong><\/p>\n<h5><\/h5>\n<p>&nbsp;<\/p>\n<h5>:: 01 ::\u00a0SlovoKult::literARTour :: 2018 :: Gevgelija\/Skopje\/Berlin<\/h5>\n<p><a href=\"http:\/\/www.slovokult-literatur.de\/wp-content\/uploads\/2020\/03\/Anthologie-2018-Cover.png\"><img decoding=\"async\" loading=\"lazy\" class=\"alignnone wp-image-3598 size-medium\" src=\"http:\/\/www.slovokult-literatur.de\/wp-content\/uploads\/2020\/03\/Anthologie-2018-Cover-300x169.png\" alt=\"\" width=\"300\" height=\"169\" srcset=\"https:\/\/www.slovokult-literatur.de\/wp-content\/uploads\/2020\/03\/Anthologie-2018-Cover-300x169.png 300w, https:\/\/www.slovokult-literatur.de\/wp-content\/uploads\/2020\/03\/Anthologie-2018-Cover-768x433.png 768w, https:\/\/www.slovokult-literatur.de\/wp-content\/uploads\/2020\/03\/Anthologie-2018-Cover-1024x577.png 1024w, https:\/\/www.slovokult-literatur.de\/wp-content\/uploads\/2020\/03\/Anthologie-2018-Cover-400x225.png 400w, https:\/\/www.slovokult-literatur.de\/wp-content\/uploads\/2020\/03\/Anthologie-2018-Cover.png 1202w\" sizes=\"(max-width: 300px) 100vw, 300px\" \/><\/a><\/p>\n<p><a href=\"https:\/\/www.slovokult-literatur.de\/index.php\/produkt\/anthologie-anthology-2018\/\"><strong>:: Anthologie :: Anthology :: \u0410\u043d\u0442\u043e\u043b\u043e\u0433\u0438\u0458\u0430 ::\u00a0<\/strong><\/a><\/p>\n<h4><strong>PDF :: Excerpts :: <a href=\"http:\/\/www.slovokult-literatur.de\/wp-content\/uploads\/2020\/05\/Thomas-Antonic-XIV-1.pdf\">1<\/a> :: <a href=\"http:\/\/www.slovokult-literatur.de\/wp-content\/uploads\/2020\/05\/Jovica-Ivanovski-Silvia-Lorenz-Anthologie.pdf\">2<\/a> :: <a href=\"http:\/\/www.slovokult-literatur.de\/wp-content\/uploads\/2020\/07\/Zvonko-Karanovic-Kopie.pdf\">3<\/a>\u00a0<\/strong><\/h4>\n<p><strong>:: Information :: \u00a0<\/strong><\/p>\n<p><a href=\"http:\/\/www.slovokult-literatur.de\/wp-content\/uploads\/2018\/10\/Plakat-SlovoKult-literARTour-Berlin.jpg\"><img decoding=\"async\" loading=\"lazy\" class=\"alignleft wp-image-2025 size-thumbnail\" src=\"http:\/\/www.slovokult-literatur.de\/wp-content\/uploads\/2018\/10\/Plakat-SlovoKult-literARTour-Berlin-150x150.jpg\" alt=\"\" width=\"150\" height=\"150\" srcset=\"https:\/\/www.slovokult-literatur.de\/wp-content\/uploads\/2018\/10\/Plakat-SlovoKult-literARTour-Berlin-150x150.jpg 150w, https:\/\/www.slovokult-literatur.de\/wp-content\/uploads\/2018\/10\/Plakat-SlovoKult-literARTour-Berlin-180x180.jpg 180w, https:\/\/www.slovokult-literatur.de\/wp-content\/uploads\/2018\/10\/Plakat-SlovoKult-literARTour-Berlin-300x300.jpg 300w, https:\/\/www.slovokult-literatur.de\/wp-content\/uploads\/2018\/10\/Plakat-SlovoKult-literARTour-Berlin-600x600.jpg 600w\" sizes=\"(max-width: 150px) 100vw, 150px\" \/><\/a><strong><a href=\"http:\/\/www.slovokult-literatur.de\/index.php\/slovokult-literartour-2018\/\">DEUTSCH<\/a><\/strong><\/p>\n<p><a href=\"http:\/\/www.slovokult-literatur.de\/index.php\/slovokult-literartour-2018\/slovokult-literartour-2018-english\/\"><strong>ENGLISH<\/strong><\/a><\/p>\n<p><a href=\"http:\/\/www.slovokult.eu\/index.php\/slovokult-literartour-2018\/\"><strong>\u041c\u0410\u041a\u0415\u0414\u041e\u041d\u0421\u041a\u0418<\/strong><\/a><\/p>\n","protected":false},"excerpt":{"rendered":"<p>:: SlovoKult::literARTour :: :: Biennial of contemporary arts :: Biennale f\u00fcr zeitgen\u00f6ssische K\u00fcnste ::\u00a0 ::text\/vision\/sound:: :: 02 ::\u00a0SlovoKult::literARTour :: 2020 :: Gevgelija\/Skopje\/Berlin Documentation :: Dokumentation :: Anthologie\/Anthology\/\u0410\u043d\u0442\u043e\u043b\u043e\u0433\u0438\u0458\u0430 2020 ::\u00a0 :: Information :: ::DEUTSCH:: :: ENGLISH :: \u041c\u0410\u041a\u0415\u0414\u041e\u041d\u0421\u041a\u0418 :: &nbsp; :: [&hellip;]<\/p>\n","protected":false},"author":1,"featured_media":3180,"parent":0,"menu_order":0,"comment_status":"closed","ping_status":"closed","template":"","meta":{"footnotes":""},"_links":{"self":[{"href":"https:\/\/www.slovokult-literatur.de\/index.php\/wp-json\/wp\/v2\/pages\/3401"}],"collection":[{"href":"https:\/\/www.slovokult-literatur.de\/index.php\/wp-json\/wp\/v2\/pages"}],"about":[{"href":"https:\/\/www.slovokult-literatur.de\/index.php\/wp-json\/wp\/v2\/types\/page"}],"author":[{"embeddable":true,"href":"https:\/\/www.slovokult-literatur.de\/index.php\/wp-json\/wp\/v2\/users\/1"}],"replies":[{"embeddable":true,"href":"https:\/\/www.slovokult-literatur.de\/index.php\/wp-json\/wp\/v2\/comments?post=3401"}],"version-history":[{"count":78,"href":"https:\/\/www.slovokult-literatur.de\/index.php\/wp-json\/wp\/v2\/pages\/3401\/revisions"}],"predecessor-version":[{"id":5264,"href":"https:\/\/www.slovokult-literatur.de\/index.php\/wp-json\/wp\/v2\/pages\/3401\/revisions\/5264"}],"wp:featuredmedia":[{"embeddable":true,"href":"https:\/\/www.slovokult-literatur.de\/index.php\/wp-json\/wp\/v2\/media\/3180"}],"wp:attachment":[{"href":"https:\/\/www.slovokult-literatur.de\/index.php\/wp-json\/wp\/v2\/media?parent=3401"}],"curies":[{"name":"wp","href":"https:\/\/api.w.org\/{rel}","templated":true}]}}