{"id":3318,"date":"2019-12-14T03:21:26","date_gmt":"2019-12-14T02:21:26","guid":{"rendered":"http:\/\/www.slovokult-literatur.de\/?page_id=3318"},"modified":"2019-12-14T03:49:53","modified_gmt":"2019-12-14T02:49:53","slug":"46-liljana-dirjan-dijana-tomik-radevska","status":"publish","type":"page","link":"https:\/\/www.slovokult-literatur.de\/index.php\/gedicht-und-gebilde-3\/46-liljana-dirjan-dijana-tomik-radevska\/","title":{"rendered":"::46:: Liljana Dirjan :: Dijana Tomik&#8216; Radevska::"},"content":{"rendered":"<h3>:: Gedicht und Gebilde :: 3 ::<\/h3>\n<p><strong><a href=\"http:\/\/www.slovokult-literatur.de\/index.php\/gedicht-und-bild\/\">:: 01-20<\/a> <a href=\"http:\/\/www.slovokult-literatur.de\/index.php\/gedicht-und-bild\/2x20\/\">:: 21-40 ::<\/a> <a href=\"http:\/\/www.slovokult-literatur.de\/index.php\/gedicht-und-gebilde-3\/\">41-60::\u00a0<\/a><\/strong><\/p>\n<p>&nbsp;<\/p>\n<h4>::46:: Liljana Dirjan :: Dijana Tomik&#8216; Radevska::<\/h4>\n<p>(L.D. \u00a016.06.1953 &#8211; 13.12.2017)<\/p>\n<p>&nbsp;<\/p>\n<p><strong>Eins aus dem Herzen \u00a0 \u00a0 \u00a0 \u00a0 \u00a0 \u00a0 <a href=\"http:\/\/www.slovokult.eu\/index.php\/stihotvorba-i-slika\/liljana-dirjan-dijana-tomik-radevska\/\" target=\"_blank\" rel=\"noopener\">\u041c\u0410\u041a\u0415\u0414\u041e\u041d\u0421\u041a\u0418<\/a><\/strong><\/p>\n<p>Tom Waits h\u00f6rend<\/p>\n<p>(This One\u2019s From The Heart)<\/p>\n<p>&nbsp;<\/p>\n<p>Sollte die Wende geschehen<\/p>\n<p>w\u00e4re es gut mich zu erinnern<\/p>\n<p>an die Vulkaneruptionen<\/p>\n<p>die Deb\u00fctantenzeit<\/p>\n<p>an die Rauigkeit der Poetenhaut<\/p>\n<p>meiner Welt mit Hyazinthe<\/p>\n<p>n\u00e4herkommen<\/p>\n<p>hin zoomen, damit die Sch\u00e4rfe nicht vergeht<\/p>\n<p>die melodischen Fallh\u00f6hen, der Duft<\/p>\n<p>der noch auf \u00a0die Bilder und\u00a0 Metaphern regnet<\/p>\n<p>mit einem starken Windsto\u00df<\/p>\n<p>in die Luft abheben<\/p>\n<p>mich im Kreis drehen<\/p>\n<p>von lila- bis blaufarben<\/p>\n<p>auseinanderfallen<\/p>\n<p>und mich zusammensetzen.<\/p>\n<p>&nbsp;<\/p>\n<p>Welches Missverst\u00e4ndnis!<\/p>\n<p>Ich benutze mein Ausatmen<\/p>\n<p>um mein Einatmen zu beschreiben<\/p>\n<p>einen Katalog aus Tr\u00e4nen, Himmeln, Herzschl\u00e4gen<\/p>\n<p>ohne Glasuren<\/p>\n<p>mit einem winzigen Perlenkorn auf dem Porzellanteller<\/p>\n<p>mitten in den Resten von Austern<\/p>\n<p>ohne feine Melodie, leichte Jazz-Balladen, mitten am sonnigen Meerestag, nicht &#8230;<\/p>\n<p>ohne Martini Dry und durchstochene Olive<\/p>\n<p>keinen richtigen Gangster kennen<\/p>\n<p>weder (von) damals noch (bis) heute&#8230;<\/p>\n<p>meiner Vorstellung erlauben, frei herumzugehen<\/p>\n<p>ihr sagen: f\u00fcrchte dich nicht vor dem Matsch<\/p>\n<p>und vor den Wichten in grauen J\u00e4ckchen, mit Kleidergr\u00f6\u00dfen<\/p>\n<p>jener kurzen M\u00e4nner mit kleinen F\u00fc\u00dfen und noch kleineren Fingerchen, Dickerchen,<\/p>\n<p>abgesetzt, die nur mit einem Drittel der Hand H\u00e4nde Sch\u00fctteln<\/p>\n<p>auch nicht vor den Dressierten, die niemals was geben oder nehmen<\/p>\n<p>ohne Reste, Kr\u00fcmel, alles gemischt, breiartig, farblos, mit geiferndem Speichel<\/p>\n<p>Kolonien von Schnecken ohne Haus \u2013<\/p>\n<p>und deine Intuition, nun, auch mit 60<\/p>\n<p>(heute ist der 16. Juni \u2013 Alles Gute zum Geburtstag, meine Vorstellung)<\/p>\n<p>ist ein Gedanke in wildem Zustand<\/p>\n<p>Oh, mein Herz und deine Imagination<\/p>\n<p>vergangene Zeit, da wohin ich, ich verspreche es dir, nicht mehr gehe<\/p>\n<p>da schmerzt es<\/p>\n<p>ohne Lieder, Musiksequenzen, Filmbilder, Wellen.<\/p>\n<p>&nbsp;<\/p>\n<p>Gehe auf Reisen,<\/p>\n<p>reise durch die Nacht mein Herz<\/p>\n<p>w\u00e4hrend mir der Mond \u00fcber dem Kopf scheint<\/p>\n<p>und die s\u00fc\u00dfbeteubende Ladung der Heckenkirsche mich berauscht<\/p>\n<p>was f\u00fcr Golgatha mein Herz, du bist gebrochen, dennoch wieder geklebt<\/p>\n<p>eine kleine Porzellanschale<\/p>\n<p>erinnere dich an die verpassten Z\u00fcge, und an den Mann<\/p>\n<p>der keinem winkt auf dem Bahnsteig<\/p>\n<p>du und ich<\/p>\n<p>welches du und welche ich<\/p>\n<p>alle unter \u201edu\u201c und alle unter \u201eich\u201c<\/p>\n<p>die mit dem Leben jonglieren<\/p>\n<p>mal oben mal unten<\/p>\n<p>niemals in der Mitte, der goldenen Mitte<\/p>\n<p>&nbsp;<\/p>\n<p>Und sie, die Mitte,<\/p>\n<p>gehen die Wahrheiten nicht an<\/p>\n<p>sie singt niemals, tanzt nie<\/p>\n<p>hat keine irregef\u00fchrten Erwartungen<\/p>\n<p>sie wei\u00df nicht wie und wann<\/p>\n<p>die Nacht eingeschlafen sei, erm\u00fcdet mitten am sonnigen Tag<\/p>\n<p>dich dem Spott, dem Absurden, dem Paradoxen ausliefert<\/p>\n<p>wie, wenn du dich mit schweren Decken bedeckst<\/p>\n<p>aus Selbstbetrug, Selbstmitleid<\/p>\n<p>wegen Wahrheiten und L\u00fcgen<\/p>\n<p>und aus der H\u00fclse herausgekommen<\/p>\n<p>siehst du dein Leben als eine Performance<\/p>\n<p>&nbsp;<\/p>\n<p>Nichts, was nicht nach einer wahren Begebenheit gemacht ist<\/p>\n<p>wird durchgehen, au\u00dfer als schlechter billiger Film, ja<\/p>\n<p>schlie\u00dfe die Lider<\/p>\n<p>beruhige das Meer in den Augen<\/p>\n<p>&nbsp;<\/p>\n<p>hier hast du eine wahre Begebenheit<\/p>\n<p>die bleiche Gestalt hast du wieder verloren, obwohl gerade erst gesehen<\/p>\n<p>hey, warte, gehe nicht weg<\/p>\n<p>bitte bleibe noch ein Weilchen hier<\/p>\n<p>in mir<\/p>\n<p>du bist mein Matrose unter den Sternen<\/p>\n<p>in diesem neuen Nirgendwo mittleren Alters<\/p>\n<p>::::::::::::<\/p>\n<p>Aus dem Mazedonischen von :: <strong>Elizabeta Lindner<\/strong><\/p>\n<p>&nbsp;<\/p>\n<p><strong>::Dijana Tomik&#8216; Radevska ::<\/strong> Unsere Schrift ::<\/p>\n<h4><a href=\"http:\/\/www.slovokult-literatur.de\/wp-content\/uploads\/2019\/12\/Dijana-Tomic-Radevska-_Moeto-Pismo.jpg\"><img decoding=\"async\" loading=\"lazy\" class=\"alignnone wp-image-3319 size-large\" src=\"http:\/\/www.slovokult-literatur.de\/wp-content\/uploads\/2019\/12\/Dijana-Tomic-Radevska-_Moeto-Pismo-997x1024.jpg\" alt=\"\" width=\"640\" height=\"657\" srcset=\"https:\/\/www.slovokult-literatur.de\/wp-content\/uploads\/2019\/12\/Dijana-Tomic-Radevska-_Moeto-Pismo-997x1024.jpg 997w, https:\/\/www.slovokult-literatur.de\/wp-content\/uploads\/2019\/12\/Dijana-Tomic-Radevska-_Moeto-Pismo-292x300.jpg 292w, https:\/\/www.slovokult-literatur.de\/wp-content\/uploads\/2019\/12\/Dijana-Tomic-Radevska-_Moeto-Pismo-768x789.jpg 768w, https:\/\/www.slovokult-literatur.de\/wp-content\/uploads\/2019\/12\/Dijana-Tomic-Radevska-_Moeto-Pismo-400x411.jpg 400w, https:\/\/www.slovokult-literatur.de\/wp-content\/uploads\/2019\/12\/Dijana-Tomic-Radevska-_Moeto-Pismo.jpg 1568w\" sizes=\"(max-width: 640px) 100vw, 640px\" \/><\/a><\/h4>\n<p>&nbsp;<\/p>\n<p>&nbsp;<\/p>\n","protected":false},"excerpt":{"rendered":"<p>:: Gedicht und Gebilde :: 3 :: :: 01-20 :: 21-40 :: 41-60::\u00a0 &nbsp; ::46:: Liljana Dirjan :: Dijana Tomik&#8216; Radevska:: (L.D. \u00a016.06.1953 &#8211; 13.12.2017) &nbsp; Eins aus dem Herzen \u00a0 \u00a0 \u00a0 \u00a0 \u00a0 \u00a0 \u041c\u0410\u041a\u0415\u0414\u041e\u041d\u0421\u041a\u0418 Tom Waits h\u00f6rend [&hellip;]<\/p>\n","protected":false},"author":1,"featured_media":3319,"parent":3126,"menu_order":0,"comment_status":"closed","ping_status":"closed","template":"","meta":{"footnotes":""},"_links":{"self":[{"href":"https:\/\/www.slovokult-literatur.de\/index.php\/wp-json\/wp\/v2\/pages\/3318"}],"collection":[{"href":"https:\/\/www.slovokult-literatur.de\/index.php\/wp-json\/wp\/v2\/pages"}],"about":[{"href":"https:\/\/www.slovokult-literatur.de\/index.php\/wp-json\/wp\/v2\/types\/page"}],"author":[{"embeddable":true,"href":"https:\/\/www.slovokult-literatur.de\/index.php\/wp-json\/wp\/v2\/users\/1"}],"replies":[{"embeddable":true,"href":"https:\/\/www.slovokult-literatur.de\/index.php\/wp-json\/wp\/v2\/comments?post=3318"}],"version-history":[{"count":7,"href":"https:\/\/www.slovokult-literatur.de\/index.php\/wp-json\/wp\/v2\/pages\/3318\/revisions"}],"predecessor-version":[{"id":3329,"href":"https:\/\/www.slovokult-literatur.de\/index.php\/wp-json\/wp\/v2\/pages\/3318\/revisions\/3329"}],"up":[{"embeddable":true,"href":"https:\/\/www.slovokult-literatur.de\/index.php\/wp-json\/wp\/v2\/pages\/3126"}],"wp:featuredmedia":[{"embeddable":true,"href":"https:\/\/www.slovokult-literatur.de\/index.php\/wp-json\/wp\/v2\/media\/3319"}],"wp:attachment":[{"href":"https:\/\/www.slovokult-literatur.de\/index.php\/wp-json\/wp\/v2\/media?parent=3318"}],"curies":[{"name":"wp","href":"https:\/\/api.w.org\/{rel}","templated":true}]}}