{"id":3220,"date":"2019-10-23T03:49:17","date_gmt":"2019-10-23T01:49:17","guid":{"rendered":"http:\/\/www.slovokult-literatur.de\/?page_id=3220"},"modified":"2020-01-22T02:04:40","modified_gmt":"2020-01-22T01:04:40","slug":"vasileia-oikonomou","status":"publish","type":"page","link":"https:\/\/www.slovokult-literatur.de\/index.php\/lyrik\/vasileia-oikonomou\/","title":{"rendered":"::Vasileia Oikonomou::"},"content":{"rendered":"<h3>::Vasileia Oikonomou::<\/h3>\n<figure id=\"attachment_2371\" aria-describedby=\"caption-attachment-2371\" style=\"width: 225px\" class=\"wp-caption alignleft\"><a href=\"http:\/\/www.slovokult-literatur.de\/wp-content\/uploads\/2018\/11\/45768359_362571994312095_7772116632079433728_n.jpg\"><img decoding=\"async\" loading=\"lazy\" class=\"wp-image-2371 size-medium\" src=\"http:\/\/www.slovokult-literatur.de\/wp-content\/uploads\/2018\/11\/45768359_362571994312095_7772116632079433728_n-225x300.jpg\" sizes=\"(max-width: 225px) 100vw, 225px\" srcset=\"http:\/\/www.slovokult-literatur.de\/wp-content\/uploads\/2018\/11\/45768359_362571994312095_7772116632079433728_n-225x300.jpg 225w, http:\/\/www.slovokult-literatur.de\/wp-content\/uploads\/2018\/11\/45768359_362571994312095_7772116632079433728_n-768x1024.jpg 768w, http:\/\/www.slovokult-literatur.de\/wp-content\/uploads\/2018\/11\/45768359_362571994312095_7772116632079433728_n-400x533.jpg 400w\" alt=\"\" width=\"225\" height=\"300\" \/><\/a><figcaption id=\"caption-attachment-2371\" class=\"wp-caption-text\"><strong>Foto@ SlovoKult::literARTour Berlin, 2018.<\/strong><\/figcaption><\/figure>\n<p style=\"text-align: left;\">1983 in Pir\u00e4us, Griechenland geboren, lebt seit 2017 in Berlin. Sie studierte Geschichte an der Philosophischen Fakult\u00e4t der Universit\u00e4t Ioannina. Derzeit studiert sie im Master Neogr\u00e4zistik an der Freien Universit\u00e4t Berlin. 2015 ist ihr erster Gedichtband mit dem Titel \u201eDer Rest der Subtraktion\u201c [\u201e\u03a4\u03bf \u03a5\u03c0\u03cc\u03bb\u03bf\u03b9\u03c0\u03bf \u03c4\u03b7\u03c2 \u0391\u03c6\u03b1\u03af\u03c1\u03b5\u03c3\u03b7\u03c2\u201c] im Govostis-Verlag erschienen. Im selben Jahr wurde sie zum 2. Festival f\u00fcr Nachwuchsautoren im Rahmen der 12. Internationalen Buchmesse Thessaloniki eingeladen. Ihr Buch war 2016 f\u00fcr den Preis f\u00fcr das beste Lyrikdeb\u00fct der Literaturzeitschrift O Anagnostis [Der Leser] nominiert.<\/p>\n<p>&nbsp;<\/p>\n<p style=\"text-align: left;\"><strong>2018<\/strong> nahm sie teil am Festival\u00a0<strong><a href=\"http:\/\/www.slovokult-literatur.de\/index.php\/slovokult-literartour-2018\/berlin\/\">SlovoKult::literARTour Berlin<\/a>\u00a0<\/strong><\/p>\n<p>Bisher bei SlovoKult vertreten in der Rubrik::<\/p>\n<p><strong>::Gedicht und Gebilde::<\/strong><\/p>\n<p>&nbsp;<\/p>\n<p style=\"text-align: left;\"><a href=\"http:\/\/www.slovokult-literatur.de\/index.php\/gedicht-und-bild\/2x20\/21-vasileia-oikonomou-rules-for-a-game\/\"><img decoding=\"async\" loading=\"lazy\" class=\"alignleft wp-image-1902 size-thumbnail\" src=\"http:\/\/www.slovokult-literatur.de\/wp-content\/uploads\/2018\/09\/Doroti-Pachkova-OT-150x150.jpg\" alt=\"\" width=\"150\" height=\"150\" srcset=\"https:\/\/www.slovokult-literatur.de\/wp-content\/uploads\/2018\/09\/Doroti-Pachkova-OT-150x150.jpg 150w, https:\/\/www.slovokult-literatur.de\/wp-content\/uploads\/2018\/09\/Doroti-Pachkova-OT-180x180.jpg 180w, https:\/\/www.slovokult-literatur.de\/wp-content\/uploads\/2018\/09\/Doroti-Pachkova-OT-300x300.jpg 300w\" sizes=\"(max-width: 150px) 100vw, 150px\" \/><\/a><\/p>\n<p><strong><a href=\"http:\/\/www.slovokult-literatur.de\/index.php\/gedicht-und-bild\/2x20\/21-vasileia-oikonomou-rules-for-a-game\/\">::21:: mit einem Bild von\u00a0:: Doroti Pachkova<\/a><\/strong><\/p>\n<p><strong>Rules for a game::\u00a0<a href=\"http:\/\/www.slovokult-literatur.de\/index.php\/gedicht-und-bild\/2x20\/21-vasileia-oikonomou-rules-for-a-game\/greek\/\"><em>\u039a\u03b1\u03bd\u03cc\u03bd\u03b5\u03c2 \u03b3\u03b9\u03b1 \u03ad\u03bd\u03b1 \u03c0\u03b1\u03b9\u03c7\u03bd\u03af\u03b4\u03b9<\/em><\/a><\/strong><\/p>\n<p><strong><a href=\"http:\/\/www.slovokult-literatur.de\/index.php\/gedicht-und-bild\/2x20\/21-vasileia-oikonomou-rules-for-a-game\/deutsch\/\">::Deutsch::<\/a>\u00a0<a href=\"http:\/\/www.slovokult.eu\/index.php\/stihotvorba-i-slika\/vasileia-oikonomou\/\" target=\"_blank\" rel=\"noopener\">::\u041c\u0430\u043a\u0435\u0434\u043e\u043d\u0441\u043a\u0438::<\/a><\/strong><\/p>\n<p>&nbsp;<\/p>\n<p>&nbsp;<\/p>\n<p><img decoding=\"async\" loading=\"lazy\" class=\"wp-image-3444 size-thumbnail alignleft\" src=\"http:\/\/www.slovokult-literatur.de\/wp-content\/uploads\/2020\/01\/Hanna-Hennenkemper-das-Eigentliche-im-Windschatten-2010-150x150.png\" alt=\"\" width=\"150\" height=\"150\" srcset=\"https:\/\/www.slovokult-literatur.de\/wp-content\/uploads\/2020\/01\/Hanna-Hennenkemper-das-Eigentliche-im-Windschatten-2010-150x150.png 150w, https:\/\/www.slovokult-literatur.de\/wp-content\/uploads\/2020\/01\/Hanna-Hennenkemper-das-Eigentliche-im-Windschatten-2010-300x300.png 300w, https:\/\/www.slovokult-literatur.de\/wp-content\/uploads\/2020\/01\/Hanna-Hennenkemper-das-Eigentliche-im-Windschatten-2010-180x180.png 180w, https:\/\/www.slovokult-literatur.de\/wp-content\/uploads\/2020\/01\/Hanna-Hennenkemper-das-Eigentliche-im-Windschatten-2010-600x600.png 600w, https:\/\/www.slovokult-literatur.de\/wp-content\/uploads\/2020\/01\/Hanna-Hennenkemper-das-Eigentliche-im-Windschatten-2010-400x397.png 400w, https:\/\/www.slovokult-literatur.de\/wp-content\/uploads\/2020\/01\/Hanna-Hennenkemper-das-Eigentliche-im-Windschatten-2010.png 628w\" sizes=\"(max-width: 150px) 100vw, 150px\" \/><\/p>\n<p><a href=\"http:\/\/www.slovokult-literatur.de\/index.php\/gedicht-und-gebilde-3\/47-vasileia-oikonomou-hanna-hennenkemper\/\"><strong>::47:: mit einem Bild von :: Hanna Hennenkemper ::<\/strong><\/a><\/p>\n<p>und Kopie der Seite aus der Anthologie ::<\/p>\n<p>:: SlovoKult :: literARTour :: 2018 :: Berlin<\/p>\n<p class=\"Standard1\">auch <a href=\"http:\/\/www.slovokult.eu\/index.php\/stihotvorba-i-slika\/vasileia-oikonomou-hanna-hennenkemper\/\"><strong>:: Mazedonisch :<\/strong>:<\/a>\u00a0und Griechisch auf der Graphik ::<\/p>\n","protected":false},"excerpt":{"rendered":"<p>::Vasileia Oikonomou:: 1983 in Pir\u00e4us, Griechenland geboren, lebt seit 2017 in Berlin. Sie studierte Geschichte an der Philosophischen Fakult\u00e4t der Universit\u00e4t Ioannina. Derzeit studiert sie im Master Neogr\u00e4zistik an der Freien Universit\u00e4t Berlin. 2015 ist ihr erster Gedichtband mit dem [&hellip;]<\/p>\n","protected":false},"author":1,"featured_media":3180,"parent":2,"menu_order":0,"comment_status":"closed","ping_status":"closed","template":"","meta":{"footnotes":""},"_links":{"self":[{"href":"https:\/\/www.slovokult-literatur.de\/index.php\/wp-json\/wp\/v2\/pages\/3220"}],"collection":[{"href":"https:\/\/www.slovokult-literatur.de\/index.php\/wp-json\/wp\/v2\/pages"}],"about":[{"href":"https:\/\/www.slovokult-literatur.de\/index.php\/wp-json\/wp\/v2\/types\/page"}],"author":[{"embeddable":true,"href":"https:\/\/www.slovokult-literatur.de\/index.php\/wp-json\/wp\/v2\/users\/1"}],"replies":[{"embeddable":true,"href":"https:\/\/www.slovokult-literatur.de\/index.php\/wp-json\/wp\/v2\/comments?post=3220"}],"version-history":[{"count":18,"href":"https:\/\/www.slovokult-literatur.de\/index.php\/wp-json\/wp\/v2\/pages\/3220\/revisions"}],"predecessor-version":[{"id":3450,"href":"https:\/\/www.slovokult-literatur.de\/index.php\/wp-json\/wp\/v2\/pages\/3220\/revisions\/3450"}],"up":[{"embeddable":true,"href":"https:\/\/www.slovokult-literatur.de\/index.php\/wp-json\/wp\/v2\/pages\/2"}],"wp:featuredmedia":[{"embeddable":true,"href":"https:\/\/www.slovokult-literatur.de\/index.php\/wp-json\/wp\/v2\/media\/3180"}],"wp:attachment":[{"href":"https:\/\/www.slovokult-literatur.de\/index.php\/wp-json\/wp\/v2\/media?parent=3220"}],"curies":[{"name":"wp","href":"https:\/\/api.w.org\/{rel}","templated":true}]}}