{"id":3089,"date":"2019-09-24T14:05:47","date_gmt":"2019-09-24T12:05:47","guid":{"rendered":"http:\/\/www.slovokult-literatur.de\/?page_id=3089"},"modified":"2021-01-13T01:33:20","modified_gmt":"2021-01-13T00:33:20","slug":"sean-bonney-antimaterie","status":"publish","type":"page","link":"https:\/\/www.slovokult-literatur.de\/index.php\/gedicht-und-bild\/2x20\/sean-bonney-antimaterie\/","title":{"rendered":"::40::Sean Bonney:: Antimaterie"},"content":{"rendered":"<h2>::Gedicht und Gebilde:: 2 ::<\/h2>\n<h6><a href=\"http:\/\/www.slovokult-literatur.de\/index.php\/gedicht-und-bild\/\" target=\"_blank\" rel=\"noopener\">::01-20::<\/a>\u00a0<a href=\"http:\/\/www.slovokult-literatur.de\/index.php\/gedicht-und-bild\/2x20\/\">::21-40::<\/a><\/h6>\n<h4>::40::Sean Bonney::<\/h4>\n<p><strong>Antimaterie<\/strong><\/p>\n<p><a href=\"http:\/\/www.slovokult-literatur.de\/index.php\/gedicht-und-bild\/2x20\/sean-bonney-antimaterie\/antimatter-english\/\"><strong>ENGLISH<\/strong> <\/a>\u00a0 \u00a0 \u00a0 \u00a0 \u00a0 \u00a0 \u00a0 \u00a0 \u00a0 \u00a0 \u00a0 \u00a0<a href=\"http:\/\/www.slovokult.eu\/index.php\/stihotvorba-i-slika\/sean-bonney\/\" target=\"_blank\" rel=\"noopener\"><strong>\u041c\u0410\u041a\u0415\u0414\u041e\u041d\u0421\u041a\u0418<\/strong><\/a><\/p>\n<p>1.<\/p>\n<p>W\u00e4hrend du deinen Namen in die Spiegel gekratzt hast, starben ein paar weitere hundert Menschen. Ich glaube sie existieren halt au\u00dferhalb von dem das du \u2018G\u00fcte\u2019 nennst. G\u00fcte, die in deinem Mund die Konsistenz von Rohabwasser hat. Wenn du lachst klingts wie brennende L\u00e4use.<\/p>\n<p>2.<\/p>\n<p>Antonin Artaud wurde lebendig begraben und w\u00e4hrend er verweste wusste er was er tat. Gro\u00dfe W\u00fcrmer fra\u00dfen sich in seinen K\u00f6rper. Dann kleine W\u00fcrmer. Dann die Aromaspezies ohne Geruch, oder Geschichte oder K\u00f6rper. Die Seelen die Faschisten Fl\u00fcchtlinge nennen, oder Deportierte, falls sie ihnen \u00fcberhaupt einen Namen geben.<\/p>\n<p>Warte, wir d\u00fcrfen das nicht mehr sagen das Wort Faschist.<br \/>\nUns wird gesagt es ist unh\u00f6flich, sie so zu nennen.<br \/>\nUnd so wird die Stille die einst Stadt genannt wurde mit L\u00e4rm gef\u00fcllt.<br \/>\nLarvengekreisch das so klingt als w\u00fcrden sie leben.<\/p>\n<p><em>\u00a0\u00a0\u00a0\u00a0\u00a0\u00a0\u00a0\u00a0\u00a0\u00a0\u00a0 sagte Nummer 9 zu Nummer 4<\/em><\/p>\n<p><em>\u00a0\u00a0\u00a0\u00a0\u00a0\u00a0\u00a0\u00a0\u00a0\u00a0\u00a0 wir leben nicht jetzt und auch nicht vorher<\/em><\/p>\n<p><em>\u00a0<\/em><\/p>\n<p>Teil 3. in der Festival-Anthologie :: <a href=\"https:\/\/www.slovokult-literatur.de\/index.php\/produkt\/slovokult-literartour-2020-anthologie-anthology\/\">SlovoKult :: literARTour<\/a><\/p>\n<p><a href=\"https:\/\/www.slovokult-literatur.de\/index.php\/produkt\/slovokult-literartour-2020-anthologie-anthology\/\"><span style=\"color: #ffff99;\">3.<\/span><\/a><\/p>\n<p><a href=\"https:\/\/www.slovokult-literatur.de\/index.php\/produkt\/slovokult-literartour-2020-anthologie-anthology\/\"><span style=\"color: #ffff99;\">Sophie Scholl starb nie<\/span><\/a><br \/>\n<a href=\"https:\/\/www.slovokult-literatur.de\/index.php\/produkt\/slovokult-literartour-2020-anthologie-anthology\/\"><span style=\"color: #ffff99;\">Nicht 1944, nicht 2014<\/span><\/a><br \/>\n<a href=\"https:\/\/www.slovokult-literatur.de\/index.php\/produkt\/slovokult-literartour-2020-anthologie-anthology\/\"><span style=\"color: #ffff99;\">nicht in den Jahren zu alt oder jung um benannt zu werden<\/span><\/a><\/p>\n<p><a href=\"https:\/\/www.slovokult-literatur.de\/index.php\/produkt\/slovokult-literartour-2020-anthologie-anthology\/\"><span style=\"color: #ffff99;\">Sie hetzt durch die Gro\u00dfst\u00e4dte<\/span><\/a><br \/>\n<span style=\"color: #ffff99;\">Verteilt vertrocknete wei\u00dfe Rosen<\/span><\/p>\n<p><a href=\"https:\/\/www.slovokult-literatur.de\/index.php\/produkt\/slovokult-literartour-2020-anthologie-anthology\/\"><span style=\"color: #ffff99;\">Nimm eine. Sie bringen Gl\u00fcck.<\/span><\/a><br \/>\n<a href=\"https:\/\/www.slovokult-literatur.de\/index.php\/produkt\/slovokult-literartour-2020-anthologie-anthology\/\"><span style=\"color: #ffff99;\">Nimm eine. Sie ist einsam.<\/span><\/a><\/p>\n<p><a href=\"https:\/\/www.slovokult-literatur.de\/index.php\/produkt\/slovokult-literartour-2020-anthologie-anthology\/\"><span style=\"color: #ffff99;\">Frag sie nur nicht nach dem Loch in ihrem Hinterkopf.<\/span><\/a><br \/>\n<a href=\"https:\/\/www.slovokult-literatur.de\/index.php\/produkt\/slovokult-literartour-2020-anthologie-anthology\/\"><span style=\"color: #ffff99;\">Nur Idioten w\u00fcrden fragen.<\/span><\/a><br \/>\n<span style=\"color: #ffff99;\">Idioten und lachende Faschisten.<\/span><\/p>\n<p><a href=\"https:\/\/www.slovokult-literatur.de\/index.php\/produkt\/slovokult-literartour-2020-anthologie-anthology\/\"><span style=\"color: #ffff99;\">Als sie starb litt sie unter furchtbaren Schmerzen.<\/span><\/a><\/p>\n<p>5.<\/p>\n<p>Es ist eiskalt in diesem Zimmer<br \/>\nWo Faschisten atmen<\/p>\n<p>Niemand sagte ihnen<br \/>\nDass sie tot sind<br \/>\nSeit aller Planeten Geburt<\/p>\n<p>Dass Saturn seine Kinder fra\u00df<\/p>\n<p style=\"padding-left: 30px;\"><em>denn friedvoll und sicher sind die Arme der Qu\u00e4ler<\/em><\/p>\n<p><em>\u00a0\u00a0\u00a0\u00a0\u00a0\u00a0\u00a0\u00a0\u00a0\u00a0\u00a0 und friedvoll und sicher ist der Geist des Narren<\/em><br \/>\n<em>\u00a0\u00a0\u00a0\u00a0\u00a0\u00a0\u00a0\u00a0\u00a0\u00a0\u00a0 die Geiste die hassen und die Geiste die schlafen<\/em><br \/>\n<em>\u00a0\u00a0\u00a0\u00a0\u00a0\u00a0\u00a0\u00a0\u00a0\u00a0\u00a0 und die Geiste die t\u00f6ten und solche die weinen<\/em><\/p>\n<p>6.<\/p>\n<p>sei g\u00fctig<br \/>\naber sei nicht g\u00fctig zu mir<\/p>\n<p>sei sauber<br \/>\naber sei nicht sauber neben mir<\/p>\n<p>nenn es Sauberkeit nenn es G\u00fcte<\/p>\n<p>nenns nicht G\u00fcte zu mir<\/p>\n<p>dein Adel dein Geist<br \/>\nhalt sie fern von mir<\/p>\n<p>7.<\/p>\n<p>An diesem Ort gibt es keine St\u00e4dte und keine Ger\u00e4usche<\/p>\n<p>Einmal im Jahr gibt es eine Parade<br \/>\nF\u00fcr die Toten ist die Teilnahme verpflichtend<\/p>\n<p>An diesem Ort den wir Leben nennen<br \/>\nLange nach dem Ende unseres Lebens<\/p>\n<p style=\"padding-left: 60px;\"><em>denn wir waren schonmal tot und werden es auch wieder sein<\/em><\/p>\n<p><em>\u00a0\u00a0\u00a0\u00a0\u00a0\u00a0\u00a0\u00a0\u00a0\u00a0\u00a0 waren grad noch tot aber sind es schon nicht mehr<\/em><\/p>\n<p>Und dann gibt es solche die sich nicht bewegen k\u00f6nnen ohne Knochen zu schei\u00dfen. Stehen in kalten Hinterzimmern, atmen in den Toden anderer.<\/p>\n<p>Man sieht sie in alten Fotografien, als h\u00e4tten V\u00f6gel sie gekratzt, und diese Kratzer nennen Faschisten Geschichte und geh\u00e4mmerte N\u00e4gel und menschlichen Hunger und andere W\u00f6rter die sie benutzen, um Genuss auszudr\u00fccken. Die Nacht des Erdbebens. Die 300 zerst\u00f6rten H\u00e4user. Die M\u00fcnder in St\u00fccke gekratzt.<\/p>\n<p style=\"padding-left: 60px;\"><em>\u00a0\u00a0\u00a0\u00a0\u00a0\u00a0\u00a0\u00a0\u00a0\u00a0\u00a0 und so sagt es der Meister und so sagt es der Sklave<\/em><\/p>\n<p><em>\u00a0\u00a0\u00a0\u00a0\u00a0\u00a0\u00a0\u00a0\u00a0\u00a0\u00a0\u00a0\u00a0\u00a0\u00a0\u00a0\u00a0\u00a0\u00a0\u00a0\u00a0\u00a0\u00a0 der dein Mahl kocht und gr\u00e4bt dein Grabe<\/em><\/p>\n<p>Aus dem Englischen von:: <strong>Vincenzo D\u00f6ring<\/strong><\/p>\n<p>Collage:: <strong>Sean Bonney<\/strong><br \/>\n<a href=\"http:\/\/www.slovokult-literatur.de\/wp-content\/uploads\/2019\/09\/Sean-Bonney-Antimatter-collage.png\"><img decoding=\"async\" loading=\"lazy\" class=\"alignnone wp-image-3096 \" src=\"http:\/\/www.slovokult-literatur.de\/wp-content\/uploads\/2019\/09\/Sean-Bonney-Antimatter-collage.png\" alt=\"\" width=\"572\" height=\"566\" srcset=\"https:\/\/www.slovokult-literatur.de\/wp-content\/uploads\/2019\/09\/Sean-Bonney-Antimatter-collage.png 876w, https:\/\/www.slovokult-literatur.de\/wp-content\/uploads\/2019\/09\/Sean-Bonney-Antimatter-collage-300x297.png 300w, https:\/\/www.slovokult-literatur.de\/wp-content\/uploads\/2019\/09\/Sean-Bonney-Antimatter-collage-768x760.png 768w, https:\/\/www.slovokult-literatur.de\/wp-content\/uploads\/2019\/09\/Sean-Bonney-Antimatter-collage-400x396.png 400w\" sizes=\"(max-width: 572px) 100vw, 572px\" \/><\/a><\/p>\n","protected":false},"excerpt":{"rendered":"<p>::Gedicht und Gebilde:: 2 :: ::01-20::\u00a0::21-40:: ::40::Sean Bonney:: Antimaterie ENGLISH \u00a0 \u00a0 \u00a0 \u00a0 \u00a0 \u00a0 \u00a0 \u00a0 \u00a0 \u00a0 \u00a0 \u00a0\u041c\u0410\u041a\u0415\u0414\u041e\u041d\u0421\u041a\u0418 1. W\u00e4hrend du deinen Namen in die Spiegel gekratzt hast, starben ein paar weitere hundert Menschen. Ich glaube [&hellip;]<\/p>\n","protected":false},"author":1,"featured_media":3096,"parent":1896,"menu_order":0,"comment_status":"closed","ping_status":"closed","template":"","meta":{"footnotes":""},"_links":{"self":[{"href":"https:\/\/www.slovokult-literatur.de\/index.php\/wp-json\/wp\/v2\/pages\/3089"}],"collection":[{"href":"https:\/\/www.slovokult-literatur.de\/index.php\/wp-json\/wp\/v2\/pages"}],"about":[{"href":"https:\/\/www.slovokult-literatur.de\/index.php\/wp-json\/wp\/v2\/types\/page"}],"author":[{"embeddable":true,"href":"https:\/\/www.slovokult-literatur.de\/index.php\/wp-json\/wp\/v2\/users\/1"}],"replies":[{"embeddable":true,"href":"https:\/\/www.slovokult-literatur.de\/index.php\/wp-json\/wp\/v2\/comments?post=3089"}],"version-history":[{"count":16,"href":"https:\/\/www.slovokult-literatur.de\/index.php\/wp-json\/wp\/v2\/pages\/3089\/revisions"}],"predecessor-version":[{"id":5005,"href":"https:\/\/www.slovokult-literatur.de\/index.php\/wp-json\/wp\/v2\/pages\/3089\/revisions\/5005"}],"up":[{"embeddable":true,"href":"https:\/\/www.slovokult-literatur.de\/index.php\/wp-json\/wp\/v2\/pages\/1896"}],"wp:featuredmedia":[{"embeddable":true,"href":"https:\/\/www.slovokult-literatur.de\/index.php\/wp-json\/wp\/v2\/media\/3096"}],"wp:attachment":[{"href":"https:\/\/www.slovokult-literatur.de\/index.php\/wp-json\/wp\/v2\/media?parent=3089"}],"curies":[{"name":"wp","href":"https:\/\/api.w.org\/{rel}","templated":true}]}}