{"id":2804,"date":"2019-06-25T12:58:26","date_gmt":"2019-06-25T10:58:26","guid":{"rendered":"http:\/\/www.slovokult-literatur.de\/?page_id=2804"},"modified":"2019-06-25T14:33:21","modified_gmt":"2019-06-25T12:33:21","slug":"34-tomislav-osmanli-aristotelis-deligiannidis","status":"publish","type":"page","link":"https:\/\/www.slovokult-literatur.de\/index.php\/gedicht-und-bild\/2x20\/34-tomislav-osmanli-aristotelis-deligiannidis\/","title":{"rendered":"::34:: Tomislav Osmanli :: Aristotelis Deligiannidis"},"content":{"rendered":"<h2>::Gedicht und Gebilde:: 2 ::<\/h2>\n<h6><a href=\"http:\/\/www.slovokult-literatur.de\/index.php\/gedicht-und-bild\/\" target=\"_blank\" rel=\"noopener\">::01-20::<\/a>\u00a0<a href=\"http:\/\/www.slovokult-literatur.de\/index.php\/gedicht-und-bild\/2x20\/\">::21-40::<\/a><\/h6>\n<h4>::34:: Tomislav Osmanli :: Aristotelis Deligiannidis<\/h4>\n<p>&nbsp;<\/p>\n<p><strong>Liebe \u00a0:: \u00a0 <a href=\"http:\/\/www.slovokult.eu\/index.php\/stihotvorba-i-slika\/tomislav-osmanli-aristotelis-deligiannidis\/\" target=\"_blank\" rel=\"noopener\">\u0409\u0443\u0431\u043e\u0432<\/a> \u00a0:: \u00a0<a href=\"http:\/\/www.slovokult-literatur.de\/index.php\/gedicht-und-bild\/2x20\/34-tomislav-osmanli-aristotelis-deligiannidis\/gr\/\">\u0388\u03c1\u03c9\u03c2<\/a><\/strong> \u00a0:: \u00a0\u00a0<strong><a href=\"http:\/\/www.slovokult-literatur.de\/index.php\/gedicht-und-bild\/2x20\/34-tomislav-osmanli-aristotelis-deligiannidis\/it\/\">AMORE<\/a> \u00a0:: \u00a0<a href=\"http:\/\/www.slovokult.eu\/index.php\/stihotvorba-i-slika\/tomislav-osmanli-aristotelis-deligiannidis\/srpski\/\" target=\"_blank\" rel=\"noopener\">LJUBAV<\/a><\/strong> \u00a0:: \u00a0 \u00a0<strong>Love<\/strong><\/p>\n<p><strong>\u00a0 \u00a0 \u00a0 \u00a0 \u00a0 \u00a0 \u00a0\u00a0<\/strong><\/p>\n<p><em>Aus dem Mazedonischen<\/em> von <strong>Elizabeta Lindner<\/strong><\/p>\n<p>&nbsp;<\/p>\n<p>Eines Tages, wenn ich weg sein werde<\/p>\n<p>sucht nach meiner Seele hier an diesem Platz<\/p>\n<p>die Orchestra einer amphitheatralischen Stadt<\/p>\n<p>die sich zur ungeheuren Szene er\u00f6ffnet<\/p>\n<p>des blauen Lichtes und der mythischen Sternbilder,<\/p>\n<p>dieser Stadt, die jahrhundertelang daran teilnimmt<\/p>\n<p>und zeitgleich lebendig<\/p>\n<p>das uralte Drama betrachtet<\/p>\n<p>worin die Festl\u00e4nder Drachen verstecken, aber auch goldene Vliese<\/p>\n<p>Hoffnungen und Leidenschaften<\/p>\n<p>und ungestilltes menschliches Blut;<\/p>\n<p>dieser Stadt, die die Sprachen der Meere versteht<\/p>\n<p>sogar das Fl\u00fcstern derer Wellen, die<\/p>\n<p>uralte Geschichten \u00fcber Helden und Liebenden tragen,<\/p>\n<p>bereit f\u00fcr verr\u00fcckte Taten und mutiges Sterben,<\/p>\n<p>wo die Luft immer noch die Federn<\/p>\n<p>von Pegasus\u2019 Flug herumtr\u00e4gt;<\/p>\n<p>dieser Stadt, zu den<\/p>\n<p>warmen Meeren ge\u00f6ffnet<\/p>\n<p>wo die Inseln ewig von Schiffen tr\u00e4umen,<\/p>\n<p>die H\u00e4fen sich nach anderen Geschichten sehnen,<\/p>\n<p>und die Seeleute sich erneut in die Sterne verlieben.<\/p>\n<p>&nbsp;<\/p>\n<p>Eines Tages, wenn ich weg sein werde<\/p>\n<p>sucht nach meiner Seele auf diesem Platz.<\/p>\n<p>Die M\u00f6wen werden sie f\u00fcttern,<\/p>\n<p>die mit den S\u00fcdwinden kommen<\/p>\n<p>und aus den fernen Meeren<\/p>\n<p>in ihren Schn\u00e4beln die warmen<\/p>\n<p>Hauche Libyens und \u00c4gyptens tragen<\/p>\n<p>die Marmorsch\u00f6nheiten der Kykladen<\/p>\n<p>verschiedene D\u00fcfte und Sprachen<\/p>\n<p>aus der zweik\u00f6pfigen Gro\u00dfstadt gebracht,<\/p>\n<p>dem einstigen Zuhause der schwarzen Adler\u2026<\/p>\n<p>&nbsp;<\/p>\n<p>Eines Tages, wenn ich weg sein werde<\/p>\n<p>werdet ihr mich in den Schatten<\/p>\n<p>der Baumst\u00e4mme bitterer Orangen<\/p>\n<p>und der Zypressen finden,<\/p>\n<p>die sich in alten H\u00f6fen emporheben<\/p>\n<p>neben den still gewordenen Pal\u00e4sten dieser Stadt<\/p>\n<p>und fl\u00fcsternd k\u00fcndigen sie den Mittelmeers\u00fcden an<\/p>\n<p>werfen Blicke auf das Gegenufer<\/p>\n<p>zu den theogonischen H\u00f6hen des Olymps,<\/p>\n<p>wo muntere G\u00f6tter die Rollen der Liebenden spielen<\/p>\n<p>in den verschachtelten Mythen und Epen mit tragischen Ausg\u00e4ngen<\/p>\n<p>begreifen sie die apollonische Melancholie des Kyparissos\u2019 und der Kea<\/p>\n<p>die pelasgischen Sprachen der Kykladen,<\/p>\n<p>Aphrodites Reiche auf Zypern<\/p>\n<p>die Schl\u00f6sse des Minos\u2019<\/p>\n<p>und die Labyrinthe unseres allt\u00e4glichen Seins.<\/p>\n<figure id=\"attachment_2807\" aria-describedby=\"caption-attachment-2807\" style=\"width: 640px\" class=\"wp-caption alignnone\"><a href=\"http:\/\/www.slovokult-literatur.de\/wp-content\/uploads\/2019\/06\/Aristotelis-Deliganidis.jpg\" target=\"_blank\" rel=\"noopener\"><img decoding=\"async\" loading=\"lazy\" class=\"wp-image-2807 size-large\" src=\"http:\/\/www.slovokult-literatur.de\/wp-content\/uploads\/2019\/06\/Aristotelis-Deliganidis-1024x750.jpg\" alt=\"\" width=\"640\" height=\"469\" srcset=\"https:\/\/www.slovokult-literatur.de\/wp-content\/uploads\/2019\/06\/Aristotelis-Deliganidis-1024x750.jpg 1024w, https:\/\/www.slovokult-literatur.de\/wp-content\/uploads\/2019\/06\/Aristotelis-Deliganidis-300x220.jpg 300w, https:\/\/www.slovokult-literatur.de\/wp-content\/uploads\/2019\/06\/Aristotelis-Deliganidis-768x562.jpg 768w, https:\/\/www.slovokult-literatur.de\/wp-content\/uploads\/2019\/06\/Aristotelis-Deliganidis-400x293.jpg 400w\" sizes=\"(max-width: 640px) 100vw, 640px\" \/><\/a><figcaption id=\"caption-attachment-2807\" class=\"wp-caption-text\"><strong>::Aristotelis Deliganidis:: O.T.<\/strong><\/figcaption><\/figure>\n<p>&nbsp;<\/p>\n<p>Eines Tages, wenn ich weg sein werde<\/p>\n<p>findet ihr mich zwischen den Mandarinenbl\u00e4ttern,<\/p>\n<p>die im Get\u00fcmmel und Abgase der Autos<\/p>\n<p>in den Gassen der Stadtmitte gedeihen<\/p>\n<p>und ihr werdet mich sehen<\/p>\n<p>wie ich zwischen den bunten Atemz\u00fcgen des Marktes<\/p>\n<p>am frischen Basilikum rieche<\/p>\n<p>um meinen Atemzug mit dem Mittelmeerraum zu f\u00fcllen<\/p>\n<p>und meinen Blick mit blauer Endlosigkeit<\/p>\n<p>und mit Sonne.<\/p>\n<p>&nbsp;<\/p>\n<p>Eines Tages, wenn ich weg bin<\/p>\n<p>erw\u00e4hnt nur meine Liebe<\/p>\n<p>zu dieser Stadt<\/p>\n<p>aus nicht von Menschenhand gemachten Tempeln<\/p>\n<p>und aus leidenden Menschen und Heiligen<\/p>\n<p>die \u00fcber ihren K\u00f6pfen und Kuppeln schweben<\/p>\n<p>und so werden mich ihre V\u00f6gel und Winde<\/p>\n<p>als ihren verliebten<\/p>\n<p>Mitb\u00fcrger<\/p>\n<p>anerkennen.<\/p>\n<p>&nbsp;<\/p>\n<p>Dann werde ich endlich<\/p>\n<p>in dieser Stad bleiben<\/p>\n<p>um mich<\/p>\n<p>ewiglich,<\/p>\n<p>immer wieder in sie zu verlieben.<\/p>\n","protected":false},"excerpt":{"rendered":"<p>::Gedicht und Gebilde:: 2 :: ::01-20::\u00a0::21-40:: ::34:: Tomislav Osmanli :: Aristotelis Deligiannidis &nbsp; Liebe \u00a0:: \u00a0 \u0409\u0443\u0431\u043e\u0432 \u00a0:: \u00a0\u0388\u03c1\u03c9\u03c2 \u00a0:: \u00a0\u00a0AMORE \u00a0:: \u00a0LJUBAV \u00a0:: \u00a0 \u00a0Love \u00a0 \u00a0 \u00a0 \u00a0 \u00a0 \u00a0 \u00a0\u00a0 Aus dem Mazedonischen von Elizabeta Lindner &nbsp; [&hellip;]<\/p>\n","protected":false},"author":1,"featured_media":2807,"parent":1896,"menu_order":0,"comment_status":"closed","ping_status":"closed","template":"","meta":{"footnotes":""},"_links":{"self":[{"href":"https:\/\/www.slovokult-literatur.de\/index.php\/wp-json\/wp\/v2\/pages\/2804"}],"collection":[{"href":"https:\/\/www.slovokult-literatur.de\/index.php\/wp-json\/wp\/v2\/pages"}],"about":[{"href":"https:\/\/www.slovokult-literatur.de\/index.php\/wp-json\/wp\/v2\/types\/page"}],"author":[{"embeddable":true,"href":"https:\/\/www.slovokult-literatur.de\/index.php\/wp-json\/wp\/v2\/users\/1"}],"replies":[{"embeddable":true,"href":"https:\/\/www.slovokult-literatur.de\/index.php\/wp-json\/wp\/v2\/comments?post=2804"}],"version-history":[{"count":7,"href":"https:\/\/www.slovokult-literatur.de\/index.php\/wp-json\/wp\/v2\/pages\/2804\/revisions"}],"predecessor-version":[{"id":2806,"href":"https:\/\/www.slovokult-literatur.de\/index.php\/wp-json\/wp\/v2\/pages\/2804\/revisions\/2806"}],"up":[{"embeddable":true,"href":"https:\/\/www.slovokult-literatur.de\/index.php\/wp-json\/wp\/v2\/pages\/1896"}],"wp:featuredmedia":[{"embeddable":true,"href":"https:\/\/www.slovokult-literatur.de\/index.php\/wp-json\/wp\/v2\/media\/2807"}],"wp:attachment":[{"href":"https:\/\/www.slovokult-literatur.de\/index.php\/wp-json\/wp\/v2\/media?parent=2804"}],"curies":[{"name":"wp","href":"https:\/\/api.w.org\/{rel}","templated":true}]}}