{"id":2748,"date":"2019-04-25T22:44:56","date_gmt":"2019-04-25T20:44:56","guid":{"rendered":"http:\/\/www.slovokult-literatur.de\/?page_id=2748"},"modified":"2019-04-25T23:49:11","modified_gmt":"2019-04-25T21:49:11","slug":"32-adrian-kasnitz-marko-vujisik","status":"publish","type":"page","link":"https:\/\/www.slovokult-literatur.de\/index.php\/gedicht-und-bild\/2x20\/32-adrian-kasnitz-marko-vujisik\/","title":{"rendered":"::32 :: Adrian Kasnitz :: Marko Vujisik\u2019::"},"content":{"rendered":"<h2>::Gedicht und Gebilde:: 2 ::<\/h2>\n<h6><a href=\"http:\/\/www.slovokult-literatur.de\/index.php\/gedicht-und-bild\/\" target=\"_blank\" rel=\"noopener\">::01-20::<\/a>\u00a0<a href=\"http:\/\/www.slovokult-literatur.de\/index.php\/gedicht-und-bild\/2x20\/\">::21-40::<\/a><\/h6>\n<h4>::32 :: Adrian Kasnitz :: Marko Vujisik\u2019 ::<\/h4>\n<p>&nbsp;<\/p>\n<p><strong>Skelett<\/strong><\/p>\n<p><a href=\"http:\/\/www.slovokult.eu\/index.php\/stihotvorba-i-slika\/adrian-kasnitz-marko-vujisik\/\" target=\"_blank\" rel=\"noopener\"><strong>\u041c\u0410\u041a\u0415\u0414\u041e\u041d\u0421\u041a\u0418<\/strong><\/a><\/p>\n<p>&nbsp;<\/p>\n<p>Das Kind hinter Glas, die Scheibe, an der es sich platt dr\u00fcckt<\/p>\n<p>die w\u00e4ssrigen Augen, mit denen es Schiff f\u00e4hrt, der w\u00e4ssrige Mund<\/p>\n<p>der aus der Hand frisst, N\u00fcsse, olle Kamellen, die Kost\u00fcme<\/p>\n<p>die sie drau\u00dfen tragen, ein Frosch, ein hundsgemeiner Sheriff<\/p>\n<p>ein lustiges Skelett, das ganz anders ist als das winzige M\u00e4useskelett<\/p>\n<p>auf dem Dachboden, zart lagen die Knochen im Staub und zitterten<\/p>\n<p>Staubwolken sind es jetzt, mit denen es Ballon f\u00e4hrt, das Kind<\/p>\n<p>\u00fcber R\u00f6mer und Clowns, \u00fcber P\u00e4pste hinweg und \u00fcber alles<\/p>\n<p>als das man sich noch verkleiden kann, schrumpft zusammen,<\/p>\n<p>Sediment<\/p>\n<p><strong>::Marko Vujisik\u2019:: Spiel der Formen:: 2019<\/strong><\/p>\n<p><a href=\"http:\/\/www.slovokult-literatur.de\/wp-content\/uploads\/2019\/04\/marko-vujisik-Igra-na-formi.jpg\" target=\"_blank\" rel=\"noopener\"><img decoding=\"async\" loading=\"lazy\" class=\"alignnone wp-image-2751 size-large\" src=\"http:\/\/www.slovokult-literatur.de\/wp-content\/uploads\/2019\/04\/marko-vujisik-Igra-na-formi-675x1024.jpg\" alt=\"\" width=\"640\" height=\"971\" srcset=\"https:\/\/www.slovokult-literatur.de\/wp-content\/uploads\/2019\/04\/marko-vujisik-Igra-na-formi-675x1024.jpg 675w, https:\/\/www.slovokult-literatur.de\/wp-content\/uploads\/2019\/04\/marko-vujisik-Igra-na-formi-198x300.jpg 198w, https:\/\/www.slovokult-literatur.de\/wp-content\/uploads\/2019\/04\/marko-vujisik-Igra-na-formi-768x1165.jpg 768w, https:\/\/www.slovokult-literatur.de\/wp-content\/uploads\/2019\/04\/marko-vujisik-Igra-na-formi-400x607.jpg 400w\" sizes=\"(max-width: 640px) 100vw, 640px\" \/><\/a><\/p>\n","protected":false},"excerpt":{"rendered":"<p>::Gedicht und Gebilde:: 2 :: ::01-20::\u00a0::21-40:: ::32 :: Adrian Kasnitz :: Marko Vujisik\u2019 :: &nbsp; Skelett \u041c\u0410\u041a\u0415\u0414\u041e\u041d\u0421\u041a\u0418 &nbsp; Das Kind hinter Glas, die Scheibe, an der es sich platt dr\u00fcckt die w\u00e4ssrigen Augen, mit denen es Schiff f\u00e4hrt, der w\u00e4ssrige [&hellip;]<\/p>\n","protected":false},"author":1,"featured_media":2751,"parent":1896,"menu_order":0,"comment_status":"closed","ping_status":"closed","template":"","meta":{"footnotes":""},"_links":{"self":[{"href":"https:\/\/www.slovokult-literatur.de\/index.php\/wp-json\/wp\/v2\/pages\/2748"}],"collection":[{"href":"https:\/\/www.slovokult-literatur.de\/index.php\/wp-json\/wp\/v2\/pages"}],"about":[{"href":"https:\/\/www.slovokult-literatur.de\/index.php\/wp-json\/wp\/v2\/types\/page"}],"author":[{"embeddable":true,"href":"https:\/\/www.slovokult-literatur.de\/index.php\/wp-json\/wp\/v2\/users\/1"}],"replies":[{"embeddable":true,"href":"https:\/\/www.slovokult-literatur.de\/index.php\/wp-json\/wp\/v2\/comments?post=2748"}],"version-history":[{"count":7,"href":"https:\/\/www.slovokult-literatur.de\/index.php\/wp-json\/wp\/v2\/pages\/2748\/revisions"}],"predecessor-version":[{"id":2762,"href":"https:\/\/www.slovokult-literatur.de\/index.php\/wp-json\/wp\/v2\/pages\/2748\/revisions\/2762"}],"up":[{"embeddable":true,"href":"https:\/\/www.slovokult-literatur.de\/index.php\/wp-json\/wp\/v2\/pages\/1896"}],"wp:featuredmedia":[{"embeddable":true,"href":"https:\/\/www.slovokult-literatur.de\/index.php\/wp-json\/wp\/v2\/media\/2751"}],"wp:attachment":[{"href":"https:\/\/www.slovokult-literatur.de\/index.php\/wp-json\/wp\/v2\/media?parent=2748"}],"curies":[{"name":"wp","href":"https:\/\/api.w.org\/{rel}","templated":true}]}}