{"id":2714,"date":"2019-03-27T14:52:49","date_gmt":"2019-03-27T13:52:49","guid":{"rendered":"http:\/\/www.slovokult-literatur.de\/?page_id=2714"},"modified":"2019-03-27T15:50:35","modified_gmt":"2019-03-27T14:50:35","slug":"31-nikolina-andova-shopova-hanna-hennekemper","status":"publish","type":"page","link":"https:\/\/www.slovokult-literatur.de\/index.php\/gedicht-und-bild\/2x20\/31-nikolina-andova-shopova-hanna-hennekemper\/","title":{"rendered":"::31::Nikolina Andova-Shopova :: Hanna Hennekemper"},"content":{"rendered":"<h2>::Gedicht und Gebilde:: 2 ::<\/h2>\n<h6><a href=\"http:\/\/www.slovokult-literatur.de\/index.php\/gedicht-und-bild\/\" target=\"_blank\" rel=\"noopener\">::01-20::<\/a>\u00a0<a href=\"http:\/\/www.slovokult-literatur.de\/index.php\/gedicht-und-bild\/2x20\/\">::21-40::<\/a><\/h6>\n<h4>::31::Nikolina Andova-Shopova :: Hanna Hennekemper<\/h4>\n<p><strong><a href=\"http:\/\/www.slovokult.eu\/index.php\/stihotvorba-i-slika\/nikolina-andova-shopova-hanna-hennekemper\/\" target=\"_blank\" rel=\"noopener\">\u041c\u0410\u041a\u0415\u0414\u041e\u041d\u0421\u041a\u0418<\/a> \u00a0 \u00a0 \u00a0<a href=\"http:\/\/www.slovokult-literatur.de\/index.php\/gedicht-und-bild\/2x20\/31-nikolina-andova-shopova-hanna-hennekemper\/english\/\">ENGLISH<\/a><\/strong><\/p>\n<p>&nbsp;<\/p>\n<p><strong>Lass uns der Zeit entkommen \u00a0 \u00a0 \u00a0 \u00a0 \u00a0 \u00a0 <\/strong><\/p>\n<p>aus dem Mazedonischen von:: <strong>Elizabeta Lindner<\/strong><\/p>\n<p>&nbsp;<\/p>\n<p>Lass uns der Zeit entkommen,<\/p>\n<p>die uns mit dem gespannten Bogen droht<\/p>\n<p>und mit dem Pfeil des kleinen Zeigers auf uns zielt<\/p>\n<p>&nbsp;<\/p>\n<p>Das wollte ich dir sagen<\/p>\n<p>&#8211;\u00a0\u00a0\u00a0\u00a0\u00a0\u00a0 wenn ich mit der Hand \u00fcber eine Landkarte fahre<\/p>\n<p>werde ich weder die Gebirge noch die Bergspitzen antasten<\/p>\n<p>werde nicht nass werden oder meine H\u00e4nde mit Erde f\u00fcllen<\/p>\n<p>so auch heute Nacht, wenn du mit der Hand \u00fcber meinen K\u00f6rper f\u00e4hrst<\/p>\n<p>wirst du weder Staub noch Wind finden noch Reste<\/p>\n<p>meines Namens, der jedes Mal wiedergeboren wird<\/p>\n<p>Denn ich wei\u00df nicht, wie viel Zeit heute Abend vergangen ist<\/p>\n<p>eine Minute, eine Stunde, ein Jahr, das ganze Leben<\/p>\n<p>vielleicht<\/p>\n<p>&nbsp;<\/p>\n<p>Manchmal wenn ich nach oben und unten schaue<\/p>\n<p>wei\u00df ich nicht, welche Spur mir l\u00e4nger erscheint<\/p>\n<p>diejenige des Kondensstreifens eines Flugzeugs im Himmel<\/p>\n<p>oder diejenige, die die Schnecke hinterlassen hat<\/p>\n<p>&nbsp;<\/p>\n<p><strong>Hanna Hennenkemper :: Tage danach:: 2013<\/strong><\/p>\n<p>&nbsp;<\/p>\n<p><a href=\"http:\/\/www.slovokult-literatur.de\/wp-content\/uploads\/2019\/03\/Hanna-Hennenkemper-Tage-danach.jpg\" target=\"_blank\" rel=\"noopener\"><img decoding=\"async\" loading=\"lazy\" class=\"alignnone wp-image-2717 size-full\" src=\"http:\/\/www.slovokult-literatur.de\/wp-content\/uploads\/2019\/03\/Hanna-Hennenkemper-Tage-danach.jpg\" alt=\"\" width=\"906\" height=\"611\" srcset=\"https:\/\/www.slovokult-literatur.de\/wp-content\/uploads\/2019\/03\/Hanna-Hennenkemper-Tage-danach.jpg 906w, https:\/\/www.slovokult-literatur.de\/wp-content\/uploads\/2019\/03\/Hanna-Hennenkemper-Tage-danach-300x202.jpg 300w, https:\/\/www.slovokult-literatur.de\/wp-content\/uploads\/2019\/03\/Hanna-Hennenkemper-Tage-danach-768x518.jpg 768w, https:\/\/www.slovokult-literatur.de\/wp-content\/uploads\/2019\/03\/Hanna-Hennenkemper-Tage-danach-400x270.jpg 400w\" sizes=\"(max-width: 906px) 100vw, 906px\" \/><\/a><\/p>\n<p>&nbsp;<\/p>\n","protected":false},"excerpt":{"rendered":"<p>::Gedicht und Gebilde:: 2 :: ::01-20::\u00a0::21-40:: ::31::Nikolina Andova-Shopova :: Hanna Hennekemper \u041c\u0410\u041a\u0415\u0414\u041e\u041d\u0421\u041a\u0418 \u00a0 \u00a0 \u00a0ENGLISH &nbsp; Lass uns der Zeit entkommen \u00a0 \u00a0 \u00a0 \u00a0 \u00a0 \u00a0 aus dem Mazedonischen von:: Elizabeta Lindner &nbsp; Lass uns der Zeit entkommen, die [&hellip;]<\/p>\n","protected":false},"author":1,"featured_media":2717,"parent":1896,"menu_order":0,"comment_status":"closed","ping_status":"closed","template":"","meta":{"footnotes":""},"_links":{"self":[{"href":"https:\/\/www.slovokult-literatur.de\/index.php\/wp-json\/wp\/v2\/pages\/2714"}],"collection":[{"href":"https:\/\/www.slovokult-literatur.de\/index.php\/wp-json\/wp\/v2\/pages"}],"about":[{"href":"https:\/\/www.slovokult-literatur.de\/index.php\/wp-json\/wp\/v2\/types\/page"}],"author":[{"embeddable":true,"href":"https:\/\/www.slovokult-literatur.de\/index.php\/wp-json\/wp\/v2\/users\/1"}],"replies":[{"embeddable":true,"href":"https:\/\/www.slovokult-literatur.de\/index.php\/wp-json\/wp\/v2\/comments?post=2714"}],"version-history":[{"count":10,"href":"https:\/\/www.slovokult-literatur.de\/index.php\/wp-json\/wp\/v2\/pages\/2714\/revisions"}],"predecessor-version":[{"id":2741,"href":"https:\/\/www.slovokult-literatur.de\/index.php\/wp-json\/wp\/v2\/pages\/2714\/revisions\/2741"}],"up":[{"embeddable":true,"href":"https:\/\/www.slovokult-literatur.de\/index.php\/wp-json\/wp\/v2\/pages\/1896"}],"wp:featuredmedia":[{"embeddable":true,"href":"https:\/\/www.slovokult-literatur.de\/index.php\/wp-json\/wp\/v2\/media\/2717"}],"wp:attachment":[{"href":"https:\/\/www.slovokult-literatur.de\/index.php\/wp-json\/wp\/v2\/media?parent=2714"}],"curies":[{"name":"wp","href":"https:\/\/api.w.org\/{rel}","templated":true}]}}