{"id":2504,"date":"2019-01-05T18:47:47","date_gmt":"2019-01-05T17:47:47","guid":{"rendered":"http:\/\/www.slovokult-literatur.de\/?page_id=2504"},"modified":"2019-01-10T00:28:34","modified_gmt":"2019-01-09T23:28:34","slug":"24-ron-winkler","status":"publish","type":"page","link":"https:\/\/www.slovokult-literatur.de\/index.php\/gedicht-und-bild\/2x20\/24-ron-winkler\/","title":{"rendered":"::24:: Ron Winkler ::"},"content":{"rendered":"<div class=\"page\" title=\"Page 3\">\n<div class=\"layoutArea\">\n<div class=\"column\">\n<h2>::Gedicht und Gebilde:: 2 ::<\/h2>\n<h6><a href=\"http:\/\/www.slovokult-literatur.de\/index.php\/gedicht-und-bild\/\" target=\"_blank\" rel=\"noopener\">::01-20::<\/a> \u00a0<a href=\"http:\/\/www.slovokult-literatur.de\/index.php\/gedicht-und-bild\/2x20\/\">::21-40::<\/a><\/h6>\n<h4>::24:: Ron Winkler :: Katrin Salentin<\/h4>\n<p>&nbsp;<\/p>\n<p><strong>Pfad 22 \u00a0 \u00a0 \u00a0 \u00a0 \u00a0 \u00a0 \u00a0 \u00a0 \u00a0<a href=\"http:\/\/www.slovokult-literatur.de\/index.php\/gedicht-und-bild\/2x20\/24-ron-winkler\/path-22\/\">English \u00a0<\/a>\u00a0 \u00a0 \u00a0 \u00a0 \u00a0 \u00a0 <a href=\"http:\/\/www.slovokult.eu\/index.php\/stihotvorba-i-slika\/ron-winkler-katrin-salentin\/\" target=\"_blank\" rel=\"noopener\">\u041c\u0430\u043a\u0435\u0434\u043e\u043d\u0441\u043a\u0438<\/a><\/strong><\/p>\n<\/div>\n<\/div>\n<div class=\"layoutArea\">\n<div class=\"column\">\n<p>Das Medium sch\u00e4mt sich. Ich werde von den M\u00fccken<br \/>\nals angenehm empfunden. Habe am Morgen des gestrigen Heute<br \/>\nin der unbegrenzten Mohnblume getanzt. Wurde blond.<br \/>\nIch war fast nicht fangbar. Auch die M\u00fccken nicht.<br \/>\nAuch die Bauarbeiter haben Stethoskope, denn sogar die Nahwirkung ist spukhaft. Kreuzten uns ihre Wege? Ich wei\u00df nicht,<br \/>\naber Schnee fiel heute nur auf einer Breite von 3,14 m, daf\u00fcr quer durch die Stadt. Die eventuell nur ein Gewerbegebiet ist<br \/>\nmit sehr viel Wohnraum. Das tut gut, ich habe einen Ruhepuls<br \/>\nvon a-b-b-a. Und das alles unter der falsch verstandenen Sonne.<\/p>\n<p>&nbsp;<\/p>\n<\/div>\n<figure id=\"attachment_2509\" aria-describedby=\"caption-attachment-2509\" style=\"width: 298px\" class=\"wp-caption aligncenter\"><a href=\"http:\/\/www.slovokult-literatur.de\/wp-content\/uploads\/2019\/01\/Katrin-Salentin-ohne-titel.png\" target=\"_blank\" rel=\"noopener\"><img decoding=\"async\" loading=\"lazy\" class=\"wp-image-2509 size-medium\" src=\"http:\/\/www.slovokult-literatur.de\/wp-content\/uploads\/2019\/01\/Katrin-Salentin-ohne-titel-298x300.png\" alt=\"\" width=\"298\" height=\"300\" srcset=\"https:\/\/www.slovokult-literatur.de\/wp-content\/uploads\/2019\/01\/Katrin-Salentin-ohne-titel-298x300.png 298w, https:\/\/www.slovokult-literatur.de\/wp-content\/uploads\/2019\/01\/Katrin-Salentin-ohne-titel-150x150.png 150w, https:\/\/www.slovokult-literatur.de\/wp-content\/uploads\/2019\/01\/Katrin-Salentin-ohne-titel-768x773.png 768w, https:\/\/www.slovokult-literatur.de\/wp-content\/uploads\/2019\/01\/Katrin-Salentin-ohne-titel-180x180.png 180w, https:\/\/www.slovokult-literatur.de\/wp-content\/uploads\/2019\/01\/Katrin-Salentin-ohne-titel-400x402.png 400w, https:\/\/www.slovokult-literatur.de\/wp-content\/uploads\/2019\/01\/Katrin-Salentin-ohne-titel.png 839w\" sizes=\"(max-width: 298px) 100vw, 298px\" \/><\/a><figcaption id=\"caption-attachment-2509\" class=\"wp-caption-text\">Katrin Salentin:: o.T.<\/figcaption><\/figure>\n<div class=\"page\" title=\"Page 6\">\n<div class=\"layoutArea\">\n<div class=\"column\">\n<p>&nbsp;<\/p>\n<p><strong>Pfad 52 \u00a0 \u00a0 \u00a0 \u00a0 \u00a0 \u00a0 \u00a0 \u00a0 \u00a0 \u00a0 \u00a0 \u00a0 <a href=\"http:\/\/www.slovokult.eu\/index.php\/stihotvorba-i-slika\/ron-winkler-katrin-salentin\/\" target=\"_blank\" rel=\"noopener\">\u041c\u0430\u043a\u0435\u0434\u043e\u043d\u0441\u043a\u0438<\/a><\/strong><\/p>\n<\/div>\n<\/div>\n<div class=\"layoutArea\">\n<div class=\"column\">\n<p>Durchsichtige W\u00e4nde. Sich verlieren f\u00fcr den Halt.<br \/>\nAlle Erde ist weit weg von mir. Die letzten Schmetterlinge fallen von den B\u00e4umen ab. Umrisse von China,<br \/>\nkaum noch unterscheidbar. \u00c4hnlich l\u00f6st sich auch mein K\u00f6rper auf. Ich registriere eine Wucht,<br \/>\ndas Mittelmeer. Verdeckt vom Cursor, altem Fleisch.<br \/>\nDas Meer, das mich vereint. Am Rand bildet es<br \/>\n\u00bbhastig\u00ab \u2013 auf viel h\u00f6herer Verwicklungsstufe als ich selbst. Von mir aus bin ich nicht wirklich involviert,<br \/>\nich stelle nur die Heerschar. Die Leute tun nichts,<br \/>\ndem zu begegnen. Sie scheitern<br \/>\nsich so an. Das hat die Art, wie ich den Staub ber\u00fchre,<br \/>\nins Gegenteil verkehrt.<\/p>\n<\/div>\n<\/div>\n<\/div>\n<\/div>\n<\/div>\n","protected":false},"excerpt":{"rendered":"<p>::Gedicht und Gebilde:: 2 :: ::01-20:: \u00a0::21-40:: ::24:: Ron Winkler :: Katrin Salentin &nbsp; Pfad 22 \u00a0 \u00a0 \u00a0 \u00a0 \u00a0 \u00a0 \u00a0 \u00a0 \u00a0English \u00a0\u00a0 \u00a0 \u00a0 \u00a0 \u00a0 \u00a0 \u041c\u0430\u043a\u0435\u0434\u043e\u043d\u0441\u043a\u0438 Das Medium sch\u00e4mt sich. Ich werde von den [&hellip;]<\/p>\n","protected":false},"author":1,"featured_media":2509,"parent":1896,"menu_order":0,"comment_status":"closed","ping_status":"closed","template":"","meta":{"footnotes":""},"_links":{"self":[{"href":"https:\/\/www.slovokult-literatur.de\/index.php\/wp-json\/wp\/v2\/pages\/2504"}],"collection":[{"href":"https:\/\/www.slovokult-literatur.de\/index.php\/wp-json\/wp\/v2\/pages"}],"about":[{"href":"https:\/\/www.slovokult-literatur.de\/index.php\/wp-json\/wp\/v2\/types\/page"}],"author":[{"embeddable":true,"href":"https:\/\/www.slovokult-literatur.de\/index.php\/wp-json\/wp\/v2\/users\/1"}],"replies":[{"embeddable":true,"href":"https:\/\/www.slovokult-literatur.de\/index.php\/wp-json\/wp\/v2\/comments?post=2504"}],"version-history":[{"count":6,"href":"https:\/\/www.slovokult-literatur.de\/index.php\/wp-json\/wp\/v2\/pages\/2504\/revisions"}],"predecessor-version":[{"id":2525,"href":"https:\/\/www.slovokult-literatur.de\/index.php\/wp-json\/wp\/v2\/pages\/2504\/revisions\/2525"}],"up":[{"embeddable":true,"href":"https:\/\/www.slovokult-literatur.de\/index.php\/wp-json\/wp\/v2\/pages\/1896"}],"wp:featuredmedia":[{"embeddable":true,"href":"https:\/\/www.slovokult-literatur.de\/index.php\/wp-json\/wp\/v2\/media\/2509"}],"wp:attachment":[{"href":"https:\/\/www.slovokult-literatur.de\/index.php\/wp-json\/wp\/v2\/media?parent=2504"}],"curies":[{"name":"wp","href":"https:\/\/api.w.org\/{rel}","templated":true}]}}