{"id":223,"date":"2017-12-15T03:05:25","date_gmt":"2017-12-15T02:05:25","guid":{"rendered":"http:\/\/www.slovokult-literatur.de\/?page_id=223"},"modified":"2018-08-18T15:12:43","modified_gmt":"2018-08-18T13:12:43","slug":"igor-isakovski","status":"publish","type":"page","link":"https:\/\/www.slovokult-literatur.de\/index.php\/lyrik\/igor-isakovski\/","title":{"rendered":"Igor Isakovski"},"content":{"rendered":"<h4>Igor Isakovski<\/h4>\n<p><strong>(19.09.1970 &#8211; 15.12.2014)<\/strong><\/p>\n<p><img decoding=\"async\" loading=\"lazy\" class=\"alignnone size-medium wp-image-224\" src=\"http:\/\/www.slovokult-literatur.de\/wp-content\/uploads\/2017\/10\/Igor-Isakovski-Photo-300x300.jpg\" alt=\"\" width=\"300\" height=\"300\" srcset=\"https:\/\/www.slovokult-literatur.de\/wp-content\/uploads\/2017\/10\/Igor-Isakovski-Photo-300x300.jpg 300w, https:\/\/www.slovokult-literatur.de\/wp-content\/uploads\/2017\/10\/Igor-Isakovski-Photo-150x150.jpg 150w, https:\/\/www.slovokult-literatur.de\/wp-content\/uploads\/2017\/10\/Igor-Isakovski-Photo-180x180.jpg 180w, https:\/\/www.slovokult-literatur.de\/wp-content\/uploads\/2017\/10\/Igor-Isakovski-Photo-600x600.jpg 600w, https:\/\/www.slovokult-literatur.de\/wp-content\/uploads\/2017\/10\/Igor-Isakovski-Photo-400x400.jpg 400w, https:\/\/www.slovokult-literatur.de\/wp-content\/uploads\/2017\/10\/Igor-Isakovski-Photo.jpg 651w\" sizes=\"(max-width: 300px) 100vw, 300px\" \/><\/p>\n<p><strong>Gedichte<\/strong>::mit Bildern von <a href=\"http:\/\/www.masin.mk\" target=\"_blank\" rel=\"noopener\"><strong>Miro Masin<\/strong><\/a><\/p>\n<p>Aus dem Mazedonischen von <a href=\"http:\/\/www.slovokult-literatur.de\/index.php\/lyrik\/elizabeta-lindner-kostadinovska\/\"><strong>Elizabeta Lindner<\/strong><\/a><\/p>\n<p><b>Fick dich, Isakovski \u00a0 \u00a0 \u00a0 \u00a0 \u00a0 \u00a0 \u00a0 \u00a0 \u00a0 \u00a0<a href=\"http:\/\/www.slovokult-literatur.de\/index.php\/lyrik\/igor-isakovski\/fuck-you-isakovski\/\" target=\"_blank\" rel=\"noopener\">::ENGLISH::<\/a>\u00a0 \u00a0 \u00a0 \u00a0 \u00a0<a href=\"http:\/\/www.slovokult.eu\/index.php\/avtori\/poezija\/igor-isakovski-miro-masin\/\" target=\"_blank\" rel=\"noopener\">::MAKEDONSKI::\u00a0<\/a><\/b><br \/>\n(da ist schon ein titel f\u00fcr einen k\u00fcnftigen gedichtband)<\/p>\n<p>fick dich, isakovski (lass uns fortfahren)<br \/>\ndu und deine \u00fcberheblichkeit \u00fcber den tod<br \/>\ndu und deine \u00fcberheblichkeit \u00fcber das leben<br \/>\ndu und dein spucken auf den alltag<\/p>\n<p>fick dich, isakovski, du und deine<br \/>\nvorstellungen von einer besseren welt<br \/>\nwenn du es schaffst, sogar diese \u2013<br \/>\nso wie sie ist \u2013 noch mehr abzufucken.<\/p>\n<p>fick dich, isakovski, unsere kinder<br \/>\nwerden niemals deine schei\u00dfe lesen<br \/>\ngott sei dank, haben wir leute auf h\u00f6heren posten<br \/>\nund entsprechende fachkr\u00e4fte f\u00fcr kluge l\u00f6sungen<\/p>\n<p>fick dich, isakovski, du und all die deinen<br \/>\ndenn, w\u00e4hrend du auf die heuchler und spie\u00dfer<br \/>\nspuckst, vermehren wir uns einfach,<br \/>\npflanzen uns fort (wie verfickte bazillen, w\u00fcrdest du sagen!)<\/p>\n<p>fick dich, isakovski, und m\u00f6gen sich auch alle dir \u00e4hnlichen<br \/>\nficken \u2013 wir werden euch ausmustern und abchecken<br \/>\nim erstbesten augenblick. seid ihr nicht mit uns,<br \/>\ndann seid ihr f\u00fcr immer dagegen.<\/p>\n<p>verfickt nochmal, Isakovski, du schon wieder!<\/p>\n<p>&nbsp;<\/p>\n<p><a href=\"http:\/\/www.slovokult-literatur.de\/wp-content\/uploads\/2017\/10\/miro-masin-.jpg\" target=\"_blank\" rel=\"noopener\"><img decoding=\"async\" loading=\"lazy\" class=\"wp-image-230 size-medium alignleft\" src=\"http:\/\/www.slovokult-literatur.de\/wp-content\/uploads\/2017\/10\/miro-masin--204x300.jpg\" alt=\"\" width=\"204\" height=\"300\" srcset=\"https:\/\/www.slovokult-literatur.de\/wp-content\/uploads\/2017\/10\/miro-masin--204x300.jpg 204w, https:\/\/www.slovokult-literatur.de\/wp-content\/uploads\/2017\/10\/miro-masin--400x588.jpg 400w, https:\/\/www.slovokult-literatur.de\/wp-content\/uploads\/2017\/10\/miro-masin-.jpg 653w\" sizes=\"(max-width: 204px) 100vw, 204px\" \/><\/a><\/p>\n<p><a href=\"http:\/\/www.slovokult-literatur.de\/wp-content\/uploads\/2017\/10\/miro-masin-2.jpg\" target=\"_blank\" rel=\"noopener\"><img decoding=\"async\" loading=\"lazy\" class=\"alignleft wp-image-229 size-medium\" src=\"http:\/\/www.slovokult-literatur.de\/wp-content\/uploads\/2017\/10\/miro-masin-2-200x300.jpg\" alt=\"\" width=\"200\" height=\"300\" srcset=\"https:\/\/www.slovokult-literatur.de\/wp-content\/uploads\/2017\/10\/miro-masin-2-200x300.jpg 200w, https:\/\/www.slovokult-literatur.de\/wp-content\/uploads\/2017\/10\/miro-masin-2-400x601.jpg 400w, https:\/\/www.slovokult-literatur.de\/wp-content\/uploads\/2017\/10\/miro-masin-2.jpg 639w\" sizes=\"(max-width: 200px) 100vw, 200px\" \/><\/a><\/p>\n<p>&nbsp;<\/p>\n<p>&nbsp;<\/p>\n<p>&nbsp;<\/p>\n<p>&nbsp;<\/p>\n<p>&nbsp;<\/p>\n<p>&nbsp;<\/p>\n<p>&nbsp;<\/p>\n<p>&nbsp;<\/p>\n<p><strong>Weitere Gedichte&amp;Bilder::<\/strong><\/p>\n<p><b><a href=\"http:\/\/www.slovokult-literatur.de\/index.php\/lyrik\/igor-isakovski\/isakovski-was-gesagt-werden-muss\/\">WAS GESAGT WERDEN MUSS<\/a>\u00a0<\/b><\/p>\n<p><a href=\"http:\/\/www.slovokult-literatur.de\/index.php\/lyrik\/igor-isakovski\/denn-doch\/\"><strong>DENN DOCH (1)<\/strong><\/a><\/p>\n<p><a href=\"http:\/\/www.slovokult-literatur.de\/index.php\/lyrik\/igor-isakovski\/denn-doch-3\/\"><strong>DENN DOCH (3)<\/strong><\/a><\/p>\n<p><a href=\"http:\/\/www.slovokult-literatur.de\/index.php\/lyrik\/igor-isakovski\/der-tod-hat-haare-aus-seegras\/\"><strong>DER TOD HAT HAARE AUS SEEGRAS<\/strong><\/a><\/p>\n","protected":false},"excerpt":{"rendered":"<p>Igor Isakovski (19.09.1970 &#8211; 15.12.2014) Gedichte::mit Bildern von Miro Masin Aus dem Mazedonischen von Elizabeta Lindner Fick dich, Isakovski \u00a0 \u00a0 \u00a0 \u00a0 \u00a0 \u00a0 \u00a0 \u00a0 \u00a0 \u00a0::ENGLISH::\u00a0 \u00a0 \u00a0 \u00a0 \u00a0::MAKEDONSKI::\u00a0 (da ist schon ein titel f\u00fcr einen [&hellip;]<\/p>\n","protected":false},"author":1,"featured_media":230,"parent":2,"menu_order":0,"comment_status":"closed","ping_status":"closed","template":"","meta":{"footnotes":""},"_links":{"self":[{"href":"https:\/\/www.slovokult-literatur.de\/index.php\/wp-json\/wp\/v2\/pages\/223"}],"collection":[{"href":"https:\/\/www.slovokult-literatur.de\/index.php\/wp-json\/wp\/v2\/pages"}],"about":[{"href":"https:\/\/www.slovokult-literatur.de\/index.php\/wp-json\/wp\/v2\/types\/page"}],"author":[{"embeddable":true,"href":"https:\/\/www.slovokult-literatur.de\/index.php\/wp-json\/wp\/v2\/users\/1"}],"replies":[{"embeddable":true,"href":"https:\/\/www.slovokult-literatur.de\/index.php\/wp-json\/wp\/v2\/comments?post=223"}],"version-history":[{"count":28,"href":"https:\/\/www.slovokult-literatur.de\/index.php\/wp-json\/wp\/v2\/pages\/223\/revisions"}],"predecessor-version":[{"id":1724,"href":"https:\/\/www.slovokult-literatur.de\/index.php\/wp-json\/wp\/v2\/pages\/223\/revisions\/1724"}],"up":[{"embeddable":true,"href":"https:\/\/www.slovokult-literatur.de\/index.php\/wp-json\/wp\/v2\/pages\/2"}],"wp:featuredmedia":[{"embeddable":true,"href":"https:\/\/www.slovokult-literatur.de\/index.php\/wp-json\/wp\/v2\/media\/230"}],"wp:attachment":[{"href":"https:\/\/www.slovokult-literatur.de\/index.php\/wp-json\/wp\/v2\/media?parent=223"}],"curies":[{"name":"wp","href":"https:\/\/api.w.org\/{rel}","templated":true}]}}