{"id":2087,"date":"2018-10-22T23:47:02","date_gmt":"2018-10-22T21:47:02","guid":{"rendered":"http:\/\/www.slovokult-literatur.de\/?page_id=2087"},"modified":"2018-10-23T02:00:43","modified_gmt":"2018-10-23T00:00:43","slug":"17-straelener-atriumsgespraech-ueber-w-g-sebald","status":"publish","type":"page","link":"https:\/\/www.slovokult-literatur.de\/index.php\/slovokult-exquisit\/17-straelener-atriumsgespraech-ueber-w-g-sebald\/","title":{"rendered":"::17. Straelener Atriumsgespr\u00e4ch:: \u00dcber W.G. Sebald::"},"content":{"rendered":"<p><strong>::17. Straelener Atriumsgespr\u00e4ch:: \u00dcber W.G. Sebald::\u00a0<\/strong><\/p>\n<div class=\"page\" title=\"Page 1\">\n<div class=\"section\">\n<div class=\"layoutArea\">\n<div class=\"column\">\n<p>Eine Veranstaltung <strong><a href=\"https:\/\/www.euk-straelen.de\/deutsch\/das-kollegium\/\">des Europ\u00e4ischen \u00dcbersetzer-Kollegiums<\/a>, Straelen in Kooperation mit der Kunststiftung NRW<\/strong><\/p>\n<div class=\"page\" title=\"Page 1\">\n<div class=\"section\">\n<div class=\"layoutArea\">\n<div class=\"column\">\n<p>Seit 2007 bietet diese internationale Veranstaltungsreihe herausragenden deutschsprachigen Autoren und ihren \u00dcbersetzern die M\u00f6glichkeit, jeweils f\u00fcr mehrere Tage zusammenzukommen, die aktuelle Neuerscheinung intensiv durchzusprechen und \u00fcbersetzerische Schwierigkeiten zu kl\u00e4ren.<\/p>\n<\/div>\n<\/div>\n<\/div>\n<\/div>\n<\/div>\n<\/div>\n<\/div>\n<\/div>\n<div class=\"page\" title=\"Page 1\">\n<div class=\"section\">\n<div class=\"layoutArea\">\n<div class=\"column\">\n<p>In diesem Jahr feiert das E\u00dcK den 40. Jahrestag seiner Gr\u00fcndung und widmet das anstehende Atriumsgespr\u00e4ch ausnahmsweise und auf den lang gehegten Wunsch von \u00dcbersetzern dem verstorbenen Schriftsteller W.G. Sebald, dessen bedeutendes Werk nach wie vor im Ausland erforscht, gelesen und diskutiert wird.<\/p>\n<div class=\"page\" title=\"Page 1\">\n<div class=\"section\">\n<div class=\"layoutArea\">\n<div class=\"column\">\n<p>STRAELENER ATRIUMSGESPR\u00c4CH DER KUNSTSTIFTUNG NRW<\/p>\n<p>eine Werkstatt der \u00dcbersetzerinnen und \u00dcbersetzer von W. G. Sebald-Werken<\/p>\n<p>vom <strong>14. bis 20. Oktober 2018 im E\u00dcK Straelen<\/strong><\/p>\n<p>leider nicht alle Sebald-\u00dcbersetzer konnten teilnehmen und eine der englischen \u00dcbersetzerinnen verstarb leider in der Zeit als die Werkstatt stattfand, am 18.10.18 &#8211;<\/p>\n<p><strong>RIP\u00a0<\/strong><a href=\"https:\/\/en.wikipedia.org\/wiki\/Anthea_Bell\"><strong>Anthea Bell<\/strong><\/a><\/p>\n<p><strong>15 Sebald-\u00dcbersetzer*innen, 13 Sprachen<\/strong><\/p>\n<p>diskutierten, kommentierten, r\u00e4tselten, lobten, staunten, begeisterten sich und h\u00f6rten zu &#8211; den gro\u00dfartigen Seminarleiterinnen <strong>Renate Birkenhauer und Jo Catling.\u00a0<\/strong><\/p>\n<p><strong>Teilnehmer*innen::\u00a0Ria van Hengel (NL) <\/strong>(die aus ihrer &#8222;Ringe des Saturn&#8220;-Pilgerschaft eine wunderbare Fotos+Zitate Pr\u00e4sentation gemacht und gezeigt hat), <strong>Ada Vigliani\u00a0(IT),\u00a0Ma\u0142gorzata \u0141ukasiewicz (PL),Oili Suominen (FL),\u00a0Ulrika Wallenstr\u00f6m (SE),\u00a0Radovan Charv\u00e1t (SZ),\u00a0Blaschtik \u00c9va (HU),\u00a0Galina Pavlova (BG),\u00a0J\u00f8rgen Herman Monrad und\u00a0Judyta Preis (DK),\u00a0Iannis Kalifatidis (GR), Elizabeta Lindner (MK),\u00a0Marina Koreneva und Elisaveta Sokolova (RU),\u00a0R\u016bta Jonynait\u0117 (LT),\u00a0Stefan Vevar \u00a0(SI).<\/strong><\/p>\n<p>Am Abend wurden auch Filme \u00fcber Sebald angeschaut.<\/p>\n<p>Eine Veranstaltung, die sich hoffentlich wiederholt!<\/p>\n<p>Ein wunderbarer Radiobeitrag gab es bei WDR::<strong>\u00a0<a href=\"https:\/\/www1.wdr.de\/mediathek\/audio\/wdr3\/wdr3-kultur-am-mittag\/audio-uebersetzer-treffen-sich-am-niederrhein-102.html?fbclid=IwAR2OfYKFbVdtBBgkKw_fAjVwTPPxYfAcuivc4ATeGFAtKvkCiAM1fqU5wds\">\u00dcbersetzer treffen sich am Niederrhein<\/a><\/strong><\/p>\n<p>Fotos und Eindr\u00fccke:: (c) E\u00dcK Straelen<\/p>\n<div id='gallery-1' class='gallery galleryid-2087 gallery-columns-3 gallery-size-thumbnail'><figure class='gallery-item'>\n\t\t\t<div class='gallery-icon landscape'>\n\t\t\t\t<a href='https:\/\/www.slovokult-literatur.de\/wp-content\/uploads\/2018\/10\/Sebald-Werkstatt_24-Foto\u00a9E\u00dcK.jpg'><img width=\"150\" height=\"150\" src=\"https:\/\/www.slovokult-literatur.de\/wp-content\/uploads\/2018\/10\/Sebald-Werkstatt_24-Foto\u00a9E\u00dcK-150x150.jpg\" class=\"attachment-thumbnail size-thumbnail\" alt=\"\" decoding=\"async\" aria-describedby=\"gallery-1-2108\" loading=\"lazy\" srcset=\"https:\/\/www.slovokult-literatur.de\/wp-content\/uploads\/2018\/10\/Sebald-Werkstatt_24-Foto\u00a9E\u00dcK-150x150.jpg 150w, https:\/\/www.slovokult-literatur.de\/wp-content\/uploads\/2018\/10\/Sebald-Werkstatt_24-Foto\u00a9E\u00dcK-180x180.jpg 180w, https:\/\/www.slovokult-literatur.de\/wp-content\/uploads\/2018\/10\/Sebald-Werkstatt_24-Foto\u00a9E\u00dcK-300x300.jpg 300w, https:\/\/www.slovokult-literatur.de\/wp-content\/uploads\/2018\/10\/Sebald-Werkstatt_24-Foto\u00a9E\u00dcK-600x600.jpg 600w\" sizes=\"(max-width: 150px) 100vw, 150px\" \/><\/a>\n\t\t\t<\/div>\n\t\t\t\t<figcaption class='wp-caption-text gallery-caption' id='gallery-1-2108'>\n\t\t\t\t::17. Straelener Atriumsgespr\u00e4ch:: \u00dcber W.G. Sebald::\n\t\t\t\t<\/figcaption><\/figure><figure class='gallery-item'>\n\t\t\t<div class='gallery-icon landscape'>\n\t\t\t\t<a href='https:\/\/www.slovokult-literatur.de\/wp-content\/uploads\/2018\/10\/Sebald-Werkstatt_23-Foto\u00a9E\u00dcK.jpg'><img width=\"150\" height=\"150\" src=\"https:\/\/www.slovokult-literatur.de\/wp-content\/uploads\/2018\/10\/Sebald-Werkstatt_23-Foto\u00a9E\u00dcK-150x150.jpg\" class=\"attachment-thumbnail size-thumbnail\" alt=\"\" decoding=\"async\" aria-describedby=\"gallery-1-2107\" loading=\"lazy\" srcset=\"https:\/\/www.slovokult-literatur.de\/wp-content\/uploads\/2018\/10\/Sebald-Werkstatt_23-Foto\u00a9E\u00dcK-150x150.jpg 150w, https:\/\/www.slovokult-literatur.de\/wp-content\/uploads\/2018\/10\/Sebald-Werkstatt_23-Foto\u00a9E\u00dcK-180x180.jpg 180w, https:\/\/www.slovokult-literatur.de\/wp-content\/uploads\/2018\/10\/Sebald-Werkstatt_23-Foto\u00a9E\u00dcK-300x300.jpg 300w, https:\/\/www.slovokult-literatur.de\/wp-content\/uploads\/2018\/10\/Sebald-Werkstatt_23-Foto\u00a9E\u00dcK-600x600.jpg 600w\" sizes=\"(max-width: 150px) 100vw, 150px\" \/><\/a>\n\t\t\t<\/div>\n\t\t\t\t<figcaption class='wp-caption-text gallery-caption' id='gallery-1-2107'>\n\t\t\t\t::17. Straelener Atriumsgespr\u00e4ch:: \u00dcber W.G. Sebald::\n\t\t\t\t<\/figcaption><\/figure><figure class='gallery-item'>\n\t\t\t<div class='gallery-icon landscape'>\n\t\t\t\t<a href='https:\/\/www.slovokult-literatur.de\/wp-content\/uploads\/2018\/10\/Sebald-Werkstatt_22-Foto\u00a9E\u00dcK.jpg'><img width=\"150\" height=\"150\" src=\"https:\/\/www.slovokult-literatur.de\/wp-content\/uploads\/2018\/10\/Sebald-Werkstatt_22-Foto\u00a9E\u00dcK-150x150.jpg\" class=\"attachment-thumbnail size-thumbnail\" alt=\"\" decoding=\"async\" aria-describedby=\"gallery-1-2106\" loading=\"lazy\" srcset=\"https:\/\/www.slovokult-literatur.de\/wp-content\/uploads\/2018\/10\/Sebald-Werkstatt_22-Foto\u00a9E\u00dcK-150x150.jpg 150w, https:\/\/www.slovokult-literatur.de\/wp-content\/uploads\/2018\/10\/Sebald-Werkstatt_22-Foto\u00a9E\u00dcK-180x180.jpg 180w, https:\/\/www.slovokult-literatur.de\/wp-content\/uploads\/2018\/10\/Sebald-Werkstatt_22-Foto\u00a9E\u00dcK-300x300.jpg 300w, https:\/\/www.slovokult-literatur.de\/wp-content\/uploads\/2018\/10\/Sebald-Werkstatt_22-Foto\u00a9E\u00dcK-600x600.jpg 600w\" sizes=\"(max-width: 150px) 100vw, 150px\" \/><\/a>\n\t\t\t<\/div>\n\t\t\t\t<figcaption class='wp-caption-text gallery-caption' id='gallery-1-2106'>\n\t\t\t\t::17. Straelener Atriumsgespr\u00e4ch:: \u00dcber W.G. Sebald::\n\t\t\t\t<\/figcaption><\/figure><figure class='gallery-item'>\n\t\t\t<div class='gallery-icon landscape'>\n\t\t\t\t<a href='https:\/\/www.slovokult-literatur.de\/wp-content\/uploads\/2018\/10\/Sebald-Werkstatt_21-Foto\u00a9E\u00dcK.jpg'><img width=\"150\" height=\"150\" src=\"https:\/\/www.slovokult-literatur.de\/wp-content\/uploads\/2018\/10\/Sebald-Werkstatt_21-Foto\u00a9E\u00dcK-150x150.jpg\" class=\"attachment-thumbnail size-thumbnail\" alt=\"\" decoding=\"async\" aria-describedby=\"gallery-1-2105\" loading=\"lazy\" srcset=\"https:\/\/www.slovokult-literatur.de\/wp-content\/uploads\/2018\/10\/Sebald-Werkstatt_21-Foto\u00a9E\u00dcK-150x150.jpg 150w, https:\/\/www.slovokult-literatur.de\/wp-content\/uploads\/2018\/10\/Sebald-Werkstatt_21-Foto\u00a9E\u00dcK-180x180.jpg 180w, https:\/\/www.slovokult-literatur.de\/wp-content\/uploads\/2018\/10\/Sebald-Werkstatt_21-Foto\u00a9E\u00dcK-300x300.jpg 300w, https:\/\/www.slovokult-literatur.de\/wp-content\/uploads\/2018\/10\/Sebald-Werkstatt_21-Foto\u00a9E\u00dcK-600x600.jpg 600w\" sizes=\"(max-width: 150px) 100vw, 150px\" \/><\/a>\n\t\t\t<\/div>\n\t\t\t\t<figcaption class='wp-caption-text gallery-caption' id='gallery-1-2105'>\n\t\t\t\t::17. Straelener Atriumsgespr\u00e4ch:: \u00dcber W.G. Sebald::\n\t\t\t\t<\/figcaption><\/figure><figure class='gallery-item'>\n\t\t\t<div class='gallery-icon landscape'>\n\t\t\t\t<a href='https:\/\/www.slovokult-literatur.de\/wp-content\/uploads\/2018\/10\/Sebald-Werkstatt_20-Foto\u00a9E\u00dcK.jpg'><img width=\"150\" height=\"150\" src=\"https:\/\/www.slovokult-literatur.de\/wp-content\/uploads\/2018\/10\/Sebald-Werkstatt_20-Foto\u00a9E\u00dcK-150x150.jpg\" class=\"attachment-thumbnail size-thumbnail\" alt=\"\" decoding=\"async\" aria-describedby=\"gallery-1-2104\" loading=\"lazy\" srcset=\"https:\/\/www.slovokult-literatur.de\/wp-content\/uploads\/2018\/10\/Sebald-Werkstatt_20-Foto\u00a9E\u00dcK-150x150.jpg 150w, https:\/\/www.slovokult-literatur.de\/wp-content\/uploads\/2018\/10\/Sebald-Werkstatt_20-Foto\u00a9E\u00dcK-180x180.jpg 180w, https:\/\/www.slovokult-literatur.de\/wp-content\/uploads\/2018\/10\/Sebald-Werkstatt_20-Foto\u00a9E\u00dcK-300x300.jpg 300w, https:\/\/www.slovokult-literatur.de\/wp-content\/uploads\/2018\/10\/Sebald-Werkstatt_20-Foto\u00a9E\u00dcK-600x600.jpg 600w\" sizes=\"(max-width: 150px) 100vw, 150px\" \/><\/a>\n\t\t\t<\/div>\n\t\t\t\t<figcaption class='wp-caption-text gallery-caption' id='gallery-1-2104'>\n\t\t\t\t::17. Straelener Atriumsgespr\u00e4ch:: \u00dcber W.G. Sebald::\n\t\t\t\t<\/figcaption><\/figure><figure class='gallery-item'>\n\t\t\t<div class='gallery-icon landscape'>\n\t\t\t\t<a href='https:\/\/www.slovokult-literatur.de\/wp-content\/uploads\/2018\/10\/Sebald-Werkstatt_16-Foto\u00a9E\u00dcK.jpg'><img width=\"150\" height=\"150\" src=\"https:\/\/www.slovokult-literatur.de\/wp-content\/uploads\/2018\/10\/Sebald-Werkstatt_16-Foto\u00a9E\u00dcK-150x150.jpg\" class=\"attachment-thumbnail size-thumbnail\" alt=\"\" decoding=\"async\" aria-describedby=\"gallery-1-2103\" loading=\"lazy\" srcset=\"https:\/\/www.slovokult-literatur.de\/wp-content\/uploads\/2018\/10\/Sebald-Werkstatt_16-Foto\u00a9E\u00dcK-150x150.jpg 150w, https:\/\/www.slovokult-literatur.de\/wp-content\/uploads\/2018\/10\/Sebald-Werkstatt_16-Foto\u00a9E\u00dcK-180x180.jpg 180w, https:\/\/www.slovokult-literatur.de\/wp-content\/uploads\/2018\/10\/Sebald-Werkstatt_16-Foto\u00a9E\u00dcK-300x300.jpg 300w, https:\/\/www.slovokult-literatur.de\/wp-content\/uploads\/2018\/10\/Sebald-Werkstatt_16-Foto\u00a9E\u00dcK-600x600.jpg 600w\" sizes=\"(max-width: 150px) 100vw, 150px\" \/><\/a>\n\t\t\t<\/div>\n\t\t\t\t<figcaption class='wp-caption-text gallery-caption' id='gallery-1-2103'>\n\t\t\t\t::17. Straelener Atriumsgespr\u00e4ch:: \u00dcber W.G. Sebald::\n\t\t\t\t<\/figcaption><\/figure><figure class='gallery-item'>\n\t\t\t<div class='gallery-icon landscape'>\n\t\t\t\t<a href='https:\/\/www.slovokult-literatur.de\/wp-content\/uploads\/2018\/10\/Sebald-Werkstatt_14-Foto\u00a9E\u00dcK.jpg'><img width=\"150\" height=\"150\" src=\"https:\/\/www.slovokult-literatur.de\/wp-content\/uploads\/2018\/10\/Sebald-Werkstatt_14-Foto\u00a9E\u00dcK-150x150.jpg\" class=\"attachment-thumbnail size-thumbnail\" alt=\"\" decoding=\"async\" aria-describedby=\"gallery-1-2102\" loading=\"lazy\" srcset=\"https:\/\/www.slovokult-literatur.de\/wp-content\/uploads\/2018\/10\/Sebald-Werkstatt_14-Foto\u00a9E\u00dcK-150x150.jpg 150w, https:\/\/www.slovokult-literatur.de\/wp-content\/uploads\/2018\/10\/Sebald-Werkstatt_14-Foto\u00a9E\u00dcK-180x180.jpg 180w, https:\/\/www.slovokult-literatur.de\/wp-content\/uploads\/2018\/10\/Sebald-Werkstatt_14-Foto\u00a9E\u00dcK-300x300.jpg 300w, https:\/\/www.slovokult-literatur.de\/wp-content\/uploads\/2018\/10\/Sebald-Werkstatt_14-Foto\u00a9E\u00dcK-600x600.jpg 600w\" sizes=\"(max-width: 150px) 100vw, 150px\" \/><\/a>\n\t\t\t<\/div>\n\t\t\t\t<figcaption class='wp-caption-text gallery-caption' id='gallery-1-2102'>\n\t\t\t\t::17. Straelener Atriumsgespr\u00e4ch:: \u00dcber W.G. Sebald::\n\t\t\t\t<\/figcaption><\/figure><figure class='gallery-item'>\n\t\t\t<div class='gallery-icon landscape'>\n\t\t\t\t<a href='https:\/\/www.slovokult-literatur.de\/wp-content\/uploads\/2018\/10\/Sebald-Werkstatt_13-Foto\u00a9E\u00dcK.jpg'><img width=\"150\" height=\"150\" src=\"https:\/\/www.slovokult-literatur.de\/wp-content\/uploads\/2018\/10\/Sebald-Werkstatt_13-Foto\u00a9E\u00dcK-150x150.jpg\" class=\"attachment-thumbnail size-thumbnail\" alt=\"\" decoding=\"async\" aria-describedby=\"gallery-1-2101\" loading=\"lazy\" srcset=\"https:\/\/www.slovokult-literatur.de\/wp-content\/uploads\/2018\/10\/Sebald-Werkstatt_13-Foto\u00a9E\u00dcK-150x150.jpg 150w, https:\/\/www.slovokult-literatur.de\/wp-content\/uploads\/2018\/10\/Sebald-Werkstatt_13-Foto\u00a9E\u00dcK-180x180.jpg 180w, https:\/\/www.slovokult-literatur.de\/wp-content\/uploads\/2018\/10\/Sebald-Werkstatt_13-Foto\u00a9E\u00dcK-300x300.jpg 300w, https:\/\/www.slovokult-literatur.de\/wp-content\/uploads\/2018\/10\/Sebald-Werkstatt_13-Foto\u00a9E\u00dcK-600x600.jpg 600w\" sizes=\"(max-width: 150px) 100vw, 150px\" \/><\/a>\n\t\t\t<\/div>\n\t\t\t\t<figcaption class='wp-caption-text gallery-caption' id='gallery-1-2101'>\n\t\t\t\t::17. Straelener Atriumsgespr\u00e4ch:: \u00dcber W.G. Sebald::\n\t\t\t\t<\/figcaption><\/figure><figure class='gallery-item'>\n\t\t\t<div class='gallery-icon landscape'>\n\t\t\t\t<a href='https:\/\/www.slovokult-literatur.de\/wp-content\/uploads\/2018\/10\/Sebald-Werkstatt_12-Foto\u00a9E\u00dcK.jpg'><img width=\"150\" height=\"150\" src=\"https:\/\/www.slovokult-literatur.de\/wp-content\/uploads\/2018\/10\/Sebald-Werkstatt_12-Foto\u00a9E\u00dcK-150x150.jpg\" class=\"attachment-thumbnail size-thumbnail\" alt=\"\" decoding=\"async\" aria-describedby=\"gallery-1-2100\" loading=\"lazy\" srcset=\"https:\/\/www.slovokult-literatur.de\/wp-content\/uploads\/2018\/10\/Sebald-Werkstatt_12-Foto\u00a9E\u00dcK-150x150.jpg 150w, https:\/\/www.slovokult-literatur.de\/wp-content\/uploads\/2018\/10\/Sebald-Werkstatt_12-Foto\u00a9E\u00dcK-180x180.jpg 180w, https:\/\/www.slovokult-literatur.de\/wp-content\/uploads\/2018\/10\/Sebald-Werkstatt_12-Foto\u00a9E\u00dcK-300x300.jpg 300w, https:\/\/www.slovokult-literatur.de\/wp-content\/uploads\/2018\/10\/Sebald-Werkstatt_12-Foto\u00a9E\u00dcK-600x600.jpg 600w\" sizes=\"(max-width: 150px) 100vw, 150px\" \/><\/a>\n\t\t\t<\/div>\n\t\t\t\t<figcaption class='wp-caption-text gallery-caption' id='gallery-1-2100'>\n\t\t\t\t::17. Straelener Atriumsgespr\u00e4ch:: \u00dcber W.G. Sebald::\n\t\t\t\t<\/figcaption><\/figure><figure class='gallery-item'>\n\t\t\t<div class='gallery-icon landscape'>\n\t\t\t\t<a href='https:\/\/www.slovokult-literatur.de\/wp-content\/uploads\/2018\/10\/Sebald-Werkstatt_11-Foto\u00a9E\u00dcK.jpg'><img width=\"150\" height=\"150\" src=\"https:\/\/www.slovokult-literatur.de\/wp-content\/uploads\/2018\/10\/Sebald-Werkstatt_11-Foto\u00a9E\u00dcK-150x150.jpg\" class=\"attachment-thumbnail size-thumbnail\" alt=\"\" decoding=\"async\" aria-describedby=\"gallery-1-2099\" loading=\"lazy\" srcset=\"https:\/\/www.slovokult-literatur.de\/wp-content\/uploads\/2018\/10\/Sebald-Werkstatt_11-Foto\u00a9E\u00dcK-150x150.jpg 150w, https:\/\/www.slovokult-literatur.de\/wp-content\/uploads\/2018\/10\/Sebald-Werkstatt_11-Foto\u00a9E\u00dcK-180x180.jpg 180w, https:\/\/www.slovokult-literatur.de\/wp-content\/uploads\/2018\/10\/Sebald-Werkstatt_11-Foto\u00a9E\u00dcK-300x300.jpg 300w, https:\/\/www.slovokult-literatur.de\/wp-content\/uploads\/2018\/10\/Sebald-Werkstatt_11-Foto\u00a9E\u00dcK-600x600.jpg 600w\" sizes=\"(max-width: 150px) 100vw, 150px\" \/><\/a>\n\t\t\t<\/div>\n\t\t\t\t<figcaption class='wp-caption-text gallery-caption' id='gallery-1-2099'>\n\t\t\t\t::17. Straelener Atriumsgespr\u00e4ch:: \u00dcber W.G. Sebald::\n\t\t\t\t<\/figcaption><\/figure><figure class='gallery-item'>\n\t\t\t<div class='gallery-icon portrait'>\n\t\t\t\t<a href='https:\/\/www.slovokult-literatur.de\/wp-content\/uploads\/2018\/10\/Sebald-Werkstatt_05-Foto\u00a9E\u00dcK.jpg'><img width=\"150\" height=\"150\" src=\"https:\/\/www.slovokult-literatur.de\/wp-content\/uploads\/2018\/10\/Sebald-Werkstatt_05-Foto\u00a9E\u00dcK-150x150.jpg\" class=\"attachment-thumbnail size-thumbnail\" alt=\"\" decoding=\"async\" aria-describedby=\"gallery-1-2098\" loading=\"lazy\" srcset=\"https:\/\/www.slovokult-literatur.de\/wp-content\/uploads\/2018\/10\/Sebald-Werkstatt_05-Foto\u00a9E\u00dcK-150x150.jpg 150w, https:\/\/www.slovokult-literatur.de\/wp-content\/uploads\/2018\/10\/Sebald-Werkstatt_05-Foto\u00a9E\u00dcK-180x180.jpg 180w, https:\/\/www.slovokult-literatur.de\/wp-content\/uploads\/2018\/10\/Sebald-Werkstatt_05-Foto\u00a9E\u00dcK-300x300.jpg 300w, https:\/\/www.slovokult-literatur.de\/wp-content\/uploads\/2018\/10\/Sebald-Werkstatt_05-Foto\u00a9E\u00dcK-600x600.jpg 600w\" sizes=\"(max-width: 150px) 100vw, 150px\" \/><\/a>\n\t\t\t<\/div>\n\t\t\t\t<figcaption class='wp-caption-text gallery-caption' id='gallery-1-2098'>\n\t\t\t\t::17. Straelener Atriumsgespr\u00e4ch:: \u00dcber W.G. Sebald::\n\t\t\t\t<\/figcaption><\/figure><figure class='gallery-item'>\n\t\t\t<div class='gallery-icon landscape'>\n\t\t\t\t<a href='https:\/\/www.slovokult-literatur.de\/wp-content\/uploads\/2018\/10\/Sebald-Werkstatt_04-Foto\u00a9E\u00dcK.jpg'><img width=\"150\" height=\"150\" src=\"https:\/\/www.slovokult-literatur.de\/wp-content\/uploads\/2018\/10\/Sebald-Werkstatt_04-Foto\u00a9E\u00dcK-150x150.jpg\" class=\"attachment-thumbnail size-thumbnail\" alt=\"\" decoding=\"async\" aria-describedby=\"gallery-1-2097\" loading=\"lazy\" srcset=\"https:\/\/www.slovokult-literatur.de\/wp-content\/uploads\/2018\/10\/Sebald-Werkstatt_04-Foto\u00a9E\u00dcK-150x150.jpg 150w, https:\/\/www.slovokult-literatur.de\/wp-content\/uploads\/2018\/10\/Sebald-Werkstatt_04-Foto\u00a9E\u00dcK-180x180.jpg 180w, https:\/\/www.slovokult-literatur.de\/wp-content\/uploads\/2018\/10\/Sebald-Werkstatt_04-Foto\u00a9E\u00dcK-300x300.jpg 300w, https:\/\/www.slovokult-literatur.de\/wp-content\/uploads\/2018\/10\/Sebald-Werkstatt_04-Foto\u00a9E\u00dcK-600x600.jpg 600w\" sizes=\"(max-width: 150px) 100vw, 150px\" \/><\/a>\n\t\t\t<\/div>\n\t\t\t\t<figcaption class='wp-caption-text gallery-caption' id='gallery-1-2097'>\n\t\t\t\t::17. Straelener Atriumsgespr\u00e4ch:: \u00dcber W.G. Sebald::\n\t\t\t\t<\/figcaption><\/figure><figure class='gallery-item'>\n\t\t\t<div class='gallery-icon landscape'>\n\t\t\t\t<a href='https:\/\/www.slovokult-literatur.de\/wp-content\/uploads\/2018\/10\/Sebald-Werkstatt_03-Foto\u00a9E\u00dcK.jpg'><img width=\"150\" height=\"150\" src=\"https:\/\/www.slovokult-literatur.de\/wp-content\/uploads\/2018\/10\/Sebald-Werkstatt_03-Foto\u00a9E\u00dcK-150x150.jpg\" class=\"attachment-thumbnail size-thumbnail\" alt=\"\" decoding=\"async\" aria-describedby=\"gallery-1-2096\" loading=\"lazy\" srcset=\"https:\/\/www.slovokult-literatur.de\/wp-content\/uploads\/2018\/10\/Sebald-Werkstatt_03-Foto\u00a9E\u00dcK-150x150.jpg 150w, https:\/\/www.slovokult-literatur.de\/wp-content\/uploads\/2018\/10\/Sebald-Werkstatt_03-Foto\u00a9E\u00dcK-180x180.jpg 180w, https:\/\/www.slovokult-literatur.de\/wp-content\/uploads\/2018\/10\/Sebald-Werkstatt_03-Foto\u00a9E\u00dcK-300x300.jpg 300w, https:\/\/www.slovokult-literatur.de\/wp-content\/uploads\/2018\/10\/Sebald-Werkstatt_03-Foto\u00a9E\u00dcK-600x600.jpg 600w\" sizes=\"(max-width: 150px) 100vw, 150px\" \/><\/a>\n\t\t\t<\/div>\n\t\t\t\t<figcaption class='wp-caption-text gallery-caption' id='gallery-1-2096'>\n\t\t\t\t::17. Straelener Atriumsgespr\u00e4ch:: \u00dcber W.G. Sebald::\n\t\t\t\t<\/figcaption><\/figure><figure class='gallery-item'>\n\t\t\t<div class='gallery-icon portrait'>\n\t\t\t\t<a href='https:\/\/www.slovokult-literatur.de\/wp-content\/uploads\/2018\/10\/Sebald-Werkstatt_02-Foto\u00a9E\u00dcK.jpg'><img width=\"150\" height=\"150\" src=\"https:\/\/www.slovokult-literatur.de\/wp-content\/uploads\/2018\/10\/Sebald-Werkstatt_02-Foto\u00a9E\u00dcK-150x150.jpg\" class=\"attachment-thumbnail size-thumbnail\" alt=\"\" decoding=\"async\" aria-describedby=\"gallery-1-2095\" loading=\"lazy\" srcset=\"https:\/\/www.slovokult-literatur.de\/wp-content\/uploads\/2018\/10\/Sebald-Werkstatt_02-Foto\u00a9E\u00dcK-150x150.jpg 150w, https:\/\/www.slovokult-literatur.de\/wp-content\/uploads\/2018\/10\/Sebald-Werkstatt_02-Foto\u00a9E\u00dcK-180x180.jpg 180w, https:\/\/www.slovokult-literatur.de\/wp-content\/uploads\/2018\/10\/Sebald-Werkstatt_02-Foto\u00a9E\u00dcK-300x300.jpg 300w, https:\/\/www.slovokult-literatur.de\/wp-content\/uploads\/2018\/10\/Sebald-Werkstatt_02-Foto\u00a9E\u00dcK-600x600.jpg 600w\" sizes=\"(max-width: 150px) 100vw, 150px\" \/><\/a>\n\t\t\t<\/div>\n\t\t\t\t<figcaption class='wp-caption-text gallery-caption' id='gallery-1-2095'>\n\t\t\t\t::17. Straelener Atriumsgespr\u00e4ch:: \u00dcber W.G. Sebald::\n\t\t\t\t<\/figcaption><\/figure><figure class='gallery-item'>\n\t\t\t<div class='gallery-icon landscape'>\n\t\t\t\t<a href='https:\/\/www.slovokult-literatur.de\/wp-content\/uploads\/2018\/10\/Sebald-Werkstatt_01-Foto\u00a9E\u00dcK.jpg'><img width=\"150\" height=\"150\" src=\"https:\/\/www.slovokult-literatur.de\/wp-content\/uploads\/2018\/10\/Sebald-Werkstatt_01-Foto\u00a9E\u00dcK-150x150.jpg\" class=\"attachment-thumbnail size-thumbnail\" alt=\"\" decoding=\"async\" aria-describedby=\"gallery-1-2094\" loading=\"lazy\" srcset=\"https:\/\/www.slovokult-literatur.de\/wp-content\/uploads\/2018\/10\/Sebald-Werkstatt_01-Foto\u00a9E\u00dcK-150x150.jpg 150w, https:\/\/www.slovokult-literatur.de\/wp-content\/uploads\/2018\/10\/Sebald-Werkstatt_01-Foto\u00a9E\u00dcK-180x180.jpg 180w, https:\/\/www.slovokult-literatur.de\/wp-content\/uploads\/2018\/10\/Sebald-Werkstatt_01-Foto\u00a9E\u00dcK-300x300.jpg 300w, https:\/\/www.slovokult-literatur.de\/wp-content\/uploads\/2018\/10\/Sebald-Werkstatt_01-Foto\u00a9E\u00dcK-600x600.jpg 600w\" sizes=\"(max-width: 150px) 100vw, 150px\" \/><\/a>\n\t\t\t<\/div>\n\t\t\t\t<figcaption class='wp-caption-text gallery-caption' id='gallery-1-2094'>\n\t\t\t\t::17. Straelener Atriumsgespr\u00e4ch:: \u00dcber W.G. Sebald::\n\t\t\t\t<\/figcaption><\/figure><figure class='gallery-item'>\n\t\t\t<div class='gallery-icon landscape'>\n\t\t\t\t<a href='https:\/\/www.slovokult-literatur.de\/wp-content\/uploads\/2018\/10\/csm_Sebald-Werkstatt_34__Foto_c_EUEK__ff08cc496a.jpg'><img width=\"150\" height=\"150\" src=\"https:\/\/www.slovokult-literatur.de\/wp-content\/uploads\/2018\/10\/csm_Sebald-Werkstatt_34__Foto_c_EUEK__ff08cc496a-150x150.jpg\" class=\"attachment-thumbnail size-thumbnail\" alt=\"\" decoding=\"async\" aria-describedby=\"gallery-1-2093\" loading=\"lazy\" srcset=\"https:\/\/www.slovokult-literatur.de\/wp-content\/uploads\/2018\/10\/csm_Sebald-Werkstatt_34__Foto_c_EUEK__ff08cc496a-150x150.jpg 150w, https:\/\/www.slovokult-literatur.de\/wp-content\/uploads\/2018\/10\/csm_Sebald-Werkstatt_34__Foto_c_EUEK__ff08cc496a-180x180.jpg 180w, https:\/\/www.slovokult-literatur.de\/wp-content\/uploads\/2018\/10\/csm_Sebald-Werkstatt_34__Foto_c_EUEK__ff08cc496a-300x300.jpg 300w\" sizes=\"(max-width: 150px) 100vw, 150px\" \/><\/a>\n\t\t\t<\/div>\n\t\t\t\t<figcaption class='wp-caption-text gallery-caption' id='gallery-1-2093'>\n\t\t\t\t::17. Straelener Atriumsgespr\u00e4ch:: \u00dcber W.G. Sebald::\n\t\t\t\t<\/figcaption><\/figure><figure class='gallery-item'>\n\t\t\t<div class='gallery-icon landscape'>\n\t\t\t\t<a href='https:\/\/www.slovokult-literatur.de\/wp-content\/uploads\/2018\/10\/csm_Sebald-Werkstatt_30__Foto_c_EUEK__c77d94ee39.jpg'><img width=\"150\" height=\"150\" src=\"https:\/\/www.slovokult-literatur.de\/wp-content\/uploads\/2018\/10\/csm_Sebald-Werkstatt_30__Foto_c_EUEK__c77d94ee39-150x150.jpg\" class=\"attachment-thumbnail size-thumbnail\" alt=\"\" decoding=\"async\" aria-describedby=\"gallery-1-2092\" loading=\"lazy\" srcset=\"https:\/\/www.slovokult-literatur.de\/wp-content\/uploads\/2018\/10\/csm_Sebald-Werkstatt_30__Foto_c_EUEK__c77d94ee39-150x150.jpg 150w, https:\/\/www.slovokult-literatur.de\/wp-content\/uploads\/2018\/10\/csm_Sebald-Werkstatt_30__Foto_c_EUEK__c77d94ee39-180x180.jpg 180w, https:\/\/www.slovokult-literatur.de\/wp-content\/uploads\/2018\/10\/csm_Sebald-Werkstatt_30__Foto_c_EUEK__c77d94ee39-300x300.jpg 300w\" sizes=\"(max-width: 150px) 100vw, 150px\" \/><\/a>\n\t\t\t<\/div>\n\t\t\t\t<figcaption class='wp-caption-text gallery-caption' id='gallery-1-2092'>\n\t\t\t\t::17. Straelener Atriumsgespr\u00e4ch:: \u00dcber W.G. Sebald::\n\t\t\t\t<\/figcaption><\/figure>\n\t\t<\/div>\n\n<\/div>\n<\/div>\n<\/div>\n<\/div>\n<\/div>\n<\/div>\n<\/div>\n<\/div>\n","protected":false},"excerpt":{"rendered":"<p>::17. Straelener Atriumsgespr\u00e4ch:: \u00dcber W.G. Sebald::\u00a0 Eine Veranstaltung des Europ\u00e4ischen \u00dcbersetzer-Kollegiums, Straelen in Kooperation mit der Kunststiftung NRW Seit 2007 bietet diese internationale Veranstaltungsreihe herausragenden deutschsprachigen Autoren und ihren \u00dcbersetzern die M\u00f6glichkeit, jeweils f\u00fcr mehrere Tage zusammenzukommen, die aktuelle Neuerscheinung [&hellip;]<\/p>\n","protected":false},"author":1,"featured_media":2110,"parent":2081,"menu_order":0,"comment_status":"closed","ping_status":"closed","template":"","meta":{"footnotes":""},"_links":{"self":[{"href":"https:\/\/www.slovokult-literatur.de\/index.php\/wp-json\/wp\/v2\/pages\/2087"}],"collection":[{"href":"https:\/\/www.slovokult-literatur.de\/index.php\/wp-json\/wp\/v2\/pages"}],"about":[{"href":"https:\/\/www.slovokult-literatur.de\/index.php\/wp-json\/wp\/v2\/types\/page"}],"author":[{"embeddable":true,"href":"https:\/\/www.slovokult-literatur.de\/index.php\/wp-json\/wp\/v2\/users\/1"}],"replies":[{"embeddable":true,"href":"https:\/\/www.slovokult-literatur.de\/index.php\/wp-json\/wp\/v2\/comments?post=2087"}],"version-history":[{"count":12,"href":"https:\/\/www.slovokult-literatur.de\/index.php\/wp-json\/wp\/v2\/pages\/2087\/revisions"}],"predecessor-version":[{"id":2122,"href":"https:\/\/www.slovokult-literatur.de\/index.php\/wp-json\/wp\/v2\/pages\/2087\/revisions\/2122"}],"up":[{"embeddable":true,"href":"https:\/\/www.slovokult-literatur.de\/index.php\/wp-json\/wp\/v2\/pages\/2081"}],"wp:featuredmedia":[{"embeddable":true,"href":"https:\/\/www.slovokult-literatur.de\/index.php\/wp-json\/wp\/v2\/media\/2110"}],"wp:attachment":[{"href":"https:\/\/www.slovokult-literatur.de\/index.php\/wp-json\/wp\/v2\/media?parent=2087"}],"curies":[{"name":"wp","href":"https:\/\/api.w.org\/{rel}","templated":true}]}}