{"id":2081,"date":"2018-10-22T19:13:50","date_gmt":"2018-10-22T17:13:50","guid":{"rendered":"http:\/\/www.slovokult-literatur.de\/?page_id=2081"},"modified":"2018-10-23T01:50:36","modified_gmt":"2018-10-22T23:50:36","slug":"slovokult-exquisit","status":"publish","type":"page","link":"https:\/\/www.slovokult-literatur.de\/index.php\/slovokult-exquisit\/","title":{"rendered":":: SlovoKult:: Exquisit::"},"content":{"rendered":"<p>::Oktober 2018::<\/p>\n<p><strong>Aus dem Europ\u00e4ischen \u00dcbersetzerkollegium::Straelen:: Informationen und Fotos\u00a0zum::<\/strong><\/p>\n<h4><a href=\"http:\/\/www.slovokult-literatur.de\/index.php\/slovokult-exquisit\/17-straelener-atriumsgespraech-ueber-w-g-sebald\/\">::17. Straelener Atriumsgespr\u00e4ch:: mit den \u00dcbersetzern von W.G. Sebald::<\/a><\/h4>\n<p>:: Besuch des Bundespr\u00e4sidenten Frank-Walter Steinmeier::<\/p>\n","protected":false},"excerpt":{"rendered":"<p>::Oktober 2018:: Aus dem Europ\u00e4ischen \u00dcbersetzerkollegium::Straelen:: Informationen und Fotos\u00a0zum:: ::17. Straelener Atriumsgespr\u00e4ch:: mit den \u00dcbersetzern von W.G. Sebald:: :: Besuch des Bundespr\u00e4sidenten Frank-Walter Steinmeier::<\/p>\n","protected":false},"author":1,"featured_media":20,"parent":0,"menu_order":0,"comment_status":"closed","ping_status":"closed","template":"","meta":{"footnotes":""},"_links":{"self":[{"href":"https:\/\/www.slovokult-literatur.de\/index.php\/wp-json\/wp\/v2\/pages\/2081"}],"collection":[{"href":"https:\/\/www.slovokult-literatur.de\/index.php\/wp-json\/wp\/v2\/pages"}],"about":[{"href":"https:\/\/www.slovokult-literatur.de\/index.php\/wp-json\/wp\/v2\/types\/page"}],"author":[{"embeddable":true,"href":"https:\/\/www.slovokult-literatur.de\/index.php\/wp-json\/wp\/v2\/users\/1"}],"replies":[{"embeddable":true,"href":"https:\/\/www.slovokult-literatur.de\/index.php\/wp-json\/wp\/v2\/comments?post=2081"}],"version-history":[{"count":6,"href":"https:\/\/www.slovokult-literatur.de\/index.php\/wp-json\/wp\/v2\/pages\/2081\/revisions"}],"predecessor-version":[{"id":2117,"href":"https:\/\/www.slovokult-literatur.de\/index.php\/wp-json\/wp\/v2\/pages\/2081\/revisions\/2117"}],"wp:featuredmedia":[{"embeddable":true,"href":"https:\/\/www.slovokult-literatur.de\/index.php\/wp-json\/wp\/v2\/media\/20"}],"wp:attachment":[{"href":"https:\/\/www.slovokult-literatur.de\/index.php\/wp-json\/wp\/v2\/media?parent=2081"}],"curies":[{"name":"wp","href":"https:\/\/api.w.org\/{rel}","templated":true}]}}