{"id":1957,"date":"2018-10-05T00:46:56","date_gmt":"2018-10-04T22:46:56","guid":{"rendered":"http:\/\/www.slovokult-literatur.de\/?page_id=1957"},"modified":"2018-10-10T16:28:41","modified_gmt":"2018-10-10T14:28:41","slug":"sve-najbolje-pesme-govore","status":"publish","type":"page","link":"https:\/\/www.slovokult-literatur.de\/index.php\/lyrik\/zvonko-karanovic\/srpski-serbisch\/sve-najbolje-pesme-govore\/","title":{"rendered":"SVE NAJBOLJE PESME GOVORE &#8230;"},"content":{"rendered":"<h4><a href=\"http:\/\/www.slovokult-literatur.de\/index.php\/lyrik\/zvonko-karanovic\/\">::Zvonko Karanovi\u0107::<\/a><\/h4>\n<p>SVE NAJBOLJE PESME GOVORE<\/p>\n<p>O \u010cE\u017dNJI I STAKLU I BRZIM AUTOMOBILIMA<\/p>\n<p>I OSTALIM LOMLJIVIM STVARIMA<\/p>\n<p>&nbsp;<\/p>\n<p>Ti i ja spavamo ispod stakla<\/p>\n<p>i pu\u0161tamo karavane da prolaze<\/p>\n<p>kraj na\u0161ih smrznutih prstiju<\/p>\n<p>oti\u0161lim prijateljima<\/p>\n<p>\u0161aljemo telefonske impulse<\/p>\n<p>da oboje more<\/p>\n<p>na razglednici na kojoj pi\u0161e:<\/p>\n<p>&nbsp;<\/p>\n<p>Rusi su u orbiti<\/p>\n<p>\u010dajni kola\u010di\u0107i na stolu<\/p>\n<p>u hrani za bebe prona\u0161li su<\/p>\n<p>metalne opiljke<\/p>\n<p>i dalje je sve isto, isto, isto&#8230;<\/p>\n<p>&nbsp;<\/p>\n<p>a zatim pri\u010damo o mesecu<\/p>\n<p>i lajemo na TV ekran<\/p>\n<p>do kasno u no\u0107<\/p>\n<p>&nbsp;<\/p>\n<p>novi dan se ra\u0111a<\/p>\n<p>mladi i sna\u017eni gloda\u010di<\/p>\n<p>mamutove kosti polaze<\/p>\n<p>u bolje sutra<\/p>\n<p>a ti bi se najradije<\/p>\n<p>prerezanih vena uspavala<\/p>\n<p>u kadi punoj tople vode<\/p>\n<p>&nbsp;<\/p>\n<p>\u017eivot je pun lo\u0161ih mogu\u0107nosti<\/p>\n<p>saznala si to<\/p>\n<p>dok si kroz umazani<\/p>\n<p>podstanarski prozor<\/p>\n<p>gledala topole kako igraju na vetru<\/p>\n<p>&nbsp;<\/p>\n<p>ljubav je privilegija siroma\u0161nih<\/p>\n<p>ljubav je dadilja \u017eenskog srca<\/p>\n<p>i zato sve najbolje pesme<\/p>\n<p>ne govore o ljubavi<\/p>\n<p>a ti samo \u017eelis da zna\u0161<\/p>\n<p>kuda je oti\u0161ao tvoj \u017eivot<\/p>\n<p>i za\u0161to si provela deset godina<\/p>\n<p>s \u010dovekom koga sada mrzi\u0161<\/p>\n<p>&nbsp;<\/p>\n<p>ti i ja spavamo ispod stakla i ispra\u0107amo vozove u najcrnjoj no\u0107i<\/p>\n<p>ma\u0161emo im belim maramicama prislanjamo obraze na \u0161ine i pu\u0161tamo<\/p>\n<p>da se suze ponovo zalede<\/p>\n<p>&nbsp;<\/p>\n<p>silazio sam u utrobu grada<\/p>\n<p>kad si rekla<\/p>\n<p>ti juri\u0161 u starost<\/p>\n<p>a ja za to jo\u0161 nisam spremna<\/p>\n<p>&nbsp;<\/p>\n<p>zelim da te odvedem odavde negde gde ima vi\u0161e svetla i gde su ljudi sre\u0107niji<\/p>\n<p>ali samo okrenem plo\u010du<\/p>\n<p>plastika pucketa u sobi s roletnama<\/p>\n<p>elektricity<\/p>\n<p>elektricity<\/p>\n<p>elektricity<\/p>\n<p>&nbsp;<\/p>\n","protected":false},"excerpt":{"rendered":"<p>::Zvonko Karanovi\u0107:: SVE NAJBOLJE PESME GOVORE O \u010cE\u017dNJI I STAKLU I BRZIM AUTOMOBILIMA I OSTALIM LOMLJIVIM STVARIMA &nbsp; Ti i ja spavamo ispod stakla i pu\u0161tamo karavane da prolaze kraj na\u0161ih smrznutih prstiju oti\u0161lim prijateljima \u0161aljemo telefonske impulse da oboje [&hellip;]<\/p>\n","protected":false},"author":1,"featured_media":1962,"parent":1970,"menu_order":0,"comment_status":"closed","ping_status":"closed","template":"","meta":{"footnotes":""},"_links":{"self":[{"href":"https:\/\/www.slovokult-literatur.de\/index.php\/wp-json\/wp\/v2\/pages\/1957"}],"collection":[{"href":"https:\/\/www.slovokult-literatur.de\/index.php\/wp-json\/wp\/v2\/pages"}],"about":[{"href":"https:\/\/www.slovokult-literatur.de\/index.php\/wp-json\/wp\/v2\/types\/page"}],"author":[{"embeddable":true,"href":"https:\/\/www.slovokult-literatur.de\/index.php\/wp-json\/wp\/v2\/users\/1"}],"replies":[{"embeddable":true,"href":"https:\/\/www.slovokult-literatur.de\/index.php\/wp-json\/wp\/v2\/comments?post=1957"}],"version-history":[{"count":9,"href":"https:\/\/www.slovokult-literatur.de\/index.php\/wp-json\/wp\/v2\/pages\/1957\/revisions"}],"predecessor-version":[{"id":2012,"href":"https:\/\/www.slovokult-literatur.de\/index.php\/wp-json\/wp\/v2\/pages\/1957\/revisions\/2012"}],"up":[{"embeddable":true,"href":"https:\/\/www.slovokult-literatur.de\/index.php\/wp-json\/wp\/v2\/pages\/1970"}],"wp:featuredmedia":[{"embeddable":true,"href":"https:\/\/www.slovokult-literatur.de\/index.php\/wp-json\/wp\/v2\/media\/1962"}],"wp:attachment":[{"href":"https:\/\/www.slovokult-literatur.de\/index.php\/wp-json\/wp\/v2\/media?parent=1957"}],"curies":[{"name":"wp","href":"https:\/\/api.w.org\/{rel}","templated":true}]}}