{"id":1951,"date":"2018-10-05T00:27:55","date_gmt":"2018-10-04T22:27:55","guid":{"rendered":"http:\/\/www.slovokult-literatur.de\/?page_id=1951"},"modified":"2020-07-08T05:04:43","modified_gmt":"2020-07-08T03:04:43","slug":"zvonko-karanovic","status":"publish","type":"page","link":"https:\/\/www.slovokult-literatur.de\/index.php\/lyrik\/zvonko-karanovic\/","title":{"rendered":"Zvonko Karanovi\u0107"},"content":{"rendered":"<h4>ZVONKO KARANOVI\u0106<\/h4>\n<p><a href=\"http:\/\/www.slovokult-literatur.de\/wp-content\/uploads\/2018\/10\/Zvonko-Karanovic-photo-by-Zoran-Ras-297x300.jpg\"><img decoding=\"async\" loading=\"lazy\" class=\"alignleft wp-image-1963 size-medium\" src=\"http:\/\/www.slovokult-literatur.de\/wp-content\/uploads\/2018\/10\/Zvonko-Karanovic-photo-by-Zoran-Ras-297x300-297x300.jpg\" alt=\"\" width=\"297\" height=\"300\" \/><\/a><\/p>\n<p>Zvonko Karanovi\u0107 wurde 1959 in Ni\u0161, Serbien geboren und lebt heute in Belgrad. Er ist Lyriker und Prosaschriftsteller. Karanovi\u0107 absolvierte ein Maschinenbaustudium.\u00a0Wie alle Beat-Poets reiste er per Anhalter durch Europa und wechselte verschiedene Jobs. Arbeitete als Journalist, Redakteur, Radiomoderator, DJ, organisierte Konzerte und dreizehn Jahre lang besa\u00df er einen Musikladen.<\/p>\n<p>Seine Lyrik wurde in zehn europ\u00e4ische Sprachen \u00fcbersetzt und ist in der Anthologie New European Poets (USA, Minnesota, 2008) vertreten.<\/p>\n<p>Seit 1990 ver\u00f6ffentlichte er zehn Gedichtb\u00e4nde und drei Romane.<\/p>\n<p><a href=\"http:\/\/www.slovokult-literatur.de\/index.php\/lyrik\/zvonko-karanovic\/bibliographie\/\"><strong>::Bibliographie::<\/strong><\/a><\/p>\n<h5><strong>::Gedichte::\u00a0<\/strong><\/h5>\n<p><strong><a href=\"http:\/\/www.slovokult-literatur.de\/index.php\/lyrik\/zvonko-karanovic\/english\/\">::English::<\/a>\u00a0<a href=\"http:\/\/www.slovokult-literatur.de\/index.php\/lyrik\/zvonko-karanovic\/deutsch\/\">::Deutsch::<\/a> <a href=\"http:\/\/www.slovokult-literatur.de\/index.php\/lyrik\/zvonko-karanovic\/srpski-serbisch\/\">::Serbisch::<\/a> :<a href=\"http:\/\/www.slovokult.eu\/index.php\/avtori\/poezija\/zvonko-karanovic\/\" target=\"_blank\" rel=\"noopener\">:Mazedonisch::<\/a><\/strong><\/p>\n<p>:: <a href=\"http:\/\/www.slovokult-literatur.de\/index.php\/slovokult-covidivision\/zvonko-karanovic-zettelmann\/\"><strong>in der Rubrik :: Covidivision<\/strong><\/a> :: mit Ausschnitt aus der <strong><a href=\"http:\/\/www.slovokult-literatur.de\/index.php\/slovokult-literartour-biennale-for-contemporary-arts\/\">Anthologie zur Biennale 2018<\/a><\/strong><\/p>\n<p>:: in <strong><a href=\"http:\/\/www.slovokult-literatur.de\/index.php\/gedicht-und-bild\/2x20\/\">Gedicht und Gebilde<\/a> <\/strong>:: <strong>22 :: 37<\/strong> ::<\/p>\n","protected":false},"excerpt":{"rendered":"<p>ZVONKO KARANOVI\u0106 Zvonko Karanovi\u0107 wurde 1959 in Ni\u0161, Serbien geboren und lebt heute in Belgrad. Er ist Lyriker und Prosaschriftsteller. Karanovi\u0107 absolvierte ein Maschinenbaustudium.\u00a0Wie alle Beat-Poets reiste er per Anhalter durch Europa und wechselte verschiedene Jobs. Arbeitete als Journalist, Redakteur, [&hellip;]<\/p>\n","protected":false},"author":1,"featured_media":1962,"parent":2,"menu_order":0,"comment_status":"closed","ping_status":"closed","template":"","meta":{"footnotes":""},"_links":{"self":[{"href":"https:\/\/www.slovokult-literatur.de\/index.php\/wp-json\/wp\/v2\/pages\/1951"}],"collection":[{"href":"https:\/\/www.slovokult-literatur.de\/index.php\/wp-json\/wp\/v2\/pages"}],"about":[{"href":"https:\/\/www.slovokult-literatur.de\/index.php\/wp-json\/wp\/v2\/types\/page"}],"author":[{"embeddable":true,"href":"https:\/\/www.slovokult-literatur.de\/index.php\/wp-json\/wp\/v2\/users\/1"}],"replies":[{"embeddable":true,"href":"https:\/\/www.slovokult-literatur.de\/index.php\/wp-json\/wp\/v2\/comments?post=1951"}],"version-history":[{"count":21,"href":"https:\/\/www.slovokult-literatur.de\/index.php\/wp-json\/wp\/v2\/pages\/1951\/revisions"}],"predecessor-version":[{"id":4047,"href":"https:\/\/www.slovokult-literatur.de\/index.php\/wp-json\/wp\/v2\/pages\/1951\/revisions\/4047"}],"up":[{"embeddable":true,"href":"https:\/\/www.slovokult-literatur.de\/index.php\/wp-json\/wp\/v2\/pages\/2"}],"wp:featuredmedia":[{"embeddable":true,"href":"https:\/\/www.slovokult-literatur.de\/index.php\/wp-json\/wp\/v2\/media\/1962"}],"wp:attachment":[{"href":"https:\/\/www.slovokult-literatur.de\/index.php\/wp-json\/wp\/v2\/media?parent=1951"}],"curies":[{"name":"wp","href":"https:\/\/api.w.org\/{rel}","templated":true}]}}