{"id":1595,"date":"2018-08-12T23:10:18","date_gmt":"2018-08-12T21:10:18","guid":{"rendered":"http:\/\/www.slovokult-literatur.de\/?page_id=1595"},"modified":"2018-08-13T03:25:56","modified_gmt":"2018-08-13T01:25:56","slug":"gjorgje-jovanovic","status":"publish","type":"page","link":"https:\/\/www.slovokult-literatur.de\/index.php\/kunst\/gjorgje-jovanovic\/","title":{"rendered":"::Gjorgje Jovanovik::"},"content":{"rendered":"<h5><img decoding=\"async\" loading=\"lazy\" class=\"size-medium wp-image-1647 alignleft\" src=\"http:\/\/www.slovokult-literatur.de\/wp-content\/uploads\/2018\/08\/gjorgje-jovanovik-300x215.jpg\" alt=\"\" width=\"300\" height=\"215\" srcset=\"https:\/\/www.slovokult-literatur.de\/wp-content\/uploads\/2018\/08\/gjorgje-jovanovik-300x215.jpg 300w, https:\/\/www.slovokult-literatur.de\/wp-content\/uploads\/2018\/08\/gjorgje-jovanovik-768x551.jpg 768w, https:\/\/www.slovokult-literatur.de\/wp-content\/uploads\/2018\/08\/gjorgje-jovanovik-1024x735.jpg 1024w, https:\/\/www.slovokult-literatur.de\/wp-content\/uploads\/2018\/08\/gjorgje-jovanovik-400x287.jpg 400w\" sizes=\"(max-width: 300px) 100vw, 300px\" \/>::Gjorgje Jovanovik:: K\u00fcnstler:: Artist::<\/h5>\n<p>geboren am 10.05.1980 in Skopje \/ Mazedonien \/ 2003 Abschluss an der Fakult\u00e4t f\u00fcr Bildende Kunst, Skopje, Mazedonien<br \/>\nAuszeichnungen:<br \/>\n<strong>2013<\/strong> Auszeichnung f\u00fcr das beste Kunstwerk auf der 10. Biennale junger K\u00fcnstler, Museum f\u00fcr zeitgen\u00f6ssische Kunst, Skopje, Mazedonien<br \/>\n<strong>2012<\/strong> Akto Festival f\u00fcr zeitgen\u00f6ssische Kunst, Bitola, Mazedonien<br \/>\n<strong>2009<\/strong> Young Visual Artist AnnualAward &#8222;Denes&#8220;, Mazedonien<\/p>\n<p>Teilnahme an zahlreichen Gruppenausstellungen und Projekten:: Mehr auf::\u00a0<strong><a href=\"http:\/\/www.gjorgjejovanovik.com\/biography.htm\">gjorgjejovanovik.com \u00a0<\/a><\/strong><\/p>\n<p class=\"style95 style96 style136\"><strong>English::<\/strong><\/p>\n<p class=\"style95 style96 style136\">Born 10.05.1980 in Skopje\/ Macedonia\/ 2003 Graduated at the Faculty of Fine Arts, Skopje , MacedoniaAwards::<br \/>\n<strong>2013<\/strong> Award for best artwork at the 10-th Biennale of Young Artists, Museum of Contemporary Art , Skopje , Macedonia<br \/>\n<strong>2012<\/strong> Akto Festival for contemporary arts , Bitola , Macedonia<br \/>\n<strong>2009<\/strong> Young Visual ArtistAnnualAward&#8220;Denes&#8220;,Macedonia<\/p>\n<p>More about the artist:: <strong><a href=\"http:\/\/www.gjorgjejovanovik.com\/biography.htm\">Artists website\u00a0<\/a><\/strong><\/p>\n<p>Werke:: Works:: at <strong>SlovoKult::Literatur\/a::\u00a0<\/strong><\/p>\n<p><a href=\"http:\/\/www.slovokult-literatur.de\/wp-content\/uploads\/2017\/12\/Gjorgje_Za-SlovoKult.13.jpg\"><img decoding=\"async\" loading=\"lazy\" class=\"alignnone wp-image-470 size-medium\" src=\"http:\/\/www.slovokult-literatur.de\/wp-content\/uploads\/2017\/12\/Gjorgje_Za-SlovoKult.13-300x225.jpg\" alt=\"\" width=\"300\" height=\"225\" srcset=\"https:\/\/www.slovokult-literatur.de\/wp-content\/uploads\/2017\/12\/Gjorgje_Za-SlovoKult.13-300x225.jpg 300w, https:\/\/www.slovokult-literatur.de\/wp-content\/uploads\/2017\/12\/Gjorgje_Za-SlovoKult.13-768x576.jpg 768w, https:\/\/www.slovokult-literatur.de\/wp-content\/uploads\/2017\/12\/Gjorgje_Za-SlovoKult.13-1024x768.jpg 1024w, https:\/\/www.slovokult-literatur.de\/wp-content\/uploads\/2017\/12\/Gjorgje_Za-SlovoKult.13-400x300.jpg 400w, https:\/\/www.slovokult-literatur.de\/wp-content\/uploads\/2017\/12\/Gjorgje_Za-SlovoKult.13.jpg 1100w\" sizes=\"(max-width: 300px) 100vw, 300px\" \/><\/a><a href=\"http:\/\/www.slovokult-literatur.de\/wp-content\/uploads\/2017\/12\/Gjorgje-za-SlovoKult-2.jpg\"><img decoding=\"async\" loading=\"lazy\" class=\"alignnone wp-image-469 size-medium\" src=\"http:\/\/www.slovokult-literatur.de\/wp-content\/uploads\/2017\/12\/Gjorgje-za-SlovoKult-2-300x225.jpg\" alt=\"\" width=\"300\" height=\"225\" srcset=\"https:\/\/www.slovokult-literatur.de\/wp-content\/uploads\/2017\/12\/Gjorgje-za-SlovoKult-2-300x225.jpg 300w, https:\/\/www.slovokult-literatur.de\/wp-content\/uploads\/2017\/12\/Gjorgje-za-SlovoKult-2-768x576.jpg 768w, https:\/\/www.slovokult-literatur.de\/wp-content\/uploads\/2017\/12\/Gjorgje-za-SlovoKult-2-1024x768.jpg 1024w, https:\/\/www.slovokult-literatur.de\/wp-content\/uploads\/2017\/12\/Gjorgje-za-SlovoKult-2-400x300.jpg 400w, https:\/\/www.slovokult-literatur.de\/wp-content\/uploads\/2017\/12\/Gjorgje-za-SlovoKult-2.jpg 1100w\" sizes=\"(max-width: 300px) 100vw, 300px\" \/><\/a><\/p>\n<p>:: Zum Text von::\u00a0<a href=\"http:\/\/www.slovokult-literatur.de\/index.php\/aussage-gegen-ausdruck\/01-simone-kanter-gjorgje-jovanovik\/\"><strong>Simone Kanter:: Unter deinen Armen<\/strong><\/a><\/p>\n<p>In der Rubrik::\u00a0<a href=\"http:\/\/www.slovokult-literatur.de\/index.php\/aussage-gegen-ausdruck\/\" target=\"_blank\" rel=\"noopener\"><strong>Aussage gegen Ausdruck<\/strong><\/a><\/p>\n<p>Mit einem Gedicht von <a href=\"http:\/\/www.slovokult-literatur.de\/index.php\/gedicht-und-bild\/14-aleksandra-dimitrova\/\"><strong>Aleksandra Dimitrova &#8211; Sash<\/strong><\/a>:: nur auf Mazedonisch<\/p>\n<p><a href=\"http:\/\/www.slovokult.eu\/wp-content\/uploads\/2017\/06\/Gjorgje-Jovanovic_10.jpg\"><img decoding=\"async\" loading=\"lazy\" class=\"alignnone\" src=\"http:\/\/www.slovokult.eu\/wp-content\/uploads\/2017\/06\/Gjorgje-Jovanovic_10.jpg\" alt=\"\" width=\"1100\" height=\"825\" \/><\/a><\/p>\n<p>&nbsp;<\/p>\n<p>&nbsp;<\/p>\n","protected":false},"excerpt":{"rendered":"<p>::Gjorgje Jovanovik:: K\u00fcnstler:: Artist:: geboren am 10.05.1980 in Skopje \/ Mazedonien \/ 2003 Abschluss an der Fakult\u00e4t f\u00fcr Bildende Kunst, Skopje, Mazedonien Auszeichnungen: 2013 Auszeichnung f\u00fcr das beste Kunstwerk auf der 10. Biennale junger K\u00fcnstler, Museum f\u00fcr zeitgen\u00f6ssische Kunst, Skopje, [&hellip;]<\/p>\n","protected":false},"author":1,"featured_media":469,"parent":1335,"menu_order":0,"comment_status":"closed","ping_status":"closed","template":"","meta":{"footnotes":""},"_links":{"self":[{"href":"https:\/\/www.slovokult-literatur.de\/index.php\/wp-json\/wp\/v2\/pages\/1595"}],"collection":[{"href":"https:\/\/www.slovokult-literatur.de\/index.php\/wp-json\/wp\/v2\/pages"}],"about":[{"href":"https:\/\/www.slovokult-literatur.de\/index.php\/wp-json\/wp\/v2\/types\/page"}],"author":[{"embeddable":true,"href":"https:\/\/www.slovokult-literatur.de\/index.php\/wp-json\/wp\/v2\/users\/1"}],"replies":[{"embeddable":true,"href":"https:\/\/www.slovokult-literatur.de\/index.php\/wp-json\/wp\/v2\/comments?post=1595"}],"version-history":[{"count":14,"href":"https:\/\/www.slovokult-literatur.de\/index.php\/wp-json\/wp\/v2\/pages\/1595\/revisions"}],"predecessor-version":[{"id":1676,"href":"https:\/\/www.slovokult-literatur.de\/index.php\/wp-json\/wp\/v2\/pages\/1595\/revisions\/1676"}],"up":[{"embeddable":true,"href":"https:\/\/www.slovokult-literatur.de\/index.php\/wp-json\/wp\/v2\/pages\/1335"}],"wp:featuredmedia":[{"embeddable":true,"href":"https:\/\/www.slovokult-literatur.de\/index.php\/wp-json\/wp\/v2\/media\/469"}],"wp:attachment":[{"href":"https:\/\/www.slovokult-literatur.de\/index.php\/wp-json\/wp\/v2\/media?parent=1595"}],"curies":[{"name":"wp","href":"https:\/\/api.w.org\/{rel}","templated":true}]}}