{"id":1566,"date":"2018-08-12T15:59:35","date_gmt":"2018-08-12T13:59:35","guid":{"rendered":"http:\/\/www.slovokult-literatur.de\/?page_id=1566"},"modified":"2018-08-13T02:22:28","modified_gmt":"2018-08-13T00:22:28","slug":"vladimir-lukash","status":"publish","type":"page","link":"https:\/\/www.slovokult-literatur.de\/index.php\/kunst\/vladimir-lukash\/","title":{"rendered":"::Vladimir Lukash::"},"content":{"rendered":"<h4>::Vladimir Lukash:: K\u00fcnstler und <a href=\"http:\/\/www.slovokult-literatur.de\/index.php\/aussage-gegen-ausdruck\/02-vladimir-lukas-hanna-hennenkemper\/\" target=\"_blank\" rel=\"noopener\"><strong>Schriftsteller<\/strong><\/a>:: Artist and Writer::<\/h4>\n<p><img decoding=\"async\" loading=\"lazy\" class=\"wp-image-1567 size-thumbnail alignleft\" src=\"http:\/\/www.slovokult-literatur.de\/wp-content\/uploads\/2018\/08\/Lukash-portret-1-150x150.jpg\" alt=\"\" width=\"150\" height=\"150\" srcset=\"https:\/\/www.slovokult-literatur.de\/wp-content\/uploads\/2018\/08\/Lukash-portret-1-150x150.jpg 150w, https:\/\/www.slovokult-literatur.de\/wp-content\/uploads\/2018\/08\/Lukash-portret-1-180x180.jpg 180w, https:\/\/www.slovokult-literatur.de\/wp-content\/uploads\/2018\/08\/Lukash-portret-1-300x300.jpg 300w, https:\/\/www.slovokult-literatur.de\/wp-content\/uploads\/2018\/08\/Lukash-portret-1-600x600.jpg 600w\" sizes=\"(max-width: 150px) 100vw, 150px\" \/><strong>Vladimir Lukash<\/strong> wurde 1978 in Skopje, Mazedonien geboren. Er hat sein Studium an der Fakult\u00e4t f\u00fcr Musik abgeschlossen. Er hat einige Einzelausstellungen in verschiedenen St\u00e4dten Mazedoniens sowie mehrere Gruppenausstellungen, Performances, Animations- und Musikvideos in Mazedonien und im Ausland pr\u00e4sentiert. Er lebt und arbeitet in Skopje.<\/p>\n<p><strong>Vladimir Lukash<\/strong> was born in Skopje, Macedonia, in 1978. He has graduated from the Faculty of Music. He has launched a few solo exhibitions in different cities in Macedonia, as well as several group exhibitions, performances, animation and music videos in Macedonia and abroad. He lives and works in Skopje.<\/p>\n<h4>@ SlovoKult:: Literatur\/a:: Kunst:: Art:: und <a href=\"http:\/\/www.slovokult-literatur.de\/index.php\/aussage-gegen-ausdruck\/02-vladimir-lukas-hanna-hennenkemper\/\" target=\"_blank\" rel=\"noopener\">::TEXT::<\/a><\/h4>\n<p><img decoding=\"async\" loading=\"lazy\" class=\"alignnone wp-image-1539 size-full\" src=\"http:\/\/www.slovokult-literatur.de\/wp-content\/uploads\/2018\/08\/Lukash-RichterL.jpg\" alt=\"\" width=\"882\" height=\"1500\" srcset=\"https:\/\/www.slovokult-literatur.de\/wp-content\/uploads\/2018\/08\/Lukash-RichterL.jpg 882w, https:\/\/www.slovokult-literatur.de\/wp-content\/uploads\/2018\/08\/Lukash-RichterL-176x300.jpg 176w, https:\/\/www.slovokult-literatur.de\/wp-content\/uploads\/2018\/08\/Lukash-RichterL-768x1306.jpg 768w, https:\/\/www.slovokult-literatur.de\/wp-content\/uploads\/2018\/08\/Lukash-RichterL-602x1024.jpg 602w, https:\/\/www.slovokult-literatur.de\/wp-content\/uploads\/2018\/08\/Lukash-RichterL-400x680.jpg 400w\" sizes=\"(max-width: 882px) 100vw, 882px\" \/><\/p>\n<p>&nbsp;<\/p>\n","protected":false},"excerpt":{"rendered":"<p>::Vladimir Lukash:: K\u00fcnstler und Schriftsteller:: Artist and Writer:: Vladimir Lukash wurde 1978 in Skopje, Mazedonien geboren. Er hat sein Studium an der Fakult\u00e4t f\u00fcr Musik abgeschlossen. Er hat einige Einzelausstellungen in verschiedenen St\u00e4dten Mazedoniens sowie mehrere Gruppenausstellungen, Performances, Animations- und [&hellip;]<\/p>\n","protected":false},"author":1,"featured_media":1539,"parent":1335,"menu_order":0,"comment_status":"closed","ping_status":"closed","template":"","meta":{"footnotes":""},"_links":{"self":[{"href":"https:\/\/www.slovokult-literatur.de\/index.php\/wp-json\/wp\/v2\/pages\/1566"}],"collection":[{"href":"https:\/\/www.slovokult-literatur.de\/index.php\/wp-json\/wp\/v2\/pages"}],"about":[{"href":"https:\/\/www.slovokult-literatur.de\/index.php\/wp-json\/wp\/v2\/types\/page"}],"author":[{"embeddable":true,"href":"https:\/\/www.slovokult-literatur.de\/index.php\/wp-json\/wp\/v2\/users\/1"}],"replies":[{"embeddable":true,"href":"https:\/\/www.slovokult-literatur.de\/index.php\/wp-json\/wp\/v2\/comments?post=1566"}],"version-history":[{"count":7,"href":"https:\/\/www.slovokult-literatur.de\/index.php\/wp-json\/wp\/v2\/pages\/1566\/revisions"}],"predecessor-version":[{"id":1639,"href":"https:\/\/www.slovokult-literatur.de\/index.php\/wp-json\/wp\/v2\/pages\/1566\/revisions\/1639"}],"up":[{"embeddable":true,"href":"https:\/\/www.slovokult-literatur.de\/index.php\/wp-json\/wp\/v2\/pages\/1335"}],"wp:featuredmedia":[{"embeddable":true,"href":"https:\/\/www.slovokult-literatur.de\/index.php\/wp-json\/wp\/v2\/media\/1539"}],"wp:attachment":[{"href":"https:\/\/www.slovokult-literatur.de\/index.php\/wp-json\/wp\/v2\/media?parent=1566"}],"curies":[{"name":"wp","href":"https:\/\/api.w.org\/{rel}","templated":true}]}}