{"id":1338,"date":"2018-08-08T12:54:40","date_gmt":"2018-08-08T10:54:40","guid":{"rendered":"http:\/\/www.slovokult-literatur.de\/?page_id=1338"},"modified":"2019-11-25T04:17:05","modified_gmt":"2019-11-25T03:17:05","slug":"aleksandar-kirkovski","status":"publish","type":"page","link":"https:\/\/www.slovokult-literatur.de\/index.php\/lyrik\/aleksandar-kirkovski\/","title":{"rendered":"::Aleksandar Kirkovski::"},"content":{"rendered":"<h4>::Aleksandar Kirkovski::<\/h4>\n<p><strong><a href=\"http:\/\/www.slovokult.eu\/index.php\/avtori\/poezija\/aleksandar-kirkovski\/\" target=\"_blank\" rel=\"noopener\">::\u041c\u0430\u043a\u0435\u0434\u043e\u043d\u0441\u043a\u0438::<\/a><\/strong><\/p>\n<p><strong><a href=\"http:\/\/www.slovokult-literatur.de\/index.php\/lyrik\/aleksandar-kirkovski\/english\/\">::English::<\/a><\/strong><\/p>\n<p><img decoding=\"async\" loading=\"lazy\" class=\"size-medium wp-image-1277 alignleft\" src=\"http:\/\/www.slovokult-literatur.de\/wp-content\/uploads\/2018\/08\/Kirkovski_Teatar_SW-e1533049022535-162x300-162x300.jpg\" alt=\"\" width=\"162\" height=\"300\" srcset=\"https:\/\/www.slovokult-literatur.de\/wp-content\/uploads\/2018\/08\/Kirkovski_Teatar_SW-e1533049022535-162x300-162x300.jpg 162w, https:\/\/www.slovokult-literatur.de\/wp-content\/uploads\/2018\/08\/Kirkovski_Teatar_SW-e1533049022535-162x300-e1533727997827.jpg 108w\" sizes=\"(max-width: 162px) 100vw, 162px\" \/><\/p>\n<p><strong>Alexander Kirkovski<\/strong> wurde 1977 in Skopje geboren.<\/p>\n<p>Er ver\u00f6ffentlichte zwei Gedichtb\u00e4nde &#8211; K&#8217;enelup, 1997 und M, 2002 :: Seine Lyrik war in zwei Anthologien junger mazedonischen Poesie vertreten.<\/p>\n<p>Seine Gedichte wurden ins Englische, Polnische, Italienische, Rum\u00e4nische, Slowenische, Serbische, Vlachische und Deutsche \u00fcbersetzt. Er ver\u00f6ffentlichte Texte \u00fcber Kultur und Kunst in verschiedenen Zeitschriften:<\/p>\n<p>Studentski zbor (Herausgeber), Mlad Borec, Lettre International &#8211; Mazedonien<\/p>\n<p>Von 1998 &#8211; 2000 war er Koordinator des literarischen Kreises Mu\u011fri an der Philologischen Fakult\u00e4t Blaze Koneski und Herausgeber von 5 Almanachen mit Gedichten von Mitgliedern des Kreises.<\/p>\n<p>1998, 1999, 2000, 2001 Teilnahme am Internationalen Poesiefestival Struga Poetry Evenings<\/p>\n<p>1999, 2000, 2001 Teil des Teams verantwortlich f\u00fcr die Organisation und Vorbereitung der literarischen Veranstaltung Racinovi Sredbi.<\/p>\n<p>Einer der Gr\u00fcnder der informellen K\u00fcnstlergruppe Studio K und Teil der k\u00fcnstlerischen Leitung des Kunstfestivals Spoeni Sadovi<\/p>\n<p>:::::::::::::::::::::::::::::::::::::::::::::::::::::::::::::::<\/p>\n<p><strong>Gedichte:: Slovokult:: <a href=\"http:\/\/www.slovokult-literatur.de\/index.php\/gedicht-und-bild\/19-aleksandar-kirkovski\/\">Die Feststellung::<\/a>\u00a0 <\/strong><\/p>\n<p>&nbsp;<\/p>\n","protected":false},"excerpt":{"rendered":"<p>::Aleksandar Kirkovski:: ::\u041c\u0430\u043a\u0435\u0434\u043e\u043d\u0441\u043a\u0438:: ::English:: Alexander Kirkovski wurde 1977 in Skopje geboren. Er ver\u00f6ffentlichte zwei Gedichtb\u00e4nde &#8211; K&#8217;enelup, 1997 und M, 2002 :: Seine Lyrik war in zwei Anthologien junger mazedonischen Poesie vertreten. Seine Gedichte wurden ins Englische, Polnische, Italienische, Rum\u00e4nische, [&hellip;]<\/p>\n","protected":false},"author":1,"featured_media":132,"parent":2,"menu_order":0,"comment_status":"closed","ping_status":"closed","template":"","meta":{"footnotes":""},"_links":{"self":[{"href":"https:\/\/www.slovokult-literatur.de\/index.php\/wp-json\/wp\/v2\/pages\/1338"}],"collection":[{"href":"https:\/\/www.slovokult-literatur.de\/index.php\/wp-json\/wp\/v2\/pages"}],"about":[{"href":"https:\/\/www.slovokult-literatur.de\/index.php\/wp-json\/wp\/v2\/types\/page"}],"author":[{"embeddable":true,"href":"https:\/\/www.slovokult-literatur.de\/index.php\/wp-json\/wp\/v2\/users\/1"}],"replies":[{"embeddable":true,"href":"https:\/\/www.slovokult-literatur.de\/index.php\/wp-json\/wp\/v2\/comments?post=1338"}],"version-history":[{"count":13,"href":"https:\/\/www.slovokult-literatur.de\/index.php\/wp-json\/wp\/v2\/pages\/1338\/revisions"}],"predecessor-version":[{"id":3316,"href":"https:\/\/www.slovokult-literatur.de\/index.php\/wp-json\/wp\/v2\/pages\/1338\/revisions\/3316"}],"up":[{"embeddable":true,"href":"https:\/\/www.slovokult-literatur.de\/index.php\/wp-json\/wp\/v2\/pages\/2"}],"wp:featuredmedia":[{"embeddable":true,"href":"https:\/\/www.slovokult-literatur.de\/index.php\/wp-json\/wp\/v2\/media\/132"}],"wp:attachment":[{"href":"https:\/\/www.slovokult-literatur.de\/index.php\/wp-json\/wp\/v2\/media?parent=1338"}],"curies":[{"name":"wp","href":"https:\/\/api.w.org\/{rel}","templated":true}]}}