{"id":1241,"date":"2018-07-30T15:51:39","date_gmt":"2018-07-30T13:51:39","guid":{"rendered":"http:\/\/www.slovokult-literatur.de\/?page_id=1241"},"modified":"2018-07-30T17:38:41","modified_gmt":"2018-07-30T15:38:41","slug":"k-original","status":"publish","type":"page","link":"https:\/\/www.slovokult-literatur.de\/index.php\/gedicht-und-bild\/18-ilija-djurovic\/k-original\/","title":{"rendered":":: K ::"},"content":{"rendered":"<h5>Ilija Djurovic:: Ilija \u0110urovi\u0107<\/h5>\n<p>&nbsp;<\/p>\n<p>K<\/p>\n<p>&nbsp;<\/p>\n<p>&nbsp;<\/p>\n<p>Nemam O&#8217;Harinu pauzu za ru\u010dak, jer niko ne kuva.<\/p>\n<p>Imam posao. Vozim rik\u0161u gradom Berlinom.<\/p>\n<p>Hranim Krojckeln.<\/p>\n<p>Produ\u017eavam bolovanje dok me ne otpuste.<\/p>\n<p>Isto radi moj otac u Podgorici. I on je bio voza\u010d.<\/p>\n<p>Moja djevojka misli da smo genetski neradnici.<\/p>\n<p>Ka\u017eem joj da smo organski intelektualci.<\/p>\n<p>Ka\u017ee mi da batalim vi\u0161e sa tim gram\u0161ijevskim sranjem.<\/p>\n<p>Ka\u017eem joj da je kapitalista. Ka\u017eem kapitalistkinja.<\/p>\n<p>Ka\u017eem da odbijam da me kinje hipsterska govna.<\/p>\n<p>Ka\u017ee mi da sam u svakom slu\u010daju neradnik.<\/p>\n<p>Ali danas mi je niotkuda za sto sjela Karla iz Kostarike.<\/p>\n<p>Rekla je da je moj an\u0111eo \u010duvar, da ima sina od 18<\/p>\n<p>i \u0107erku od 16 i da se u Ju\u017enoj Americi jo\u0161 mo\u017ee lijepo,<\/p>\n<p>lijepo \u017eivjeti. Ljep\u0161e nego u smrdljvom Berlinu, ka\u017ee.<\/p>\n<p>Ka\u017eem da sam voza\u010d rik\u0161e i da sam sre\u0107an. Ona se smije,<\/p>\n<p>lijepa, crna majka iz Kostarike.<\/p>\n","protected":false},"excerpt":{"rendered":"<p>Ilija Djurovic:: Ilija \u0110urovi\u0107 &nbsp; K &nbsp; &nbsp; Nemam O&#8217;Harinu pauzu za ru\u010dak, jer niko ne kuva. Imam posao. Vozim rik\u0161u gradom Berlinom. Hranim Krojckeln. Produ\u017eavam bolovanje dok me ne otpuste. Isto radi moj otac u Podgorici. I on je [&hellip;]<\/p>\n","protected":false},"author":1,"featured_media":1232,"parent":1230,"menu_order":0,"comment_status":"closed","ping_status":"closed","template":"","meta":{"footnotes":""},"_links":{"self":[{"href":"https:\/\/www.slovokult-literatur.de\/index.php\/wp-json\/wp\/v2\/pages\/1241"}],"collection":[{"href":"https:\/\/www.slovokult-literatur.de\/index.php\/wp-json\/wp\/v2\/pages"}],"about":[{"href":"https:\/\/www.slovokult-literatur.de\/index.php\/wp-json\/wp\/v2\/types\/page"}],"author":[{"embeddable":true,"href":"https:\/\/www.slovokult-literatur.de\/index.php\/wp-json\/wp\/v2\/users\/1"}],"replies":[{"embeddable":true,"href":"https:\/\/www.slovokult-literatur.de\/index.php\/wp-json\/wp\/v2\/comments?post=1241"}],"version-history":[{"count":4,"href":"https:\/\/www.slovokult-literatur.de\/index.php\/wp-json\/wp\/v2\/pages\/1241\/revisions"}],"predecessor-version":[{"id":1267,"href":"https:\/\/www.slovokult-literatur.de\/index.php\/wp-json\/wp\/v2\/pages\/1241\/revisions\/1267"}],"up":[{"embeddable":true,"href":"https:\/\/www.slovokult-literatur.de\/index.php\/wp-json\/wp\/v2\/pages\/1230"}],"wp:featuredmedia":[{"embeddable":true,"href":"https:\/\/www.slovokult-literatur.de\/index.php\/wp-json\/wp\/v2\/media\/1232"}],"wp:attachment":[{"href":"https:\/\/www.slovokult-literatur.de\/index.php\/wp-json\/wp\/v2\/media?parent=1241"}],"curies":[{"name":"wp","href":"https:\/\/api.w.org\/{rel}","templated":true}]}}