{"id":1178,"date":"2018-07-28T04:25:09","date_gmt":"2018-07-28T02:25:09","guid":{"rendered":"http:\/\/www.slovokult-literatur.de\/?page_id=1178"},"modified":"2018-07-28T04:46:59","modified_gmt":"2018-07-28T02:46:59","slug":"17-boshko-bozadzievski","status":"publish","type":"page","link":"https:\/\/www.slovokult-literatur.de\/index.php\/gedicht-und-bild\/17-boshko-bozadzievski\/","title":{"rendered":"::17:: Boshko Bozadzievski::"},"content":{"rendered":"<h5 style=\"text-align: center;\"><a href=\"http:\/\/www.slovokult-literatur.de\/index.php\/lyrik\/boshko-bozadzievski\/\"><strong>Bo\u0161ko Bozad\u017eievski (1981-2008)<\/strong><\/a><\/h5>\n<p style=\"text-align: center;\"><strong>\u00a0<\/strong><\/p>\n<p style=\"text-align: center;\"><strong>An T. S. Eliot<\/strong><\/p>\n<p style=\"text-align: center;\"><strong>\u00a0<\/strong><\/p>\n<p style=\"text-align: center;\">und was nun, Eliot?<\/p>\n<p style=\"text-align: center;\">was nun, Thomas?<\/p>\n<p style=\"text-align: center;\">S.?<\/p>\n<p style=\"text-align: center;\">also<\/p>\n<p style=\"text-align: center;\">was sagst du jetzt?<\/p>\n<p style=\"text-align: center;\">die Welt endet mit einem Knall<\/p>\n<p style=\"text-align: center;\">nicht mit Jammern<\/p>\n<p style=\"text-align: center;\">wozu ist in der Lage jetzt<\/p>\n<p style=\"text-align: center;\">dein g\u00f6ttlich-depressiver Stil?<\/p>\n<p style=\"text-align: center;\">jammere jetzt in jenem deinem<\/p>\n<p style=\"text-align: center;\">f\u00fcr den Tod getr\u00e4umtem K\u00f6nigreich<\/p>\n<p style=\"text-align: center;\">jammere all zu lange, jammere vergeblich jetzt<\/p>\n<p style=\"text-align: center;\">jammere aus deinem toten Grab<\/p>\n<p style=\"text-align: center;\">genauso wie du gejammert und geheult hast<\/p>\n<p style=\"text-align: center;\">zum ersten Mal<\/p>\n<p style=\"text-align: center;\">als sie dich herauszogen<\/p>\n<p style=\"text-align: center;\">in der gyn\u00e4kologischen Praxis in Saint Louis&#8230;<\/p>\n<p style=\"text-align: center;\">warum hast du eigentlich angefangen zu schreiben, Thomas?<\/p>\n<p style=\"text-align: center;\">Geld?<\/p>\n<p style=\"text-align: center;\">nein.<\/p>\n<p style=\"text-align: center;\">Eine Frau?<\/p>\n<p style=\"text-align: center;\">nein.<\/p>\n<p style=\"text-align: center;\">du hattest nichts Besseres zu tun.<\/p>\n<p style=\"text-align: center;\">sie haben dich als Kind sexuell misshandelt.<\/p>\n<p style=\"text-align: center;\">f\u00fcr die Kunst.<\/p>\n<p style=\"text-align: center;\">f\u00fcr die Kunst, hm?<\/p>\n<p style=\"text-align: center;\">wie auch immer&#8230;<\/p>\n<p style=\"text-align: center;\">merke es dir, Thomas&#8230;<\/p>\n<p style=\"text-align: center;\">die Welt verschwindet mit einem Knall<\/p>\n<p style=\"text-align: center;\">f\u00fcrchterlichen Knall<\/p>\n<p style=\"text-align: center;\">nicht mit Jammern<\/p>\n<p style=\"text-align: center;\">&#8230;ich wei\u00df. du wirst sagen<\/p>\n<p style=\"text-align: center;\">das sei nur eine Metapher<\/p>\n<p style=\"text-align: center;\">und wirst mich einfach nur<\/p>\n<p style=\"text-align: center;\">&#8230;hohl nennen<\/p>\n<p style=\"text-align: center;\">:::::::::::::::::::<\/p>\n<p style=\"text-align: center;\"><strong>Aus dem Mazedonischen<\/strong>:: von Elizabeta Lindner<\/p>\n<p style=\"text-align: center;\">ver\u00f6ffentlicht <strong>in zwei Sprachen<\/strong> auch bei:: <strong><a href=\"https:\/\/www.fixpoetry.com\/texte\/text-des-tages\/bosko-bozadzievski\/na-ts-eliot\">Fixpoetry<\/a><\/strong><\/p>\n<p style=\"text-align: center;\">::::::::::<\/p>\n<h5 style=\"text-align: center;\">Kristijan Krsteski:: Ohne Titel<\/h5>\n<p style=\"text-align: center;\"><strong><img decoding=\"async\" loading=\"lazy\" class=\"alignnone wp-image-1096 size-full\" src=\"http:\/\/www.slovokult-literatur.de\/wp-content\/uploads\/2018\/07\/Kristijan-Krstevski.jpg\" alt=\"\" width=\"694\" height=\"960\" srcset=\"https:\/\/www.slovokult-literatur.de\/wp-content\/uploads\/2018\/07\/Kristijan-Krstevski.jpg 694w, https:\/\/www.slovokult-literatur.de\/wp-content\/uploads\/2018\/07\/Kristijan-Krstevski-217x300.jpg 217w, https:\/\/www.slovokult-literatur.de\/wp-content\/uploads\/2018\/07\/Kristijan-Krstevski-400x553.jpg 400w\" sizes=\"(max-width: 694px) 100vw, 694px\" \/>\u00a0<\/strong><\/p>\n<p style=\"text-align: center;\"><strong>\u00a0<\/strong><\/p>\n","protected":false},"excerpt":{"rendered":"<p>Bo\u0161ko Bozad\u017eievski (1981-2008) \u00a0 An T. S. Eliot \u00a0 und was nun, Eliot? was nun, Thomas? S.? also was sagst du jetzt? die Welt endet mit einem Knall nicht mit Jammern wozu ist in der Lage jetzt dein g\u00f6ttlich-depressiver Stil? [&hellip;]<\/p>\n","protected":false},"author":1,"featured_media":1096,"parent":172,"menu_order":0,"comment_status":"closed","ping_status":"closed","template":"","meta":{"footnotes":""},"_links":{"self":[{"href":"https:\/\/www.slovokult-literatur.de\/index.php\/wp-json\/wp\/v2\/pages\/1178"}],"collection":[{"href":"https:\/\/www.slovokult-literatur.de\/index.php\/wp-json\/wp\/v2\/pages"}],"about":[{"href":"https:\/\/www.slovokult-literatur.de\/index.php\/wp-json\/wp\/v2\/types\/page"}],"author":[{"embeddable":true,"href":"https:\/\/www.slovokult-literatur.de\/index.php\/wp-json\/wp\/v2\/users\/1"}],"replies":[{"embeddable":true,"href":"https:\/\/www.slovokult-literatur.de\/index.php\/wp-json\/wp\/v2\/comments?post=1178"}],"version-history":[{"count":4,"href":"https:\/\/www.slovokult-literatur.de\/index.php\/wp-json\/wp\/v2\/pages\/1178\/revisions"}],"predecessor-version":[{"id":1180,"href":"https:\/\/www.slovokult-literatur.de\/index.php\/wp-json\/wp\/v2\/pages\/1178\/revisions\/1180"}],"up":[{"embeddable":true,"href":"https:\/\/www.slovokult-literatur.de\/index.php\/wp-json\/wp\/v2\/pages\/172"}],"wp:featuredmedia":[{"embeddable":true,"href":"https:\/\/www.slovokult-literatur.de\/index.php\/wp-json\/wp\/v2\/media\/1096"}],"wp:attachment":[{"href":"https:\/\/www.slovokult-literatur.de\/index.php\/wp-json\/wp\/v2\/media?parent=1178"}],"curies":[{"name":"wp","href":"https:\/\/api.w.org\/{rel}","templated":true}]}}