{"id":1090,"date":"2018-07-26T17:47:10","date_gmt":"2018-07-26T15:47:10","guid":{"rendered":"http:\/\/www.slovokult-literatur.de\/?page_id=1090"},"modified":"2019-10-23T05:00:50","modified_gmt":"2019-10-23T03:00:50","slug":"boshko-bozadzievski","status":"publish","type":"page","link":"https:\/\/www.slovokult-literatur.de\/index.php\/lyrik\/boshko-bozadzievski\/","title":{"rendered":"::Boshko Bozadzievski::"},"content":{"rendered":"<h4>::Boshko Bozadzievski::<\/h4>\n<p><img decoding=\"async\" loading=\"lazy\" class=\"alignnone size-medium wp-image-1092\" src=\"http:\/\/www.slovokult-literatur.de\/wp-content\/uploads\/2018\/07\/Boshko_Bozadzievski-300x225.jpg\" alt=\"\" width=\"300\" height=\"225\" srcset=\"https:\/\/www.slovokult-literatur.de\/wp-content\/uploads\/2018\/07\/Boshko_Bozadzievski-300x225.jpg 300w, https:\/\/www.slovokult-literatur.de\/wp-content\/uploads\/2018\/07\/Boshko_Bozadzievski-768x576.jpg 768w, https:\/\/www.slovokult-literatur.de\/wp-content\/uploads\/2018\/07\/Boshko_Bozadzievski-1024x768.jpg 1024w, https:\/\/www.slovokult-literatur.de\/wp-content\/uploads\/2018\/07\/Boshko_Bozadzievski-400x300.jpg 400w, https:\/\/www.slovokult-literatur.de\/wp-content\/uploads\/2018\/07\/Boshko_Bozadzievski.jpg 2048w\" sizes=\"(max-width: 300px) 100vw, 300px\" \/><\/p>\n<p><strong>Bo\u0161ko Bozadzievski <\/strong>(25.3.1981 \u2013 26.8.2008), hat seinen ersten Gedichtband \u201cDas Weinen des Engels\u201d &#8211; \u201e\u041f\u043b\u0430\u0447\u043e\u0442 \u043d\u0430 \u0430\u043d\u0433\u0435\u043b\u043e\u0442\u201c, bereits mit 17 ver\u00f6ffentlicht. Er studierte Allgemeine und Vergleichende Literatur an der Philologischen Fakult\u00e4t und sp\u00e4ter auch an der Fakult\u00e4t f\u00fcr dramatische Kunst, beides an der Universit\u00e4t \u201cKiril i Metodij\u201d in Skopje.<\/p>\n<p>Er hat mehrere bedeutende Theater- und Filmrollen gespielt. Er hat regelm\u00e4\u00dfig am Festival \u201eRakopisi\u201c (Schriften) in Panchevo, Serbien, teilgenommen &#8211; seine Gedichte haben dort Preise bekommen und sind in den Festival-Publikationen erschienen. Er hat auch an den Poetry-Slam-Abenden in Skopje teilgenommen. Seine weiteren Gedichte wurden Posthum ver\u00f6ffentlicht.<\/p>\n<p><strong>::ENGLISH::<\/strong><\/p>\n<p><strong>Bo\u0161ko Bozadzievski<\/strong> (25.3.1981 \u2013 26.8.2008) has published his first book of poems &#8222;The Crying of the Angel&#8220; &#8211; &#8222;\u041f\u043b\u0430\u0447\u043e\u0442 \u043d\u0430 \u0430\u043d\u0433\u0435\u043b\u043e\u0442&#8220;, already at 17. He studied Comparative Literature at the Faculty of Philology and later at the Faculty of Dramatic Arts, both at the University &#8222;Kiril i Metodij&#8220; in Skopje.<\/p>\n<p>He has played several major theatrical and film roles. He regularly participated in the festival &#8222;Rakopisi&#8220; (writings) in Panchevo, Serbia &#8211; his poems have received prizes there and have appeared in the festival publications. He also participated in the Poetry Slam evenings in Skopje. His other poems were published posthumously.<\/p>\n<h6>::Gedichte bei SlovoKult:: Poems at SlovoKult::<\/h6>\n<pre>::Mit einem Bild von Kristijan Krstevski::<\/pre>\n<p><img decoding=\"async\" loading=\"lazy\" class=\"alignleft wp-image-1096 size-thumbnail\" src=\"http:\/\/www.slovokult-literatur.de\/wp-content\/uploads\/2018\/07\/Kristijan-Krstevski-150x150.jpg\" alt=\"\" width=\"150\" height=\"150\" srcset=\"https:\/\/www.slovokult-literatur.de\/wp-content\/uploads\/2018\/07\/Kristijan-Krstevski-150x150.jpg 150w, https:\/\/www.slovokult-literatur.de\/wp-content\/uploads\/2018\/07\/Kristijan-Krstevski-180x180.jpg 180w, https:\/\/www.slovokult-literatur.de\/wp-content\/uploads\/2018\/07\/Kristijan-Krstevski-300x300.jpg 300w, https:\/\/www.slovokult-literatur.de\/wp-content\/uploads\/2018\/07\/Kristijan-Krstevski-600x600.jpg 600w\" sizes=\"(max-width: 150px) 100vw, 150px\" \/><\/p>\n<p><a href=\"http:\/\/www.slovokult-literatur.de\/index.php\/gedicht-und-bild\/17-boshko-bozadzievski\/\"><strong>Deutsch:: An T. S. Eliot<\/strong><\/a><\/p>\n<p><strong><a href=\"http:\/\/www.slovokult.eu\/index.php\/avtori\/poezija\/boshko-bozadzievski-kristijan-krstevski\/na-t-s-eliot\/\">::Mazedonsich::\u041c\u0430\u043a\u0435\u0434\u043e\u043d\u0441\u043a\u0438:: \u041d\u0430 \u0422.\u0421. \u0415\u043b\u0438\u043e\u0442<\/a><\/strong><\/p>\n<p>&nbsp;<\/p>\n<p>&nbsp;<\/p>\n<pre>Collage von\u00a0Elizabeta Kostadinovska:: Au\u00dferirdischer St\u00f6rfaktor::2018\r\n<img decoding=\"async\" loading=\"lazy\" class=\"wp-image-1088 size-thumbnail alignleft\" src=\"http:\/\/www.slovokult-literatur.de\/wp-content\/uploads\/2018\/07\/E.L.K._Vonzemen-Voznemir-B.B.--150x150.jpg\" alt=\"\" width=\"150\" height=\"150\" srcset=\"https:\/\/www.slovokult-literatur.de\/wp-content\/uploads\/2018\/07\/E.L.K._Vonzemen-Voznemir-B.B.--150x150.jpg 150w, https:\/\/www.slovokult-literatur.de\/wp-content\/uploads\/2018\/07\/E.L.K._Vonzemen-Voznemir-B.B.--180x180.jpg 180w, https:\/\/www.slovokult-literatur.de\/wp-content\/uploads\/2018\/07\/E.L.K._Vonzemen-Voznemir-B.B.--300x300.jpg 300w, https:\/\/www.slovokult-literatur.de\/wp-content\/uploads\/2018\/07\/E.L.K._Vonzemen-Voznemir-B.B.--600x600.jpg 600w\" sizes=\"(max-width: 150px) 100vw, 150px\" \/>\r\n\r\n<a href=\"http:\/\/www.slovokult-literatur.de\/index.php\/lyrik\/boshko-bozadzievski\/flugzeug-vogel\/\">::Deutsch:: <strong>Flugzeug-Vogel<\/strong><\/a>\r\n\r\n<a href=\"http:\/\/www.slovokult-literatur.de\/index.php\/lyrik\/boshko-bozadzievski\/flugzeug-vogel\/airplane-bird\/\">::English::<strong>Airplane-Bird<\/strong><\/a>\r\n\r\n<a href=\"http:\/\/www.slovokult.eu\/index.php\/avtori\/poezija\/boshko-bozadzievski-kristijan-krstevski\/avion-ptica\/\">::M\u0430\u043a\u0435\u0434\u043e\u043d\u0441\u043a\u0438::\u00a0<strong>\u0410\u0432\u0438\u043e\u043d-\u041f\u0442\u0438\u0446\u0430<\/strong><\/a><\/pre>\n<p>&nbsp;<\/p>\n<p>&nbsp;<\/p>\n<p>&nbsp;<\/p>\n<p>&nbsp;<\/p>\n<p>&nbsp;<\/p>\n<p>&nbsp;<\/p>\n<p>&nbsp;<\/p>\n<p>&nbsp;<\/p>\n","protected":false},"excerpt":{"rendered":"<p>::Boshko Bozadzievski:: Bo\u0161ko Bozadzievski (25.3.1981 \u2013 26.8.2008), hat seinen ersten Gedichtband \u201cDas Weinen des Engels\u201d &#8211; \u201e\u041f\u043b\u0430\u0447\u043e\u0442 \u043d\u0430 \u0430\u043d\u0433\u0435\u043b\u043e\u0442\u201c, bereits mit 17 ver\u00f6ffentlicht. Er studierte Allgemeine und Vergleichende Literatur an der Philologischen Fakult\u00e4t und sp\u00e4ter auch an der Fakult\u00e4t f\u00fcr [&hellip;]<\/p>\n","protected":false},"author":1,"featured_media":3180,"parent":2,"menu_order":0,"comment_status":"closed","ping_status":"closed","template":"","meta":{"footnotes":""},"_links":{"self":[{"href":"https:\/\/www.slovokult-literatur.de\/index.php\/wp-json\/wp\/v2\/pages\/1090"}],"collection":[{"href":"https:\/\/www.slovokult-literatur.de\/index.php\/wp-json\/wp\/v2\/pages"}],"about":[{"href":"https:\/\/www.slovokult-literatur.de\/index.php\/wp-json\/wp\/v2\/types\/page"}],"author":[{"embeddable":true,"href":"https:\/\/www.slovokult-literatur.de\/index.php\/wp-json\/wp\/v2\/users\/1"}],"replies":[{"embeddable":true,"href":"https:\/\/www.slovokult-literatur.de\/index.php\/wp-json\/wp\/v2\/comments?post=1090"}],"version-history":[{"count":29,"href":"https:\/\/www.slovokult-literatur.de\/index.php\/wp-json\/wp\/v2\/pages\/1090\/revisions"}],"predecessor-version":[{"id":3240,"href":"https:\/\/www.slovokult-literatur.de\/index.php\/wp-json\/wp\/v2\/pages\/1090\/revisions\/3240"}],"up":[{"embeddable":true,"href":"https:\/\/www.slovokult-literatur.de\/index.php\/wp-json\/wp\/v2\/pages\/2"}],"wp:featuredmedia":[{"embeddable":true,"href":"https:\/\/www.slovokult-literatur.de\/index.php\/wp-json\/wp\/v2\/media\/3180"}],"wp:attachment":[{"href":"https:\/\/www.slovokult-literatur.de\/index.php\/wp-json\/wp\/v2\/media?parent=1090"}],"curies":[{"name":"wp","href":"https:\/\/api.w.org\/{rel}","templated":true}]}}